{"id":5131,"date":"2025-06-17T02:57:36","date_gmt":"2025-06-17T02:57:36","guid":{"rendered":"https:\/\/sentaiyuanbio.com\/?post_type=product&#038;p=5131"},"modified":"2025-06-17T02:57:36","modified_gmt":"2025-06-17T02:57:36","slug":"nouilles-ramen-a-haute-teneur-en-proteines-en-vrac","status":"publish","type":"product","link":"https:\/\/sentaiyuanbio.com\/fr\/produit\/nouilles-ramen-a-haute-teneur-en-proteines-en-vrac\/","title":{"rendered":"Nouilles Ramen hyperprot\u00e9in\u00e9es en vrac saveur curry \u00e9pic\u00e9"},"content":{"rendered":"<p>Nos nouilles ramen hyperprot\u00e9in\u00e9es sont con\u00e7ues pour vous aider \u00e0 adopter un mode de vie plus sain et \u00e0 atteindre vos objectifs en mati\u00e8re d'apport en prot\u00e9ines.<br \/>\nLa combinaison ultime de prot\u00e9ines, de commodit\u00e9 et de vari\u00e9t\u00e9 - notre combo de nouilles ramen instantan\u00e9es aux prot\u00e9ines saines comprend quatre d\u00e9licieuses nouilles instantan\u00e9es \u00e0 base de plantes : Saveur de poulet, saveur de chou \u00e9pic\u00e9, saveur de curry \u00e9pic\u00e9 et saveur de b\u0153uf.<\/p>\n<h2>Ingr\u00e9dients des nouilles Ramen hyperprot\u00e9in\u00e9es \u00e0 la saveur de curry \u00e9pic\u00e9<\/h2>\n<p><strong>Ingr\u00e9dients :<\/strong><br \/>\n<strong>Ramen :<\/strong> Gluten de bl\u00e9 vital, prot\u00e9ines de pois, farine de bl\u00e9, farine de sarrasin, poudre de fibres de pois, amidon de tapioca, <a href=\"https:\/\/sentaiyuanbio.com\/fr\/produit\/farine-digname-konjac-poudre-digname-konjac\/\" target=\"_blank\" rel=\"noopener\">Farine de konjac<\/a>, <a href=\"https:\/\/hethstia.com\/konjac-powder-vs-xanthan-gum\/\" target=\"_blank\" rel=\"noopener\">Gomme xanthane<\/a>, <a href=\"https:\/\/pubchem.ncbi.nlm.nih.gov\/compound\/Sodium-Carbonate\" target=\"_blank\" rel=\"noopener\">Carbonate de sodium<\/a>.<\/p>\n<p><strong>Assaisonnement au curry \u00e9pic\u00e9 :<\/strong> Sel, poudre de chili, poudre d'ail, poudre d'oignon, poudre de curry, huile de soja, amidon, extrait de levure, poudre de prot\u00e9ine v\u00e9g\u00e9tale hydrolys\u00e9e \u00e0 l'acide, poudre de tomate, 5\u2032-Ribonucl\u00e9otide disodique, ar\u00f4me alimentaire.<\/p>\n<p><strong>L\u00e9gumes :<\/strong> Oignon vert, carotte.<\/p>\n<p><strong>Contient :<\/strong> Bl\u00e9, produits \u00e0 base de soja.<\/p>\n<p><strong>Dur\u00e9e de conservation :<\/strong> 24 mois.<\/p>\n<p><strong>Stockage :<\/strong> Conserver \u00e0 temp\u00e9rature ambiante dans un endroit frais et sec. Conserver \u00e0 l'abri de la lumi\u00e8re et de la chaleur.<\/p>\n<h3>Valeur nutritive - Portion de 1 sachet (66g)<\/h3>\n<table border=\"1\" cellspacing=\"1\">\n<tbody>\n<tr>\n<td align=\"center\" width=\"284\">L'\u00e9nergie<\/td>\n<td align=\"center\" width=\"284\">220 Kcal<\/td>\n<\/tr>\n<tr>\n<td align=\"center\" width=\"284\">Glucides totaux<\/td>\n<td align=\"center\" width=\"284\">18g<\/td>\n<\/tr>\n<tr>\n<td align=\"center\" width=\"284\">Graisses totales<\/td>\n<td align=\"center\" width=\"284\">2g<\/td>\n<\/tr>\n<tr>\n<td align=\"center\" width=\"284\">Prot\u00e9ines<\/td>\n<td align=\"center\" width=\"284\">32g<\/td>\n<\/tr>\n<tr>\n<td align=\"center\" width=\"284\">Fibres alimentaires<\/td>\n<td align=\"center\" width=\"284\">4g<\/td>\n<\/tr>\n<tr>\n<td align=\"center\" width=\"284\">Sodium<\/td>\n<td align=\"center\" width=\"284\">660 mg<\/td>\n<\/tr>\n<tr>\n<td align=\"center\" width=\"284\">Le fer<\/td>\n<td align=\"center\" width=\"284\">5,5 mg<\/td>\n<\/tr>\n<tr>\n<td align=\"center\" width=\"284\">Potassium<\/td>\n<td align=\"center\" width=\"284\">177 mg<\/td>\n<\/tr>\n<tr>\n<td align=\"center\" width=\"284\">Calcium<\/td>\n<td align=\"center\" width=\"284\">53 mg<\/td>\n<\/tr>\n<\/tbody>\n<\/table>\n<p><img fetchpriority=\"high\" decoding=\"async\" class=\"alignnone wp-image-5140 size-full\" title=\"ramen \u00e0 haute teneur en prot\u00e9ines et \u00e0 faible teneur en glucides\" src=\"https:\/\/sentaiyuanbio.com\/wp-content\/uploads\/2025\/06\/high-protein-low-carb-ramen_1.webp\" alt=\"ramen \u00e0 haute teneur en prot\u00e9ines et \u00e0 faible teneur en glucides\" width=\"750\" height=\"522\" srcset=\"https:\/\/sentaiyuanbio.com\/wp-content\/uploads\/2025\/06\/high-protein-low-carb-ramen_1.webp 750w, https:\/\/sentaiyuanbio.com\/wp-content\/uploads\/2025\/06\/high-protein-low-carb-ramen_1-300x209.webp 300w, https:\/\/sentaiyuanbio.com\/wp-content\/uploads\/2025\/06\/high-protein-low-carb-ramen_1-600x418.webp 600w\" sizes=\"(max-width: 750px) 100vw, 750px\" \/> <img decoding=\"async\" class=\"alignnone wp-image-5141 size-full\" title=\"ramen \u00e0 haute teneur en prot\u00e9ines et \u00e0 faible teneur en glucides\" src=\"https:\/\/sentaiyuanbio.com\/wp-content\/uploads\/2025\/06\/high-protein-low-carb-ramen_2.webp\" alt=\"ramen \u00e0 haute teneur en prot\u00e9ines et \u00e0 faible teneur en glucides\" width=\"750\" height=\"416\" srcset=\"https:\/\/sentaiyuanbio.com\/wp-content\/uploads\/2025\/06\/high-protein-low-carb-ramen_2.webp 750w, https:\/\/sentaiyuanbio.com\/wp-content\/uploads\/2025\/06\/high-protein-low-carb-ramen_2-300x166.webp 300w, https:\/\/sentaiyuanbio.com\/wp-content\/uploads\/2025\/06\/high-protein-low-carb-ramen_2-600x333.webp 600w\" sizes=\"(max-width: 750px) 100vw, 750px\" \/> <img decoding=\"async\" class=\"alignnone wp-image-5142 size-full\" title=\"ramen \u00e0 haute teneur en prot\u00e9ines et \u00e0 faible teneur en glucides\" src=\"https:\/\/sentaiyuanbio.com\/wp-content\/uploads\/2025\/06\/high-protein-low-carb-ramen_3.webp\" alt=\"ramen \u00e0 haute teneur en prot\u00e9ines et \u00e0 faible teneur en glucides\" width=\"750\" height=\"666\" srcset=\"https:\/\/sentaiyuanbio.com\/wp-content\/uploads\/2025\/06\/high-protein-low-carb-ramen_3.webp 750w, https:\/\/sentaiyuanbio.com\/wp-content\/uploads\/2025\/06\/high-protein-low-carb-ramen_3-300x266.webp 300w, https:\/\/sentaiyuanbio.com\/wp-content\/uploads\/2025\/06\/high-protein-low-carb-ramen_3-600x533.webp 600w\" sizes=\"(max-width: 750px) 100vw, 750px\" \/> <img loading=\"lazy\" decoding=\"async\" class=\"alignnone wp-image-5143 size-full\" title=\"Ramen aux prot\u00e9ines saines\" src=\"https:\/\/sentaiyuanbio.com\/wp-content\/uploads\/2025\/06\/high-protein-low-carb-ramen_4.webp\" alt=\"Ramen aux prot\u00e9ines saines\" width=\"750\" height=\"565\" srcset=\"https:\/\/sentaiyuanbio.com\/wp-content\/uploads\/2025\/06\/high-protein-low-carb-ramen_4.webp 750w, https:\/\/sentaiyuanbio.com\/wp-content\/uploads\/2025\/06\/high-protein-low-carb-ramen_4-300x226.webp 300w, https:\/\/sentaiyuanbio.com\/wp-content\/uploads\/2025\/06\/high-protein-low-carb-ramen_4-600x452.webp 600w\" sizes=\"(max-width: 750px) 100vw, 750px\" \/> <img loading=\"lazy\" decoding=\"async\" class=\"alignnone wp-image-5144 size-full\" title=\"Ramen aux prot\u00e9ines saines\" src=\"https:\/\/sentaiyuanbio.com\/wp-content\/uploads\/2025\/06\/high-protein-low-carb-ramen_5.webp\" alt=\"Ramen aux prot\u00e9ines saines\" width=\"750\" height=\"602\" srcset=\"https:\/\/sentaiyuanbio.com\/wp-content\/uploads\/2025\/06\/high-protein-low-carb-ramen_5.webp 750w, https:\/\/sentaiyuanbio.com\/wp-content\/uploads\/2025\/06\/high-protein-low-carb-ramen_5-300x241.webp 300w, https:\/\/sentaiyuanbio.com\/wp-content\/uploads\/2025\/06\/high-protein-low-carb-ramen_5-600x482.webp 600w\" sizes=\"(max-width: 750px) 100vw, 750px\" \/> <img loading=\"lazy\" decoding=\"async\" class=\"alignnone wp-image-5145 size-full\" title=\"Ramen aux prot\u00e9ines saines\" src=\"https:\/\/sentaiyuanbio.com\/wp-content\/uploads\/2025\/06\/high-protein-low-carb-ramen_6.webp\" alt=\"Ramen aux prot\u00e9ines saines\" width=\"750\" height=\"524\" srcset=\"https:\/\/sentaiyuanbio.com\/wp-content\/uploads\/2025\/06\/high-protein-low-carb-ramen_6.webp 750w, https:\/\/sentaiyuanbio.com\/wp-content\/uploads\/2025\/06\/high-protein-low-carb-ramen_6-300x210.webp 300w, https:\/\/sentaiyuanbio.com\/wp-content\/uploads\/2025\/06\/high-protein-low-carb-ramen_6-600x419.webp 600w\" sizes=\"(max-width: 750px) 100vw, 750px\" \/> <img loading=\"lazy\" decoding=\"async\" class=\"alignnone wp-image-5146 size-full\" title=\"Ramen aux prot\u00e9ines saines\" src=\"https:\/\/sentaiyuanbio.com\/wp-content\/uploads\/2025\/06\/high-protein-low-carb-ramen_7.webp\" alt=\"Ramen aux prot\u00e9ines saines\" width=\"750\" height=\"555\" srcset=\"https:\/\/sentaiyuanbio.com\/wp-content\/uploads\/2025\/06\/high-protein-low-carb-ramen_7.webp 750w, https:\/\/sentaiyuanbio.com\/wp-content\/uploads\/2025\/06\/high-protein-low-carb-ramen_7-300x222.webp 300w, https:\/\/sentaiyuanbio.com\/wp-content\/uploads\/2025\/06\/high-protein-low-carb-ramen_7-600x444.webp 600w\" sizes=\"(max-width: 750px) 100vw, 750px\" \/><\/p>","protected":false},"excerpt":{"rendered":"<p>Atteignez vos objectifs en mati\u00e8re de prot\u00e9ines avec un bol de ramen dans lequel vous pouvez vous sentir bien. Sentaiyuan pr\u00e9sente le premier ramen prot\u00e9in\u00e9 sain, contenant 32 grammes de prot\u00e9ines v\u00e9g\u00e9tales 100%, soit l'\u00e9quivalent de 5 \u0153ufs. Il est \u00e9galement enrichi d'un large \u00e9ventail de micronutriments n\u00e9cessaires au corps humain. En seulement 5 minutes, vous pouvez d\u00e9guster un bol nutritif de ramen copieux. Il est id\u00e9al pour un repas post-entra\u00eenement ou prot\u00e9in\u00e9, et vous pouvez le combiner avec vos ingr\u00e9dients pr\u00e9f\u00e9r\u00e9s ou le d\u00e9guster seul.<\/p>","protected":false},"featured_media":5132,"template":"","meta":{"site-sidebar-layout":"default","site-content-layout":"","ast-site-content-layout":"default","site-content-style":"default","site-sidebar-style":"default","ast-global-header-display":"","ast-banner-title-visibility":"","ast-main-header-display":"","ast-hfb-above-header-display":"","ast-hfb-below-header-display":"","ast-hfb-mobile-header-display":"","site-post-title":"","ast-breadcrumbs-content":"","ast-featured-img":"","footer-sml-layout":"","ast-disable-related-posts":"","theme-transparent-header-meta":"default","adv-header-id-meta":"","stick-header-meta":"default","header-above-stick-meta":"","header-main-stick-meta":"","header-below-stick-meta":"","astra-migrate-meta-layouts":"set","ast-page-background-enabled":"default","ast-page-background-meta":{"desktop":{"background-color":"","background-image":"","background-repeat":"repeat","background-position":"center center","background-size":"auto","background-attachment":"scroll","background-type":"","background-media":"","overlay-type":"","overlay-color":"","overlay-opacity":"","overlay-gradient":""},"tablet":{"background-color":"","background-image":"","background-repeat":"repeat","background-position":"center center","background-size":"auto","background-attachment":"scroll","background-type":"","background-media":"","overlay-type":"","overlay-color":"","overlay-opacity":"","overlay-gradient":""},"mobile":{"background-color":"","background-image":"","background-repeat":"repeat","background-position":"center center","background-size":"auto","background-attachment":"scroll","background-type":"","background-media":"","overlay-type":"","overlay-color":"","overlay-opacity":"","overlay-gradient":""}},"ast-content-background-meta":{"desktop":{"background-color":"var(--ast-global-color-5)","background-image":"","background-repeat":"repeat","background-position":"center center","background-size":"auto","background-attachment":"scroll","background-type":"","background-media":"","overlay-type":"","overlay-color":"","overlay-opacity":"","overlay-gradient":""},"tablet":{"background-color":"var(--ast-global-color-5)","background-image":"","background-repeat":"repeat","background-position":"center center","background-size":"auto","background-attachment":"scroll","background-type":"","background-media":"","overlay-type":"","overlay-color":"","overlay-opacity":"","overlay-gradient":""},"mobile":{"background-color":"var(--ast-global-color-5)","background-image":"","background-repeat":"repeat","background-position":"center center","background-size":"auto","background-attachment":"scroll","background-type":"","background-media":"","overlay-type":"","overlay-color":"","overlay-opacity":"","overlay-gradient":""}}},"product_brand":[],"product_cat":[248],"product_tag":[],"class_list":{"0":"post-5131","1":"product","2":"type-product","3":"status-publish","4":"has-post-thumbnail","6":"product_cat-low-carb-high-protein-noodles","7":"desktop-align-left","8":"tablet-align-left","9":"mobile-align-left","10":"ast-product-gallery-layout-horizontal-slider","11":"ast-product-tabs-layout-horizontal","13":"first","14":"instock","15":"shipping-taxable","16":"product-type-simple"},"_links":{"self":[{"href":"https:\/\/sentaiyuanbio.com\/fr\/wp-json\/wp\/v2\/product\/5131","targetHints":{"allow":["GET"]}}],"collection":[{"href":"https:\/\/sentaiyuanbio.com\/fr\/wp-json\/wp\/v2\/product"}],"about":[{"href":"https:\/\/sentaiyuanbio.com\/fr\/wp-json\/wp\/v2\/types\/product"}],"version-history":[{"count":0,"href":"https:\/\/sentaiyuanbio.com\/fr\/wp-json\/wp\/v2\/product\/5131\/revisions"}],"wp:featuredmedia":[{"embeddable":true,"href":"https:\/\/sentaiyuanbio.com\/fr\/wp-json\/wp\/v2\/media\/5132"}],"wp:attachment":[{"href":"https:\/\/sentaiyuanbio.com\/fr\/wp-json\/wp\/v2\/media?parent=5131"}],"wp:term":[{"taxonomy":"product_brand","embeddable":true,"href":"https:\/\/sentaiyuanbio.com\/fr\/wp-json\/wp\/v2\/product_brand?post=5131"},{"taxonomy":"product_cat","embeddable":true,"href":"https:\/\/sentaiyuanbio.com\/fr\/wp-json\/wp\/v2\/product_cat?post=5131"},{"taxonomy":"product_tag","embeddable":true,"href":"https:\/\/sentaiyuanbio.com\/fr\/wp-json\/wp\/v2\/product_tag?post=5131"}],"curies":[{"name":"wp","href":"https:\/\/api.w.org\/{rel}","templated":true}]}}