{"id":5160,"date":"2025-06-17T07:11:05","date_gmt":"2025-06-17T07:11:05","guid":{"rendered":"https:\/\/sentaiyuanbio.com\/?post_type=product&#038;p=5160"},"modified":"2025-06-17T07:15:57","modified_gmt":"2025-06-17T07:15:57","slug":"nouilles-proteinees-instantanees","status":"publish","type":"product","link":"https:\/\/sentaiyuanbio.com\/fr\/produit\/nouilles-proteinees-instantanees\/","title":{"rendered":"Nouilles prot\u00e9in\u00e9es instantan\u00e9es, nouilles spaghetti hyperprot\u00e9in\u00e9es saveur kimchi \u00e9pic\u00e9"},"content":{"rendered":"<p>Sentaiyuan a r\u00e9interpr\u00e9t\u00e9 la cuisine asiatique d'une mani\u00e8re plus nutritive. Nous avons commenc\u00e9 par des nouilles prot\u00e9in\u00e9es instantan\u00e9es riches, r\u00e9confortantes, savoureuses et m\u00e9morables.<\/p>\n<p>Notre seul objectif : cr\u00e9er des ramen plus nutritifs et plus d\u00e9licieux en recr\u00e9ant le go\u00fbt satisfaisant des nouilles spaghetti prot\u00e9in\u00e9es gr\u00e2ce \u00e0 des ingr\u00e9dients de meilleure qualit\u00e9 et \u00e0 des saveurs soigneusement \u00e9labor\u00e9es.<\/p>\n<h2>Nouilles prot\u00e9in\u00e9es instantan\u00e9es Ingr\u00e9dients :<\/h2>\n<p>Ramen : Gluten de bl\u00e9 vital, prot\u00e9ines de pois, farine de bl\u00e9, farine de sarrasin, fibres de pois en poudre, amidon de tapioca, <a href=\"https:\/\/sentaiyuanbio.com\/fr\/produit\/poudre-de-konjac\/\" target=\"_blank\" rel=\"noopener\">Poudre de konjac<\/a>, gomme xanthane, carbonate de sodium.<\/p>\n<p>Assaisonnement \u00e9pic\u00e9 au curry : Sel, poudre de chili, poudre d'ail, poudre d'oignon, poudre de curry, huile de soja, amidon, extrait de levure, poudre de prot\u00e9ine v\u00e9g\u00e9tale hydrolys\u00e9e \u00e0 l'acide, poudre de tomate, <a href=\"https:\/\/www.atamanchemicals.com\/disodium-5--ribonucleotide_u26322\/\" target=\"_blank\" rel=\"noopener\">5\u2032-Ribonucl\u00e9otide disodique<\/a>, Ar\u00f4me alimentaire.<\/p>\n<p>L\u00e9gumes : Oignon vert, carotte.<\/p>\n<p>Contient : Bl\u00e9, produits \u00e0 base de soja.<\/p>\n<p>Stockage : Conserver dans un endroit frais et sec. Conserver \u00e0 l'abri de la lumi\u00e8re et de la chaleur.<\/p>\n<h3>Valeur nutritive - Portion de 1 sachet (66g)<\/h3>\n<table border=\"1\" cellspacing=\"1\">\n<tbody>\n<tr>\n<td align=\"center\" width=\"284\">L'\u00e9nergie<\/td>\n<td align=\"center\" width=\"284\">200 Kcal<\/td>\n<\/tr>\n<tr>\n<td align=\"center\" width=\"284\">Glucides totaux<\/td>\n<td align=\"center\" width=\"284\">20g<\/td>\n<\/tr>\n<tr>\n<td align=\"center\" width=\"284\">Graisses totales<\/td>\n<td align=\"center\" width=\"284\">1.5g<\/td>\n<\/tr>\n<tr>\n<td align=\"center\" width=\"284\">Prot\u00e9ines<\/td>\n<td align=\"center\" width=\"284\">32g<\/td>\n<\/tr>\n<tr>\n<td align=\"center\" width=\"284\">Fibres alimentaires<\/td>\n<td align=\"center\" width=\"284\">4g<\/td>\n<\/tr>\n<tr>\n<td align=\"center\" width=\"284\">Sodium<\/td>\n<td align=\"center\" width=\"284\">580 mg<\/td>\n<\/tr>\n<tr>\n<td align=\"center\" width=\"284\">Le fer<\/td>\n<td align=\"center\" width=\"284\">4,5 mg<\/td>\n<\/tr>\n<tr>\n<td align=\"center\" width=\"284\">Potassium<\/td>\n<td align=\"center\" width=\"284\">172 mg<\/td>\n<\/tr>\n<tr>\n<td align=\"center\" width=\"284\">Calcium<\/td>\n<td align=\"center\" width=\"284\">41 mg<\/td>\n<\/tr>\n<\/tbody>\n<\/table>\n<p><img fetchpriority=\"high\" decoding=\"async\" class=\"alignnone wp-image-5169 size-full\" title=\"Nouilles spaghetti riches en prot\u00e9ines\" src=\"https:\/\/sentaiyuanbio.com\/wp-content\/uploads\/2025\/06\/High-Protein-Spaghetti-Noodles_1.webp\" alt=\"Nouilles spaghetti riches en prot\u00e9ines\" width=\"750\" height=\"577\" srcset=\"https:\/\/sentaiyuanbio.com\/wp-content\/uploads\/2025\/06\/High-Protein-Spaghetti-Noodles_1.webp 750w, https:\/\/sentaiyuanbio.com\/wp-content\/uploads\/2025\/06\/High-Protein-Spaghetti-Noodles_1-300x231.webp 300w, https:\/\/sentaiyuanbio.com\/wp-content\/uploads\/2025\/06\/High-Protein-Spaghetti-Noodles_1-600x462.webp 600w\" sizes=\"(max-width: 750px) 100vw, 750px\" \/> <img decoding=\"async\" class=\"alignnone wp-image-5170 size-full\" title=\"Nouilles spaghetti riches en prot\u00e9ines\" src=\"https:\/\/sentaiyuanbio.com\/wp-content\/uploads\/2025\/06\/High-Protein-Spaghetti-Noodles_2.webp\" alt=\"Nouilles spaghetti riches en prot\u00e9ines\" width=\"750\" height=\"476\" srcset=\"https:\/\/sentaiyuanbio.com\/wp-content\/uploads\/2025\/06\/High-Protein-Spaghetti-Noodles_2.webp 750w, https:\/\/sentaiyuanbio.com\/wp-content\/uploads\/2025\/06\/High-Protein-Spaghetti-Noodles_2-300x190.webp 300w, https:\/\/sentaiyuanbio.com\/wp-content\/uploads\/2025\/06\/High-Protein-Spaghetti-Noodles_2-600x381.webp 600w\" sizes=\"(max-width: 750px) 100vw, 750px\" \/> <img decoding=\"async\" class=\"alignnone wp-image-5171 size-full\" title=\"Nouilles spaghetti riches en prot\u00e9ines\" src=\"https:\/\/sentaiyuanbio.com\/wp-content\/uploads\/2025\/06\/High-Protein-Spaghetti-Noodles_3.webp\" alt=\"Nouilles spaghetti riches en prot\u00e9ines\" width=\"750\" height=\"575\" srcset=\"https:\/\/sentaiyuanbio.com\/wp-content\/uploads\/2025\/06\/High-Protein-Spaghetti-Noodles_3.webp 750w, https:\/\/sentaiyuanbio.com\/wp-content\/uploads\/2025\/06\/High-Protein-Spaghetti-Noodles_3-300x230.webp 300w, https:\/\/sentaiyuanbio.com\/wp-content\/uploads\/2025\/06\/High-Protein-Spaghetti-Noodles_3-600x460.webp 600w\" sizes=\"(max-width: 750px) 100vw, 750px\" \/> <img loading=\"lazy\" decoding=\"async\" class=\"alignnone wp-image-5172 size-full\" title=\"Nouilles spaghetti riches en prot\u00e9ines\" src=\"https:\/\/sentaiyuanbio.com\/wp-content\/uploads\/2025\/06\/High-Protein-Spaghetti-Noodles_4.webp\" alt=\"Nouilles spaghetti riches en prot\u00e9ines\" width=\"750\" height=\"597\" srcset=\"https:\/\/sentaiyuanbio.com\/wp-content\/uploads\/2025\/06\/High-Protein-Spaghetti-Noodles_4.webp 750w, https:\/\/sentaiyuanbio.com\/wp-content\/uploads\/2025\/06\/High-Protein-Spaghetti-Noodles_4-300x239.webp 300w, https:\/\/sentaiyuanbio.com\/wp-content\/uploads\/2025\/06\/High-Protein-Spaghetti-Noodles_4-600x478.webp 600w\" sizes=\"(max-width: 750px) 100vw, 750px\" \/> <img loading=\"lazy\" decoding=\"async\" class=\"alignnone wp-image-5173 size-full\" title=\"Nouilles spaghetti riches en prot\u00e9ines\" src=\"https:\/\/sentaiyuanbio.com\/wp-content\/uploads\/2025\/06\/High-Protein-Spaghetti-Noodles_5.webp\" alt=\"Nouilles spaghetti riches en prot\u00e9ines\" width=\"750\" height=\"600\" srcset=\"https:\/\/sentaiyuanbio.com\/wp-content\/uploads\/2025\/06\/High-Protein-Spaghetti-Noodles_5.webp 750w, https:\/\/sentaiyuanbio.com\/wp-content\/uploads\/2025\/06\/High-Protein-Spaghetti-Noodles_5-300x240.webp 300w, https:\/\/sentaiyuanbio.com\/wp-content\/uploads\/2025\/06\/High-Protein-Spaghetti-Noodles_5-600x480.webp 600w\" sizes=\"(max-width: 750px) 100vw, 750px\" \/> <img loading=\"lazy\" decoding=\"async\" class=\"alignnone wp-image-5174 size-full\" title=\"Nouilles spaghetti riches en prot\u00e9ines\" src=\"https:\/\/sentaiyuanbio.com\/wp-content\/uploads\/2025\/06\/High-Protein-Spaghetti-Noodles_6.webp\" alt=\"Nouilles spaghetti riches en prot\u00e9ines\" width=\"750\" height=\"601\" srcset=\"https:\/\/sentaiyuanbio.com\/wp-content\/uploads\/2025\/06\/High-Protein-Spaghetti-Noodles_6.webp 750w, https:\/\/sentaiyuanbio.com\/wp-content\/uploads\/2025\/06\/High-Protein-Spaghetti-Noodles_6-300x240.webp 300w, https:\/\/sentaiyuanbio.com\/wp-content\/uploads\/2025\/06\/High-Protein-Spaghetti-Noodles_6-600x481.webp 600w\" sizes=\"(max-width: 750px) 100vw, 750px\" \/> <img loading=\"lazy\" decoding=\"async\" class=\"alignnone wp-image-5175 size-full\" title=\"Nouilles spaghetti riches en prot\u00e9ines\" src=\"https:\/\/sentaiyuanbio.com\/wp-content\/uploads\/2025\/06\/High-Protein-Spaghetti-Noodles_7.webp\" alt=\"Nouilles spaghetti riches en prot\u00e9ines\" width=\"750\" height=\"479\" srcset=\"https:\/\/sentaiyuanbio.com\/wp-content\/uploads\/2025\/06\/High-Protein-Spaghetti-Noodles_7.webp 750w, https:\/\/sentaiyuanbio.com\/wp-content\/uploads\/2025\/06\/High-Protein-Spaghetti-Noodles_7-300x192.webp 300w, https:\/\/sentaiyuanbio.com\/wp-content\/uploads\/2025\/06\/High-Protein-Spaghetti-Noodles_7-600x383.webp 600w\" sizes=\"(max-width: 750px) 100vw, 750px\" \/><\/p>","protected":false},"excerpt":{"rendered":"<p>Sentaiyuan pr\u00e9sente ces nouilles prot\u00e9in\u00e9es instantan\u00e9es \u00e9tonnamment saines qui contiennent 32 grammes de prot\u00e9ines, soit presque autant qu'un shake prot\u00e9in\u00e9 ordinaire, et qui sont des ramen v\u00e9g\u00e9taliennes 100%. Ces nouilles spaghetti hyperprot\u00e9in\u00e9es se disputent la premi\u00e8re place sur les listes de gourmandises incontournables des adeptes du fitness, car elles sont savoureuses, faciles \u00e0 pr\u00e9parer et incroyablement saines. Ce qui est encore plus excitant, c'est qu'avec cette nouvelle saveur, Spicy Kimchi, les nouilles sont plus douces, plus Q, plus moelleuses, plus faciles \u00e0 manger et prennent moins de temps \u00e0 cuire.<\/p>","protected":false},"featured_media":5161,"template":"","meta":{"site-sidebar-layout":"default","site-content-layout":"","ast-site-content-layout":"default","site-content-style":"default","site-sidebar-style":"default","ast-global-header-display":"","ast-banner-title-visibility":"","ast-main-header-display":"","ast-hfb-above-header-display":"","ast-hfb-below-header-display":"","ast-hfb-mobile-header-display":"","site-post-title":"","ast-breadcrumbs-content":"","ast-featured-img":"","footer-sml-layout":"","ast-disable-related-posts":"","theme-transparent-header-meta":"default","adv-header-id-meta":"","stick-header-meta":"default","header-above-stick-meta":"","header-main-stick-meta":"","header-below-stick-meta":"","astra-migrate-meta-layouts":"set","ast-page-background-enabled":"default","ast-page-background-meta":{"desktop":{"background-color":"","background-image":"","background-repeat":"repeat","background-position":"center center","background-size":"auto","background-attachment":"scroll","background-type":"","background-media":"","overlay-type":"","overlay-color":"","overlay-opacity":"","overlay-gradient":""},"tablet":{"background-color":"","background-image":"","background-repeat":"repeat","background-position":"center center","background-size":"auto","background-attachment":"scroll","background-type":"","background-media":"","overlay-type":"","overlay-color":"","overlay-opacity":"","overlay-gradient":""},"mobile":{"background-color":"","background-image":"","background-repeat":"repeat","background-position":"center center","background-size":"auto","background-attachment":"scroll","background-type":"","background-media":"","overlay-type":"","overlay-color":"","overlay-opacity":"","overlay-gradient":""}},"ast-content-background-meta":{"desktop":{"background-color":"var(--ast-global-color-5)","background-image":"","background-repeat":"repeat","background-position":"center center","background-size":"auto","background-attachment":"scroll","background-type":"","background-media":"","overlay-type":"","overlay-color":"","overlay-opacity":"","overlay-gradient":""},"tablet":{"background-color":"var(--ast-global-color-5)","background-image":"","background-repeat":"repeat","background-position":"center center","background-size":"auto","background-attachment":"scroll","background-type":"","background-media":"","overlay-type":"","overlay-color":"","overlay-opacity":"","overlay-gradient":""},"mobile":{"background-color":"var(--ast-global-color-5)","background-image":"","background-repeat":"repeat","background-position":"center center","background-size":"auto","background-attachment":"scroll","background-type":"","background-media":"","overlay-type":"","overlay-color":"","overlay-opacity":"","overlay-gradient":""}}},"product_brand":[],"product_cat":[248],"product_tag":[],"class_list":{"0":"post-5160","1":"product","2":"type-product","3":"status-publish","4":"has-post-thumbnail","6":"product_cat-low-carb-high-protein-noodles","7":"desktop-align-left","8":"tablet-align-left","9":"mobile-align-left","10":"ast-product-gallery-layout-horizontal-slider","11":"ast-product-tabs-layout-horizontal","13":"first","14":"instock","15":"shipping-taxable","16":"product-type-simple"},"_links":{"self":[{"href":"https:\/\/sentaiyuanbio.com\/fr\/wp-json\/wp\/v2\/product\/5160","targetHints":{"allow":["GET"]}}],"collection":[{"href":"https:\/\/sentaiyuanbio.com\/fr\/wp-json\/wp\/v2\/product"}],"about":[{"href":"https:\/\/sentaiyuanbio.com\/fr\/wp-json\/wp\/v2\/types\/product"}],"version-history":[{"count":0,"href":"https:\/\/sentaiyuanbio.com\/fr\/wp-json\/wp\/v2\/product\/5160\/revisions"}],"wp:featuredmedia":[{"embeddable":true,"href":"https:\/\/sentaiyuanbio.com\/fr\/wp-json\/wp\/v2\/media\/5161"}],"wp:attachment":[{"href":"https:\/\/sentaiyuanbio.com\/fr\/wp-json\/wp\/v2\/media?parent=5160"}],"wp:term":[{"taxonomy":"product_brand","embeddable":true,"href":"https:\/\/sentaiyuanbio.com\/fr\/wp-json\/wp\/v2\/product_brand?post=5160"},{"taxonomy":"product_cat","embeddable":true,"href":"https:\/\/sentaiyuanbio.com\/fr\/wp-json\/wp\/v2\/product_cat?post=5160"},{"taxonomy":"product_tag","embeddable":true,"href":"https:\/\/sentaiyuanbio.com\/fr\/wp-json\/wp\/v2\/product_tag?post=5160"}],"curies":[{"name":"wp","href":"https:\/\/api.w.org\/{rel}","templated":true}]}}