{"id":5180,"date":"2025-06-20T07:09:17","date_gmt":"2025-06-20T07:09:17","guid":{"rendered":"https:\/\/sentaiyuanbio.com\/?post_type=product&#038;p=5180"},"modified":"2025-06-20T08:25:42","modified_gmt":"2025-06-20T08:25:42","slug":"nouilles-a-haute-teneur-en-proteines-au-curry-epice","status":"publish","type":"product","link":"https:\/\/sentaiyuanbio.com\/fr\/produit\/nouilles-a-haute-teneur-en-proteines-au-curry-epice\/","title":{"rendered":"Nouilles en tasse riches en prot\u00e9ines, saveur curry \u00e9pic\u00e9, 32 g de prot\u00e9ines par portion"},"content":{"rendered":"<h2>Ingr\u00e9dients des nouilles en tasse riches en prot\u00e9ines et au curry \u00e9pic\u00e9<\/h2>\n<p><strong>Ramen :<\/strong> Gluten de bl\u00e9 vital, prot\u00e9ines de pois, farine de bl\u00e9, farine de sarrasin, poudre de fibre de pois, amidon de tapioca, farine de konjac, gomme xanthane, carbonate de sodium.<\/p>\n<p><strong>Assaisonnement au curry \u00e9pic\u00e9 :<\/strong> Sel, poudre de chili, poudre d'ail, poudre d'oignon, poudre de curry, huile de soja, amidon, extrait de levure, poudre de prot\u00e9ine v\u00e9g\u00e9tale hydrolys\u00e9e \u00e0 l'acide, poudre de tomate, <a href=\"https:\/\/foodadditives.net\/flavor-enhancer\/disodium-5-ribonucleotides\/\" target=\"_blank\" rel=\"noopener\">5\u2032-Ribonucl\u00e9otide disodique<\/a>, Ar\u00f4me alimentaire.<\/p>\n<p><strong>L\u00e9gumes :<\/strong> Oignon vert, carotte.<\/p>\n<p><strong>Contient :<\/strong> Bl\u00e9, produits \u00e0 base de soja.<\/p>\n<h3>Valeur nutritive - Portion de 1 sachet (66g)<\/h3>\n<table border=\"1\" cellspacing=\"1\">\n<tbody>\n<tr>\n<td align=\"center\" width=\"284\">L'\u00e9nergie<\/td>\n<td align=\"center\" width=\"284\">220 Kcal<\/td>\n<\/tr>\n<tr>\n<td align=\"center\" width=\"284\">Glucides totaux<\/td>\n<td align=\"center\" width=\"284\">18g<\/td>\n<\/tr>\n<tr>\n<td align=\"center\" width=\"284\">Graisses totales<\/td>\n<td align=\"center\" width=\"284\">2g<\/td>\n<\/tr>\n<tr>\n<td align=\"center\" width=\"284\">Prot\u00e9ines<\/td>\n<td align=\"center\" width=\"284\">32g<\/td>\n<\/tr>\n<tr>\n<td align=\"center\" width=\"284\">Fibres alimentaires<\/td>\n<td align=\"center\" width=\"284\">4g<\/td>\n<\/tr>\n<tr>\n<td align=\"center\" width=\"284\">Sodium<\/td>\n<td align=\"center\" width=\"284\">660 mg<\/td>\n<\/tr>\n<tr>\n<td align=\"center\" width=\"284\">Le fer<\/td>\n<td align=\"center\" width=\"284\">5,5 mg<\/td>\n<\/tr>\n<tr>\n<td align=\"center\" width=\"284\">Potassium<\/td>\n<td align=\"center\" width=\"284\">177 mg<\/td>\n<\/tr>\n<tr>\n<td align=\"center\" width=\"284\">Calcium<\/td>\n<td align=\"center\" width=\"284\">53 mg<\/td>\n<\/tr>\n<\/tbody>\n<\/table>\n<h3>Histoire de la marque de nouilles en tasse riches en prot\u00e9ines<\/h3>\n<p>En 2018, alors que l'\u00e9quipe R&amp;D de Sentaiyuan inspectait les bases de culture du konjac dans la r\u00e9gion tib\u00e9taine de l'ouest du Sichuan, elle est tomb\u00e9e sur une habitude alimentaire particuli\u00e8re des \u00e9leveurs locaux : ils m\u00e9langent de la poudre de fromage de yak \u00e0 des nouilles d'orge pour fabriquer des \"nouilles \u00e9nerg\u00e9tiques\" \u00e0 haute teneur en prot\u00e9ines et r\u00e9sistantes au stockage, destin\u00e9es aux p\u00e2turages de longue distance. Cette recette simple mais judicieuse double la teneur en prot\u00e9ines des nouilles, ce qui les rend tr\u00e8s rassasiantes et leur procure une \u00e9nergie durable, m\u00eame pendant les journ\u00e9es les plus froides.<\/p>\n<p>Cette d\u00e9couverte a interpell\u00e9 l'expert scientifique de l'\u00e9quipe, le professeur Li : \"Si l'homme moderne peut \u00e9galement manger des nouilles aussi riches en prot\u00e9ines, sera-t-il en mesure de r\u00e9soudre le probl\u00e8me de la \"carbod\u00e9pendance\" qui pr\u00e9vaut dans les populations urbaines ?\"<\/p>\n<p>De retour au laboratoire, l'\u00e9quipe a commenc\u00e9 \u00e0 exp\u00e9rimenter la combinaison de prot\u00e9ines v\u00e9g\u00e9tales (prot\u00e9ines de soja et de pois, par exemple) avec des prot\u00e9ines de bl\u00e9 traditionnelles, mais elle a constat\u00e9 que le go\u00fbt \u00e9tait rude et difficile \u00e0 accepter par le grand public.<\/p>\n<p>Jusqu'\u00e0 ce qu'une \"exp\u00e9rience rat\u00e9e\" fortuite - le chercheur a extrud\u00e9 par erreur \u00e0 haute temp\u00e9rature le <a href=\"https:\/\/sentaiyuanbio.com\/fr\/produit\/fabricant-de-gomme-konjac\/\" target=\"_blank\" rel=\"noopener\">gomme de konjac<\/a> et de prot\u00e9ines, on obtient accidentellement des \"nouilles prot\u00e9in\u00e9es\" \u00e9lastiques et glutineuses, dont la texture est proche de celle des spaghettis, mais qui contiennent trois fois plus de prot\u00e9ines que les nouilles ordinaires.<\/p>\n<p>Nous ne cr\u00e9ons pas de nouveaux aliments, nous d\u00e9codons la sagesse nutritionnelle de nos anc\u00eatres.<\/p>\n<p><img fetchpriority=\"high\" decoding=\"async\" class=\"alignnone wp-image-5199 size-full\" title=\"nouilles hyperprot\u00e9in\u00e9es \" src=\"https:\/\/sentaiyuanbio.com\/wp-content\/uploads\/2025\/06\/high-protein-noodles-1.webp\" alt=\"nouilles hyperprot\u00e9in\u00e9es \" width=\"750\" height=\"599\" srcset=\"https:\/\/sentaiyuanbio.com\/wp-content\/uploads\/2025\/06\/high-protein-noodles-1.webp 750w, https:\/\/sentaiyuanbio.com\/wp-content\/uploads\/2025\/06\/high-protein-noodles-1-300x240.webp 300w, https:\/\/sentaiyuanbio.com\/wp-content\/uploads\/2025\/06\/high-protein-noodles-1-600x479.webp 600w\" sizes=\"(max-width: 750px) 100vw, 750px\" \/> <img decoding=\"async\" class=\"alignnone wp-image-5200 size-full\" title=\"nouilles hyperprot\u00e9in\u00e9es \" src=\"https:\/\/sentaiyuanbio.com\/wp-content\/uploads\/2025\/06\/high-protein-noodles-2.webp\" alt=\"nouilles hyperprot\u00e9in\u00e9es \" width=\"750\" height=\"403\" srcset=\"https:\/\/sentaiyuanbio.com\/wp-content\/uploads\/2025\/06\/high-protein-noodles-2.webp 750w, https:\/\/sentaiyuanbio.com\/wp-content\/uploads\/2025\/06\/high-protein-noodles-2-300x161.webp 300w, https:\/\/sentaiyuanbio.com\/wp-content\/uploads\/2025\/06\/high-protein-noodles-2-600x322.webp 600w\" sizes=\"(max-width: 750px) 100vw, 750px\" \/> <img decoding=\"async\" class=\"alignnone wp-image-5201 size-full\" title=\"nouilles hyperprot\u00e9in\u00e9es \" src=\"https:\/\/sentaiyuanbio.com\/wp-content\/uploads\/2025\/06\/high-protein-noodles-3.webp\" alt=\"nouilles hyperprot\u00e9in\u00e9es \" width=\"750\" height=\"585\" srcset=\"https:\/\/sentaiyuanbio.com\/wp-content\/uploads\/2025\/06\/high-protein-noodles-3.webp 750w, https:\/\/sentaiyuanbio.com\/wp-content\/uploads\/2025\/06\/high-protein-noodles-3-300x234.webp 300w, https:\/\/sentaiyuanbio.com\/wp-content\/uploads\/2025\/06\/high-protein-noodles-3-600x468.webp 600w\" sizes=\"(max-width: 750px) 100vw, 750px\" \/> <img loading=\"lazy\" decoding=\"async\" class=\"alignnone wp-image-5202 size-full\" title=\"nouilles hyperprot\u00e9in\u00e9es \" src=\"https:\/\/sentaiyuanbio.com\/wp-content\/uploads\/2025\/06\/high-protein-noodles-4.webp\" alt=\"nouilles hyperprot\u00e9in\u00e9es \" width=\"750\" height=\"722\" srcset=\"https:\/\/sentaiyuanbio.com\/wp-content\/uploads\/2025\/06\/high-protein-noodles-4.webp 750w, https:\/\/sentaiyuanbio.com\/wp-content\/uploads\/2025\/06\/high-protein-noodles-4-300x289.webp 300w, https:\/\/sentaiyuanbio.com\/wp-content\/uploads\/2025\/06\/high-protein-noodles-4-600x578.webp 600w\" sizes=\"(max-width: 750px) 100vw, 750px\" \/> <img loading=\"lazy\" decoding=\"async\" class=\"alignnone wp-image-5203 size-full\" title=\"nouilles hyperprot\u00e9in\u00e9es \" src=\"https:\/\/sentaiyuanbio.com\/wp-content\/uploads\/2025\/06\/high-protein-noodles-5.webp\" alt=\"nouilles hyperprot\u00e9in\u00e9es \" width=\"750\" height=\"577\" srcset=\"https:\/\/sentaiyuanbio.com\/wp-content\/uploads\/2025\/06\/high-protein-noodles-5.webp 750w, https:\/\/sentaiyuanbio.com\/wp-content\/uploads\/2025\/06\/high-protein-noodles-5-300x231.webp 300w, https:\/\/sentaiyuanbio.com\/wp-content\/uploads\/2025\/06\/high-protein-noodles-5-600x462.webp 600w\" sizes=\"(max-width: 750px) 100vw, 750px\" \/> <img loading=\"lazy\" decoding=\"async\" class=\"alignnone wp-image-5204 size-full\" title=\"nouilles hyperprot\u00e9in\u00e9es \" src=\"https:\/\/sentaiyuanbio.com\/wp-content\/uploads\/2025\/06\/high-protein-noodles-6.webp\" alt=\"nouilles hyperprot\u00e9in\u00e9es \" width=\"750\" height=\"502\" srcset=\"https:\/\/sentaiyuanbio.com\/wp-content\/uploads\/2025\/06\/high-protein-noodles-6.webp 750w, https:\/\/sentaiyuanbio.com\/wp-content\/uploads\/2025\/06\/high-protein-noodles-6-300x201.webp 300w, https:\/\/sentaiyuanbio.com\/wp-content\/uploads\/2025\/06\/high-protein-noodles-6-600x402.webp 600w\" sizes=\"(max-width: 750px) 100vw, 750px\" \/><\/p>","protected":false},"excerpt":{"rendered":"<p>Sentaiyuan est fier de pr\u00e9senter ses nouvelles nouilles hyperprot\u00e9in\u00e9es au go\u00fbt de curry \u00e9pic\u00e9 - la combinaison parfaite de la gourmandise, de la commodit\u00e9 et de la nutrition pour vous aider \u00e0 d\u00e9marrer votre vie active. Chaque tasse de nouilles contient 32 grammes de prot\u00e9ines et 220 kcal, et se pr\u00e9pare en moins de 5 minutes, ce qui en fait un choix rapide et sain pour les personnes occup\u00e9es !<br \/>\nNous avons cr\u00e9\u00e9 un ramen d\u00e9licieux et nutritif \u00e0 base de plantes, qui est nettement moins nocif pour l'environnement. C'est bon pour notre corps et, ensemble, nous pouvons cr\u00e9er un changement durable !<\/p>","protected":false},"featured_media":5181,"template":"","meta":{"site-sidebar-layout":"default","site-content-layout":"","ast-site-content-layout":"default","site-content-style":"default","site-sidebar-style":"default","ast-global-header-display":"","ast-banner-title-visibility":"","ast-main-header-display":"","ast-hfb-above-header-display":"","ast-hfb-below-header-display":"","ast-hfb-mobile-header-display":"","site-post-title":"","ast-breadcrumbs-content":"","ast-featured-img":"","footer-sml-layout":"","ast-disable-related-posts":"","theme-transparent-header-meta":"default","adv-header-id-meta":"","stick-header-meta":"default","header-above-stick-meta":"","header-main-stick-meta":"","header-below-stick-meta":"","astra-migrate-meta-layouts":"set","ast-page-background-enabled":"default","ast-page-background-meta":{"desktop":{"background-color":"","background-image":"","background-repeat":"repeat","background-position":"center center","background-size":"auto","background-attachment":"scroll","background-type":"","background-media":"","overlay-type":"","overlay-color":"","overlay-opacity":"","overlay-gradient":""},"tablet":{"background-color":"","background-image":"","background-repeat":"repeat","background-position":"center center","background-size":"auto","background-attachment":"scroll","background-type":"","background-media":"","overlay-type":"","overlay-color":"","overlay-opacity":"","overlay-gradient":""},"mobile":{"background-color":"","background-image":"","background-repeat":"repeat","background-position":"center center","background-size":"auto","background-attachment":"scroll","background-type":"","background-media":"","overlay-type":"","overlay-color":"","overlay-opacity":"","overlay-gradient":""}},"ast-content-background-meta":{"desktop":{"background-color":"var(--ast-global-color-5)","background-image":"","background-repeat":"repeat","background-position":"center center","background-size":"auto","background-attachment":"scroll","background-type":"","background-media":"","overlay-type":"","overlay-color":"","overlay-opacity":"","overlay-gradient":""},"tablet":{"background-color":"var(--ast-global-color-5)","background-image":"","background-repeat":"repeat","background-position":"center center","background-size":"auto","background-attachment":"scroll","background-type":"","background-media":"","overlay-type":"","overlay-color":"","overlay-opacity":"","overlay-gradient":""},"mobile":{"background-color":"var(--ast-global-color-5)","background-image":"","background-repeat":"repeat","background-position":"center center","background-size":"auto","background-attachment":"scroll","background-type":"","background-media":"","overlay-type":"","overlay-color":"","overlay-opacity":"","overlay-gradient":""}}},"product_brand":[],"product_cat":[248],"product_tag":[],"class_list":{"0":"post-5180","1":"product","2":"type-product","3":"status-publish","4":"has-post-thumbnail","6":"product_cat-low-carb-high-protein-noodles","7":"desktop-align-left","8":"tablet-align-left","9":"mobile-align-left","10":"ast-product-gallery-layout-horizontal-slider","11":"ast-product-tabs-layout-horizontal","13":"first","14":"instock","15":"shipping-taxable","16":"product-type-simple"},"_links":{"self":[{"href":"https:\/\/sentaiyuanbio.com\/fr\/wp-json\/wp\/v2\/product\/5180","targetHints":{"allow":["GET"]}}],"collection":[{"href":"https:\/\/sentaiyuanbio.com\/fr\/wp-json\/wp\/v2\/product"}],"about":[{"href":"https:\/\/sentaiyuanbio.com\/fr\/wp-json\/wp\/v2\/types\/product"}],"version-history":[{"count":0,"href":"https:\/\/sentaiyuanbio.com\/fr\/wp-json\/wp\/v2\/product\/5180\/revisions"}],"wp:featuredmedia":[{"embeddable":true,"href":"https:\/\/sentaiyuanbio.com\/fr\/wp-json\/wp\/v2\/media\/5181"}],"wp:attachment":[{"href":"https:\/\/sentaiyuanbio.com\/fr\/wp-json\/wp\/v2\/media?parent=5180"}],"wp:term":[{"taxonomy":"product_brand","embeddable":true,"href":"https:\/\/sentaiyuanbio.com\/fr\/wp-json\/wp\/v2\/product_brand?post=5180"},{"taxonomy":"product_cat","embeddable":true,"href":"https:\/\/sentaiyuanbio.com\/fr\/wp-json\/wp\/v2\/product_cat?post=5180"},{"taxonomy":"product_tag","embeddable":true,"href":"https:\/\/sentaiyuanbio.com\/fr\/wp-json\/wp\/v2\/product_tag?post=5180"}],"curies":[{"name":"wp","href":"https:\/\/api.w.org\/{rel}","templated":true}]}}