{"id":5215,"date":"2025-06-24T07:08:22","date_gmt":"2025-06-24T07:08:22","guid":{"rendered":"https:\/\/sentaiyuanbio.com\/?post_type=product&#038;p=5215"},"modified":"2025-10-27T03:25:52","modified_gmt":"2025-10-27T03:25:52","slug":"nouilles-instantanees-a-haute-teneur-en-proteines-62g","status":"publish","type":"product","link":"https:\/\/sentaiyuanbio.com\/fr\/produit\/nouilles-instantanees-a-haute-teneur-en-proteines-62g\/","title":{"rendered":"Nouilles instantan\u00e9es \u00e0 haute teneur en prot\u00e9ines saveur kimchi \u00e9pic\u00e9 1 tasse (62g)"},"content":{"rendered":"<p>Ces nouilles instantan\u00e9es hyperprot\u00e9in\u00e9es contiennent jusqu'\u00e0 32 grammes de prot\u00e9ines par portion et sont riches en vitamines, min\u00e9raux, fibres alimentaires et autres nutriments n\u00e9cessaires \u00e0 une alimentation saine.<\/p>\n<p>Pas besoin de cuill\u00e8re, ni d'agitation : ajoutez de l'eau bouillante ou r\u00e9chauffez au micro-ondes avec de l'eau chaude et d\u00e9gustez votre repas instantan\u00e9 \u00e0 base de plantes.<\/p>\n<h2>Ingr\u00e9dients des nouilles instantan\u00e9es \u00e0 haute teneur en prot\u00e9ines \u00e0 saveur de kimchi \u00e9pic\u00e9<\/h2>\n<p><strong>Ramen :<\/strong> Gluten de bl\u00e9 vital, prot\u00e9ines de pois, farine de bl\u00e9, farine de sarrasin, poudre de fibres de pois, amidon de tapioca, <a href=\"https:\/\/sentaiyuanbio.com\/fr\/produit\/farine-digname-konjac-poudre-digname-konjac\/\" target=\"_blank\" rel=\"noopener\">Poudre de konjac<\/a>, gomme xanthane, carbonate de sodium.<\/p>\n<p><strong>Assaisonnement \u00e9pic\u00e9 pour kimchi :<\/strong> Sel comestible, glutamate mono-sodique (<a href=\"https:\/\/www.mayoclinic.org\/healthy-lifestyle\/nutrition-and-healthy-eating\/expert-answers\/monosodium-glutamate\/faq-20058196\" target=\"_blank\" rel=\"noopener\">GMS<\/a>), ar\u00f4me comestible, sucre blanc cristallis\u00e9, poudre de chou, poudre de prot\u00e9ines v\u00e9g\u00e9tales hydrolys\u00e9es \u00e0 l'acide, extrait de levure, poudre d'oignon, poudre de chili, poudre de champignon, \u00e9pices, acide DL-malique, acide citrique, agent antiagglom\u00e9rant.<\/p>\n<p><strong>Kimchi :<\/strong> Chou napa, poudre de piment rouge, ail, gingembre, sucre.<\/p>\n<p><strong>Contient :<\/strong> Bl\u00e9, produits \u00e0 base de soja.<\/p>\n<h3>Valeur nutritive - Taille de la portion 1 tasse (66g)<\/h3>\n<table border=\"1\" cellspacing=\"1\">\n<tbody>\n<tr>\n<td align=\"center\" width=\"284\">L'\u00e9nergie<\/td>\n<td align=\"center\" width=\"284\">200 Kcal<\/td>\n<\/tr>\n<tr>\n<td align=\"center\" width=\"284\">Glucides totaux<\/td>\n<td align=\"center\" width=\"284\">20g<\/td>\n<\/tr>\n<tr>\n<td align=\"center\" width=\"284\">Graisses totales<\/td>\n<td align=\"center\" width=\"284\">1.5g<\/td>\n<\/tr>\n<tr>\n<td align=\"center\" width=\"284\">Prot\u00e9ines<\/td>\n<td align=\"center\" width=\"284\">32g<\/td>\n<\/tr>\n<tr>\n<td align=\"center\" width=\"284\">Fibres alimentaires<\/td>\n<td align=\"center\" width=\"284\">4g<\/td>\n<\/tr>\n<tr>\n<td align=\"center\" width=\"284\">Sodium<\/td>\n<td align=\"center\" width=\"284\">580 mg<\/td>\n<\/tr>\n<tr>\n<td align=\"center\" width=\"284\">Le fer<\/td>\n<td align=\"center\" width=\"284\">4,5 mg<\/td>\n<\/tr>\n<tr>\n<td align=\"center\" width=\"284\">Potassium<\/td>\n<td align=\"center\" width=\"284\">172 mg<\/td>\n<\/tr>\n<tr>\n<td align=\"center\" width=\"284\">Calcium<\/td>\n<td align=\"center\" width=\"284\">41 mg<\/td>\n<\/tr>\n<\/tbody>\n<\/table>\n<h3>Histoire de la marque des nouilles instantan\u00e9es hyperprot\u00e9in\u00e9es<\/h3>\n<p>En 2018, l'\u00e9quipe de Sentaiyuan a d\u00e9couvert une recette traditionnelle de nouilles riches en prot\u00e9ines au Tibet. Inspir\u00e9e, l'\u00e9quipe a mis au point des nouilles prot\u00e9in\u00e9es au konjac, moelleuses comme des p\u00e2tes, gr\u00e2ce \u00e0 une d\u00e9couverte accidentelle - le m\u00e9lange de gomme de konjac et de prot\u00e9ines v\u00e9g\u00e9tales. R\u00e9sultat : de d\u00e9licieuses nouilles \u00e0 faible teneur en glucides qui contiennent trois fois plus de prot\u00e9ines que des p\u00e2tes ordinaires.<\/p>\n<p><img fetchpriority=\"high\" decoding=\"async\" class=\"alignnone wp-image-5224 size-full\" title=\"Nouilles instantan\u00e9es riches en prot\u00e9ines\" src=\"https:\/\/sentaiyuanbio.com\/wp-content\/uploads\/2025\/06\/Protein-Instant-Noodles-1.webp\" alt=\"Nouilles instantan\u00e9es prot\u00e9in\u00e9es\" width=\"750\" height=\"563\" srcset=\"https:\/\/sentaiyuanbio.com\/wp-content\/uploads\/2025\/06\/Protein-Instant-Noodles-1.webp 750w, https:\/\/sentaiyuanbio.com\/wp-content\/uploads\/2025\/06\/Protein-Instant-Noodles-1-300x225.webp 300w, https:\/\/sentaiyuanbio.com\/wp-content\/uploads\/2025\/06\/Protein-Instant-Noodles-1-600x450.webp 600w\" sizes=\"(max-width: 750px) 100vw, 750px\" \/> <img decoding=\"async\" class=\"alignnone wp-image-5225 size-full\" title=\"Nouilles instantan\u00e9es riches en prot\u00e9ines\" src=\"https:\/\/sentaiyuanbio.com\/wp-content\/uploads\/2025\/06\/Protein-Instant-Noodles-2.webp\" alt=\"Nouilles instantan\u00e9es prot\u00e9in\u00e9es\" width=\"750\" height=\"615\" srcset=\"https:\/\/sentaiyuanbio.com\/wp-content\/uploads\/2025\/06\/Protein-Instant-Noodles-2.webp 750w, https:\/\/sentaiyuanbio.com\/wp-content\/uploads\/2025\/06\/Protein-Instant-Noodles-2-300x246.webp 300w, https:\/\/sentaiyuanbio.com\/wp-content\/uploads\/2025\/06\/Protein-Instant-Noodles-2-600x492.webp 600w\" sizes=\"(max-width: 750px) 100vw, 750px\" \/> <img decoding=\"async\" class=\"alignnone wp-image-5226 size-full\" title=\"Nouilles instantan\u00e9es riches en prot\u00e9ines\" src=\"https:\/\/sentaiyuanbio.com\/wp-content\/uploads\/2025\/06\/Protein-Instant-Noodles-3.webp\" alt=\"Nouilles instantan\u00e9es prot\u00e9in\u00e9es\" width=\"750\" height=\"615\" srcset=\"https:\/\/sentaiyuanbio.com\/wp-content\/uploads\/2025\/06\/Protein-Instant-Noodles-3.webp 750w, https:\/\/sentaiyuanbio.com\/wp-content\/uploads\/2025\/06\/Protein-Instant-Noodles-3-300x246.webp 300w, https:\/\/sentaiyuanbio.com\/wp-content\/uploads\/2025\/06\/Protein-Instant-Noodles-3-600x492.webp 600w\" sizes=\"(max-width: 750px) 100vw, 750px\" \/> <img loading=\"lazy\" decoding=\"async\" class=\"alignnone wp-image-5227 size-full\" title=\"Nouilles instantan\u00e9es riches en prot\u00e9ines\" src=\"https:\/\/sentaiyuanbio.com\/wp-content\/uploads\/2025\/06\/Protein-Instant-Noodles-4.webp\" alt=\"Nouilles instantan\u00e9es prot\u00e9in\u00e9es\" width=\"750\" height=\"612\" srcset=\"https:\/\/sentaiyuanbio.com\/wp-content\/uploads\/2025\/06\/Protein-Instant-Noodles-4.webp 750w, https:\/\/sentaiyuanbio.com\/wp-content\/uploads\/2025\/06\/Protein-Instant-Noodles-4-300x245.webp 300w, https:\/\/sentaiyuanbio.com\/wp-content\/uploads\/2025\/06\/Protein-Instant-Noodles-4-600x490.webp 600w\" sizes=\"(max-width: 750px) 100vw, 750px\" \/> <img loading=\"lazy\" decoding=\"async\" class=\"alignnone wp-image-5228 size-full\" title=\"Nouilles instantan\u00e9es riches en prot\u00e9ines\" src=\"https:\/\/sentaiyuanbio.com\/wp-content\/uploads\/2025\/06\/Protein-Instant-Noodles-5.webp\" alt=\"Nouilles instantan\u00e9es riches en prot\u00e9ines\" width=\"750\" height=\"589\" srcset=\"https:\/\/sentaiyuanbio.com\/wp-content\/uploads\/2025\/06\/Protein-Instant-Noodles-5.webp 750w, https:\/\/sentaiyuanbio.com\/wp-content\/uploads\/2025\/06\/Protein-Instant-Noodles-5-300x236.webp 300w, https:\/\/sentaiyuanbio.com\/wp-content\/uploads\/2025\/06\/Protein-Instant-Noodles-5-600x471.webp 600w\" sizes=\"(max-width: 750px) 100vw, 750px\" \/> <img loading=\"lazy\" decoding=\"async\" class=\"alignnone wp-image-5229 size-full\" title=\"Nouilles instantan\u00e9es riches en prot\u00e9ines\" src=\"https:\/\/sentaiyuanbio.com\/wp-content\/uploads\/2025\/06\/Protein-Instant-Noodles-6.webp\" alt=\"Nouilles instantan\u00e9es riches en prot\u00e9ines \" width=\"750\" height=\"478\" srcset=\"https:\/\/sentaiyuanbio.com\/wp-content\/uploads\/2025\/06\/Protein-Instant-Noodles-6.webp 750w, https:\/\/sentaiyuanbio.com\/wp-content\/uploads\/2025\/06\/Protein-Instant-Noodles-6-300x191.webp 300w, https:\/\/sentaiyuanbio.com\/wp-content\/uploads\/2025\/06\/Protein-Instant-Noodles-6-600x382.webp 600w\" sizes=\"(max-width: 750px) 100vw, 750px\" \/><\/p>","protected":false},"excerpt":{"rendered":"<p>Voici les nouilles instantan\u00e9es High Protein Cup \u00e0 la saveur de kimchi \u00e9pic\u00e9 avec des plantes et des prot\u00e9ines pures. Savourez la saveur riche, rassasiante et \u00e9pic\u00e9e du kimchi sans aucun ingr\u00e9dient d'origine animale.<br \/>\nChez Sentaiyuan, nous pensons que tout le monde m\u00e9rite d'avoir acc\u00e8s \u00e0 des repas d\u00e9licieux, nutritifs et abordables. C'est pourquoi nous fabriquons des nouilles hyperprot\u00e9in\u00e9es qui associent une saveur riche \u00e0 une v\u00e9ritable nutrition, pour un plaisir d\u00e9licieux qui enflammera vos papilles et nourrira votre corps et votre \u00e2me.<\/p>","protected":false},"featured_media":5216,"template":"","meta":{"site-sidebar-layout":"default","site-content-layout":"","ast-site-content-layout":"default","site-content-style":"default","site-sidebar-style":"default","ast-global-header-display":"","ast-banner-title-visibility":"","ast-main-header-display":"","ast-hfb-above-header-display":"","ast-hfb-below-header-display":"","ast-hfb-mobile-header-display":"","site-post-title":"","ast-breadcrumbs-content":"","ast-featured-img":"","footer-sml-layout":"","ast-disable-related-posts":"","theme-transparent-header-meta":"default","adv-header-id-meta":"","stick-header-meta":"default","header-above-stick-meta":"","header-main-stick-meta":"","header-below-stick-meta":"","astra-migrate-meta-layouts":"set","ast-page-background-enabled":"default","ast-page-background-meta":{"desktop":{"background-color":"","background-image":"","background-repeat":"repeat","background-position":"center center","background-size":"auto","background-attachment":"scroll","background-type":"","background-media":"","overlay-type":"","overlay-color":"","overlay-opacity":"","overlay-gradient":""},"tablet":{"background-color":"","background-image":"","background-repeat":"repeat","background-position":"center center","background-size":"auto","background-attachment":"scroll","background-type":"","background-media":"","overlay-type":"","overlay-color":"","overlay-opacity":"","overlay-gradient":""},"mobile":{"background-color":"","background-image":"","background-repeat":"repeat","background-position":"center center","background-size":"auto","background-attachment":"scroll","background-type":"","background-media":"","overlay-type":"","overlay-color":"","overlay-opacity":"","overlay-gradient":""}},"ast-content-background-meta":{"desktop":{"background-color":"var(--ast-global-color-5)","background-image":"","background-repeat":"repeat","background-position":"center center","background-size":"auto","background-attachment":"scroll","background-type":"","background-media":"","overlay-type":"","overlay-color":"","overlay-opacity":"","overlay-gradient":""},"tablet":{"background-color":"var(--ast-global-color-5)","background-image":"","background-repeat":"repeat","background-position":"center center","background-size":"auto","background-attachment":"scroll","background-type":"","background-media":"","overlay-type":"","overlay-color":"","overlay-opacity":"","overlay-gradient":""},"mobile":{"background-color":"var(--ast-global-color-5)","background-image":"","background-repeat":"repeat","background-position":"center center","background-size":"auto","background-attachment":"scroll","background-type":"","background-media":"","overlay-type":"","overlay-color":"","overlay-opacity":"","overlay-gradient":""}}},"product_brand":[],"product_cat":[248],"product_tag":[],"class_list":{"0":"post-5215","1":"product","2":"type-product","3":"status-publish","4":"has-post-thumbnail","6":"product_cat-low-carb-high-protein-noodles","7":"desktop-align-left","8":"tablet-align-left","9":"mobile-align-left","10":"ast-product-gallery-layout-horizontal-slider","11":"ast-product-tabs-layout-horizontal","13":"first","14":"instock","15":"shipping-taxable","16":"product-type-simple"},"_links":{"self":[{"href":"https:\/\/sentaiyuanbio.com\/fr\/wp-json\/wp\/v2\/product\/5215","targetHints":{"allow":["GET"]}}],"collection":[{"href":"https:\/\/sentaiyuanbio.com\/fr\/wp-json\/wp\/v2\/product"}],"about":[{"href":"https:\/\/sentaiyuanbio.com\/fr\/wp-json\/wp\/v2\/types\/product"}],"version-history":[{"count":0,"href":"https:\/\/sentaiyuanbio.com\/fr\/wp-json\/wp\/v2\/product\/5215\/revisions"}],"wp:featuredmedia":[{"embeddable":true,"href":"https:\/\/sentaiyuanbio.com\/fr\/wp-json\/wp\/v2\/media\/5216"}],"wp:attachment":[{"href":"https:\/\/sentaiyuanbio.com\/fr\/wp-json\/wp\/v2\/media?parent=5215"}],"wp:term":[{"taxonomy":"product_brand","embeddable":true,"href":"https:\/\/sentaiyuanbio.com\/fr\/wp-json\/wp\/v2\/product_brand?post=5215"},{"taxonomy":"product_cat","embeddable":true,"href":"https:\/\/sentaiyuanbio.com\/fr\/wp-json\/wp\/v2\/product_cat?post=5215"},{"taxonomy":"product_tag","embeddable":true,"href":"https:\/\/sentaiyuanbio.com\/fr\/wp-json\/wp\/v2\/product_tag?post=5215"}],"curies":[{"name":"wp","href":"https:\/\/api.w.org\/{rel}","templated":true}]}}