{"id":5356,"date":"2025-11-07T07:18:44","date_gmt":"2025-11-07T07:18:44","guid":{"rendered":"https:\/\/sentaiyuanbio.com\/?post_type=product&#038;p=5356"},"modified":"2025-11-13T07:12:02","modified_gmt":"2025-11-13T07:12:02","slug":"nouilles-hyperproteinees-au-poulet-epice","status":"publish","type":"product","link":"https:\/\/sentaiyuanbio.com\/fr\/produit\/nouilles-hyperproteinees-au-poulet-epice\/","title":{"rendered":"Nouilles hyperprot\u00e9in\u00e9es saveur poulet \u00e9pic\u00e9 29g de prot\u00e9ines par portion"},"content":{"rendered":"<h2>D\u00e9claration d'ingr\u00e9dients des nouilles hyperprot\u00e9in\u00e9es \u00e0 l'ar\u00f4me de poulet \u00e9pic\u00e9<\/h2>\n<p><strong>Ramen Ingr\u00e9dients :<\/strong> Gluten de bl\u00e9 vital 34.7%, prot\u00e9ine de pois 23.6%, farine de bl\u00e9 17.5%, farine de sarrasin 10.2%, fibre de pois 6.7%, amidon de tapioca 4.5%, sel 1.5%, <a href=\"https:\/\/sentaiyuanbio.com\/fr\/produit\/farine-digname-konjac-poudre-digname-konjac\/\" target=\"_blank\" rel=\"noopener\">Farine de konjac<\/a> 0.5%, <a href=\"https:\/\/hethstia.com\/konjac-powder-vs-xanthan-gum\/\" target=\"_blank\" rel=\"noopener\">Gomme xanthane<\/a> 0,6%(\u00e9paississant, E415), carbonate de sodium 0,2%(r\u00e9gulateur d'acidit\u00e9, E500).<\/p>\n<p><strong>Paquet de sauce \u00e9pic\u00e9e au poulet :<\/strong> Eau 41,6%, Huile de soja 18%, Sucre 8%, Sauce soja ferment\u00e9e (Eau, Soja, Sucre, Sel, Bl\u00e9, Champignon de paille) 6%, Poudre de chili 5,57%, Sel 5%, Glucose 4%, Extrait de levure 4%, Oignon 3%, Ail 3%, Amidon de ma\u00efs 1%, Ol\u00e9or\u00e9sine de Capsicum 0.38%, Disodium 5\u2032-ribonucl\u00e9otides(Exhausteur de go\u00fbt, E635) 0.2%, Ar\u00f4me 0.2%, Sorbate de potassium (Conservateur, E202) 0.03%, Extrait riche en tocoph\u00e9rols (Antioxydant, E306) 0.02%.<\/p>\n<h2>Valeurs nutritives<\/h2>\n<table border=\"1\" cellspacing=\"1\">\n<tbody>\n<tr>\n<td align=\"center\" width=\"284\"><b>Articles<\/b><\/td>\n<td align=\"center\" width=\"284\">par 80g<\/td>\n<td align=\"center\" width=\"284\">par 100g<\/td>\n<\/tr>\n<tr>\n<td align=\"center\" width=\"284\"><b>L'\u00e9nergie<\/b><\/td>\n<td align=\"center\" width=\"284\">1090kJ\/258kcal<\/td>\n<td align=\"center\" width=\"284\">1363kJ\/323kcal<\/td>\n<\/tr>\n<tr>\n<td align=\"center\" width=\"284\"><b>Graisses totales<\/b><\/td>\n<td align=\"center\" width=\"284\">4.5g<\/td>\n<td align=\"center\" width=\"284\">5.7g<\/td>\n<\/tr>\n<tr>\n<td align=\"center\" width=\"284\">- Graisses satur\u00e9es<\/td>\n<td align=\"center\" width=\"284\">1.0g<\/td>\n<td align=\"center\" width=\"284\">1.3g<\/td>\n<\/tr>\n<tr>\n<td align=\"center\" width=\"284\">- Graisses trans<\/td>\n<td align=\"center\" width=\"284\">0g<\/td>\n<td align=\"center\" width=\"284\">0g<\/td>\n<\/tr>\n<tr>\n<td align=\"center\" width=\"284\"><b>Sodium<\/b><\/td>\n<td align=\"center\" width=\"284\">955 mg<\/td>\n<td align=\"center\" width=\"284\">1194 mg<\/td>\n<\/tr>\n<tr>\n<td align=\"center\" width=\"284\"><b>Sel<\/b><\/td>\n<td align=\"center\" width=\"284\">2.39 g<\/td>\n<td align=\"center\" width=\"284\">2.98 g<\/td>\n<\/tr>\n<tr>\n<td align=\"center\" width=\"284\"><b>Glucides totaux<\/b><\/td>\n<td align=\"center\" width=\"284\">23.9g<\/td>\n<td align=\"center\" width=\"284\">29.8g<\/td>\n<\/tr>\n<tr>\n<td align=\"center\" width=\"284\">- Sucres totaux<\/td>\n<td align=\"center\" width=\"284\">3.6g<\/td>\n<td align=\"center\" width=\"284\">4.5g<\/td>\n<\/tr>\n<tr>\n<td align=\"center\" width=\"284\">Fibres alimentaires<\/td>\n<td align=\"center\" width=\"284\">3.8g<\/td>\n<td align=\"center\" width=\"284\">4.8g<\/td>\n<\/tr>\n<tr>\n<td align=\"center\" width=\"284\"><b>Prot\u00e9ines<\/b><\/td>\n<td align=\"center\" width=\"284\">28.6g<\/td>\n<td align=\"center\" width=\"284\">35.8g<\/td>\n<\/tr>\n<\/tbody>\n<\/table>\n<h2>Informations sur les allerg\u00e8nes<\/h2>\n<table border=\"1\" cellspacing=\"1\">\n<tbody>\n<tr>\n<td align=\"center\" width=\"284\"><b>Composants<\/b><\/td>\n<td align=\"center\" width=\"284\"><b>Contient (en tant qu'ingr\u00e9dient ou partie d'ingr\u00e9dient)<\/b><\/td>\n<td align=\"center\" width=\"284\"><b>Peut contenir (provenant de la transformation)<\/b><\/td>\n<td align=\"center\" width=\"284\"><b>Mai Contenir (dans l'entreprise)<\/b><\/td>\n<\/tr>\n<tr>\n<td align=\"center\" width=\"284\"><b>Allerg\u00e8ne<\/b><\/td>\n<td align=\"center\" width=\"284\"><b>Oui\/Non<\/b><\/td>\n<td align=\"center\" width=\"284\"><b>Oui\/Non<\/b><\/td>\n<td align=\"center\" width=\"284\"><b>Oui\/Non<\/b><\/td>\n<\/tr>\n<tr>\n<td align=\"center\" width=\"284\">C\u00e9r\u00e9ales (bl\u00e9, seigle, orge, avoine, sarrasin, \u00e9peautre, etc. ou leurs souches hybrides)<\/td>\n<td align=\"center\" width=\"284\">Oui<\/td>\n<td align=\"center\" width=\"284\">Non<\/td>\n<td align=\"center\" width=\"284\">Non<\/td>\n<\/tr>\n<tr>\n<td align=\"center\" width=\"284\">Crustac\u00e9s et produits d\u00e9riv\u00e9s<\/td>\n<td align=\"center\" width=\"284\">Non<\/td>\n<td align=\"center\" width=\"284\">Non<\/td>\n<td align=\"center\" width=\"284\">Non<\/td>\n<\/tr>\n<tr>\n<td align=\"center\" width=\"284\">\u0152ufs et produits d\u00e9riv\u00e9s<\/td>\n<td align=\"center\" width=\"284\">Non<\/td>\n<td align=\"center\" width=\"284\">Non<\/td>\n<td align=\"center\" width=\"284\">Non<\/td>\n<\/tr>\n<tr>\n<td align=\"center\" width=\"284\">Poissons et produits d\u00e9riv\u00e9s<\/td>\n<td align=\"center\" width=\"284\">Non<\/td>\n<td align=\"center\" width=\"284\">Non<\/td>\n<td align=\"center\" width=\"284\">Non<\/td>\n<\/tr>\n<tr>\n<td align=\"center\" width=\"284\">Arachides et produits d\u00e9riv\u00e9s<\/td>\n<td align=\"center\" width=\"284\">Non<\/td>\n<td align=\"center\" width=\"284\">Non<\/td>\n<td align=\"center\" width=\"284\">Non<\/td>\n<\/tr>\n<tr>\n<td align=\"center\" width=\"284\">Soja et produits d\u00e9riv\u00e9s<\/td>\n<td align=\"center\" width=\"284\">Oui<\/td>\n<td align=\"center\" width=\"284\">Non<\/td>\n<td align=\"center\" width=\"284\">Non<\/td>\n<\/tr>\n<tr>\n<td align=\"center\" width=\"284\">Lait et produits d\u00e9riv\u00e9s (y compris le lactose)<\/td>\n<td align=\"center\" width=\"284\">Non<\/td>\n<td align=\"center\" width=\"284\">Non<\/td>\n<td align=\"center\" width=\"284\">Non<\/td>\n<\/tr>\n<tr>\n<td align=\"center\" width=\"284\">Fruits \u00e0 coque, amandes, noisettes, noix, noix de cajou, noix de p\u00e9can, noix du Br\u00e9sil, pistaches, noix de macadamia, noix du Queensland et produits d\u00e9riv\u00e9s<\/td>\n<td align=\"center\" width=\"284\">Non<\/td>\n<td align=\"center\" width=\"284\">Non<\/td>\n<td align=\"center\" width=\"284\">Non<\/td>\n<\/tr>\n<tr>\n<td align=\"center\" width=\"284\">C\u00e9leri et produits d\u00e9riv\u00e9s<\/td>\n<td align=\"center\" width=\"284\">Non<\/td>\n<td align=\"center\" width=\"284\">Non<\/td>\n<td align=\"center\" width=\"284\">Non<\/td>\n<\/tr>\n<tr>\n<td align=\"center\" width=\"284\">Moutarde et produits d\u00e9riv\u00e9s<\/td>\n<td align=\"center\" width=\"284\">Non<\/td>\n<td align=\"center\" width=\"284\">Non<\/td>\n<td align=\"center\" width=\"284\">Non<\/td>\n<\/tr>\n<tr>\n<td align=\"center\" width=\"284\">Graines de s\u00e9same et produits d\u00e9riv\u00e9s<\/td>\n<td align=\"center\" width=\"284\">Non<\/td>\n<td align=\"center\" width=\"284\">Non<\/td>\n<td align=\"center\" width=\"284\">Non<\/td>\n<\/tr>\n<tr>\n<td align=\"center\" width=\"284\">Dioxyde de soufre et sulfites \u00e0 des concentrations sup\u00e9rieures \u00e0 10 mg\/kg ou 10 mg\/litre exprim\u00e9s en SO2<\/td>\n<td align=\"center\" width=\"284\">Non<\/td>\n<td align=\"center\" width=\"284\">Non<\/td>\n<td align=\"center\" width=\"284\">Non<\/td>\n<\/tr>\n<tr>\n<td align=\"center\" width=\"284\">Lupin et produits d\u00e9riv\u00e9s<\/td>\n<td align=\"center\" width=\"284\">Non<\/td>\n<td align=\"center\" width=\"284\">Non<\/td>\n<td align=\"center\" width=\"284\">Non<\/td>\n<\/tr>\n<tr>\n<td align=\"center\" width=\"284\">Mollusques et produits d\u00e9riv\u00e9s<\/td>\n<td align=\"center\" width=\"284\">Non<\/td>\n<td align=\"center\" width=\"284\">Non<\/td>\n<td align=\"center\" width=\"284\">Non<\/td>\n<\/tr>\n<\/tbody>\n<\/table>\n<p><img fetchpriority=\"high\" decoding=\"async\" class=\"alignnone wp-image-5362 size-full\" title=\"Nouilles hyperprot\u00e9in\u00e9es\" src=\"https:\/\/sentaiyuanbio.com\/wp-content\/uploads\/2025\/11\/High-Protein-Noodles-1.webp\" alt=\"Nouilles hyperprot\u00e9in\u00e9es\" width=\"750\" height=\"600\" srcset=\"https:\/\/sentaiyuanbio.com\/wp-content\/uploads\/2025\/11\/High-Protein-Noodles-1.webp 750w, https:\/\/sentaiyuanbio.com\/wp-content\/uploads\/2025\/11\/High-Protein-Noodles-1-300x240.webp 300w, https:\/\/sentaiyuanbio.com\/wp-content\/uploads\/2025\/11\/High-Protein-Noodles-1-15x12.webp 15w, https:\/\/sentaiyuanbio.com\/wp-content\/uploads\/2025\/11\/High-Protein-Noodles-1-600x480.webp 600w\" sizes=\"(max-width: 750px) 100vw, 750px\" \/> <img decoding=\"async\" class=\"alignnone wp-image-5363 size-full\" title=\"Nouilles hyperprot\u00e9in\u00e9es\" src=\"https:\/\/sentaiyuanbio.com\/wp-content\/uploads\/2025\/11\/High-Protein-Noodles-2.webp\" alt=\"Nouilles hyperprot\u00e9in\u00e9es\" width=\"750\" height=\"533\" srcset=\"https:\/\/sentaiyuanbio.com\/wp-content\/uploads\/2025\/11\/High-Protein-Noodles-2.webp 750w, https:\/\/sentaiyuanbio.com\/wp-content\/uploads\/2025\/11\/High-Protein-Noodles-2-300x213.webp 300w, https:\/\/sentaiyuanbio.com\/wp-content\/uploads\/2025\/11\/High-Protein-Noodles-2-18x12.webp 18w, https:\/\/sentaiyuanbio.com\/wp-content\/uploads\/2025\/11\/High-Protein-Noodles-2-600x426.webp 600w\" sizes=\"(max-width: 750px) 100vw, 750px\" \/> <img decoding=\"async\" class=\"alignnone wp-image-5364 size-full\" title=\"Nouilles hyperprot\u00e9in\u00e9es\" src=\"https:\/\/sentaiyuanbio.com\/wp-content\/uploads\/2025\/11\/High-Protein-Noodles-3.webp\" alt=\"Nouilles hyperprot\u00e9in\u00e9es\" width=\"750\" height=\"667\" srcset=\"https:\/\/sentaiyuanbio.com\/wp-content\/uploads\/2025\/11\/High-Protein-Noodles-3.webp 750w, https:\/\/sentaiyuanbio.com\/wp-content\/uploads\/2025\/11\/High-Protein-Noodles-3-300x267.webp 300w, https:\/\/sentaiyuanbio.com\/wp-content\/uploads\/2025\/11\/High-Protein-Noodles-3-13x12.webp 13w, https:\/\/sentaiyuanbio.com\/wp-content\/uploads\/2025\/11\/High-Protein-Noodles-3-600x534.webp 600w\" sizes=\"(max-width: 750px) 100vw, 750px\" \/> <img loading=\"lazy\" decoding=\"async\" class=\"alignnone wp-image-5365 size-full\" title=\"Nouilles hyperprot\u00e9in\u00e9es\" src=\"https:\/\/sentaiyuanbio.com\/wp-content\/uploads\/2025\/11\/High-Protein-Noodles-4.webp\" alt=\"Nouilles hyperprot\u00e9in\u00e9es\" width=\"750\" height=\"660\" srcset=\"https:\/\/sentaiyuanbio.com\/wp-content\/uploads\/2025\/11\/High-Protein-Noodles-4.webp 750w, https:\/\/sentaiyuanbio.com\/wp-content\/uploads\/2025\/11\/High-Protein-Noodles-4-300x264.webp 300w, https:\/\/sentaiyuanbio.com\/wp-content\/uploads\/2025\/11\/High-Protein-Noodles-4-14x12.webp 14w, https:\/\/sentaiyuanbio.com\/wp-content\/uploads\/2025\/11\/High-Protein-Noodles-4-600x528.webp 600w\" sizes=\"(max-width: 750px) 100vw, 750px\" \/> <img loading=\"lazy\" decoding=\"async\" class=\"alignnone wp-image-5366 size-full\" title=\"Nouilles hyperprot\u00e9in\u00e9es\" src=\"https:\/\/sentaiyuanbio.com\/wp-content\/uploads\/2025\/11\/High-Protein-Noodles-5.webp\" alt=\"Nouilles hyperprot\u00e9in\u00e9es\" width=\"750\" height=\"668\" srcset=\"https:\/\/sentaiyuanbio.com\/wp-content\/uploads\/2025\/11\/High-Protein-Noodles-5.webp 750w, https:\/\/sentaiyuanbio.com\/wp-content\/uploads\/2025\/11\/High-Protein-Noodles-5-300x267.webp 300w, https:\/\/sentaiyuanbio.com\/wp-content\/uploads\/2025\/11\/High-Protein-Noodles-5-13x12.webp 13w, https:\/\/sentaiyuanbio.com\/wp-content\/uploads\/2025\/11\/High-Protein-Noodles-5-600x534.webp 600w\" sizes=\"(max-width: 750px) 100vw, 750px\" \/><\/p>","protected":false},"excerpt":{"rendered":"<p>Ces ramen au poulet \u00e9pic\u00e9 contiennent 29 grammes de prot\u00e9ines par portion. Les nouilles moelleuses associ\u00e9es \u00e0 un niveau d'\u00e9pices moyen fournissent juste la bonne dose de stimulation pour les amateurs d'\u00e9pices. Prot\u00e9ines d'origine v\u00e9g\u00e9tale, s\u00e9ch\u00e9es \u00e0 l'air, pauvres en graisses, non frites, sans OGM.<\/p>","protected":false},"featured_media":5357,"template":"","meta":{"site-sidebar-layout":"default","site-content-layout":"","ast-site-content-layout":"default","site-content-style":"default","site-sidebar-style":"default","ast-global-header-display":"","ast-banner-title-visibility":"","ast-main-header-display":"","ast-hfb-above-header-display":"","ast-hfb-below-header-display":"","ast-hfb-mobile-header-display":"","site-post-title":"","ast-breadcrumbs-content":"","ast-featured-img":"","footer-sml-layout":"","ast-disable-related-posts":"","theme-transparent-header-meta":"default","adv-header-id-meta":"","stick-header-meta":"default","header-above-stick-meta":"","header-main-stick-meta":"","header-below-stick-meta":"","astra-migrate-meta-layouts":"set","ast-page-background-enabled":"default","ast-page-background-meta":{"desktop":{"background-color":"","background-image":"","background-repeat":"repeat","background-position":"center center","background-size":"auto","background-attachment":"scroll","background-type":"","background-media":"","overlay-type":"","overlay-color":"","overlay-opacity":"","overlay-gradient":""},"tablet":{"background-color":"","background-image":"","background-repeat":"repeat","background-position":"center center","background-size":"auto","background-attachment":"scroll","background-type":"","background-media":"","overlay-type":"","overlay-color":"","overlay-opacity":"","overlay-gradient":""},"mobile":{"background-color":"","background-image":"","background-repeat":"repeat","background-position":"center center","background-size":"auto","background-attachment":"scroll","background-type":"","background-media":"","overlay-type":"","overlay-color":"","overlay-opacity":"","overlay-gradient":""}},"ast-content-background-meta":{"desktop":{"background-color":"var(--ast-global-color-5)","background-image":"","background-repeat":"repeat","background-position":"center center","background-size":"auto","background-attachment":"scroll","background-type":"","background-media":"","overlay-type":"","overlay-color":"","overlay-opacity":"","overlay-gradient":""},"tablet":{"background-color":"var(--ast-global-color-5)","background-image":"","background-repeat":"repeat","background-position":"center center","background-size":"auto","background-attachment":"scroll","background-type":"","background-media":"","overlay-type":"","overlay-color":"","overlay-opacity":"","overlay-gradient":""},"mobile":{"background-color":"var(--ast-global-color-5)","background-image":"","background-repeat":"repeat","background-position":"center center","background-size":"auto","background-attachment":"scroll","background-type":"","background-media":"","overlay-type":"","overlay-color":"","overlay-opacity":"","overlay-gradient":""}}},"product_brand":[],"product_cat":[248],"product_tag":[],"class_list":{"0":"post-5356","1":"product","2":"type-product","3":"status-publish","4":"has-post-thumbnail","6":"product_cat-low-carb-high-protein-noodles","7":"desktop-align-left","8":"tablet-align-left","9":"mobile-align-left","10":"ast-product-gallery-layout-horizontal-slider","11":"ast-product-tabs-layout-horizontal","13":"first","14":"instock","15":"shipping-taxable","16":"product-type-simple"},"_links":{"self":[{"href":"https:\/\/sentaiyuanbio.com\/fr\/wp-json\/wp\/v2\/product\/5356","targetHints":{"allow":["GET"]}}],"collection":[{"href":"https:\/\/sentaiyuanbio.com\/fr\/wp-json\/wp\/v2\/product"}],"about":[{"href":"https:\/\/sentaiyuanbio.com\/fr\/wp-json\/wp\/v2\/types\/product"}],"version-history":[{"count":0,"href":"https:\/\/sentaiyuanbio.com\/fr\/wp-json\/wp\/v2\/product\/5356\/revisions"}],"wp:featuredmedia":[{"embeddable":true,"href":"https:\/\/sentaiyuanbio.com\/fr\/wp-json\/wp\/v2\/media\/5357"}],"wp:attachment":[{"href":"https:\/\/sentaiyuanbio.com\/fr\/wp-json\/wp\/v2\/media?parent=5356"}],"wp:term":[{"taxonomy":"product_brand","embeddable":true,"href":"https:\/\/sentaiyuanbio.com\/fr\/wp-json\/wp\/v2\/product_brand?post=5356"},{"taxonomy":"product_cat","embeddable":true,"href":"https:\/\/sentaiyuanbio.com\/fr\/wp-json\/wp\/v2\/product_cat?post=5356"},{"taxonomy":"product_tag","embeddable":true,"href":"https:\/\/sentaiyuanbio.com\/fr\/wp-json\/wp\/v2\/product_tag?post=5356"}],"curies":[{"name":"wp","href":"https:\/\/api.w.org\/{rel}","templated":true}]}}