{"id":5376,"date":"2025-11-10T09:30:34","date_gmt":"2025-11-10T09:30:34","guid":{"rendered":"https:\/\/sentaiyuanbio.com\/?post_type=product&#038;p=5376"},"modified":"2025-11-13T07:19:14","modified_gmt":"2025-11-13T07:19:14","slug":"nouilles-hyperproteinees-poulet-teriyaki","status":"publish","type":"product","link":"https:\/\/sentaiyuanbio.com\/fr\/produit\/nouilles-hyperproteinees-poulet-teriyaki\/","title":{"rendered":"Nouilles hyperprot\u00e9in\u00e9es saveur poulet teriyaki, 60g Ramen, 20g Sauce"},"content":{"rendered":"<h2>D\u00e9claration d'ingr\u00e9dients des nouilles hyperprot\u00e9in\u00e9es \u00e0 l'ar\u00f4me de poulet teriyaki<\/h2>\n<p><strong>Ramen :<\/strong> Gluten de bl\u00e9 vital 34.7%, prot\u00e9ine de pois 23.6%, farine de bl\u00e9 17.5%, farine de sarrasin 10.2%, fibre de pois 6.7%, amidon de tapioca 4.5%, sel 1.5%, <a href=\"https:\/\/sentaiyuanbio.com\/fr\/produit\/farine-digname-konjac-poudre-digname-konjac\/\" target=\"_blank\" rel=\"noopener\">Farine de konjac<\/a> 0.5%, <a href=\"https:\/\/hethstia.com\/konjac-powder-vs-xanthan-gum\/\" target=\"_blank\" rel=\"noopener\">Gomme xanthane<\/a> 0,6%(\u00e9paississant, E415), carbonate de sodium 0,2%(r\u00e9gulateur d'acidit\u00e9, E500).<\/p>\n<p><strong>Paquet de sauce aromatis\u00e9e au poulet Teriyaki :<\/strong> Sucre 34%, P\u00e2te de bl\u00e9 sucr\u00e9e (Eau, Farine de bl\u00e9, Sel, Sorbate de potassium (Conservateur, E202)) 25%, Huile de soja 11%, Eau 8.8%, Sel 6%, Sauce soja (Eau 42%, F\u00e8ves de soja 42%, Sel 16%) 6%, Vinaigre de pomme (Eau, Concentr\u00e9 de jus d'aub\u00e9pine, Concentr\u00e9 de jus de pomme, Sel) 4%, Poudre de prot\u00e9ines de soja hydrolys\u00e9es 2%, Gingembre 1%, Extrait de levure 1%, Colorant caramel (Colorant, E150a) 0.5%, Ar\u00f4me 0.2%, Gomme xanthane(Epaississant, E415) 0.2%, Disodium 5\u2032-ribonucleotides(Exhausteur de go\u00fbt, E635) 0.2%, Acide citrique(R\u00e9gulateur d'acidit\u00e9, E330) 0.1%.<\/p>\n<h2>Valeurs nutritives<\/h2>\n<table border=\"1\" cellspacing=\"1\">\n<tbody>\n<tr>\n<td align=\"center\" width=\"284\"><b>Articles<\/b><\/td>\n<td align=\"center\" width=\"284\">par 80g<\/td>\n<td align=\"center\" width=\"284\">par 100g<\/td>\n<\/tr>\n<tr>\n<td align=\"center\" width=\"284\"><b>L'\u00e9nergie<\/b><\/td>\n<td align=\"center\" width=\"284\">1156kJ\/274kcal<\/td>\n<td align=\"center\" width=\"284\">1446kJ\/342kcal<\/td>\n<\/tr>\n<tr>\n<td align=\"center\" width=\"284\"><b>Graisses totales<\/b><\/td>\n<td align=\"center\" width=\"284\">3.6g<\/td>\n<td align=\"center\" width=\"284\">4.5g<\/td>\n<\/tr>\n<tr>\n<td align=\"center\" width=\"284\">- Graisses satur\u00e9es<\/td>\n<td align=\"center\" width=\"284\">0.7g<\/td>\n<td align=\"center\" width=\"284\">0.8g<\/td>\n<\/tr>\n<tr>\n<td align=\"center\" width=\"284\">- Graisses trans<\/td>\n<td align=\"center\" width=\"284\">0g<\/td>\n<td align=\"center\" width=\"284\">0g<\/td>\n<\/tr>\n<tr>\n<td align=\"center\" width=\"284\"><b>Sodium<\/b><\/td>\n<td align=\"center\" width=\"284\">1263 mg<\/td>\n<td align=\"center\" width=\"284\">1579 mg<\/td>\n<\/tr>\n<tr>\n<td align=\"center\" width=\"284\"><b>Sel<\/b><\/td>\n<td align=\"center\" width=\"284\">3.16 g<\/td>\n<td align=\"center\" width=\"284\">3.95 g<\/td>\n<\/tr>\n<tr>\n<td align=\"center\" width=\"284\"><b>Glucides totaux<\/b><\/td>\n<td align=\"center\" width=\"284\">29.8g<\/td>\n<td align=\"center\" width=\"284\">37.2g<\/td>\n<\/tr>\n<tr>\n<td align=\"center\" width=\"284\">- Sucres totaux<\/td>\n<td align=\"center\" width=\"284\">8.0g<\/td>\n<td align=\"center\" width=\"284\">10.0g<\/td>\n<\/tr>\n<tr>\n<td align=\"center\" width=\"284\">Fibres alimentaires<\/td>\n<td align=\"center\" width=\"284\">3.8g<\/td>\n<td align=\"center\" width=\"284\">4.8g<\/td>\n<\/tr>\n<tr>\n<td align=\"center\" width=\"284\"><b>Prot\u00e9ines<\/b><\/td>\n<td align=\"center\" width=\"284\">28.6g<\/td>\n<td align=\"center\" width=\"284\">35.8g<\/td>\n<\/tr>\n<\/tbody>\n<\/table>\n<h2>Informations sur les allerg\u00e8nes<\/h2>\n<table border=\"1\" cellspacing=\"1\">\n<tbody>\n<tr>\n<td align=\"center\" width=\"284\"><b>Composants<\/b><\/td>\n<td align=\"center\" width=\"284\"><b>Contient (en tant qu'ingr\u00e9dient ou partie d'ingr\u00e9dient)<\/b><\/td>\n<td align=\"center\" width=\"284\"><b>Peut contenir (provenant de la transformation)<\/b><\/td>\n<td align=\"center\" width=\"284\"><b>Mai Contenir (dans l'entreprise)<\/b><\/td>\n<\/tr>\n<tr>\n<td align=\"center\" width=\"284\"><b>Allerg\u00e8ne<\/b><\/td>\n<td align=\"center\" width=\"284\"><b>Oui\/Non<\/b><\/td>\n<td align=\"center\" width=\"284\"><b>Oui\/Non<\/b><\/td>\n<td align=\"center\" width=\"284\"><b>Oui\/Non<\/b><\/td>\n<\/tr>\n<tr>\n<td align=\"center\" width=\"284\">C\u00e9r\u00e9ales (bl\u00e9, seigle, orge, avoine, sarrasin, \u00e9peautre, etc. ou leurs souches hybrides)<\/td>\n<td align=\"center\" width=\"284\">Oui<\/td>\n<td align=\"center\" width=\"284\">Non<\/td>\n<td align=\"center\" width=\"284\">Non<\/td>\n<\/tr>\n<tr>\n<td align=\"center\" width=\"284\">Crustac\u00e9s et produits d\u00e9riv\u00e9s<\/td>\n<td align=\"center\" width=\"284\">Non<\/td>\n<td align=\"center\" width=\"284\">Non<\/td>\n<td align=\"center\" width=\"284\">Non<\/td>\n<\/tr>\n<tr>\n<td align=\"center\" width=\"284\">\u0152ufs et produits d\u00e9riv\u00e9s<\/td>\n<td align=\"center\" width=\"284\">Non<\/td>\n<td align=\"center\" width=\"284\">Non<\/td>\n<td align=\"center\" width=\"284\">Non<\/td>\n<\/tr>\n<tr>\n<td align=\"center\" width=\"284\">Poissons et produits d\u00e9riv\u00e9s<\/td>\n<td align=\"center\" width=\"284\">Non<\/td>\n<td align=\"center\" width=\"284\">Non<\/td>\n<td align=\"center\" width=\"284\">Non<\/td>\n<\/tr>\n<tr>\n<td align=\"center\" width=\"284\">Arachides et produits d\u00e9riv\u00e9s<\/td>\n<td align=\"center\" width=\"284\">Non<\/td>\n<td align=\"center\" width=\"284\">Non<\/td>\n<td align=\"center\" width=\"284\">Non<\/td>\n<\/tr>\n<tr>\n<td align=\"center\" width=\"284\">Soja et produits d\u00e9riv\u00e9s<\/td>\n<td align=\"center\" width=\"284\">Oui<\/td>\n<td align=\"center\" width=\"284\">Non<\/td>\n<td align=\"center\" width=\"284\">Non<\/td>\n<\/tr>\n<tr>\n<td align=\"center\" width=\"284\">Lait et produits d\u00e9riv\u00e9s (y compris le lactose)<\/td>\n<td align=\"center\" width=\"284\">Non<\/td>\n<td align=\"center\" width=\"284\">Non<\/td>\n<td align=\"center\" width=\"284\">Non<\/td>\n<\/tr>\n<tr>\n<td align=\"center\" width=\"284\">Fruits \u00e0 coque, amandes, noisettes, noix, noix de cajou, noix de p\u00e9can, noix du Br\u00e9sil, pistaches, noix de macadamia, noix du Queensland et produits d\u00e9riv\u00e9s<\/td>\n<td align=\"center\" width=\"284\">Non<\/td>\n<td align=\"center\" width=\"284\">Non<\/td>\n<td align=\"center\" width=\"284\">Non<\/td>\n<\/tr>\n<tr>\n<td align=\"center\" width=\"284\">C\u00e9leri et produits d\u00e9riv\u00e9s<\/td>\n<td align=\"center\" width=\"284\">Non<\/td>\n<td align=\"center\" width=\"284\">Non<\/td>\n<td align=\"center\" width=\"284\">Non<\/td>\n<\/tr>\n<tr>\n<td align=\"center\" width=\"284\">Moutarde et produits d\u00e9riv\u00e9s<\/td>\n<td align=\"center\" width=\"284\">Non<\/td>\n<td align=\"center\" width=\"284\">Non<\/td>\n<td align=\"center\" width=\"284\">Non<\/td>\n<\/tr>\n<tr>\n<td align=\"center\" width=\"284\">Graines de s\u00e9same et produits d\u00e9riv\u00e9s<\/td>\n<td align=\"center\" width=\"284\">Non<\/td>\n<td align=\"center\" width=\"284\">Non<\/td>\n<td align=\"center\" width=\"284\">Non<\/td>\n<\/tr>\n<tr>\n<td align=\"center\" width=\"284\">Dioxyde de soufre et sulfites \u00e0 des concentrations sup\u00e9rieures \u00e0 10 mg\/kg ou 10 mg\/litre exprim\u00e9s en SO2<\/td>\n<td align=\"center\" width=\"284\">Non<\/td>\n<td align=\"center\" width=\"284\">Non<\/td>\n<td align=\"center\" width=\"284\">Non<\/td>\n<\/tr>\n<tr>\n<td align=\"center\" width=\"284\">Lupin et produits d\u00e9riv\u00e9s<\/td>\n<td align=\"center\" width=\"284\">Non<\/td>\n<td align=\"center\" width=\"284\">Non<\/td>\n<td align=\"center\" width=\"284\">Non<\/td>\n<\/tr>\n<tr>\n<td align=\"center\" width=\"284\">Mollusques et produits d\u00e9riv\u00e9s<\/td>\n<td align=\"center\" width=\"284\">Non<\/td>\n<td align=\"center\" width=\"284\">Non<\/td>\n<td align=\"center\" width=\"284\">Non<\/td>\n<\/tr>\n<\/tbody>\n<\/table>\n<p><img fetchpriority=\"high\" decoding=\"async\" class=\"alignnone wp-image-5382 size-full\" title=\"Nouilles hyperprot\u00e9in\u00e9es Poulet Teriyaki\" src=\"https:\/\/sentaiyuanbio.com\/wp-content\/uploads\/2025\/11\/High-Protein-Noodles-Teriyaki-Chicken_1.webp\" alt=\"Nouilles hyperprot\u00e9in\u00e9es Poulet Teriyaki\" width=\"750\" height=\"600\" srcset=\"https:\/\/sentaiyuanbio.com\/wp-content\/uploads\/2025\/11\/High-Protein-Noodles-Teriyaki-Chicken_1.webp 750w, https:\/\/sentaiyuanbio.com\/wp-content\/uploads\/2025\/11\/High-Protein-Noodles-Teriyaki-Chicken_1-300x240.webp 300w, https:\/\/sentaiyuanbio.com\/wp-content\/uploads\/2025\/11\/High-Protein-Noodles-Teriyaki-Chicken_1-15x12.webp 15w, https:\/\/sentaiyuanbio.com\/wp-content\/uploads\/2025\/11\/High-Protein-Noodles-Teriyaki-Chicken_1-600x480.webp 600w\" sizes=\"(max-width: 750px) 100vw, 750px\" \/> <img decoding=\"async\" class=\"alignnone wp-image-5383 size-full\" title=\"Nouilles hyperprot\u00e9in\u00e9es Poulet Teriyaki\" src=\"https:\/\/sentaiyuanbio.com\/wp-content\/uploads\/2025\/11\/High-Protein-Noodles-Teriyaki-Chicken_2.webp\" alt=\"Nouilles hyperprot\u00e9in\u00e9es Poulet Teriyaki\" width=\"750\" height=\"533\" srcset=\"https:\/\/sentaiyuanbio.com\/wp-content\/uploads\/2025\/11\/High-Protein-Noodles-Teriyaki-Chicken_2.webp 750w, https:\/\/sentaiyuanbio.com\/wp-content\/uploads\/2025\/11\/High-Protein-Noodles-Teriyaki-Chicken_2-300x213.webp 300w, https:\/\/sentaiyuanbio.com\/wp-content\/uploads\/2025\/11\/High-Protein-Noodles-Teriyaki-Chicken_2-18x12.webp 18w, https:\/\/sentaiyuanbio.com\/wp-content\/uploads\/2025\/11\/High-Protein-Noodles-Teriyaki-Chicken_2-600x426.webp 600w\" sizes=\"(max-width: 750px) 100vw, 750px\" \/> <img decoding=\"async\" class=\"alignnone wp-image-5384 size-full\" title=\"Nouilles hyperprot\u00e9in\u00e9es Poulet Teriyaki\" src=\"https:\/\/sentaiyuanbio.com\/wp-content\/uploads\/2025\/11\/High-Protein-Noodles-Teriyaki-Chicken_3.webp\" alt=\"Nouilles hyperprot\u00e9in\u00e9es Poulet Teriyaki\" width=\"750\" height=\"667\" srcset=\"https:\/\/sentaiyuanbio.com\/wp-content\/uploads\/2025\/11\/High-Protein-Noodles-Teriyaki-Chicken_3.webp 750w, https:\/\/sentaiyuanbio.com\/wp-content\/uploads\/2025\/11\/High-Protein-Noodles-Teriyaki-Chicken_3-300x267.webp 300w, https:\/\/sentaiyuanbio.com\/wp-content\/uploads\/2025\/11\/High-Protein-Noodles-Teriyaki-Chicken_3-13x12.webp 13w, https:\/\/sentaiyuanbio.com\/wp-content\/uploads\/2025\/11\/High-Protein-Noodles-Teriyaki-Chicken_3-600x534.webp 600w\" sizes=\"(max-width: 750px) 100vw, 750px\" \/> <img loading=\"lazy\" decoding=\"async\" class=\"alignnone wp-image-5385 size-full\" title=\"Nouilles hyperprot\u00e9in\u00e9es Poulet Teriyaki\" src=\"https:\/\/sentaiyuanbio.com\/wp-content\/uploads\/2025\/11\/High-Protein-Noodles-Teriyaki-Chicken_4.webp\" alt=\"Nouilles hyperprot\u00e9in\u00e9es Poulet Teriyaki\" width=\"750\" height=\"660\" srcset=\"https:\/\/sentaiyuanbio.com\/wp-content\/uploads\/2025\/11\/High-Protein-Noodles-Teriyaki-Chicken_4.webp 750w, https:\/\/sentaiyuanbio.com\/wp-content\/uploads\/2025\/11\/High-Protein-Noodles-Teriyaki-Chicken_4-300x264.webp 300w, https:\/\/sentaiyuanbio.com\/wp-content\/uploads\/2025\/11\/High-Protein-Noodles-Teriyaki-Chicken_4-14x12.webp 14w, https:\/\/sentaiyuanbio.com\/wp-content\/uploads\/2025\/11\/High-Protein-Noodles-Teriyaki-Chicken_4-600x528.webp 600w\" sizes=\"(max-width: 750px) 100vw, 750px\" \/> <img loading=\"lazy\" decoding=\"async\" class=\"alignnone wp-image-5386 size-full\" title=\"Nouilles hyperprot\u00e9in\u00e9es Poulet Teriyaki\" src=\"https:\/\/sentaiyuanbio.com\/wp-content\/uploads\/2025\/11\/High-Protein-Noodles-Teriyaki-Chicken_5.webp\" alt=\"Nouilles hyperprot\u00e9in\u00e9es Poulet Teriyaki\" width=\"750\" height=\"668\" srcset=\"https:\/\/sentaiyuanbio.com\/wp-content\/uploads\/2025\/11\/High-Protein-Noodles-Teriyaki-Chicken_5.webp 750w, https:\/\/sentaiyuanbio.com\/wp-content\/uploads\/2025\/11\/High-Protein-Noodles-Teriyaki-Chicken_5-300x267.webp 300w, https:\/\/sentaiyuanbio.com\/wp-content\/uploads\/2025\/11\/High-Protein-Noodles-Teriyaki-Chicken_5-13x12.webp 13w, https:\/\/sentaiyuanbio.com\/wp-content\/uploads\/2025\/11\/High-Protein-Noodles-Teriyaki-Chicken_5-600x534.webp 600w\" sizes=\"(max-width: 750px) 100vw, 750px\" \/><\/p>","protected":false},"excerpt":{"rendered":"<p>Envie d'un repas chaud, d\u00e9licieux et rassasiant sans consommer trop de glucides ? Ce plat de nouilles au poulet teriyaki, riche en prot\u00e9ines, est le choix id\u00e9al.<br \/>\nChaque 100 grammes de ce plat de nouilles contient 35,8 grammes de prot\u00e9ines et seulement 37,2 grammes de glucides. Il suffit d'ajouter de l'eau chaude dans une casserole et de faire cuire pendant 5 minutes pour d\u00e9guster un d\u00e9licieux bol de nouilles sans culpabilit\u00e9 !<\/p>","protected":false},"featured_media":5378,"template":"","meta":{"site-sidebar-layout":"default","site-content-layout":"","ast-site-content-layout":"default","site-content-style":"default","site-sidebar-style":"default","ast-global-header-display":"","ast-banner-title-visibility":"","ast-main-header-display":"","ast-hfb-above-header-display":"","ast-hfb-below-header-display":"","ast-hfb-mobile-header-display":"","site-post-title":"","ast-breadcrumbs-content":"","ast-featured-img":"","footer-sml-layout":"","ast-disable-related-posts":"","theme-transparent-header-meta":"default","adv-header-id-meta":"","stick-header-meta":"default","header-above-stick-meta":"","header-main-stick-meta":"","header-below-stick-meta":"","astra-migrate-meta-layouts":"set","ast-page-background-enabled":"default","ast-page-background-meta":{"desktop":{"background-color":"","background-image":"","background-repeat":"repeat","background-position":"center center","background-size":"auto","background-attachment":"scroll","background-type":"","background-media":"","overlay-type":"","overlay-color":"","overlay-opacity":"","overlay-gradient":""},"tablet":{"background-color":"","background-image":"","background-repeat":"repeat","background-position":"center center","background-size":"auto","background-attachment":"scroll","background-type":"","background-media":"","overlay-type":"","overlay-color":"","overlay-opacity":"","overlay-gradient":""},"mobile":{"background-color":"","background-image":"","background-repeat":"repeat","background-position":"center center","background-size":"auto","background-attachment":"scroll","background-type":"","background-media":"","overlay-type":"","overlay-color":"","overlay-opacity":"","overlay-gradient":""}},"ast-content-background-meta":{"desktop":{"background-color":"var(--ast-global-color-5)","background-image":"","background-repeat":"repeat","background-position":"center center","background-size":"auto","background-attachment":"scroll","background-type":"","background-media":"","overlay-type":"","overlay-color":"","overlay-opacity":"","overlay-gradient":""},"tablet":{"background-color":"var(--ast-global-color-5)","background-image":"","background-repeat":"repeat","background-position":"center center","background-size":"auto","background-attachment":"scroll","background-type":"","background-media":"","overlay-type":"","overlay-color":"","overlay-opacity":"","overlay-gradient":""},"mobile":{"background-color":"var(--ast-global-color-5)","background-image":"","background-repeat":"repeat","background-position":"center center","background-size":"auto","background-attachment":"scroll","background-type":"","background-media":"","overlay-type":"","overlay-color":"","overlay-opacity":"","overlay-gradient":""}}},"product_brand":[],"product_cat":[248],"product_tag":[],"class_list":{"0":"post-5376","1":"product","2":"type-product","3":"status-publish","4":"has-post-thumbnail","6":"product_cat-low-carb-high-protein-noodles","7":"desktop-align-left","8":"tablet-align-left","9":"mobile-align-left","10":"ast-product-gallery-layout-horizontal-slider","11":"ast-product-tabs-layout-horizontal","13":"first","14":"instock","15":"shipping-taxable","16":"product-type-simple"},"_links":{"self":[{"href":"https:\/\/sentaiyuanbio.com\/fr\/wp-json\/wp\/v2\/product\/5376","targetHints":{"allow":["GET"]}}],"collection":[{"href":"https:\/\/sentaiyuanbio.com\/fr\/wp-json\/wp\/v2\/product"}],"about":[{"href":"https:\/\/sentaiyuanbio.com\/fr\/wp-json\/wp\/v2\/types\/product"}],"version-history":[{"count":0,"href":"https:\/\/sentaiyuanbio.com\/fr\/wp-json\/wp\/v2\/product\/5376\/revisions"}],"wp:featuredmedia":[{"embeddable":true,"href":"https:\/\/sentaiyuanbio.com\/fr\/wp-json\/wp\/v2\/media\/5378"}],"wp:attachment":[{"href":"https:\/\/sentaiyuanbio.com\/fr\/wp-json\/wp\/v2\/media?parent=5376"}],"wp:term":[{"taxonomy":"product_brand","embeddable":true,"href":"https:\/\/sentaiyuanbio.com\/fr\/wp-json\/wp\/v2\/product_brand?post=5376"},{"taxonomy":"product_cat","embeddable":true,"href":"https:\/\/sentaiyuanbio.com\/fr\/wp-json\/wp\/v2\/product_cat?post=5376"},{"taxonomy":"product_tag","embeddable":true,"href":"https:\/\/sentaiyuanbio.com\/fr\/wp-json\/wp\/v2\/product_tag?post=5376"}],"curies":[{"name":"wp","href":"https:\/\/api.w.org\/{rel}","templated":true}]}}