{"id":5403,"date":"2025-11-12T06:12:29","date_gmt":"2025-11-12T06:12:29","guid":{"rendered":"https:\/\/sentaiyuanbio.com\/?post_type=product&#038;p=5403"},"modified":"2025-11-12T06:47:59","modified_gmt":"2025-11-12T06:47:59","slug":"ramen-teriyaki-a-haute-teneur-en-proteines-et-a-faible-teneur-en-glucides","status":"publish","type":"product","link":"https:\/\/sentaiyuanbio.com\/fr\/produit\/ramen-teriyaki-a-haute-teneur-en-proteines-et-a-faible-teneur-en-glucides\/","title":{"rendered":"Ramen \u00e0 haute teneur en prot\u00e9ines et \u00e0 faible teneur en glucides, saveur b\u0153uf teriyaki, prot\u00e9ines pour ramen"},"content":{"rendered":"<h2>Ramen hyperprot\u00e9in\u00e9s \u00e0 faible teneur en glucides ar\u00f4me b\u0153uf teriyaki D\u00e9claration d'ingr\u00e9dients<\/h2>\n<p><strong>Ramen :<\/strong> Gluten de bl\u00e9 vital 34.7%, prot\u00e9ine de pois 23.6%, farine de bl\u00e9 17.5%, farine de sarrasin 10.2%, fibre de pois 6.7%, amidon de tapioca 4.5%, sel 1.5%, <a href=\"https:\/\/sentaiyuanbio.com\/fr\/produit\/farine-digname-konjac-poudre-digname-konjac\/\" target=\"_blank\" rel=\"noopener\">Farine de konjac<\/a> 0.5%, <a href=\"https:\/\/hethstia.com\/konjac-powder-vs-xanthan-gum\/\" target=\"_blank\" rel=\"noopener\">Gomme xanthane<\/a> 0,6%(\u00e9paississant, E415), carbonate de sodium 0,2%(r\u00e9gulateur d'acidit\u00e9, E500).<\/p>\n<p><strong>Paquet de sauce aromatis\u00e9e au b\u0153uf Teriyaki :<\/strong> P\u00e2te de bl\u00e9 sucr\u00e9e (Eau, Farine de bl\u00e9, Sel, Sorbate de potassium (Conservateur, E202)) 30%, Sucre 28%, Sauce soja (Eau 42%, F\u00e8ves de soja 42%, Sel 16%) 12%, Eau 9.8%, Sel 6%, Huile de soja 5%, Vinaigre de pomme(Eau, Concentr\u00e9 de jus d'aub\u00e9pine, Concentr\u00e9 de jus de pomme, Sel) 4%, Poudre de prot\u00e9ine de soja hydrolys\u00e9e 2%, Extrait de levure 2%, Colorant caramel(Colorant, E150a) 0.5%, Gomme xanthane(Epaississant, E415) 0.3%, Disodium 5\u2032-ribonucl\u00e9otides(Exhausteur d'ar\u00f4me, E635)<br \/>\n0,2%, Ar\u00f4me 0,2%.<\/p>\n<h2>Valeurs nutritives<\/h2>\n<table border=\"1\" cellspacing=\"1\">\n<tbody>\n<tr>\n<td align=\"center\" width=\"284\"><b>Articles<\/b><\/td>\n<td align=\"center\" width=\"284\">par 80g<\/td>\n<td align=\"center\" width=\"284\">par 100g<\/td>\n<\/tr>\n<tr>\n<td align=\"center\" width=\"284\"><b>L'\u00e9nergie<\/b><\/td>\n<td align=\"center\" width=\"284\">1112kJ\/263kcal<\/td>\n<td align=\"center\" width=\"284\">1390kJ\/329kcal<\/td>\n<\/tr>\n<tr>\n<td align=\"center\" width=\"284\"><b>Graisses totales<\/b><\/td>\n<td align=\"center\" width=\"284\">2.6g<\/td>\n<td align=\"center\" width=\"284\">3.3g<\/td>\n<\/tr>\n<tr>\n<td align=\"center\" width=\"284\">- Graisses satur\u00e9es<\/td>\n<td align=\"center\" width=\"284\">0.6g<\/td>\n<td align=\"center\" width=\"284\">0.7g<\/td>\n<\/tr>\n<tr>\n<td align=\"center\" width=\"284\">- Graisses trans<\/td>\n<td align=\"center\" width=\"284\">0g<\/td>\n<td align=\"center\" width=\"284\">0g<\/td>\n<\/tr>\n<tr>\n<td align=\"center\" width=\"284\"><b>Sodium<\/b><\/td>\n<td align=\"center\" width=\"284\">1267 mg<\/td>\n<td align=\"center\" width=\"284\">1584 mg<\/td>\n<\/tr>\n<tr>\n<td align=\"center\" width=\"284\"><b>Sel<\/b><\/td>\n<td align=\"center\" width=\"284\">3.17 g<\/td>\n<td align=\"center\" width=\"284\">3.96 g<\/td>\n<\/tr>\n<tr>\n<td align=\"center\" width=\"284\"><b>Glucides totaux<\/b><\/td>\n<td align=\"center\" width=\"284\">29.0g<\/td>\n<td align=\"center\" width=\"284\">36.3g<\/td>\n<\/tr>\n<tr>\n<td align=\"center\" width=\"284\">- Sucres totaux<\/td>\n<td align=\"center\" width=\"284\">7.8g<\/td>\n<td align=\"center\" width=\"284\">9.7g<\/td>\n<\/tr>\n<tr>\n<td align=\"center\" width=\"284\">Fibres alimentaires<\/td>\n<td align=\"center\" width=\"284\">3.8g<\/td>\n<td align=\"center\" width=\"284\">4.8g<\/td>\n<\/tr>\n<tr>\n<td align=\"center\" width=\"284\"><b>Prot\u00e9ines<\/b><\/td>\n<td align=\"center\" width=\"284\">28.9g<\/td>\n<td align=\"center\" width=\"284\">36.1g<\/td>\n<\/tr>\n<\/tbody>\n<\/table>\n<h2>Informations sur les allerg\u00e8nes<\/h2>\n<table border=\"1\" cellspacing=\"1\">\n<tbody>\n<tr>\n<td align=\"center\" width=\"284\"><b>Composants<\/b><\/td>\n<td align=\"center\" width=\"284\"><b>Contient (en tant qu'ingr\u00e9dient ou partie d'ingr\u00e9dient)<\/b><\/td>\n<td align=\"center\" width=\"284\"><b>Peut contenir (provenant de la transformation)<\/b><\/td>\n<td align=\"center\" width=\"284\"><b>Mai Contenir (dans l'entreprise)<\/b><\/td>\n<\/tr>\n<tr>\n<td align=\"center\" width=\"284\"><b>Allerg\u00e8ne<\/b><\/td>\n<td align=\"center\" width=\"284\"><b>Oui\/Non<\/b><\/td>\n<td align=\"center\" width=\"284\"><b>Oui\/Non<\/b><\/td>\n<td align=\"center\" width=\"284\"><b>Oui\/Non<\/b><\/td>\n<\/tr>\n<tr>\n<td align=\"center\" width=\"284\">C\u00e9r\u00e9ales (bl\u00e9, seigle, orge, avoine, sarrasin, \u00e9peautre, etc. ou leurs souches hybrides)<\/td>\n<td align=\"center\" width=\"284\">Oui<\/td>\n<td align=\"center\" width=\"284\">Non<\/td>\n<td align=\"center\" width=\"284\">Non<\/td>\n<\/tr>\n<tr>\n<td align=\"center\" width=\"284\">Crustac\u00e9s et produits d\u00e9riv\u00e9s<\/td>\n<td align=\"center\" width=\"284\">Non<\/td>\n<td align=\"center\" width=\"284\">Non<\/td>\n<td align=\"center\" width=\"284\">Non<\/td>\n<\/tr>\n<tr>\n<td align=\"center\" width=\"284\">\u0152ufs et produits d\u00e9riv\u00e9s<\/td>\n<td align=\"center\" width=\"284\">Non<\/td>\n<td align=\"center\" width=\"284\">Non<\/td>\n<td align=\"center\" width=\"284\">Non<\/td>\n<\/tr>\n<tr>\n<td align=\"center\" width=\"284\">Poissons et produits d\u00e9riv\u00e9s<\/td>\n<td align=\"center\" width=\"284\">Non<\/td>\n<td align=\"center\" width=\"284\">Non<\/td>\n<td align=\"center\" width=\"284\">Non<\/td>\n<\/tr>\n<tr>\n<td align=\"center\" width=\"284\">Arachides et produits d\u00e9riv\u00e9s<\/td>\n<td align=\"center\" width=\"284\">Non<\/td>\n<td align=\"center\" width=\"284\">Non<\/td>\n<td align=\"center\" width=\"284\">Non<\/td>\n<\/tr>\n<tr>\n<td align=\"center\" width=\"284\">Soja et produits d\u00e9riv\u00e9s<\/td>\n<td align=\"center\" width=\"284\">Oui<\/td>\n<td align=\"center\" width=\"284\">Non<\/td>\n<td align=\"center\" width=\"284\">Non<\/td>\n<\/tr>\n<tr>\n<td align=\"center\" width=\"284\">Lait et produits d\u00e9riv\u00e9s (y compris le lactose)<\/td>\n<td align=\"center\" width=\"284\">Non<\/td>\n<td align=\"center\" width=\"284\">Non<\/td>\n<td align=\"center\" width=\"284\">Non<\/td>\n<\/tr>\n<tr>\n<td align=\"center\" width=\"284\">Fruits \u00e0 coque, amandes, noisettes, noix, noix de cajou, noix de p\u00e9can, noix du Br\u00e9sil, pistaches, noix de macadamia, noix du Queensland et produits d\u00e9riv\u00e9s<\/td>\n<td align=\"center\" width=\"284\">Non<\/td>\n<td align=\"center\" width=\"284\">Non<\/td>\n<td align=\"center\" width=\"284\">Non<\/td>\n<\/tr>\n<tr>\n<td align=\"center\" width=\"284\">C\u00e9leri et produits d\u00e9riv\u00e9s<\/td>\n<td align=\"center\" width=\"284\">Non<\/td>\n<td align=\"center\" width=\"284\">Non<\/td>\n<td align=\"center\" width=\"284\">Non<\/td>\n<\/tr>\n<tr>\n<td align=\"center\" width=\"284\">Moutarde et produits d\u00e9riv\u00e9s<\/td>\n<td align=\"center\" width=\"284\">Non<\/td>\n<td align=\"center\" width=\"284\">Non<\/td>\n<td align=\"center\" width=\"284\">Non<\/td>\n<\/tr>\n<tr>\n<td align=\"center\" width=\"284\">Graines de s\u00e9same et produits d\u00e9riv\u00e9s<\/td>\n<td align=\"center\" width=\"284\">Non<\/td>\n<td align=\"center\" width=\"284\">Non<\/td>\n<td align=\"center\" width=\"284\">Non<\/td>\n<\/tr>\n<tr>\n<td align=\"center\" width=\"284\">Dioxyde de soufre et sulfites \u00e0 des concentrations sup\u00e9rieures \u00e0 10 mg\/kg ou 10 mg\/litre exprim\u00e9s en SO2<\/td>\n<td align=\"center\" width=\"284\">Non<\/td>\n<td align=\"center\" width=\"284\">Non<\/td>\n<td align=\"center\" width=\"284\">Non<\/td>\n<\/tr>\n<tr>\n<td align=\"center\" width=\"284\">Lupin et produits d\u00e9riv\u00e9s<\/td>\n<td align=\"center\" width=\"284\">Non<\/td>\n<td align=\"center\" width=\"284\">Non<\/td>\n<td align=\"center\" width=\"284\">Non<\/td>\n<\/tr>\n<tr>\n<td align=\"center\" width=\"284\">Mollusques et produits d\u00e9riv\u00e9s<\/td>\n<td align=\"center\" width=\"284\">Non<\/td>\n<td align=\"center\" width=\"284\">Non<\/td>\n<td align=\"center\" width=\"284\">Non<\/td>\n<\/tr>\n<\/tbody>\n<\/table>\n<p><img fetchpriority=\"high\" decoding=\"async\" class=\"alignnone wp-image-5413 size-full\" title=\"Prot\u00e9ines pour Ramen\" src=\"https:\/\/sentaiyuanbio.com\/wp-content\/uploads\/2025\/11\/Protein-For-Ramen_1.webp\" alt=\"Prot\u00e9ines pour Ramen\" width=\"750\" height=\"600\" srcset=\"https:\/\/sentaiyuanbio.com\/wp-content\/uploads\/2025\/11\/Protein-For-Ramen_1.webp 750w, https:\/\/sentaiyuanbio.com\/wp-content\/uploads\/2025\/11\/Protein-For-Ramen_1-300x240.webp 300w, https:\/\/sentaiyuanbio.com\/wp-content\/uploads\/2025\/11\/Protein-For-Ramen_1-15x12.webp 15w, https:\/\/sentaiyuanbio.com\/wp-content\/uploads\/2025\/11\/Protein-For-Ramen_1-600x480.webp 600w\" sizes=\"(max-width: 750px) 100vw, 750px\" \/> <img decoding=\"async\" class=\"alignnone wp-image-5414 size-full\" title=\"Prot\u00e9ines pour Ramen\" src=\"https:\/\/sentaiyuanbio.com\/wp-content\/uploads\/2025\/11\/Protein-For-Ramen_2.webp\" alt=\"Prot\u00e9ines pour Ramen\" width=\"750\" height=\"533\" srcset=\"https:\/\/sentaiyuanbio.com\/wp-content\/uploads\/2025\/11\/Protein-For-Ramen_2.webp 750w, https:\/\/sentaiyuanbio.com\/wp-content\/uploads\/2025\/11\/Protein-For-Ramen_2-300x213.webp 300w, https:\/\/sentaiyuanbio.com\/wp-content\/uploads\/2025\/11\/Protein-For-Ramen_2-18x12.webp 18w, https:\/\/sentaiyuanbio.com\/wp-content\/uploads\/2025\/11\/Protein-For-Ramen_2-600x426.webp 600w\" sizes=\"(max-width: 750px) 100vw, 750px\" \/> <img decoding=\"async\" class=\"alignnone wp-image-5415 size-full\" title=\"Prot\u00e9ines pour Ramen\" src=\"https:\/\/sentaiyuanbio.com\/wp-content\/uploads\/2025\/11\/Protein-For-Ramen_3.webp\" alt=\"Prot\u00e9ines pour Ramen\" width=\"750\" height=\"667\" srcset=\"https:\/\/sentaiyuanbio.com\/wp-content\/uploads\/2025\/11\/Protein-For-Ramen_3.webp 750w, https:\/\/sentaiyuanbio.com\/wp-content\/uploads\/2025\/11\/Protein-For-Ramen_3-300x267.webp 300w, https:\/\/sentaiyuanbio.com\/wp-content\/uploads\/2025\/11\/Protein-For-Ramen_3-13x12.webp 13w, https:\/\/sentaiyuanbio.com\/wp-content\/uploads\/2025\/11\/Protein-For-Ramen_3-600x534.webp 600w\" sizes=\"(max-width: 750px) 100vw, 750px\" \/> <img loading=\"lazy\" decoding=\"async\" class=\"alignnone wp-image-5416 size-full\" title=\"Prot\u00e9ines pour Ramen\" src=\"https:\/\/sentaiyuanbio.com\/wp-content\/uploads\/2025\/11\/Protein-For-Ramen_4.webp\" alt=\"Prot\u00e9ines pour Ramen\" width=\"750\" height=\"660\" srcset=\"https:\/\/sentaiyuanbio.com\/wp-content\/uploads\/2025\/11\/Protein-For-Ramen_4.webp 750w, https:\/\/sentaiyuanbio.com\/wp-content\/uploads\/2025\/11\/Protein-For-Ramen_4-300x264.webp 300w, https:\/\/sentaiyuanbio.com\/wp-content\/uploads\/2025\/11\/Protein-For-Ramen_4-14x12.webp 14w, https:\/\/sentaiyuanbio.com\/wp-content\/uploads\/2025\/11\/Protein-For-Ramen_4-600x528.webp 600w\" sizes=\"(max-width: 750px) 100vw, 750px\" \/> <img loading=\"lazy\" decoding=\"async\" class=\"alignnone wp-image-5417 size-full\" title=\"Prot\u00e9ines pour Ramen\" src=\"https:\/\/sentaiyuanbio.com\/wp-content\/uploads\/2025\/11\/Protein-For-Ramen_5.webp\" alt=\"Prot\u00e9ines pour Ramen\" width=\"750\" height=\"668\" srcset=\"https:\/\/sentaiyuanbio.com\/wp-content\/uploads\/2025\/11\/Protein-For-Ramen_5.webp 750w, https:\/\/sentaiyuanbio.com\/wp-content\/uploads\/2025\/11\/Protein-For-Ramen_5-300x267.webp 300w, https:\/\/sentaiyuanbio.com\/wp-content\/uploads\/2025\/11\/Protein-For-Ramen_5-13x12.webp 13w, https:\/\/sentaiyuanbio.com\/wp-content\/uploads\/2025\/11\/Protein-For-Ramen_5-600x534.webp 600w\" sizes=\"(max-width: 750px) 100vw, 750px\" \/><\/p>","protected":false},"excerpt":{"rendered":"<p>Si vous voulez faire des ramen moins caloriques avec la m\u00e9thode la plus simple, vous devez essayer mon Ramen 5 minutes \u00e0 haute teneur en prot\u00e9ines et faible teneur en glucides saveur b\u0153uf teriyaki. Ce sachet de sauce ramen contient le b\u0153uf teriyaki classique pr\u00e9f\u00e9r\u00e9 de tous, associ\u00e9 \u00e0 un bouillon de b\u0153uf savoureux, et agr\u00e9ment\u00e9 d'oignons verts frais, de graines de s\u00e9same et de flocons de chili. Savourez un d\u00e9licieux d\u00e9jeuner en quelques minutes seulement !<\/p>","protected":false},"featured_media":5412,"template":"","meta":{"site-sidebar-layout":"default","site-content-layout":"","ast-site-content-layout":"default","site-content-style":"default","site-sidebar-style":"default","ast-global-header-display":"","ast-banner-title-visibility":"","ast-main-header-display":"","ast-hfb-above-header-display":"","ast-hfb-below-header-display":"","ast-hfb-mobile-header-display":"","site-post-title":"","ast-breadcrumbs-content":"","ast-featured-img":"","footer-sml-layout":"","ast-disable-related-posts":"","theme-transparent-header-meta":"default","adv-header-id-meta":"","stick-header-meta":"default","header-above-stick-meta":"","header-main-stick-meta":"","header-below-stick-meta":"","astra-migrate-meta-layouts":"set","ast-page-background-enabled":"default","ast-page-background-meta":{"desktop":{"background-color":"","background-image":"","background-repeat":"repeat","background-position":"center center","background-size":"auto","background-attachment":"scroll","background-type":"","background-media":"","overlay-type":"","overlay-color":"","overlay-opacity":"","overlay-gradient":""},"tablet":{"background-color":"","background-image":"","background-repeat":"repeat","background-position":"center center","background-size":"auto","background-attachment":"scroll","background-type":"","background-media":"","overlay-type":"","overlay-color":"","overlay-opacity":"","overlay-gradient":""},"mobile":{"background-color":"","background-image":"","background-repeat":"repeat","background-position":"center center","background-size":"auto","background-attachment":"scroll","background-type":"","background-media":"","overlay-type":"","overlay-color":"","overlay-opacity":"","overlay-gradient":""}},"ast-content-background-meta":{"desktop":{"background-color":"var(--ast-global-color-5)","background-image":"","background-repeat":"repeat","background-position":"center center","background-size":"auto","background-attachment":"scroll","background-type":"","background-media":"","overlay-type":"","overlay-color":"","overlay-opacity":"","overlay-gradient":""},"tablet":{"background-color":"var(--ast-global-color-5)","background-image":"","background-repeat":"repeat","background-position":"center center","background-size":"auto","background-attachment":"scroll","background-type":"","background-media":"","overlay-type":"","overlay-color":"","overlay-opacity":"","overlay-gradient":""},"mobile":{"background-color":"var(--ast-global-color-5)","background-image":"","background-repeat":"repeat","background-position":"center center","background-size":"auto","background-attachment":"scroll","background-type":"","background-media":"","overlay-type":"","overlay-color":"","overlay-opacity":"","overlay-gradient":""}}},"product_brand":[],"product_cat":[248],"product_tag":[],"class_list":{"0":"post-5403","1":"product","2":"type-product","3":"status-publish","4":"has-post-thumbnail","6":"product_cat-low-carb-high-protein-noodles","7":"desktop-align-left","8":"tablet-align-left","9":"mobile-align-left","10":"ast-product-gallery-layout-horizontal-slider","11":"ast-product-tabs-layout-horizontal","13":"first","14":"instock","15":"shipping-taxable","16":"product-type-simple"},"_links":{"self":[{"href":"https:\/\/sentaiyuanbio.com\/fr\/wp-json\/wp\/v2\/product\/5403","targetHints":{"allow":["GET"]}}],"collection":[{"href":"https:\/\/sentaiyuanbio.com\/fr\/wp-json\/wp\/v2\/product"}],"about":[{"href":"https:\/\/sentaiyuanbio.com\/fr\/wp-json\/wp\/v2\/types\/product"}],"version-history":[{"count":0,"href":"https:\/\/sentaiyuanbio.com\/fr\/wp-json\/wp\/v2\/product\/5403\/revisions"}],"wp:featuredmedia":[{"embeddable":true,"href":"https:\/\/sentaiyuanbio.com\/fr\/wp-json\/wp\/v2\/media\/5412"}],"wp:attachment":[{"href":"https:\/\/sentaiyuanbio.com\/fr\/wp-json\/wp\/v2\/media?parent=5403"}],"wp:term":[{"taxonomy":"product_brand","embeddable":true,"href":"https:\/\/sentaiyuanbio.com\/fr\/wp-json\/wp\/v2\/product_brand?post=5403"},{"taxonomy":"product_cat","embeddable":true,"href":"https:\/\/sentaiyuanbio.com\/fr\/wp-json\/wp\/v2\/product_cat?post=5403"},{"taxonomy":"product_tag","embeddable":true,"href":"https:\/\/sentaiyuanbio.com\/fr\/wp-json\/wp\/v2\/product_tag?post=5403"}],"curies":[{"name":"wp","href":"https:\/\/api.w.org\/{rel}","templated":true}]}}