{"id":5973,"date":"2026-03-26T03:38:13","date_gmt":"2026-03-26T03:38:13","guid":{"rendered":"https:\/\/sentaiyuanbio.com\/"},"modified":"2026-03-26T03:39:27","modified_gmt":"2026-03-26T03:39:27","slug":"fabricant-de-gelee-de-konjac-aux-myrtilles","status":"publish","type":"product","link":"https:\/\/sentaiyuanbio.com\/fr\/produit\/fabricant-de-gelee-de-konjac-aux-myrtilles\/","title":{"rendered":"Gel\u00e9e de konjac aux myrtilles, fabricant de gel\u00e9e de konjac"},"content":{"rendered":"<h2>1. Gel\u00e9e de konjac aux myrtilles Ingr\u00e9dients<\/h2>\n<p>Eau, jus de myrtille concentr\u00e9, \u00e9rythritol, <a href=\"https:\/\/sentaiyuanbio.com\/fr\/produit\/poudre-de-konjac\/\" target=\"_blank\" rel=\"noopener\">Poudre de konjac<\/a>, Carragh\u00e9nane, Vitamine C, Acide citrique, Chlorure de potassium, Sorbate de potassium.<\/p>\n<h2>2. Gel\u00e9e de konjac aux myrtilles Sp\u00e9cifications : Poids et taille<\/h2>\n<p>Taille du produit : Personnalisable<br \/>\nPoids \u00e9goutt\u00e9 : Personnalisable<br \/>\nPoids net : 150g<br \/>\nPoids brut : 155g<br \/>\nType d'emballage : Sachet debout<\/p>\n<h2>3. Gel\u00e9e de konjac aux myrtilles Caract\u00e9ristiques physiques<\/h2>\n<p>Couleur : Bleu<br \/>\nGo\u00fbt : Ar\u00f4me de myrtille<br \/>\nTexture : Douce et lisse<br \/>\nAspect physique : Gel semi-fluide<\/p>\n<h2>4. Caract\u00e9ristiques du produit<\/h2>\n<p>Type instantan\u00e9\/type pr\u00e9cuit : Type instantan\u00e9<br \/>\nSans gluten : Oui<br \/>\nSans OGM : Oui<br \/>\nPas d'allerg\u00e8ne : Oui<br \/>\nPas d'additifs : Oui<br \/>\nDisponible en bio : Non<\/p>\n<h2>5. Autres sp\u00e9cifications<\/h2>\n<p>Dur\u00e9e de conservation : 18 mois<br \/>\nStockage : Conserver dans un endroit frais et sec. Servir de pr\u00e9f\u00e9rence frais. R\u00e9frig\u00e9rer apr\u00e8s ouverture et consommer dans la journ\u00e9e.<\/p>\n<table border=\"1\" cellspacing=\"1\">\n<tbody>\n<tr>\n<td width=\"284\"><b>Sucre total<\/b><\/td>\n<td width=\"284\">0g\/150ml<\/td>\n<\/tr>\n<tr>\n<td width=\"284\"><b>Vitamine C<\/b><\/td>\n<td width=\"284\">375mg\/150ml<\/td>\n<\/tr>\n<tr>\n<td width=\"284\"><b>Prot\u00e9ines<\/b><\/td>\n<td width=\"284\">0g\/150ml<\/td>\n<\/tr>\n<tr>\n<td width=\"284\"><b>Calcium<\/b><\/td>\n<td width=\"284\">15mg\/150ml<\/td>\n<\/tr>\n<tr>\n<td width=\"284\"><b>Potassium<\/b><\/td>\n<td width=\"284\">60mg\/150ml<\/td>\n<\/tr>\n<tr>\n<td width=\"284\"><b>L'\u00e9nergie<\/b><\/td>\n<td width=\"284\">5 kcal\/150ml<\/td>\n<\/tr>\n<tr>\n<td width=\"284\"><b>Glucides totaux<\/b><\/td>\n<td width=\"284\">6g\/150ml<\/td>\n<\/tr>\n<tr>\n<td width=\"284\"><b>Sodium<\/b><\/td>\n<td width=\"284\">15mg\/150ml<\/td>\n<\/tr>\n<tr>\n<td width=\"284\"><b>Graisses totales<\/b><\/td>\n<td width=\"284\">0g<\/td>\n<\/tr>\n<\/tbody>\n<\/table>\n<p><img fetchpriority=\"high\" decoding=\"async\" class=\"alignnone wp-image-5984 size-full\" title=\"Gel\u00e9e de konjac en vrac Myrtille\" src=\"https:\/\/sentaiyuanbio.com\/wp-content\/uploads\/2026\/03\/Konjac-Jelly-Bulk-Blueberry-1.webp\" alt=\"Gel\u00e9e de konjac en vrac Myrtille\" width=\"750\" height=\"620\" srcset=\"https:\/\/sentaiyuanbio.com\/wp-content\/uploads\/2026\/03\/Konjac-Jelly-Bulk-Blueberry-1.webp 750w, https:\/\/sentaiyuanbio.com\/wp-content\/uploads\/2026\/03\/Konjac-Jelly-Bulk-Blueberry-1-300x248.webp 300w, https:\/\/sentaiyuanbio.com\/wp-content\/uploads\/2026\/03\/Konjac-Jelly-Bulk-Blueberry-1-15x12.webp 15w, https:\/\/sentaiyuanbio.com\/wp-content\/uploads\/2026\/03\/Konjac-Jelly-Bulk-Blueberry-1-600x496.webp 600w\" sizes=\"(max-width: 750px) 100vw, 750px\" \/><br \/>\n<img decoding=\"async\" class=\"alignnone wp-image-5982 size-full\" title=\"Gel\u00e9e de konjac en vrac Myrtille\" src=\"https:\/\/sentaiyuanbio.com\/wp-content\/uploads\/2026\/03\/Konjac-Jelly-Bulk-Blueberry-2.webp\" alt=\"Gel\u00e9e de konjac en vrac Myrtille\" width=\"750\" height=\"621\" srcset=\"https:\/\/sentaiyuanbio.com\/wp-content\/uploads\/2026\/03\/Konjac-Jelly-Bulk-Blueberry-2.webp 750w, https:\/\/sentaiyuanbio.com\/wp-content\/uploads\/2026\/03\/Konjac-Jelly-Bulk-Blueberry-2-300x248.webp 300w, https:\/\/sentaiyuanbio.com\/wp-content\/uploads\/2026\/03\/Konjac-Jelly-Bulk-Blueberry-2-14x12.webp 14w, https:\/\/sentaiyuanbio.com\/wp-content\/uploads\/2026\/03\/Konjac-Jelly-Bulk-Blueberry-2-600x497.webp 600w\" sizes=\"(max-width: 750px) 100vw, 750px\" \/><br \/>\n<img decoding=\"async\" class=\"alignnone wp-image-5983 size-full\" title=\"Gel\u00e9e de konjac en vrac Myrtille\" src=\"https:\/\/sentaiyuanbio.com\/wp-content\/uploads\/2026\/03\/Konjac-Jelly-Bulk-Blueberry-3.webp\" alt=\"Gel\u00e9e de konjac en vrac Myrtille\" width=\"750\" height=\"620\" srcset=\"https:\/\/sentaiyuanbio.com\/wp-content\/uploads\/2026\/03\/Konjac-Jelly-Bulk-Blueberry-3.webp 750w, https:\/\/sentaiyuanbio.com\/wp-content\/uploads\/2026\/03\/Konjac-Jelly-Bulk-Blueberry-3-300x248.webp 300w, https:\/\/sentaiyuanbio.com\/wp-content\/uploads\/2026\/03\/Konjac-Jelly-Bulk-Blueberry-3-15x12.webp 15w, https:\/\/sentaiyuanbio.com\/wp-content\/uploads\/2026\/03\/Konjac-Jelly-Bulk-Blueberry-3-600x496.webp 600w\" sizes=\"(max-width: 750px) 100vw, 750px\" \/><br \/>\n<img loading=\"lazy\" decoding=\"async\" class=\"alignnone wp-image-5980 size-full\" title=\"Gel\u00e9e de konjac en vrac Myrtille\" src=\"https:\/\/sentaiyuanbio.com\/wp-content\/uploads\/2026\/03\/Konjac-Jelly-Bulk-Blueberry-4.webp\" alt=\"Gel\u00e9e de konjac en vrac Myrtille\" width=\"750\" height=\"557\" srcset=\"https:\/\/sentaiyuanbio.com\/wp-content\/uploads\/2026\/03\/Konjac-Jelly-Bulk-Blueberry-4.webp 750w, https:\/\/sentaiyuanbio.com\/wp-content\/uploads\/2026\/03\/Konjac-Jelly-Bulk-Blueberry-4-300x223.webp 300w, https:\/\/sentaiyuanbio.com\/wp-content\/uploads\/2026\/03\/Konjac-Jelly-Bulk-Blueberry-4-16x12.webp 16w, https:\/\/sentaiyuanbio.com\/wp-content\/uploads\/2026\/03\/Konjac-Jelly-Bulk-Blueberry-4-600x446.webp 600w\" sizes=\"(max-width: 750px) 100vw, 750px\" \/><br \/>\n<img loading=\"lazy\" decoding=\"async\" class=\"alignnone wp-image-5981 size-full\" title=\"Gel\u00e9e de konjac en vrac Myrtille\" src=\"https:\/\/sentaiyuanbio.com\/wp-content\/uploads\/2026\/03\/Konjac-Jelly-Bulk-Blueberry-5.webp\" alt=\"Gel\u00e9e de konjac en vrac Myrtille\" width=\"750\" height=\"555\" srcset=\"https:\/\/sentaiyuanbio.com\/wp-content\/uploads\/2026\/03\/Konjac-Jelly-Bulk-Blueberry-5.webp 750w, https:\/\/sentaiyuanbio.com\/wp-content\/uploads\/2026\/03\/Konjac-Jelly-Bulk-Blueberry-5-300x222.webp 300w, https:\/\/sentaiyuanbio.com\/wp-content\/uploads\/2026\/03\/Konjac-Jelly-Bulk-Blueberry-5-16x12.webp 16w, https:\/\/sentaiyuanbio.com\/wp-content\/uploads\/2026\/03\/Konjac-Jelly-Bulk-Blueberry-5-600x444.webp 600w\" sizes=\"(max-width: 750px) 100vw, 750px\" \/><\/p>","protected":false},"excerpt":{"rendered":"<p>Au-del\u00e0 de sa saveur d\u00e9licieuse, cette gel\u00e9e de konjac aux myrtilles est un concentr\u00e9 de bienfaits pour la sant\u00e9, con\u00e7u pour soutenir votre corps de l'int\u00e9rieur vers l'ext\u00e9rieur.<\/p>\n<p>Naturellement riche en fibres solubles, il facilite la digestion et stimule le m\u00e9tabolisme tout en conservant un profil sans glucides qui s'int\u00e8gre parfaitement \u00e0 tout plan de gestion du poids. Nous avons \u00e9galement renforc\u00e9 la formule avec de la vitamine C pour soutenir la sant\u00e9 immunitaire.<\/p>","protected":false},"featured_media":5976,"template":"","meta":{"site-sidebar-layout":"default","site-content-layout":"","ast-site-content-layout":"default","site-content-style":"default","site-sidebar-style":"default","ast-global-header-display":"","ast-banner-title-visibility":"","ast-main-header-display":"","ast-hfb-above-header-display":"","ast-hfb-below-header-display":"","ast-hfb-mobile-header-display":"","site-post-title":"","ast-breadcrumbs-content":"","ast-featured-img":"","footer-sml-layout":"","ast-disable-related-posts":"","theme-transparent-header-meta":"default","adv-header-id-meta":"","stick-header-meta":"default","header-above-stick-meta":"","header-main-stick-meta":"","header-below-stick-meta":"","astra-migrate-meta-layouts":"set","ast-page-background-enabled":"default","ast-page-background-meta":{"desktop":{"background-color":"","background-image":"","background-repeat":"repeat","background-position":"center center","background-size":"auto","background-attachment":"scroll","background-type":"","background-media":"","overlay-type":"","overlay-color":"","overlay-opacity":"","overlay-gradient":""},"tablet":{"background-color":"","background-image":"","background-repeat":"repeat","background-position":"center center","background-size":"auto","background-attachment":"scroll","background-type":"","background-media":"","overlay-type":"","overlay-color":"","overlay-opacity":"","overlay-gradient":""},"mobile":{"background-color":"","background-image":"","background-repeat":"repeat","background-position":"center center","background-size":"auto","background-attachment":"scroll","background-type":"","background-media":"","overlay-type":"","overlay-color":"","overlay-opacity":"","overlay-gradient":""}},"ast-content-background-meta":{"desktop":{"background-color":"var(--ast-global-color-5)","background-image":"","background-repeat":"repeat","background-position":"center center","background-size":"auto","background-attachment":"scroll","background-type":"","background-media":"","overlay-type":"","overlay-color":"","overlay-opacity":"","overlay-gradient":""},"tablet":{"background-color":"var(--ast-global-color-5)","background-image":"","background-repeat":"repeat","background-position":"center center","background-size":"auto","background-attachment":"scroll","background-type":"","background-media":"","overlay-type":"","overlay-color":"","overlay-opacity":"","overlay-gradient":""},"mobile":{"background-color":"var(--ast-global-color-5)","background-image":"","background-repeat":"repeat","background-position":"center center","background-size":"auto","background-attachment":"scroll","background-type":"","background-media":"","overlay-type":"","overlay-color":"","overlay-opacity":"","overlay-gradient":""}}},"product_brand":[],"product_cat":[52],"product_tag":[],"class_list":{"0":"post-5973","1":"product","2":"type-product","3":"status-publish","4":"has-post-thumbnail","6":"product_cat-konjac-powder-jelly","7":"desktop-align-left","8":"tablet-align-left","9":"mobile-align-left","10":"ast-product-gallery-layout-horizontal-slider","11":"ast-product-tabs-layout-horizontal","13":"first","14":"instock","15":"shipping-taxable","16":"product-type-simple"},"_links":{"self":[{"href":"https:\/\/sentaiyuanbio.com\/fr\/wp-json\/wp\/v2\/product\/5973","targetHints":{"allow":["GET"]}}],"collection":[{"href":"https:\/\/sentaiyuanbio.com\/fr\/wp-json\/wp\/v2\/product"}],"about":[{"href":"https:\/\/sentaiyuanbio.com\/fr\/wp-json\/wp\/v2\/types\/product"}],"version-history":[{"count":3,"href":"https:\/\/sentaiyuanbio.com\/fr\/wp-json\/wp\/v2\/product\/5973\/revisions"}],"predecessor-version":[{"id":5987,"href":"https:\/\/sentaiyuanbio.com\/fr\/wp-json\/wp\/v2\/product\/5973\/revisions\/5987"}],"wp:featuredmedia":[{"embeddable":true,"href":"https:\/\/sentaiyuanbio.com\/fr\/wp-json\/wp\/v2\/media\/5976"}],"wp:attachment":[{"href":"https:\/\/sentaiyuanbio.com\/fr\/wp-json\/wp\/v2\/media?parent=5973"}],"wp:term":[{"taxonomy":"product_brand","embeddable":true,"href":"https:\/\/sentaiyuanbio.com\/fr\/wp-json\/wp\/v2\/product_brand?post=5973"},{"taxonomy":"product_cat","embeddable":true,"href":"https:\/\/sentaiyuanbio.com\/fr\/wp-json\/wp\/v2\/product_cat?post=5973"},{"taxonomy":"product_tag","embeddable":true,"href":"https:\/\/sentaiyuanbio.com\/fr\/wp-json\/wp\/v2\/product_tag?post=5973"}],"curies":[{"name":"wp","href":"https:\/\/api.w.org\/{rel}","templated":true}]}}