{"id":6216,"date":"2026-05-12T03:51:34","date_gmt":"2026-05-12T03:51:34","guid":{"rendered":"https:\/\/sentaiyuanbio.com\/"},"modified":"2026-05-12T03:51:34","modified_gmt":"2026-05-12T03:51:34","slug":"nouilles-udon-a-haute-teneur-en-proteines-saveur-poulet","status":"publish","type":"product","link":"https:\/\/sentaiyuanbio.com\/fr\/produit\/nouilles-udon-a-haute-teneur-en-proteines-saveur-poulet\/","title":{"rendered":"Nouilles Udon hyperprot\u00e9in\u00e9es saveur poulet"},"content":{"rendered":"<h2>Nouilles Udon riches en prot\u00e9ines Ar\u00f4me de poulet Ingr\u00e9dients<\/h2>\n<p><strong>Ramen :<\/strong> Gluten de bl\u00e9 vital, farine de bl\u00e9, prot\u00e9ines de pois, amidon de tapioca, fibres de pois, f\u00e9cule de pomme de terre, farine de riz glutineux, gomme xanthane, <a href=\"https:\/\/sentaiyuanbio.com\/fr\/produit\/farine-digname-konjac-poudre-digname-konjac\/\" target=\"_blank\" rel=\"noopener\">Farine de konjac<\/a>, Sel, carbonate de sodium.<\/p>\n<p><strong>Assaisonnement au go\u00fbt de poulet :<\/strong> Sel, glutamate monosodique, sucre, amidon de ma\u00efs, m\u00e9lange d'ar\u00f4mes de poulet (sel, extrait de levure, maltodextrine, 5\u2032-Ribonucl\u00e9otides disodiques, ar\u00f4me artificiel de poulet, dioxyde de silicium), poudre de sauce de soja (sauce de soja ferment\u00e9e (eau, soja, bl\u00e9, sel), maltodextrine, sel, colorant caramel, glutamate monosodique, 5\u2032-Ribonucl\u00e9otides disodiques), \u00e9pices, 5\u2032-Ribonucl\u00e9otides disodiques, colorant caramel, extrait de levure, gomme xanthane.<\/p>\n<p><strong>Sauce aromatis\u00e9e au poulet :<\/strong> Huile de palme, oignon, gingembre, \u00e9pices, ar\u00f4me artificiel de poulet, vitamine E.<\/p>\n<p><strong>L\u00e9gumes :<\/strong> Carotte s\u00e9ch\u00e9e, oignon vert s\u00e9ch\u00e9.<\/p>\n<p><strong>Informations sur les allerg\u00e8nes :<\/strong> Bl\u00e9, soja.<\/p>\n<h3>Valeur nutritive - Portion de 1 sachet (66g)<\/h3>\n<table border=\"1\" cellspacing=\"1\">\n<tbody>\n<tr>\n<td align=\"center\" width=\"284\"><b>L'\u00e9nergie<\/b><\/td>\n<td align=\"center\" width=\"284\">240kcal<\/td>\n<\/tr>\n<tr>\n<td align=\"center\" width=\"284\"><b>Graisses totales<\/b><\/td>\n<td align=\"center\" width=\"284\">4.5g<\/td>\n<\/tr>\n<tr>\n<td align=\"center\" width=\"284\"><b>Sodium<\/b><\/td>\n<td align=\"center\" width=\"284\">790 mg<\/td>\n<\/tr>\n<tr>\n<td align=\"center\" width=\"284\"><b>Glucides totaux<\/b><\/td>\n<td align=\"center\" width=\"284\">28g<\/td>\n<\/tr>\n<tr>\n<td align=\"center\" width=\"284\"><b>Fibres alimentaires<\/b><\/td>\n<td align=\"center\" width=\"284\">3g<\/td>\n<\/tr>\n<tr>\n<td align=\"center\" width=\"284\"><b>Sucre total<\/b><\/td>\n<td align=\"center\" width=\"284\">1g<\/td>\n<\/tr>\n<tr>\n<td align=\"center\" width=\"284\"><b>Prot\u00e9ines<\/b><\/td>\n<td align=\"center\" width=\"284\">22g<\/td>\n<\/tr>\n<\/tbody>\n<\/table>\n<p><img fetchpriority=\"high\" decoding=\"async\" class=\"alignnone wp-image-6225 size-full\" title=\"Nouilles Udon hyperprot\u00e9in\u00e9es saveur poulet, Ramen \u00e0 faible teneur en glucides\" src=\"https:\/\/sentaiyuanbio.com\/wp-content\/uploads\/2026\/05\/high-protein-udon_1.webp\" alt=\"Nouilles Udon hyperprot\u00e9in\u00e9es saveur poulet, Ramen \u00e0 faible teneur en glucides\" width=\"750\" height=\"640\" srcset=\"https:\/\/sentaiyuanbio.com\/wp-content\/uploads\/2026\/05\/high-protein-udon_1.webp 750w, https:\/\/sentaiyuanbio.com\/wp-content\/uploads\/2026\/05\/high-protein-udon_1-300x256.webp 300w, https:\/\/sentaiyuanbio.com\/wp-content\/uploads\/2026\/05\/high-protein-udon_1-14x12.webp 14w, https:\/\/sentaiyuanbio.com\/wp-content\/uploads\/2026\/05\/high-protein-udon_1-600x512.webp 600w\" sizes=\"(max-width: 750px) 100vw, 750px\" \/> <img decoding=\"async\" class=\"alignnone wp-image-6226 size-full\" title=\"udon \u00e0 haute teneur en prot\u00e9ines, Low-Carb Ramen\" src=\"https:\/\/sentaiyuanbio.com\/wp-content\/uploads\/2026\/05\/high-protein-udon_2.webp\" alt=\"udon \u00e0 haute teneur en prot\u00e9ines, Low-Carb Ramen\" width=\"750\" height=\"605\" srcset=\"https:\/\/sentaiyuanbio.com\/wp-content\/uploads\/2026\/05\/high-protein-udon_2.webp 750w, https:\/\/sentaiyuanbio.com\/wp-content\/uploads\/2026\/05\/high-protein-udon_2-300x242.webp 300w, https:\/\/sentaiyuanbio.com\/wp-content\/uploads\/2026\/05\/high-protein-udon_2-15x12.webp 15w, https:\/\/sentaiyuanbio.com\/wp-content\/uploads\/2026\/05\/high-protein-udon_2-600x484.webp 600w\" sizes=\"(max-width: 750px) 100vw, 750px\" \/> <img decoding=\"async\" class=\"alignnone wp-image-6227 size-full\" title=\"udon \u00e0 haute teneur en prot\u00e9ines, Low-Carb Ramen\" src=\"https:\/\/sentaiyuanbio.com\/wp-content\/uploads\/2026\/05\/high-protein-udon_3.webp\" alt=\"udon \u00e0 haute teneur en prot\u00e9ines, Low-Carb Ramen\" width=\"750\" height=\"612\" srcset=\"https:\/\/sentaiyuanbio.com\/wp-content\/uploads\/2026\/05\/high-protein-udon_3.webp 750w, https:\/\/sentaiyuanbio.com\/wp-content\/uploads\/2026\/05\/high-protein-udon_3-300x245.webp 300w, https:\/\/sentaiyuanbio.com\/wp-content\/uploads\/2026\/05\/high-protein-udon_3-15x12.webp 15w, https:\/\/sentaiyuanbio.com\/wp-content\/uploads\/2026\/05\/high-protein-udon_3-600x490.webp 600w\" sizes=\"(max-width: 750px) 100vw, 750px\" \/> <img loading=\"lazy\" decoding=\"async\" class=\"alignnone wp-image-6228 size-full\" title=\"udon \u00e0 haute teneur en prot\u00e9ines, Low-Carb Ramen\" src=\"https:\/\/sentaiyuanbio.com\/wp-content\/uploads\/2026\/05\/high-protein-udon_4.webp\" alt=\"udon \u00e0 haute teneur en prot\u00e9ines, Low-Carb Ramen\" width=\"750\" height=\"580\" srcset=\"https:\/\/sentaiyuanbio.com\/wp-content\/uploads\/2026\/05\/high-protein-udon_4.webp 750w, https:\/\/sentaiyuanbio.com\/wp-content\/uploads\/2026\/05\/high-protein-udon_4-300x232.webp 300w, https:\/\/sentaiyuanbio.com\/wp-content\/uploads\/2026\/05\/high-protein-udon_4-16x12.webp 16w, https:\/\/sentaiyuanbio.com\/wp-content\/uploads\/2026\/05\/high-protein-udon_4-600x464.webp 600w\" sizes=\"(max-width: 750px) 100vw, 750px\" \/> <img loading=\"lazy\" decoding=\"async\" class=\"alignnone wp-image-6229 size-full\" title=\"udon \u00e0 haute teneur en prot\u00e9ines, Low-Carb Ramen\" src=\"https:\/\/sentaiyuanbio.com\/wp-content\/uploads\/2026\/05\/high-protein-udon_5.webp\" alt=\"udon \u00e0 haute teneur en prot\u00e9ines, Low-Carb Ramen\" width=\"750\" height=\"605\" srcset=\"https:\/\/sentaiyuanbio.com\/wp-content\/uploads\/2026\/05\/high-protein-udon_5.webp 750w, https:\/\/sentaiyuanbio.com\/wp-content\/uploads\/2026\/05\/high-protein-udon_5-300x242.webp 300w, https:\/\/sentaiyuanbio.com\/wp-content\/uploads\/2026\/05\/high-protein-udon_5-15x12.webp 15w, https:\/\/sentaiyuanbio.com\/wp-content\/uploads\/2026\/05\/high-protein-udon_5-600x484.webp 600w\" sizes=\"(max-width: 750px) 100vw, 750px\" \/> <img loading=\"lazy\" decoding=\"async\" class=\"alignnone wp-image-6230 size-full\" title=\"udon \u00e0 haute teneur en prot\u00e9ines, Low-Carb Ramen\" src=\"https:\/\/sentaiyuanbio.com\/wp-content\/uploads\/2026\/05\/high-protein-udon_6.webp\" alt=\"udon \u00e0 haute teneur en prot\u00e9ines, Low-Carb Ramen\" width=\"750\" height=\"629\" srcset=\"https:\/\/sentaiyuanbio.com\/wp-content\/uploads\/2026\/05\/high-protein-udon_6.webp 750w, https:\/\/sentaiyuanbio.com\/wp-content\/uploads\/2026\/05\/high-protein-udon_6-300x252.webp 300w, https:\/\/sentaiyuanbio.com\/wp-content\/uploads\/2026\/05\/high-protein-udon_6-14x12.webp 14w, https:\/\/sentaiyuanbio.com\/wp-content\/uploads\/2026\/05\/high-protein-udon_6-600x503.webp 600w\" sizes=\"(max-width: 750px) 100vw, 750px\" \/> <img loading=\"lazy\" decoding=\"async\" class=\"alignnone wp-image-6231 size-full\" title=\"udon \u00e0 haute teneur en prot\u00e9ines, Low-Carb Ramen\" src=\"https:\/\/sentaiyuanbio.com\/wp-content\/uploads\/2026\/05\/high-protein-udon_7.webp\" alt=\"udon \u00e0 haute teneur en prot\u00e9ines, Low-Carb Ramen\" width=\"750\" height=\"600\" srcset=\"https:\/\/sentaiyuanbio.com\/wp-content\/uploads\/2026\/05\/high-protein-udon_7.webp 750w, https:\/\/sentaiyuanbio.com\/wp-content\/uploads\/2026\/05\/high-protein-udon_7-300x240.webp 300w, https:\/\/sentaiyuanbio.com\/wp-content\/uploads\/2026\/05\/high-protein-udon_7-15x12.webp 15w, https:\/\/sentaiyuanbio.com\/wp-content\/uploads\/2026\/05\/high-protein-udon_7-600x480.webp 600w\" sizes=\"(max-width: 750px) 100vw, 750px\" \/><\/p>","protected":false},"excerpt":{"rendered":"<p>Sentaiyuan est fier de pr\u00e9senter ces remarquables nouilles udon hyperprot\u00e9in\u00e9es \u00e0 saveur de poulet, qui contiennent 22 grammes de prot\u00e9ines, sont 100% v\u00e9g\u00e9taliennes et sont des ramen \u00e0 faible teneur en glucides. Gr\u00e2ce \u00e0 sa saveur d\u00e9licieuse, \u00e0 sa facilit\u00e9 de pr\u00e9paration et \u00e0 sa valeur nutritionnelle exceptionnelle, ces nouilles Udon hyperprot\u00e9in\u00e9es se hissent rapidement au sommet de la liste des aliments \u00e0 consommer absolument pour les adeptes du fitness. Ce qui est encore plus excitant, c'est qu'avec cette nouvelle saveur de poulet, les nouilles sont plus tendres, plus Q, plus moelleuses, plus faciles au palais et prennent moins de temps \u00e0 cuire.<\/p>","protected":false},"featured_media":6217,"template":"","meta":{"site-sidebar-layout":"default","site-content-layout":"","ast-site-content-layout":"default","site-content-style":"default","site-sidebar-style":"default","ast-global-header-display":"","ast-banner-title-visibility":"","ast-main-header-display":"","ast-hfb-above-header-display":"","ast-hfb-below-header-display":"","ast-hfb-mobile-header-display":"","site-post-title":"","ast-breadcrumbs-content":"","ast-featured-img":"","footer-sml-layout":"","ast-disable-related-posts":"","theme-transparent-header-meta":"default","adv-header-id-meta":"","stick-header-meta":"default","header-above-stick-meta":"","header-main-stick-meta":"","header-below-stick-meta":"","astra-migrate-meta-layouts":"set","ast-page-background-enabled":"default","ast-page-background-meta":{"desktop":{"background-color":"","background-image":"","background-repeat":"repeat","background-position":"center center","background-size":"auto","background-attachment":"scroll","background-type":"","background-media":"","overlay-type":"","overlay-color":"","overlay-opacity":"","overlay-gradient":""},"tablet":{"background-color":"","background-image":"","background-repeat":"repeat","background-position":"center center","background-size":"auto","background-attachment":"scroll","background-type":"","background-media":"","overlay-type":"","overlay-color":"","overlay-opacity":"","overlay-gradient":""},"mobile":{"background-color":"","background-image":"","background-repeat":"repeat","background-position":"center center","background-size":"auto","background-attachment":"scroll","background-type":"","background-media":"","overlay-type":"","overlay-color":"","overlay-opacity":"","overlay-gradient":""}},"ast-content-background-meta":{"desktop":{"background-color":"var(--ast-global-color-5)","background-image":"","background-repeat":"repeat","background-position":"center center","background-size":"auto","background-attachment":"scroll","background-type":"","background-media":"","overlay-type":"","overlay-color":"","overlay-opacity":"","overlay-gradient":""},"tablet":{"background-color":"var(--ast-global-color-5)","background-image":"","background-repeat":"repeat","background-position":"center center","background-size":"auto","background-attachment":"scroll","background-type":"","background-media":"","overlay-type":"","overlay-color":"","overlay-opacity":"","overlay-gradient":""},"mobile":{"background-color":"var(--ast-global-color-5)","background-image":"","background-repeat":"repeat","background-position":"center center","background-size":"auto","background-attachment":"scroll","background-type":"","background-media":"","overlay-type":"","overlay-color":"","overlay-opacity":"","overlay-gradient":""}}},"product_brand":[],"product_cat":[255],"product_tag":[],"class_list":{"0":"post-6216","1":"product","2":"type-product","3":"status-publish","4":"has-post-thumbnail","6":"product_cat-high-protein-udon-noodles","7":"desktop-align-left","8":"tablet-align-left","9":"mobile-align-left","10":"ast-product-gallery-layout-horizontal-slider","11":"ast-product-tabs-layout-horizontal","13":"first","14":"instock","15":"shipping-taxable","16":"product-type-simple"},"_links":{"self":[{"href":"https:\/\/sentaiyuanbio.com\/fr\/wp-json\/wp\/v2\/product\/6216","targetHints":{"allow":["GET"]}}],"collection":[{"href":"https:\/\/sentaiyuanbio.com\/fr\/wp-json\/wp\/v2\/product"}],"about":[{"href":"https:\/\/sentaiyuanbio.com\/fr\/wp-json\/wp\/v2\/types\/product"}],"version-history":[{"count":1,"href":"https:\/\/sentaiyuanbio.com\/fr\/wp-json\/wp\/v2\/product\/6216\/revisions"}],"predecessor-version":[{"id":6232,"href":"https:\/\/sentaiyuanbio.com\/fr\/wp-json\/wp\/v2\/product\/6216\/revisions\/6232"}],"wp:featuredmedia":[{"embeddable":true,"href":"https:\/\/sentaiyuanbio.com\/fr\/wp-json\/wp\/v2\/media\/6217"}],"wp:attachment":[{"href":"https:\/\/sentaiyuanbio.com\/fr\/wp-json\/wp\/v2\/media?parent=6216"}],"wp:term":[{"taxonomy":"product_brand","embeddable":true,"href":"https:\/\/sentaiyuanbio.com\/fr\/wp-json\/wp\/v2\/product_brand?post=6216"},{"taxonomy":"product_cat","embeddable":true,"href":"https:\/\/sentaiyuanbio.com\/fr\/wp-json\/wp\/v2\/product_cat?post=6216"},{"taxonomy":"product_tag","embeddable":true,"href":"https:\/\/sentaiyuanbio.com\/fr\/wp-json\/wp\/v2\/product_tag?post=6216"}],"curies":[{"name":"wp","href":"https:\/\/api.w.org\/{rel}","templated":true}]}}