{"id":6254,"date":"2026-05-13T06:22:00","date_gmt":"2026-05-13T06:22:00","guid":{"rendered":"https:\/\/sentaiyuanbio.com\/"},"modified":"2026-05-13T06:22:48","modified_gmt":"2026-05-13T06:22:48","slug":"udon-ramen-a-haute-teneur-en-proteines-saveur-tonkotsu","status":"publish","type":"product","link":"https:\/\/sentaiyuanbio.com\/fr\/produit\/udon-ramen-a-haute-teneur-en-proteines-saveur-tonkotsu\/","title":{"rendered":"Ramen Udon hyperprot\u00e9in\u00e9s \u00e0 la saveur Tonkotsu"},"content":{"rendered":"<h2>Saveur Tonkotsu Ingr\u00e9dient pour Udon Ramen \u00e0 haute teneur en prot\u00e9ines<\/h2>\n<p><strong>Ramen Ingr\u00e9dients : <\/strong> Gluten de bl\u00e9 vital, farine de bl\u00e9, prot\u00e9ines de pois, amidon de tapioca, fibres de pois, f\u00e9cule de pomme de terre, farine de riz glutineux, <a href=\"https:\/\/hethstia.com\/konjac-powder-vs-xanthan-gum\/\" target=\"_blank\" rel=\"noopener\">Gomme xanthane<\/a>, <a href=\"https:\/\/sentaiyuanbio.com\/fr\/produit\/farine-digname-konjac-poudre-digname-konjac\/\" target=\"_blank\" rel=\"noopener\">Farine de konjac<\/a>, Sel, carbonate de sodium.<\/p>\n<p><strong>Assaisonnement \u00e0 la saveur Tonkotsu :<\/strong> Sel, glutamate monosodique, sucre, cr\u00e8me non laiti\u00e8re (sirop de glucose, huile de palme raffin\u00e9e, octenylsuccinate de sodium d'amidon, mono- et diglyc\u00e9rides d'acides gras, phosphate dipotassique, dioxyde de silicium),<br \/>\nPoudre de sauce de soja (sauce de soja ferment\u00e9e (eau, graines de soja, bl\u00e9, sel), maltodextrine, sel, glutamate monosodique, couleur caramel, 5\u2032-Ribonucl\u00e9otides disodiques), poudre d'ail, extrait de levure, Poudre de prot\u00e9ines de soja hydrolys\u00e9es (prot\u00e9ines de soja hydrolys\u00e9es \u00e0 l'acide, maltodextrine), poudre de noix de coco, poudre d'oignon, poudre de gingembre, gomme de guar, 5\u2032-Ribonucl\u00e9otides disodiques, poudre de poivre noir, dioxyde de silicium.<\/p>\n<p><strong>Paquet d'huile d'ail noir :<\/strong> Huile de soja, huile d'ail noir, ail.<\/p>\n<p><strong>L\u00e9gumes :<\/strong> Carotte s\u00e9ch\u00e9e, oignon vert s\u00e9ch\u00e9.<\/p>\n<p><strong>Contient :<\/strong> Bl\u00e9, soja.<\/p>\n<table border=\"1\" cellspacing=\"1\">\n<tbody>\n<tr>\n<td align=\"center\" width=\"284\"><b>L'\u00e9nergie<\/b><\/td>\n<td align=\"center\" width=\"284\">230kcal<\/td>\n<\/tr>\n<tr>\n<td align=\"center\" width=\"284\"><b>Graisses totales<\/b><\/td>\n<td align=\"center\" width=\"284\">4g<\/td>\n<\/tr>\n<tr>\n<td align=\"center\" width=\"284\"><b>Sodium<\/b><\/td>\n<td align=\"center\" width=\"284\">760 mg<\/td>\n<\/tr>\n<tr>\n<td align=\"center\" width=\"284\"><b>Glucides totaux<\/b><\/td>\n<td align=\"center\" width=\"284\">29g<\/td>\n<\/tr>\n<tr>\n<td align=\"center\" width=\"284\"><b>Fibres alimentaires<\/b><\/td>\n<td align=\"center\" width=\"284\">3g<\/td>\n<\/tr>\n<tr>\n<td align=\"center\" width=\"284\"><b>Sucre total<\/b><\/td>\n<td align=\"center\" width=\"284\">1g<\/td>\n<\/tr>\n<tr>\n<td align=\"center\" width=\"284\"><b>Prot\u00e9ines<\/b><\/td>\n<td align=\"center\" width=\"284\">22g<\/td>\n<\/tr>\n<\/tbody>\n<\/table>\n<p><img fetchpriority=\"high\" decoding=\"async\" class=\"alignnone wp-image-6263 size-full\" title=\"Ramen Udon hyperprot\u00e9in\u00e9s \u00e0 la saveur Tonkotsu\" src=\"https:\/\/sentaiyuanbio.com\/wp-content\/uploads\/2026\/05\/udon-noodles-tonkotsu_1.webp\" alt=\"Ramen Udon hyperprot\u00e9in\u00e9s \u00e0 la saveur Tonkotsu\" width=\"750\" height=\"677\" srcset=\"https:\/\/sentaiyuanbio.com\/wp-content\/uploads\/2026\/05\/udon-noodles-tonkotsu_1.webp 750w, https:\/\/sentaiyuanbio.com\/wp-content\/uploads\/2026\/05\/udon-noodles-tonkotsu_1-300x271.webp 300w, https:\/\/sentaiyuanbio.com\/wp-content\/uploads\/2026\/05\/udon-noodles-tonkotsu_1-13x12.webp 13w, https:\/\/sentaiyuanbio.com\/wp-content\/uploads\/2026\/05\/udon-noodles-tonkotsu_1-600x542.webp 600w\" sizes=\"(max-width: 750px) 100vw, 750px\" \/> <img decoding=\"async\" class=\"alignnone wp-image-6264 size-full\" title=\"Fabricant de Udon Ramen\" src=\"https:\/\/sentaiyuanbio.com\/wp-content\/uploads\/2026\/05\/udon-noodles-tonkotsu_2.webp\" alt=\"Fabricant de Udon Ramen\" width=\"750\" height=\"595\" srcset=\"https:\/\/sentaiyuanbio.com\/wp-content\/uploads\/2026\/05\/udon-noodles-tonkotsu_2.webp 750w, https:\/\/sentaiyuanbio.com\/wp-content\/uploads\/2026\/05\/udon-noodles-tonkotsu_2-300x238.webp 300w, https:\/\/sentaiyuanbio.com\/wp-content\/uploads\/2026\/05\/udon-noodles-tonkotsu_2-15x12.webp 15w, https:\/\/sentaiyuanbio.com\/wp-content\/uploads\/2026\/05\/udon-noodles-tonkotsu_2-600x476.webp 600w\" sizes=\"(max-width: 750px) 100vw, 750px\" \/> <img decoding=\"async\" class=\"alignnone wp-image-6265 size-full\" title=\"Fabricant de Udon Ramen\" src=\"https:\/\/sentaiyuanbio.com\/wp-content\/uploads\/2026\/05\/udon-noodles-tonkotsu_3.webp\" alt=\"Fabricant de Udon Ramen\" width=\"750\" height=\"585\" srcset=\"https:\/\/sentaiyuanbio.com\/wp-content\/uploads\/2026\/05\/udon-noodles-tonkotsu_3.webp 750w, https:\/\/sentaiyuanbio.com\/wp-content\/uploads\/2026\/05\/udon-noodles-tonkotsu_3-300x234.webp 300w, https:\/\/sentaiyuanbio.com\/wp-content\/uploads\/2026\/05\/udon-noodles-tonkotsu_3-15x12.webp 15w, https:\/\/sentaiyuanbio.com\/wp-content\/uploads\/2026\/05\/udon-noodles-tonkotsu_3-600x468.webp 600w\" sizes=\"(max-width: 750px) 100vw, 750px\" \/> <img loading=\"lazy\" decoding=\"async\" class=\"alignnone wp-image-6266 size-full\" title=\"Fabricant de Udon Ramen\" src=\"https:\/\/sentaiyuanbio.com\/wp-content\/uploads\/2026\/05\/udon-noodles-tonkotsu_4.webp\" alt=\"Fabricant de Udon Ramen\" width=\"750\" height=\"608\" srcset=\"https:\/\/sentaiyuanbio.com\/wp-content\/uploads\/2026\/05\/udon-noodles-tonkotsu_4.webp 750w, https:\/\/sentaiyuanbio.com\/wp-content\/uploads\/2026\/05\/udon-noodles-tonkotsu_4-300x243.webp 300w, https:\/\/sentaiyuanbio.com\/wp-content\/uploads\/2026\/05\/udon-noodles-tonkotsu_4-15x12.webp 15w, https:\/\/sentaiyuanbio.com\/wp-content\/uploads\/2026\/05\/udon-noodles-tonkotsu_4-600x486.webp 600w\" sizes=\"(max-width: 750px) 100vw, 750px\" \/> <img loading=\"lazy\" decoding=\"async\" class=\"alignnone wp-image-6267 size-full\" title=\"Fabricant de Udon Ramen\" src=\"https:\/\/sentaiyuanbio.com\/wp-content\/uploads\/2026\/05\/udon-noodles-tonkotsu_5.webp\" alt=\"Fabricant de Udon Ramen\" width=\"750\" height=\"584\" srcset=\"https:\/\/sentaiyuanbio.com\/wp-content\/uploads\/2026\/05\/udon-noodles-tonkotsu_5.webp 750w, https:\/\/sentaiyuanbio.com\/wp-content\/uploads\/2026\/05\/udon-noodles-tonkotsu_5-300x234.webp 300w, https:\/\/sentaiyuanbio.com\/wp-content\/uploads\/2026\/05\/udon-noodles-tonkotsu_5-15x12.webp 15w, https:\/\/sentaiyuanbio.com\/wp-content\/uploads\/2026\/05\/udon-noodles-tonkotsu_5-600x467.webp 600w\" sizes=\"(max-width: 750px) 100vw, 750px\" \/> <img loading=\"lazy\" decoding=\"async\" class=\"alignnone wp-image-6268 size-full\" title=\"Fabricant de Udon Ramen\" src=\"https:\/\/sentaiyuanbio.com\/wp-content\/uploads\/2026\/05\/udon-noodles-tonkotsu_6.webp\" alt=\"Fabricant de Udon Ramen\" width=\"750\" height=\"551\" srcset=\"https:\/\/sentaiyuanbio.com\/wp-content\/uploads\/2026\/05\/udon-noodles-tonkotsu_6.webp 750w, https:\/\/sentaiyuanbio.com\/wp-content\/uploads\/2026\/05\/udon-noodles-tonkotsu_6-300x220.webp 300w, https:\/\/sentaiyuanbio.com\/wp-content\/uploads\/2026\/05\/udon-noodles-tonkotsu_6-16x12.webp 16w, https:\/\/sentaiyuanbio.com\/wp-content\/uploads\/2026\/05\/udon-noodles-tonkotsu_6-600x441.webp 600w\" sizes=\"(max-width: 750px) 100vw, 750px\" \/> <img loading=\"lazy\" decoding=\"async\" class=\"alignnone wp-image-6269 size-full\" title=\"Fabricant de Udon Ramen\" src=\"https:\/\/sentaiyuanbio.com\/wp-content\/uploads\/2026\/05\/udon-noodles-tonkotsu_7.webp\" alt=\"Fabricant de Udon Ramen\" width=\"750\" height=\"601\" srcset=\"https:\/\/sentaiyuanbio.com\/wp-content\/uploads\/2026\/05\/udon-noodles-tonkotsu_7.webp 750w, https:\/\/sentaiyuanbio.com\/wp-content\/uploads\/2026\/05\/udon-noodles-tonkotsu_7-300x240.webp 300w, https:\/\/sentaiyuanbio.com\/wp-content\/uploads\/2026\/05\/udon-noodles-tonkotsu_7-15x12.webp 15w, https:\/\/sentaiyuanbio.com\/wp-content\/uploads\/2026\/05\/udon-noodles-tonkotsu_7-600x481.webp 600w\" sizes=\"(max-width: 750px) 100vw, 750px\" \/><\/p>","protected":false},"excerpt":{"rendered":"<p>Nouilles Udon hyperprot\u00e9in\u00e9es \u00e0 la saveur Tonkotsu - Une option de nouilles saines et hyperprot\u00e9in\u00e9es. Comprend un sachet d'huile d'ail noir (ingr\u00e9dients : huile de soja, huile d'ail noir, ail) et un sachet de l\u00e9gumes (ingr\u00e9dients : carottes d\u00e9shydrat\u00e9es, oignons verts d\u00e9shydrat\u00e9s). Chaque portion (poids net de 2,29 oz \/ 65 g) contient 22 grammes de prot\u00e9ines. Points forts du produit : Naturellement s\u00e9ch\u00e9 \u00e0 l'air, faible en gras, non frit, sans OGM, faible en glucides.<\/p>","protected":false},"featured_media":6260,"template":"","meta":{"site-sidebar-layout":"default","site-content-layout":"","ast-site-content-layout":"default","site-content-style":"default","site-sidebar-style":"default","ast-global-header-display":"","ast-banner-title-visibility":"","ast-main-header-display":"","ast-hfb-above-header-display":"","ast-hfb-below-header-display":"","ast-hfb-mobile-header-display":"","site-post-title":"","ast-breadcrumbs-content":"","ast-featured-img":"","footer-sml-layout":"","ast-disable-related-posts":"","theme-transparent-header-meta":"default","adv-header-id-meta":"","stick-header-meta":"default","header-above-stick-meta":"","header-main-stick-meta":"","header-below-stick-meta":"","astra-migrate-meta-layouts":"set","ast-page-background-enabled":"default","ast-page-background-meta":{"desktop":{"background-color":"","background-image":"","background-repeat":"repeat","background-position":"center center","background-size":"auto","background-attachment":"scroll","background-type":"","background-media":"","overlay-type":"","overlay-color":"","overlay-opacity":"","overlay-gradient":""},"tablet":{"background-color":"","background-image":"","background-repeat":"repeat","background-position":"center center","background-size":"auto","background-attachment":"scroll","background-type":"","background-media":"","overlay-type":"","overlay-color":"","overlay-opacity":"","overlay-gradient":""},"mobile":{"background-color":"","background-image":"","background-repeat":"repeat","background-position":"center center","background-size":"auto","background-attachment":"scroll","background-type":"","background-media":"","overlay-type":"","overlay-color":"","overlay-opacity":"","overlay-gradient":""}},"ast-content-background-meta":{"desktop":{"background-color":"var(--ast-global-color-5)","background-image":"","background-repeat":"repeat","background-position":"center center","background-size":"auto","background-attachment":"scroll","background-type":"","background-media":"","overlay-type":"","overlay-color":"","overlay-opacity":"","overlay-gradient":""},"tablet":{"background-color":"var(--ast-global-color-5)","background-image":"","background-repeat":"repeat","background-position":"center center","background-size":"auto","background-attachment":"scroll","background-type":"","background-media":"","overlay-type":"","overlay-color":"","overlay-opacity":"","overlay-gradient":""},"mobile":{"background-color":"var(--ast-global-color-5)","background-image":"","background-repeat":"repeat","background-position":"center center","background-size":"auto","background-attachment":"scroll","background-type":"","background-media":"","overlay-type":"","overlay-color":"","overlay-opacity":"","overlay-gradient":""}}},"product_brand":[],"product_cat":[255],"product_tag":[],"class_list":{"0":"post-6254","1":"product","2":"type-product","3":"status-publish","4":"has-post-thumbnail","6":"product_cat-high-protein-udon-noodles","7":"desktop-align-left","8":"tablet-align-left","9":"mobile-align-left","10":"ast-product-gallery-layout-horizontal-slider","11":"ast-product-tabs-layout-horizontal","13":"first","14":"instock","15":"shipping-taxable","16":"product-type-simple"},"_links":{"self":[{"href":"https:\/\/sentaiyuanbio.com\/fr\/wp-json\/wp\/v2\/product\/6254","targetHints":{"allow":["GET"]}}],"collection":[{"href":"https:\/\/sentaiyuanbio.com\/fr\/wp-json\/wp\/v2\/product"}],"about":[{"href":"https:\/\/sentaiyuanbio.com\/fr\/wp-json\/wp\/v2\/types\/product"}],"version-history":[{"count":3,"href":"https:\/\/sentaiyuanbio.com\/fr\/wp-json\/wp\/v2\/product\/6254\/revisions"}],"predecessor-version":[{"id":6272,"href":"https:\/\/sentaiyuanbio.com\/fr\/wp-json\/wp\/v2\/product\/6254\/revisions\/6272"}],"wp:featuredmedia":[{"embeddable":true,"href":"https:\/\/sentaiyuanbio.com\/fr\/wp-json\/wp\/v2\/media\/6260"}],"wp:attachment":[{"href":"https:\/\/sentaiyuanbio.com\/fr\/wp-json\/wp\/v2\/media?parent=6254"}],"wp:term":[{"taxonomy":"product_brand","embeddable":true,"href":"https:\/\/sentaiyuanbio.com\/fr\/wp-json\/wp\/v2\/product_brand?post=6254"},{"taxonomy":"product_cat","embeddable":true,"href":"https:\/\/sentaiyuanbio.com\/fr\/wp-json\/wp\/v2\/product_cat?post=6254"},{"taxonomy":"product_tag","embeddable":true,"href":"https:\/\/sentaiyuanbio.com\/fr\/wp-json\/wp\/v2\/product_tag?post=6254"}],"curies":[{"name":"wp","href":"https:\/\/api.w.org\/{rel}","templated":true}]}}