{"id":6273,"date":"2026-05-13T07:34:03","date_gmt":"2026-05-13T07:34:03","guid":{"rendered":"https:\/\/sentaiyuanbio.com\/"},"modified":"2026-05-13T07:34:04","modified_gmt":"2026-05-13T07:34:04","slug":"udon-ramen-au-curry-a-haute-teneur-en-proteines","status":"publish","type":"product","link":"https:\/\/sentaiyuanbio.com\/fr\/produit\/udon-ramen-au-curry-a-haute-teneur-en-proteines\/","title":{"rendered":"Ramen Udon hyperprot\u00e9in\u00e9s \u00e0 la saveur de curry"},"content":{"rendered":"<h2>Information sur les Udon Ramen hyperprot\u00e9in\u00e9s \u00e0 la saveur de curry<\/h2>\n<p><strong>Ramen :<\/strong> Gluten de bl\u00e9 vital, farine de bl\u00e9, prot\u00e9ines de pois, amidon de tapioca, fibres de pois, f\u00e9cule de pomme de terre, farine de riz glutineux, gomme xanthane, <a href=\"https:\/\/sentaiyuanbio.com\/fr\/product-category\/fibres-alimentaires-de-konjac\/\" target=\"_blank\" rel=\"noopener\">Farine de konjac<\/a>, Sel, carbonate de sodium.<\/p>\n<p><strong>Assaisonnement au curry :<\/strong> Sel, glutamate monosodique, maltodextrine, poudre de curry, sucre, poudre de chili, extrait de levure, amidon de ma\u00efs, poudre de noix de coco, poudre de curcuma, gomme xanthane, 5\u2032-Ribonucl\u00e9otides disodiques.<\/p>\n<p><strong>L\u00e9gumes :<\/strong> Carotte s\u00e9ch\u00e9e, oignon vert s\u00e9ch\u00e9.<\/p>\n<p><strong>Informations sur les allerg\u00e8nes :<\/strong> Contient du bl\u00e9.<\/p>\n<table border=\"1\" cellspacing=\"1\">\n<tbody>\n<tr>\n<td align=\"center\" width=\"284\"><b>L'\u00e9nergie<\/b><\/td>\n<td align=\"center\" width=\"284\">210kcal<\/td>\n<\/tr>\n<tr>\n<td align=\"center\" width=\"284\"><b>Graisses totales<\/b><\/td>\n<td align=\"center\" width=\"284\">1g<\/td>\n<\/tr>\n<tr>\n<td align=\"center\" width=\"284\"><b>Sodium<\/b><\/td>\n<td align=\"center\" width=\"284\">790 mg<\/td>\n<\/tr>\n<tr>\n<td align=\"center\" width=\"284\"><b>Glucides totaux<\/b><\/td>\n<td align=\"center\" width=\"284\">30g<\/td>\n<\/tr>\n<tr>\n<td align=\"center\" width=\"284\"><b>Fibres alimentaires<\/b><\/td>\n<td align=\"center\" width=\"284\">3g<\/td>\n<\/tr>\n<tr>\n<td align=\"center\" width=\"284\"><b>Sucre total<\/b><\/td>\n<td align=\"center\" width=\"284\">1g<\/td>\n<\/tr>\n<tr>\n<td align=\"center\" width=\"284\"><b>Prot\u00e9ines<\/b><\/td>\n<td align=\"center\" width=\"284\">22g<\/td>\n<\/tr>\n<\/tbody>\n<\/table>\n<p><img fetchpriority=\"high\" decoding=\"async\" class=\"alignnone wp-image-6282 size-full\" title=\"Fabricant de Udon Ramen\" src=\"https:\/\/sentaiyuanbio.com\/wp-content\/uploads\/2026\/05\/Udon-Ramen_1.webp\" alt=\"Fabricant de Udon Ramen\" width=\"750\" height=\"661\" srcset=\"https:\/\/sentaiyuanbio.com\/wp-content\/uploads\/2026\/05\/Udon-Ramen_1.webp 750w, https:\/\/sentaiyuanbio.com\/wp-content\/uploads\/2026\/05\/Udon-Ramen_1-300x264.webp 300w, https:\/\/sentaiyuanbio.com\/wp-content\/uploads\/2026\/05\/Udon-Ramen_1-14x12.webp 14w, https:\/\/sentaiyuanbio.com\/wp-content\/uploads\/2026\/05\/Udon-Ramen_1-600x529.webp 600w\" sizes=\"(max-width: 750px) 100vw, 750px\" \/> <img decoding=\"async\" class=\"alignnone wp-image-6283 size-full\" title=\"Fabricant de Udon Ramen\" src=\"https:\/\/sentaiyuanbio.com\/wp-content\/uploads\/2026\/05\/Udon-Ramen_2.webp\" alt=\"Fabricant de Udon Ramen\" width=\"750\" height=\"592\" srcset=\"https:\/\/sentaiyuanbio.com\/wp-content\/uploads\/2026\/05\/Udon-Ramen_2.webp 750w, https:\/\/sentaiyuanbio.com\/wp-content\/uploads\/2026\/05\/Udon-Ramen_2-300x237.webp 300w, https:\/\/sentaiyuanbio.com\/wp-content\/uploads\/2026\/05\/Udon-Ramen_2-15x12.webp 15w, https:\/\/sentaiyuanbio.com\/wp-content\/uploads\/2026\/05\/Udon-Ramen_2-600x474.webp 600w\" sizes=\"(max-width: 750px) 100vw, 750px\" \/> <img decoding=\"async\" class=\"alignnone wp-image-6284 size-full\" title=\"Fabricant de Udon Ramen\" src=\"https:\/\/sentaiyuanbio.com\/wp-content\/uploads\/2026\/05\/Udon-Ramen_3.webp\" alt=\"Fabricant de Udon Ramen\" width=\"750\" height=\"549\" srcset=\"https:\/\/sentaiyuanbio.com\/wp-content\/uploads\/2026\/05\/Udon-Ramen_3.webp 750w, https:\/\/sentaiyuanbio.com\/wp-content\/uploads\/2026\/05\/Udon-Ramen_3-300x220.webp 300w, https:\/\/sentaiyuanbio.com\/wp-content\/uploads\/2026\/05\/Udon-Ramen_3-16x12.webp 16w, https:\/\/sentaiyuanbio.com\/wp-content\/uploads\/2026\/05\/Udon-Ramen_3-600x439.webp 600w\" sizes=\"(max-width: 750px) 100vw, 750px\" \/> <img loading=\"lazy\" decoding=\"async\" class=\"alignnone wp-image-6285 size-full\" title=\"Fabricant de Udon Ramen\" src=\"https:\/\/sentaiyuanbio.com\/wp-content\/uploads\/2026\/05\/Udon-Ramen_4.webp\" alt=\"Fabricant de Udon Ramen\" width=\"750\" height=\"612\" srcset=\"https:\/\/sentaiyuanbio.com\/wp-content\/uploads\/2026\/05\/Udon-Ramen_4.webp 750w, https:\/\/sentaiyuanbio.com\/wp-content\/uploads\/2026\/05\/Udon-Ramen_4-300x245.webp 300w, https:\/\/sentaiyuanbio.com\/wp-content\/uploads\/2026\/05\/Udon-Ramen_4-15x12.webp 15w, https:\/\/sentaiyuanbio.com\/wp-content\/uploads\/2026\/05\/Udon-Ramen_4-600x490.webp 600w\" sizes=\"(max-width: 750px) 100vw, 750px\" \/> <img loading=\"lazy\" decoding=\"async\" class=\"alignnone wp-image-6286 size-full\" title=\"Fabricant de Udon Ramen\" src=\"https:\/\/sentaiyuanbio.com\/wp-content\/uploads\/2026\/05\/Udon-Ramen_5.webp\" alt=\"Fabricant de Udon Ramen\" width=\"750\" height=\"593\" srcset=\"https:\/\/sentaiyuanbio.com\/wp-content\/uploads\/2026\/05\/Udon-Ramen_5.webp 750w, https:\/\/sentaiyuanbio.com\/wp-content\/uploads\/2026\/05\/Udon-Ramen_5-300x237.webp 300w, https:\/\/sentaiyuanbio.com\/wp-content\/uploads\/2026\/05\/Udon-Ramen_5-15x12.webp 15w, https:\/\/sentaiyuanbio.com\/wp-content\/uploads\/2026\/05\/Udon-Ramen_5-600x474.webp 600w\" sizes=\"(max-width: 750px) 100vw, 750px\" \/> <img loading=\"lazy\" decoding=\"async\" class=\"alignnone wp-image-6287 size-full\" title=\"Fabricant de Udon Ramen\" src=\"https:\/\/sentaiyuanbio.com\/wp-content\/uploads\/2026\/05\/Udon-Ramen_6.webp\" alt=\"Fabricant de Udon Ramen\" width=\"750\" height=\"615\" srcset=\"https:\/\/sentaiyuanbio.com\/wp-content\/uploads\/2026\/05\/Udon-Ramen_6.webp 750w, https:\/\/sentaiyuanbio.com\/wp-content\/uploads\/2026\/05\/Udon-Ramen_6-300x246.webp 300w, https:\/\/sentaiyuanbio.com\/wp-content\/uploads\/2026\/05\/Udon-Ramen_6-15x12.webp 15w, https:\/\/sentaiyuanbio.com\/wp-content\/uploads\/2026\/05\/Udon-Ramen_6-600x492.webp 600w\" sizes=\"(max-width: 750px) 100vw, 750px\" \/> <img loading=\"lazy\" decoding=\"async\" class=\"alignnone wp-image-6288 size-full\" title=\"Fabricant de Udon Ramen\" src=\"https:\/\/sentaiyuanbio.com\/wp-content\/uploads\/2026\/05\/Udon-Ramen_7.webp\" alt=\"Fabricant de Udon Ramen\" width=\"750\" height=\"600\" srcset=\"https:\/\/sentaiyuanbio.com\/wp-content\/uploads\/2026\/05\/Udon-Ramen_7.webp 750w, https:\/\/sentaiyuanbio.com\/wp-content\/uploads\/2026\/05\/Udon-Ramen_7-300x240.webp 300w, https:\/\/sentaiyuanbio.com\/wp-content\/uploads\/2026\/05\/Udon-Ramen_7-15x12.webp 15w, https:\/\/sentaiyuanbio.com\/wp-content\/uploads\/2026\/05\/Udon-Ramen_7-600x480.webp 600w\" sizes=\"(max-width: 750px) 100vw, 750px\" \/><\/p>","protected":false},"excerpt":{"rendered":"<p>Sentaiyuan est fier de pr\u00e9senter les nouveaux Udon Ramen hyperprot\u00e9in\u00e9s \u00e0 la saveur de curry - la combinaison parfaite de d\u00e9lice, de commodit\u00e9 et de nutrition pour vous aider \u00e0 d\u00e9marrer votre vie active. Chaque tasse de nouilles contient 22 grammes de prot\u00e9ines et 210 kcal. Pr\u00eates \u00e0 \u00eatre brass\u00e9es, elles cuisent en 6 \u00e0 8 minutes - le choix id\u00e9al, rapide et sain, pour les personnes occup\u00e9es !<\/p>\n<p>Nous avons cr\u00e9\u00e9 un ramen v\u00e9g\u00e9tal 100% d\u00e9licieux et nutritif, qui est nettement moins polluant pour l'environnement. C'est bon pour notre corps et, ensemble, nous pouvons cr\u00e9er un changement durable !<\/p>","protected":false},"featured_media":6280,"template":"","meta":{"site-sidebar-layout":"default","site-content-layout":"","ast-site-content-layout":"default","site-content-style":"default","site-sidebar-style":"default","ast-global-header-display":"","ast-banner-title-visibility":"","ast-main-header-display":"","ast-hfb-above-header-display":"","ast-hfb-below-header-display":"","ast-hfb-mobile-header-display":"","site-post-title":"","ast-breadcrumbs-content":"","ast-featured-img":"","footer-sml-layout":"","ast-disable-related-posts":"","theme-transparent-header-meta":"default","adv-header-id-meta":"","stick-header-meta":"default","header-above-stick-meta":"","header-main-stick-meta":"","header-below-stick-meta":"","astra-migrate-meta-layouts":"set","ast-page-background-enabled":"default","ast-page-background-meta":{"desktop":{"background-color":"","background-image":"","background-repeat":"repeat","background-position":"center center","background-size":"auto","background-attachment":"scroll","background-type":"","background-media":"","overlay-type":"","overlay-color":"","overlay-opacity":"","overlay-gradient":""},"tablet":{"background-color":"","background-image":"","background-repeat":"repeat","background-position":"center center","background-size":"auto","background-attachment":"scroll","background-type":"","background-media":"","overlay-type":"","overlay-color":"","overlay-opacity":"","overlay-gradient":""},"mobile":{"background-color":"","background-image":"","background-repeat":"repeat","background-position":"center center","background-size":"auto","background-attachment":"scroll","background-type":"","background-media":"","overlay-type":"","overlay-color":"","overlay-opacity":"","overlay-gradient":""}},"ast-content-background-meta":{"desktop":{"background-color":"var(--ast-global-color-5)","background-image":"","background-repeat":"repeat","background-position":"center center","background-size":"auto","background-attachment":"scroll","background-type":"","background-media":"","overlay-type":"","overlay-color":"","overlay-opacity":"","overlay-gradient":""},"tablet":{"background-color":"var(--ast-global-color-5)","background-image":"","background-repeat":"repeat","background-position":"center center","background-size":"auto","background-attachment":"scroll","background-type":"","background-media":"","overlay-type":"","overlay-color":"","overlay-opacity":"","overlay-gradient":""},"mobile":{"background-color":"var(--ast-global-color-5)","background-image":"","background-repeat":"repeat","background-position":"center center","background-size":"auto","background-attachment":"scroll","background-type":"","background-media":"","overlay-type":"","overlay-color":"","overlay-opacity":"","overlay-gradient":""}}},"product_brand":[],"product_cat":[255],"product_tag":[],"class_list":{"0":"post-6273","1":"product","2":"type-product","3":"status-publish","4":"has-post-thumbnail","6":"product_cat-high-protein-udon-noodles","7":"desktop-align-left","8":"tablet-align-left","9":"mobile-align-left","10":"ast-product-gallery-layout-horizontal-slider","11":"ast-product-tabs-layout-horizontal","13":"first","14":"instock","15":"shipping-taxable","16":"product-type-simple"},"_links":{"self":[{"href":"https:\/\/sentaiyuanbio.com\/fr\/wp-json\/wp\/v2\/product\/6273","targetHints":{"allow":["GET"]}}],"collection":[{"href":"https:\/\/sentaiyuanbio.com\/fr\/wp-json\/wp\/v2\/product"}],"about":[{"href":"https:\/\/sentaiyuanbio.com\/fr\/wp-json\/wp\/v2\/types\/product"}],"version-history":[{"count":2,"href":"https:\/\/sentaiyuanbio.com\/fr\/wp-json\/wp\/v2\/product\/6273\/revisions"}],"predecessor-version":[{"id":6290,"href":"https:\/\/sentaiyuanbio.com\/fr\/wp-json\/wp\/v2\/product\/6273\/revisions\/6290"}],"wp:featuredmedia":[{"embeddable":true,"href":"https:\/\/sentaiyuanbio.com\/fr\/wp-json\/wp\/v2\/media\/6280"}],"wp:attachment":[{"href":"https:\/\/sentaiyuanbio.com\/fr\/wp-json\/wp\/v2\/media?parent=6273"}],"wp:term":[{"taxonomy":"product_brand","embeddable":true,"href":"https:\/\/sentaiyuanbio.com\/fr\/wp-json\/wp\/v2\/product_brand?post=6273"},{"taxonomy":"product_cat","embeddable":true,"href":"https:\/\/sentaiyuanbio.com\/fr\/wp-json\/wp\/v2\/product_cat?post=6273"},{"taxonomy":"product_tag","embeddable":true,"href":"https:\/\/sentaiyuanbio.com\/fr\/wp-json\/wp\/v2\/product_tag?post=6273"}],"curies":[{"name":"wp","href":"https:\/\/api.w.org\/{rel}","templated":true}]}}