{"id":1364,"date":"2024-05-06T06:24:37","date_gmt":"2024-05-06T06:24:37","guid":{"rendered":"https:\/\/sentaiyuanbio.com\/?post_type=product&#038;p=1364"},"modified":"2025-02-24T03:20:11","modified_gmt":"2025-02-24T03:20:11","slug":"esparguete-konjac-massa-com-baixo-teor-calorico-shirataki-biologico","status":"publish","type":"product","link":"https:\/\/sentaiyuanbio.com\/pt\/produto\/esparguete-konjac-massa-com-baixo-teor-calorico-shirataki-biologico\/","title":{"rendered":"Esparguete konjac massa com baixo teor cal\u00f3rico biol\u00f3gico"},"content":{"rendered":"<p class=\"translation-block\">As fibras vegetais naturais do esparguete Konjac n\u00e3o s\u00f3 satisfazem a sua fome como tamb\u00e9m o ajudam a perder peso. Ent\u00e3o, se voc\u00ea est\u00e1 procurando perder peso sem passar fome, ou um <a href=\"https:\/\/www.who.int\/news-room\/fact-sheets\/detail\/diabetes\" target=\"_blank\" rel=\"noopener\">Diab\u00e9tico<\/a> procurando uma alternativa sem a\u00e7\u00facar e sem carboidratos para macarr\u00e3o, <a href=\"https:\/\/sentaiyuanbio.com\/pt\/konjac\/\" target=\"_blank\" rel=\"noopener\">Konjac<\/a> \u00e9 uma alternativa ideal para quem quer ter uma \u00f3tima apar\u00eancia e permanecer com uma \u00f3tima apar\u00eancia, sem culpa!<\/p>\n<h2><strong>Fun\u00e7\u00f5es do esparguete konjac:<\/strong><\/h2>\n<p>Desintoxica\u00e7\u00e3o, dieta, defeca\u00e7\u00e3o, limpeza do est\u00f4mago, preven\u00e7\u00e3o de doen\u00e7as, preven\u00e7\u00e3o da diabetes, equil\u00edbrio do sal, suplemento de c\u00e1lcio, preven\u00e7\u00e3o do cancro.<\/p>\n<h2><strong>Especifica\u00e7\u00f5es do esparguete Konjac:<\/strong><\/h2>\n<p>Di\u00e2metro: 1,8-2,5 mm<\/p>\n<p>Comprimento: 10-20cm<\/p>\n<p>Armazenamento: Guardado num local fresco e seco. Manter afastado da luz forte e do calor.<\/p>\n<p>Capacidade de fornecimento: 3000X20HQ\/ano<\/p>\n<p>Prazo de validade: 1 ano quando corretamente armazenado.<\/p>\n<h2><strong>Factos nutricionais<\/strong><\/h2>\n<table class=\"aliDataTable\" style=\"width: 293px;\">\n<tbody>\n<tr align=\"left\">\n<td style=\"font-style: normal; width: 130.5pt; color: #000000; font-size: 10pt;\"><span style=\"font-family: georgia, palatino; font-size: 16px;\">Tamanho da dose<\/span><\/td>\n<td style=\"font-style: normal; width: 89.25pt; color: #000000; font-size: 10pt;\"><span style=\"font-family: georgia, palatino; color: #3366ff; font-size: 16px;\">100g<\/span><\/td>\n<\/tr>\n<tr align=\"left\">\n<td style=\"font-style: normal; color: #000000; font-size: 10pt;\"><span style=\"font-family: georgia, palatino; font-size: 16px;\">Energia<\/span><\/td>\n<td style=\"font-style: normal; color: #000000; font-size: 10pt;\"><span style=\"font-family: georgia, palatino; color: #3366ff; font-size: 16px;\">6 kcal<\/span><\/td>\n<\/tr>\n<tr align=\"left\">\n<td style=\"font-style: normal; color: #000000; font-size: 10pt;\"><span style=\"font-family: georgia, palatino; font-size: 16px;\">Prote\u00edna<\/span><\/td>\n<td style=\"font-style: normal; color: #000000; font-size: 10pt;\"><span style=\"font-family: georgia, palatino; color: #3366ff; font-size: 16px;\">&lt;0.5g<\/span><\/td>\n<\/tr>\n<tr align=\"left\">\n<td style=\"font-style: normal; color: #000000; font-size: 10pt;\"><span style=\"font-family: georgia, palatino; font-size: 16px;\">Gordura total<\/span><\/td>\n<td style=\"font-style: normal; color: #000000; font-size: 10pt;\"><span style=\"font-family: georgia, palatino; color: #3366ff; font-size: 16px;\">&lt;0.5g<\/span><\/td>\n<\/tr>\n<tr align=\"left\">\n<td style=\"font-style: normal; color: #000000; font-size: 10pt;\"><span style=\"font-family: georgia, palatino; font-size: 16px;\">\u00c1cidos gordos saturados<\/span><\/td>\n<td style=\"font-style: normal; color: #000000; font-size: 10pt;\"><span style=\"font-family: georgia, palatino; color: #3366ff; font-size: 16px;\">&lt;0.1g<\/span><\/td>\n<\/tr>\n<tr align=\"left\">\n<td style=\"font-style: normal; color: #000000; font-size: 10pt;\"><span style=\"font-family: georgia, palatino; font-size: 16px;\">\u00c1cidos gordos trans<\/span><\/td>\n<td style=\"font-style: normal; color: #000000; font-size: 10pt;\"><span style=\"font-family: georgia, palatino; color: #3366ff; font-size: 16px;\">&lt;0.1g<\/span><\/td>\n<\/tr>\n<tr align=\"left\">\n<td style=\"font-style: normal; color: #000000; font-size: 10pt;\"><span style=\"font-family: georgia, palatino; font-size: 16px;\">Hidratos de carbono totais<\/span><\/td>\n<td style=\"font-style: normal; color: #000000; font-size: 10pt;\"><span style=\"font-family: georgia, palatino; color: #3366ff; font-size: 16px;\">3.5g<\/span><\/td>\n<\/tr>\n<tr align=\"left\">\n<td style=\"font-style: normal; color: #000000; font-size: 10pt;\"><span style=\"font-family: georgia, palatino; font-size: 16px;\">A\u00e7\u00facar<\/span><\/td>\n<td style=\"font-style: normal; color: #000000; font-size: 10pt;\"><span style=\"font-family: georgia, palatino; color: #3366ff; font-size: 16px;\">&lt;0.5g<\/span><\/td>\n<\/tr>\n<tr align=\"left\">\n<td style=\"font-style: normal; color: #000000; font-size: 10pt;\"><span style=\"font-family: georgia, palatino; font-size: 16px;\">Fibra alimentar<\/span><\/td>\n<td style=\"font-style: normal; color: #000000; font-size: 10pt;\"><span style=\"font-family: georgia, palatino; color: #3366ff; font-size: 16px;\">3.0g<\/span><\/td>\n<\/tr>\n<tr align=\"left\">\n<td style=\"font-style: normal; color: #000000; font-size: 10pt;\"><span style=\"font-family: georgia, palatino; font-size: 16px;\">S\u00f3dio<\/span><\/td>\n<td style=\"font-style: normal; color: #000000; font-size: 10pt;\"><span style=\"font-family: georgia, palatino; color: #3366ff; font-size: 16px;\">&lt;5mg<\/span><\/td>\n<\/tr>\n<\/tbody>\n<\/table>","protected":false},"excerpt":{"rendered":"<p>As fibras vegetais naturais do esparguete Konjac satisfazem a sua fome e ajudam-no a perder peso. Quer perder peso sem passar fome?<\/p>","protected":false},"featured_media":3877,"template":"","meta":{"site-sidebar-layout":"default","site-content-layout":"","ast-site-content-layout":"default","site-content-style":"default","site-sidebar-style":"default","ast-global-header-display":"","ast-banner-title-visibility":"","ast-main-header-display":"","ast-hfb-above-header-display":"","ast-hfb-below-header-display":"","ast-hfb-mobile-header-display":"","site-post-title":"","ast-breadcrumbs-content":"","ast-featured-img":"","footer-sml-layout":"","ast-disable-related-posts":"","theme-transparent-header-meta":"default","adv-header-id-meta":"","stick-header-meta":"default","header-above-stick-meta":"","header-main-stick-meta":"","header-below-stick-meta":"","astra-migrate-meta-layouts":"set","ast-page-background-enabled":"default","ast-page-background-meta":{"desktop":{"background-color":"","background-image":"","background-repeat":"repeat","background-position":"center center","background-size":"auto","background-attachment":"scroll","background-type":"","background-media":"","overlay-type":"","overlay-color":"","overlay-opacity":"","overlay-gradient":""},"tablet":{"background-color":"","background-image":"","background-repeat":"repeat","background-position":"center center","background-size":"auto","background-attachment":"scroll","background-type":"","background-media":"","overlay-type":"","overlay-color":"","overlay-opacity":"","overlay-gradient":""},"mobile":{"background-color":"","background-image":"","background-repeat":"repeat","background-position":"center center","background-size":"auto","background-attachment":"scroll","background-type":"","background-media":"","overlay-type":"","overlay-color":"","overlay-opacity":"","overlay-gradient":""}},"ast-content-background-meta":{"desktop":{"background-color":"var(--ast-global-color-5)","background-image":"","background-repeat":"repeat","background-position":"center center","background-size":"auto","background-attachment":"scroll","background-type":"","background-media":"","overlay-type":"","overlay-color":"","overlay-opacity":"","overlay-gradient":""},"tablet":{"background-color":"var(--ast-global-color-5)","background-image":"","background-repeat":"repeat","background-position":"center center","background-size":"auto","background-attachment":"scroll","background-type":"","background-media":"","overlay-type":"","overlay-color":"","overlay-opacity":"","overlay-gradient":""},"mobile":{"background-color":"var(--ast-global-color-5)","background-image":"","background-repeat":"repeat","background-position":"center center","background-size":"auto","background-attachment":"scroll","background-type":"","background-media":"","overlay-type":"","overlay-color":"","overlay-opacity":"","overlay-gradient":""}}},"product_brand":[],"product_cat":[22],"product_tag":[29],"class_list":{"0":"post-1364","1":"product","2":"type-product","3":"status-publish","4":"has-post-thumbnail","6":"product_cat-konjac-pasta","7":"product_tag-konjac-spaghetti","8":"desktop-align-left","9":"tablet-align-left","10":"mobile-align-left","11":"ast-product-gallery-layout-horizontal-slider","12":"ast-product-tabs-layout-horizontal","14":"first","15":"instock","16":"shipping-taxable","17":"product-type-simple"},"_links":{"self":[{"href":"https:\/\/sentaiyuanbio.com\/pt\/wp-json\/wp\/v2\/product\/1364","targetHints":{"allow":["GET"]}}],"collection":[{"href":"https:\/\/sentaiyuanbio.com\/pt\/wp-json\/wp\/v2\/product"}],"about":[{"href":"https:\/\/sentaiyuanbio.com\/pt\/wp-json\/wp\/v2\/types\/product"}],"version-history":[{"count":0,"href":"https:\/\/sentaiyuanbio.com\/pt\/wp-json\/wp\/v2\/product\/1364\/revisions"}],"wp:featuredmedia":[{"embeddable":true,"href":"https:\/\/sentaiyuanbio.com\/pt\/wp-json\/wp\/v2\/media\/3877"}],"wp:attachment":[{"href":"https:\/\/sentaiyuanbio.com\/pt\/wp-json\/wp\/v2\/media?parent=1364"}],"wp:term":[{"taxonomy":"product_brand","embeddable":true,"href":"https:\/\/sentaiyuanbio.com\/pt\/wp-json\/wp\/v2\/product_brand?post=1364"},{"taxonomy":"product_cat","embeddable":true,"href":"https:\/\/sentaiyuanbio.com\/pt\/wp-json\/wp\/v2\/product_cat?post=1364"},{"taxonomy":"product_tag","embeddable":true,"href":"https:\/\/sentaiyuanbio.com\/pt\/wp-json\/wp\/v2\/product_tag?post=1364"}],"curies":[{"name":"wp","href":"https:\/\/api.w.org\/{rel}","templated":true}]}}