{"id":1371,"date":"2024-05-06T07:02:38","date_gmt":"2024-05-06T07:02:38","guid":{"rendered":"https:\/\/sentaiyuanbio.com\/?post_type=product&#038;p=1371"},"modified":"2026-04-20T08:19:28","modified_gmt":"2026-04-20T08:19:28","slug":"massa-konjac-dieta-konjac-wok-macarrao-instantaneo","status":"publish","type":"product","link":"https:\/\/sentaiyuanbio.com\/pt\/produto\/massa-konjac-dieta-konjac-wok-macarrao-instantaneo\/","title":{"rendered":"Dieta de massas konjac, fabricante de massas instant\u00e2neas"},"content":{"rendered":"<h2>Massa konjac macarr\u00e3o instant\u00e2neo wok dieta konjac<\/h2>\n<h3><strong>Informa\u00e7\u00f5es sobre o produto:<\/strong><\/h3>\n<p><strong>O que \u00e9 o Konjac?<\/strong><\/p>\n<p>A planta konjac (Amorphophallus konjac) cresce em encostas de 2.000 a 4.000 p\u00e9s acima do n\u00edvel do mar, onde desfruta do ar e da \u00e1gua limpos do habitat. A parte comest\u00edvel do <a href=\"https:\/\/sentaiyuanbio.com\/pt\/konjac\/\" target=\"_blank\" rel=\"noopener\">planta de konjac<\/a> \u00e9 a raiz que se assemelha a uma batata inhame ou taro de forma oval. Um equ\u00edvoco comum \u00e9 que o macarr\u00e3o konjac \u00e9 macarr\u00e3o de inhame - n\u00e3o \u00e9. Embora a raiz de konjac seja semelhante a outros vegetais de raiz, pertence a uma fam\u00edlia diferente de plantas. Enquanto as batatas e os inhames s\u00e3o conhecidos por serem ricos em amidos, o konjac tem um elevado teor de fibra e muito pouco amido.<\/p>\n<h3><strong>Quais s\u00e3o os benef\u00edcios para a sa\u00fade da massa konjac?<\/strong><\/h3>\n<p>A massa konjac \u00e9 feita com farinha de konjac que cont\u00e9m glucomanano, uma fibra alimentar sol\u00favel em \u00e1gua. Estudos demonstraram que o glucomanano de konjac na dieta \u00e9 ben\u00e9fico para a nossa sa\u00fade de v\u00e1rias formas<\/p>\n<p>1. Controlo do peso - <a href=\"https:\/\/en.wikipedia.org\/wiki\/Glucomannan\" target=\"_blank\" rel=\"noopener\">Glucomanano<\/a> enche o est\u00f4mago e atrasa o processo de digest\u00e3o, o que ajuda o consumidor a sentir-se \u201ccheio\u201d durante mais tempo, reduzindo a vontade de comer refei\u00e7\u00f5es pesadas ou snacks.<\/p>\n<p>2. Ajuda a controlar o n\u00edvel de a\u00e7\u00facar no sangue - Ao prolongar o tempo necess\u00e1rio para digerir uma refei\u00e7\u00e3o, os a\u00e7\u00facares e os hidratos de carbono de outros alimentos s\u00e3o processados mais lentamente, o que reduz os picos de a\u00e7\u00facar no sangue.<\/p>\n<p class=\"translation-block\">3. Reduzir o colesterol - O gel de glucomanano no sistema digestivo inibe a absor\u00e7\u00e3o de l\u00edpidos, tais como <a href=\"https:\/\/medlineplus.gov\/ldlthebadcholesterol.html\" target=\"_blank\" rel=\"noopener\">LDL (mau colesterol)<\/a>.<\/p>\n<p>4. Regular os movimentos intestinais - Tal como acontece com muitos alimentos que cont\u00eam fibras diet\u00e9ticas, o glucomanano pode ajudar a regular os movimentos intestinais.<\/p>\n<p><strong>Condi\u00e7\u00f5es de armazenamento:<\/strong><\/p>\n<p>Conservar em local fresco e seco, evitar a luz solar direta, refrigerar depois de aberto e utilizar no prazo de 3 dias; n\u00e3o congelar<\/p>\n<p>1. Especifica\u00e7\u00e3o: 1,2 cm*15 cm<\/p>\n<p class=\"translation-block\">2. Certificados:<strong> <\/strong>BRC, FDA, HACCP, HALAL, KOSHER;<\/p>\n<p>3. Prazo de entrega: 30 dias ap\u00f3s a rece\u00e7\u00e3o do pagamento inicial;<\/p>\n<p>4. Prazo de validade: 12 meses<\/p>\n<h3><strong>As instru\u00e7\u00f5es de alimenta\u00e7\u00e3o para<\/strong><strong> massa konjac pr\u00e9-cozinhada:<\/strong><\/h3>\n<p>1. Abrir a embalagem e escorrer o l\u00edquido;<\/p>\n<p>2. Passar a massa por \u00e1gua corrente da torneira durante dois ou tr\u00eas minutos;<\/p>\n<p>3. Colocar a massa numa frigideira e fritar durante 2-3 minutos, adicionar as especiarias, os molhos ou a sopa que desejar;<\/p>\n<p>4. Se n\u00e3o quiser fritar, pode aquecer a massa no micro-ondas durante 1-2 minutos;<\/p>\n<p>Tenha em aten\u00e7\u00e3o que a massa \u00e9 muito absorvente, pelo que absorver\u00e1 os molhos e os sabores com que os cozinhar.<\/p>\n<h3><strong>As instru\u00e7\u00f5es de consumo da massa instant\u00e2nea de konjac:<\/strong><\/h3>\n<p>1. Abrir a embalagem e escorrer o l\u00edquido;<\/p>\n<p>2. Lave a massa em \u00e1gua corrente da torneira durante dois ou tr\u00eas minutos;<\/p>\n<p>3. Coloque a massa numa tigela, adicione \u00e1gua fervida e escorra a \u00e1gua fervida;<\/p>\n<p>4. Adicione qualquer especiaria, molho ou sopa que desejar;<\/p>\n<p>5. A seguir, pode desfrutar.<\/p>\n<p>Tenha em aten\u00e7\u00e3o que a massa \u00e9 muito absorvente, pelo que absorver\u00e1 os molhos e os sabores com que os cozinhar.<\/p>\n<h3><strong>Factos nutricionais<\/strong><\/h3>\n<table class=\"aliDataTable\" style=\"width: 681px; height: 418px;\">\n<tbody>\n<tr align=\"left\">\n<td style=\"width: 130.5pt; color: #000000; font-size: 10pt; font-style: normal;\"><span style=\"font-family: times new roman,times; font-size: 18px;\">Tamanho da dose<\/span><\/td>\n<td style=\"width: 89.25pt; color: #000000; font-size: 10pt; font-style: normal;\"><span style=\"color: #3366ff; font-family: times new roman,times; font-size: 18px;\">100g<\/span><\/td>\n<\/tr>\n<tr align=\"left\">\n<td style=\"color: #000000; font-size: 10pt; font-style: normal;\"><span style=\"font-family: times new roman,times; font-size: 18px;\">Energia<\/span><\/td>\n<td style=\"color: #000000; font-size: 10pt; font-style: normal;\"><span style=\"color: #3366ff; font-family: times new roman,times; font-size: 18px;\">6 kcal<\/span><\/td>\n<\/tr>\n<tr align=\"left\">\n<td style=\"color: #000000; font-size: 10pt; font-style: normal;\"><span style=\"font-family: times new roman,times; font-size: 18px;\">Prote\u00edna<\/span><\/td>\n<td style=\"color: #000000; font-size: 10pt; font-style: normal;\"><span style=\"color: #3366ff; font-family: times new roman,times; font-size: 18px;\">&lt;0.5g<\/span><\/td>\n<\/tr>\n<tr align=\"left\">\n<td style=\"color: #000000; font-size: 10pt; font-style: normal;\"><span style=\"font-family: times new roman,times; font-size: 18px;\">Gordura total<\/span><\/td>\n<td style=\"color: #000000; font-size: 10pt; font-style: normal;\"><span style=\"color: #3366ff; font-family: times new roman,times; font-size: 18px;\">&lt;0.5g<\/span><\/td>\n<\/tr>\n<tr align=\"left\">\n<td style=\"color: #000000; font-size: 10pt; font-style: normal;\"><span style=\"font-family: times new roman,times; font-size: 18px;\">\u00c1cidos gordos saturados<\/span><\/td>\n<td style=\"color: #000000; font-size: 10pt; font-style: normal;\"><span style=\"color: #3366ff; font-family: times new roman,times; font-size: 18px;\">&lt;0.1g<\/span><\/td>\n<\/tr>\n<tr align=\"left\">\n<td style=\"color: #000000; font-size: 10pt; font-style: normal;\"><span style=\"font-family: times new roman,times; font-size: 18px;\">\u00c1cidos gordos trans<\/span><\/td>\n<td style=\"color: #000000; font-size: 10pt; font-style: normal;\"><span style=\"color: #3366ff; font-family: times new roman,times; font-size: 18px;\">&lt;0.1g<\/span><\/td>\n<\/tr>\n<tr align=\"left\">\n<td style=\"color: #000000; font-size: 10pt; font-style: normal;\"><span style=\"font-family: times new roman,times; font-size: 18px;\">Hidratos de carbono totais<\/span><\/td>\n<td style=\"color: #000000; font-size: 10pt; font-style: normal;\"><span style=\"color: #3366ff; font-family: times new roman,times; font-size: 18px;\">3.5g<\/span><\/td>\n<\/tr>\n<tr align=\"left\">\n<td style=\"color: #000000; font-size: 10pt; font-style: normal;\"><span style=\"font-family: times new roman,times; font-size: 18px;\">A\u00e7\u00facar<\/span><\/td>\n<td style=\"color: #000000; font-size: 10pt; font-style: normal;\"><span style=\"color: #3366ff; font-family: times new roman,times; font-size: 18px;\">&lt;0.5g<\/span><\/td>\n<\/tr>\n<tr align=\"left\">\n<td style=\"color: #000000; font-size: 10pt; font-style: normal;\"><span style=\"font-family: times new roman,times; font-size: 18px;\">Fibra alimentar<\/span><\/td>\n<td style=\"color: #000000; font-size: 10pt; font-style: normal;\"><span style=\"color: #3366ff; font-family: times new roman,times; font-size: 18px;\">3.0g<\/span><\/td>\n<\/tr>\n<tr align=\"left\">\n<td style=\"color: #000000; font-size: 10pt; font-style: normal;\"><span style=\"font-family: times new roman,times; font-size: 18px;\">S\u00f3dio<\/span><\/td>\n<td style=\"color: #000000; font-size: 10pt; font-style: normal;\"><span style=\"color: #3366ff; font-family: times new roman,times; font-size: 18px;\">&lt;5mg<\/span><\/td>\n<\/tr>\n<\/tbody>\n<\/table>\n<div id=\"gtx-trans\" style=\"position: absolute; left: 287px; top: 377.328px;\">\n<div class=\"gtx-trans-icon\"><\/div>\n<\/div>","protected":false},"excerpt":{"rendered":"<p>A massa konjac \u00e9 feita com farinha de konjac que cont\u00e9m a fibra alimentar sol\u00favel em \u00e1gua glucomanano. Estudos demonstraram que o glucomanano de konjac na dieta \u00e9 ben\u00e9fico para a nossa sa\u00fade de muitas formas.<\/p>","protected":false},"featured_media":3859,"template":"","meta":{"site-sidebar-layout":"default","site-content-layout":"","ast-site-content-layout":"default","site-content-style":"default","site-sidebar-style":"default","ast-global-header-display":"","ast-banner-title-visibility":"","ast-main-header-display":"","ast-hfb-above-header-display":"","ast-hfb-below-header-display":"","ast-hfb-mobile-header-display":"","site-post-title":"","ast-breadcrumbs-content":"","ast-featured-img":"","footer-sml-layout":"","ast-disable-related-posts":"","theme-transparent-header-meta":"default","adv-header-id-meta":"","stick-header-meta":"default","header-above-stick-meta":"","header-main-stick-meta":"","header-below-stick-meta":"","astra-migrate-meta-layouts":"set","ast-page-background-enabled":"default","ast-page-background-meta":{"desktop":{"background-color":"","background-image":"","background-repeat":"repeat","background-position":"center center","background-size":"auto","background-attachment":"scroll","background-type":"","background-media":"","overlay-type":"","overlay-color":"","overlay-opacity":"","overlay-gradient":""},"tablet":{"background-color":"","background-image":"","background-repeat":"repeat","background-position":"center center","background-size":"auto","background-attachment":"scroll","background-type":"","background-media":"","overlay-type":"","overlay-color":"","overlay-opacity":"","overlay-gradient":""},"mobile":{"background-color":"","background-image":"","background-repeat":"repeat","background-position":"center center","background-size":"auto","background-attachment":"scroll","background-type":"","background-media":"","overlay-type":"","overlay-color":"","overlay-opacity":"","overlay-gradient":""}},"ast-content-background-meta":{"desktop":{"background-color":"var(--ast-global-color-5)","background-image":"","background-repeat":"repeat","background-position":"center center","background-size":"auto","background-attachment":"scroll","background-type":"","background-media":"","overlay-type":"","overlay-color":"","overlay-opacity":"","overlay-gradient":""},"tablet":{"background-color":"var(--ast-global-color-5)","background-image":"","background-repeat":"repeat","background-position":"center center","background-size":"auto","background-attachment":"scroll","background-type":"","background-media":"","overlay-type":"","overlay-color":"","overlay-opacity":"","overlay-gradient":""},"mobile":{"background-color":"var(--ast-global-color-5)","background-image":"","background-repeat":"repeat","background-position":"center center","background-size":"auto","background-attachment":"scroll","background-type":"","background-media":"","overlay-type":"","overlay-color":"","overlay-opacity":"","overlay-gradient":""}}},"product_brand":[],"product_cat":[22],"product_tag":[32],"class_list":{"0":"post-1371","1":"product","2":"type-product","3":"status-publish","4":"has-post-thumbnail","6":"product_cat-konjac-pasta","7":"product_tag-konjac-pasta","8":"desktop-align-left","9":"tablet-align-left","10":"mobile-align-left","11":"ast-product-gallery-layout-horizontal-slider","12":"ast-product-tabs-layout-horizontal","14":"first","15":"instock","16":"shipping-taxable","17":"product-type-simple"},"_links":{"self":[{"href":"https:\/\/sentaiyuanbio.com\/pt\/wp-json\/wp\/v2\/product\/1371","targetHints":{"allow":["GET"]}}],"collection":[{"href":"https:\/\/sentaiyuanbio.com\/pt\/wp-json\/wp\/v2\/product"}],"about":[{"href":"https:\/\/sentaiyuanbio.com\/pt\/wp-json\/wp\/v2\/types\/product"}],"version-history":[{"count":1,"href":"https:\/\/sentaiyuanbio.com\/pt\/wp-json\/wp\/v2\/product\/1371\/revisions"}],"predecessor-version":[{"id":6156,"href":"https:\/\/sentaiyuanbio.com\/pt\/wp-json\/wp\/v2\/product\/1371\/revisions\/6156"}],"wp:featuredmedia":[{"embeddable":true,"href":"https:\/\/sentaiyuanbio.com\/pt\/wp-json\/wp\/v2\/media\/3859"}],"wp:attachment":[{"href":"https:\/\/sentaiyuanbio.com\/pt\/wp-json\/wp\/v2\/media?parent=1371"}],"wp:term":[{"taxonomy":"product_brand","embeddable":true,"href":"https:\/\/sentaiyuanbio.com\/pt\/wp-json\/wp\/v2\/product_brand?post=1371"},{"taxonomy":"product_cat","embeddable":true,"href":"https:\/\/sentaiyuanbio.com\/pt\/wp-json\/wp\/v2\/product_cat?post=1371"},{"taxonomy":"product_tag","embeddable":true,"href":"https:\/\/sentaiyuanbio.com\/pt\/wp-json\/wp\/v2\/product_tag?post=1371"}],"curies":[{"name":"wp","href":"https:\/\/api.w.org\/{rel}","templated":true}]}}