{"id":1375,"date":"2024-05-06T07:16:40","date_gmt":"2024-05-06T07:16:40","guid":{"rendered":"https:\/\/sentaiyuanbio.com\/?post_type=product&#038;p=1375"},"modified":"2025-02-27T01:43:32","modified_gmt":"2025-02-27T01:43:32","slug":"macarrao-udon-puro-konjac-sem-amido","status":"publish","type":"product","link":"https:\/\/sentaiyuanbio.com\/pt\/produto\/macarrao-udon-puro-konjac-sem-amido\/","title":{"rendered":"Macarr\u00e3o Konjac udon, macarr\u00e3o konjac puro sem amido"},"content":{"rendered":"<h2>Descri\u00e7\u00e3o do macarr\u00e3o Konjac Udon<\/h2>\n<p>O macarr\u00e3o konjac \u00e9 por vezes chamado <a href=\"https:\/\/sentaiyuanbio.com\/pt\/categoria-produto\/massa-konjac\/\" target=\"_blank\" rel=\"noopener\">macarr\u00e3o shirataki<\/a>. S\u00e3o fabricados a partir de p\u00f3 de konjac, uma raiz vegetal rica em amido cultivada em toda a \u00c1sia.<\/p>\n<p>O ingrediente principal do konjac udon \u00e9 o macarr\u00e3o konjac. O macarr\u00e3o Konjac udon \u00e9 um excelente acompanhamento para sopas e guisados asi\u00e1ticos.<\/p>\n<p>O macarr\u00e3o konjac tem pouco sabor por si s\u00f3. Sabem melhor quando usados em sopas picantes, caril e salteados. Tamb\u00e9m podem ser servidos frios, com molho de soja, mirin e molho de gengibre.<\/p>\n<p>As fibras vegetais naturais do macarr\u00e3o konjac n\u00e3o s\u00f3 satisfazem a sua fome como tamb\u00e9m ajudam a perder peso. Por isso, quer esteja \u00e0 procura de perder peso sem passar fome, ou de um <a href=\"https:\/\/my.clevelandclinic.org\/health\/diseases\/7104-diabetes\" target=\"_blank\" rel=\"noopener\">Diab\u00e9tico<\/a> \u00e0 procura de uma alternativa ao macarr\u00e3o sem a\u00e7\u00facar e sem hidratos de carbono, o Konjac \u00e9 a alternativa ideal para quem quer ter um \u00f3timo aspeto e manter-se com \u00f3timo aspeto, sem culpa!<\/p>\n<h2>Especifica\u00e7\u00f5es do macarr\u00e3o Konjac Udon:<\/h2>\n<p>Di\u00e2metro: 1,8-2,5 mm<\/p>\n<p>Comprimento: 15-20cm<\/p>\n<p>Peso: 200g\/saco ou de acordo com a sua necessidade.<\/p>\n<p>Armazenamento: Guardado num local fresco e seco. Manter afastado da luz forte e do calor.<\/p>\n<p>Capacidade de fornecimento: 3000X20HQ\/ano<\/p>\n<p>Prazo de validade: 1 ano quando corretamente armazenado.<\/p>\n<h2>Factos nutricionais<\/h2>\n<p>Existem cerca de 12 calorias por 100 gramas de massa konjac udon.<\/p>\n<p>O teor de hidratos de carbono \u00e9 de 1,7 gramas.<\/p>\n<p><strong>Baixo teor cal\u00f3rico<\/strong>: O Konjac Udon Noodle tem apenas 12 calorias por 100g, o que \u00e9 adequado para pessoas que controlam a sua ingest\u00e3o de calorias.<\/p>\n<p><strong>Altamente saciante<\/strong>: Uma vez que o macarr\u00e3o konjac udon n\u00e3o tem prote\u00ednas nem gorduras, pode aumentar a saciedade, mas tamb\u00e9m se deve ter o cuidado de o combinar com outros alimentos ricos em nutrientes, como legumes e carne, para garantir uma dieta bem equilibrada.<\/p>\n<table class=\"aliDataTable\" style=\"width: 293px;\">\n<tbody>\n<tr align=\"left\">\n<td style=\"font-style: normal; width: 130.5pt; color: #000000; font-size: 10pt;\"><span style=\"font-family: georgia, palatino; font-size: 16px;\">Tamanho da dose<\/span><\/td>\n<td style=\"font-style: normal; width: 89.25pt; color: #000000; font-size: 10pt;\"><span style=\"font-family: georgia, palatino; color: #3366ff; font-size: 16px;\">100g<\/span><\/td>\n<\/tr>\n<tr align=\"left\">\n<td style=\"font-style: normal; color: #000000; font-size: 10pt;\"><span style=\"font-family: georgia, palatino; font-size: 16px;\">Energia<\/span><\/td>\n<td style=\"font-style: normal; color: #000000; font-size: 10pt;\"><span style=\"font-family: georgia, palatino; color: #3366ff; font-size: 16px;\">6 kcal<\/span><\/td>\n<\/tr>\n<tr align=\"left\">\n<td style=\"font-style: normal; color: #000000; font-size: 10pt;\"><span style=\"font-family: georgia, palatino; font-size: 16px;\">Prote\u00edna<\/span><\/td>\n<td style=\"font-style: normal; color: #000000; font-size: 10pt;\"><span style=\"font-family: georgia, palatino; color: #3366ff; font-size: 16px;\">&lt;0.5g<\/span><\/td>\n<\/tr>\n<tr align=\"left\">\n<td style=\"font-style: normal; color: #000000; font-size: 10pt;\"><span style=\"font-family: georgia, palatino; font-size: 16px;\">Gordura total<\/span><\/td>\n<td style=\"font-style: normal; color: #000000; font-size: 10pt;\"><span style=\"font-family: georgia, palatino; color: #3366ff; font-size: 16px;\">&lt;0.5g<\/span><\/td>\n<\/tr>\n<tr align=\"left\">\n<td style=\"font-style: normal; color: #000000; font-size: 10pt;\"><span style=\"font-family: georgia, palatino; font-size: 16px;\">\u00c1cidos gordos saturados<\/span><\/td>\n<td style=\"font-style: normal; color: #000000; font-size: 10pt;\"><span style=\"font-family: georgia, palatino; color: #3366ff; font-size: 16px;\">&lt;0.1g<\/span><\/td>\n<\/tr>\n<tr align=\"left\">\n<td style=\"font-style: normal; color: #000000; font-size: 10pt;\"><span style=\"font-family: georgia, palatino; font-size: 16px;\">\u00c1cidos gordos trans<\/span><\/td>\n<td style=\"font-style: normal; color: #000000; font-size: 10pt;\"><span style=\"font-family: georgia, palatino; color: #3366ff; font-size: 16px;\">&lt;0.1g<\/span><\/td>\n<\/tr>\n<tr align=\"left\">\n<td style=\"font-style: normal; color: #000000; font-size: 10pt;\"><span style=\"font-family: georgia, palatino; font-size: 16px;\">Hidratos de carbono totais<\/span><\/td>\n<td style=\"font-style: normal; color: #000000; font-size: 10pt;\"><span style=\"font-family: georgia, palatino; color: #3366ff; font-size: 16px;\">3.5g<\/span><\/td>\n<\/tr>\n<tr align=\"left\">\n<td style=\"font-style: normal; color: #000000; font-size: 10pt;\"><span style=\"font-family: georgia, palatino; font-size: 16px;\">A\u00e7\u00facar<\/span><\/td>\n<td style=\"font-style: normal; color: #000000; font-size: 10pt;\"><span style=\"font-family: georgia, palatino; color: #3366ff; font-size: 16px;\">&lt;0.5g<\/span><\/td>\n<\/tr>\n<tr align=\"left\">\n<td style=\"font-style: normal; color: #000000; font-size: 10pt;\"><span style=\"font-family: georgia, palatino; font-size: 16px;\">Fibra alimentar<\/span><\/td>\n<td style=\"font-style: normal; color: #000000; font-size: 10pt;\"><span style=\"font-family: georgia, palatino; color: #3366ff; font-size: 16px;\">3.0g<\/span><\/td>\n<\/tr>\n<tr align=\"left\">\n<td style=\"font-style: normal; color: #000000; font-size: 10pt;\"><span style=\"font-family: georgia, palatino; font-size: 16px;\">S\u00f3dio<\/span><\/td>\n<td style=\"font-style: normal; color: #000000; font-size: 10pt;\"><span style=\"font-family: georgia, palatino; color: #3366ff; font-size: 16px;\">&lt;5mg<\/span><\/td>\n<\/tr>\n<\/tbody>\n<\/table>\n<div id=\"gtx-trans\" style=\"position: absolute; left: 794px; top: -2px;\">\n<div class=\"gtx-trans-icon\"><\/div>\n<\/div>","protected":false},"excerpt":{"rendered":"<p>As fibras vegetais naturais do macarr\u00e3o udon konjac satisfazem a sua fome e ajudam-no a perder peso.<\/p>\n<div id=\"gtx-trans\" style=\"position: absolute; left: 326px; top: -3px;\">\n<div class=\"gtx-trans-icon\"><\/div>\n<\/div>","protected":false},"featured_media":4222,"template":"","meta":{"site-sidebar-layout":"default","site-content-layout":"","ast-site-content-layout":"default","site-content-style":"default","site-sidebar-style":"default","ast-global-header-display":"","ast-banner-title-visibility":"","ast-main-header-display":"","ast-hfb-above-header-display":"","ast-hfb-below-header-display":"","ast-hfb-mobile-header-display":"","site-post-title":"","ast-breadcrumbs-content":"","ast-featured-img":"","footer-sml-layout":"","ast-disable-related-posts":"","theme-transparent-header-meta":"default","adv-header-id-meta":"","stick-header-meta":"default","header-above-stick-meta":"","header-main-stick-meta":"","header-below-stick-meta":"","astra-migrate-meta-layouts":"set","ast-page-background-enabled":"default","ast-page-background-meta":{"desktop":{"background-color":"","background-image":"","background-repeat":"repeat","background-position":"center center","background-size":"auto","background-attachment":"scroll","background-type":"","background-media":"","overlay-type":"","overlay-color":"","overlay-opacity":"","overlay-gradient":""},"tablet":{"background-color":"","background-image":"","background-repeat":"repeat","background-position":"center center","background-size":"auto","background-attachment":"scroll","background-type":"","background-media":"","overlay-type":"","overlay-color":"","overlay-opacity":"","overlay-gradient":""},"mobile":{"background-color":"","background-image":"","background-repeat":"repeat","background-position":"center center","background-size":"auto","background-attachment":"scroll","background-type":"","background-media":"","overlay-type":"","overlay-color":"","overlay-opacity":"","overlay-gradient":""}},"ast-content-background-meta":{"desktop":{"background-color":"var(--ast-global-color-5)","background-image":"","background-repeat":"repeat","background-position":"center center","background-size":"auto","background-attachment":"scroll","background-type":"","background-media":"","overlay-type":"","overlay-color":"","overlay-opacity":"","overlay-gradient":""},"tablet":{"background-color":"var(--ast-global-color-5)","background-image":"","background-repeat":"repeat","background-position":"center center","background-size":"auto","background-attachment":"scroll","background-type":"","background-media":"","overlay-type":"","overlay-color":"","overlay-opacity":"","overlay-gradient":""},"mobile":{"background-color":"var(--ast-global-color-5)","background-image":"","background-repeat":"repeat","background-position":"center center","background-size":"auto","background-attachment":"scroll","background-type":"","background-media":"","overlay-type":"","overlay-color":"","overlay-opacity":"","overlay-gradient":""}}},"product_brand":[],"product_cat":[22],"product_tag":[],"class_list":{"0":"post-1375","1":"product","2":"type-product","3":"status-publish","4":"has-post-thumbnail","6":"product_cat-konjac-pasta","7":"desktop-align-left","8":"tablet-align-left","9":"mobile-align-left","10":"ast-product-gallery-layout-horizontal-slider","11":"ast-product-tabs-layout-horizontal","13":"first","14":"instock","15":"shipping-taxable","16":"product-type-simple"},"_links":{"self":[{"href":"https:\/\/sentaiyuanbio.com\/pt\/wp-json\/wp\/v2\/product\/1375","targetHints":{"allow":["GET"]}}],"collection":[{"href":"https:\/\/sentaiyuanbio.com\/pt\/wp-json\/wp\/v2\/product"}],"about":[{"href":"https:\/\/sentaiyuanbio.com\/pt\/wp-json\/wp\/v2\/types\/product"}],"version-history":[{"count":0,"href":"https:\/\/sentaiyuanbio.com\/pt\/wp-json\/wp\/v2\/product\/1375\/revisions"}],"wp:featuredmedia":[{"embeddable":true,"href":"https:\/\/sentaiyuanbio.com\/pt\/wp-json\/wp\/v2\/media\/4222"}],"wp:attachment":[{"href":"https:\/\/sentaiyuanbio.com\/pt\/wp-json\/wp\/v2\/media?parent=1375"}],"wp:term":[{"taxonomy":"product_brand","embeddable":true,"href":"https:\/\/sentaiyuanbio.com\/pt\/wp-json\/wp\/v2\/product_brand?post=1375"},{"taxonomy":"product_cat","embeddable":true,"href":"https:\/\/sentaiyuanbio.com\/pt\/wp-json\/wp\/v2\/product_cat?post=1375"},{"taxonomy":"product_tag","embeddable":true,"href":"https:\/\/sentaiyuanbio.com\/pt\/wp-json\/wp\/v2\/product_tag?post=1375"}],"curies":[{"name":"wp","href":"https:\/\/api.w.org\/{rel}","templated":true}]}}