{"id":1379,"date":"2024-05-06T07:42:55","date_gmt":"2024-05-06T07:42:55","guid":{"rendered":"https:\/\/sentaiyuanbio.com\/?post_type=product&#038;p=1379"},"modified":"2025-03-06T09:12:17","modified_gmt":"2025-03-06T09:12:17","slug":"arroz-konjac","status":"publish","type":"product","link":"https:\/\/sentaiyuanbio.com\/pt\/produto\/arroz-konjac\/","title":{"rendered":"Arroz Konjac, Arroz Shirataki H\u00famido HACCP Kosher"},"content":{"rendered":"<h2><strong>O que \u00e9 o Konjac?<\/strong><\/h2>\n<p>A planta konjac (<a href=\"https:\/\/en.wikipedia.org\/wiki\/Amorphophallus\" target=\"_blank\" rel=\"noopener\">Amorphophallus<\/a> konjac) cresce em encostas de 2000 a 4000 p\u00e9s acima do n\u00edvel do mar, onde desfruta do ar e da \u00e1gua limpos do habitat. A parte comest\u00edvel da planta konjac \u00e9 a raiz que se assemelha a uma batata inhame ou taro de forma oval. Um equ\u00edvoco comum \u00e9 que <a href=\"https:\/\/sentaiyuanbio.com\/pt\/produto\/massa-konjac-dieta-konjac-wok-macarrao-instantaneo\/\" target=\"_blank\" rel=\"noopener\">Massa konjac<\/a> s\u00e3o massas de inhame - n\u00e3o s\u00e3o. Embora a raiz de konjac seja semelhante a outros vegetais de raiz, pertence a uma fam\u00edlia diferente de plantas. Enquanto as batatas e os inhames s\u00e3o conhecidos por serem ricos em amidos, o konjac tem um elevado teor de fibra e muito pouco amido.<\/p>\n<h2><strong>Quais s\u00e3o os benef\u00edcios para a sa\u00fade do arroz konjac (arroz Shirataki)?<\/strong><\/h2>\n<p>O arroz konjac \u00e9 feito com <strong>farinha de konjac<\/strong> que cont\u00e9m a fibra alimentar hidrossol\u00favel glucomanano. Estudos demonstraram que o glucomanano de konjac na dieta \u00e9 ben\u00e9fico para a nossa sa\u00fade de v\u00e1rias formas<\/p>\n<p>1. Controlo do peso - O glucomanano enche o est\u00f4mago e retarda a digest\u00e3o, o que ajuda o consumidor a sentir-se \u201ccheio\u201d durante mais tempo, reduzindo a vontade de comer refei\u00e7\u00f5es pesadas ou snacks.<\/p>\n<p>2. Ajuda a controlar o n\u00edvel de a\u00e7\u00facar no sangue - Ao prolongar o tempo necess\u00e1rio para digerir uma refei\u00e7\u00e3o, os a\u00e7\u00facares e os hidratos de carbono de outros alimentos s\u00e3o processados mais lentamente, o que reduz os picos de a\u00e7\u00facar no sangue.<\/p>\n<p class=\"translation-block\">3. Reduzir o colesterol - O gel de glucomanano no sistema digestivo inibe a absor\u00e7\u00e3o de l\u00edpidos, tais como <a href=\"https:\/\/medlineplus.gov\/ldlthebadcholesterol.html\" target=\"_blank\" rel=\"noopener\">LDL (mau colesterol)<\/a>.<\/p>\n<p>4. Regular os movimentos intestinais - Tal como acontece com muitos alimentos que cont\u00eam fibras diet\u00e9ticas, o glucomanano pode ajudar a regular os movimentos intestinais.<\/p>\n<p><strong>Condi\u00e7\u00f5es de armazenamento:<\/strong><\/p>\n<p>Conservar em local fresco e seco, evitar a luz solar direta, refrigerar depois de aberto e utilizar no prazo de 3 dias; n\u00e3o congelar<\/p>\n<p>1. Especifica\u00e7\u00e3o: 2,4 mm*15 cm<\/p>\n<p class=\"translation-block\">2. Certificados:<strong> <\/strong>BRC, FDA, HACCP, HALAL, KOSHER;<\/p>\n<p>3. Prazo de entrega: 30 dias ap\u00f3s a rece\u00e7\u00e3o do pagamento inicial;<\/p>\n<p>4. Prazo de validade: 12 meses;<\/p>\n<h2><strong>As instru\u00e7\u00f5es de alimenta\u00e7\u00e3o para<\/strong><strong> arroz Konjac pr\u00e9-cozinhado:<\/strong><\/h2>\n<p>1. Abrir a embalagem e escorrer o l\u00edquido;<\/p>\n<p>2. Passar o arroz por \u00e1gua corrente da torneira durante dois ou tr\u00eas minutos;<\/p>\n<p>3. Colocar o arroz num tacho e fritar durante 2-3 minutos, juntar as especiarias, os molhos ou a sopa que desejar;<\/p>\n<p>4. Se n\u00e3o quiser fritar, pode aquecer o arroz no micro-ondas durante 1-2 minutos;<\/p>\n<p>Tenha em aten\u00e7\u00e3o que o arroz \u00e9 muito absorvente, pelo que absorver\u00e1 os molhos e os sabores com que os cozinhar.<\/p>\n<h2><strong>As instru\u00e7\u00f5es de consumo do arroz konjac instant\u00e2neo:<\/strong><\/h2>\n<p>1. Abrir a embalagem e escorrer o l\u00edquido;<\/p>\n<p>2. Lavar o arroz konjac em \u00e1gua corrente da torneira durante dois ou tr\u00eas minutos;<\/p>\n<p>3. Colocar o arroz konjac numa tigela, adicionar \u00e1gua fervida e escorrer a \u00e1gua fervida;<\/p>\n<p>4. Adicione qualquer especiaria, molho ou sopa que desejar;<\/p>\n<p>5. A seguir, pode desfrutar.<\/p>\n<style>.embed-container { position: relative; padding-bottom: 56.25%; height: 0; overflow: hidden; max-width: 100%; } .embed-container iframe, .embed-container object, .embed-container embed { position: absolute; top: 0; left: 0; width: 100%; height: 100%; }<\/style>\n<div class=\"embed-container\"><iframe src=\"https:\/\/www.youtube.com\/embed\/Y9r1fgiu6-A?si=6i8G14LRLhNx0Kq8\" frameborder=\"0\" allowfullscreen=\"allowfullscreen\"><\/iframe><\/div>","protected":false},"excerpt":{"rendered":"<p>O arroz konjac (arroz Shirataki) \u00e9 feito com farinha de konjac que cont\u00e9m glucomanano, uma fibra alimentar sol\u00favel em \u00e1gua. Estudos demonstraram que o glucomanano de konjac na dieta \u00e9 ben\u00e9fico para a nossa sa\u00fade de muitas formas.<\/p>","protected":false},"featured_media":3868,"template":"","meta":{"site-sidebar-layout":"default","site-content-layout":"","ast-site-content-layout":"default","site-content-style":"default","site-sidebar-style":"default","ast-global-header-display":"","ast-banner-title-visibility":"","ast-main-header-display":"","ast-hfb-above-header-display":"","ast-hfb-below-header-display":"","ast-hfb-mobile-header-display":"","site-post-title":"","ast-breadcrumbs-content":"","ast-featured-img":"","footer-sml-layout":"","ast-disable-related-posts":"","theme-transparent-header-meta":"default","adv-header-id-meta":"","stick-header-meta":"default","header-above-stick-meta":"","header-main-stick-meta":"","header-below-stick-meta":"","astra-migrate-meta-layouts":"set","ast-page-background-enabled":"default","ast-page-background-meta":{"desktop":{"background-color":"","background-image":"","background-repeat":"repeat","background-position":"center center","background-size":"auto","background-attachment":"scroll","background-type":"","background-media":"","overlay-type":"","overlay-color":"","overlay-opacity":"","overlay-gradient":""},"tablet":{"background-color":"","background-image":"","background-repeat":"repeat","background-position":"center center","background-size":"auto","background-attachment":"scroll","background-type":"","background-media":"","overlay-type":"","overlay-color":"","overlay-opacity":"","overlay-gradient":""},"mobile":{"background-color":"","background-image":"","background-repeat":"repeat","background-position":"center center","background-size":"auto","background-attachment":"scroll","background-type":"","background-media":"","overlay-type":"","overlay-color":"","overlay-opacity":"","overlay-gradient":""}},"ast-content-background-meta":{"desktop":{"background-color":"var(--ast-global-color-5)","background-image":"","background-repeat":"repeat","background-position":"center center","background-size":"auto","background-attachment":"scroll","background-type":"","background-media":"","overlay-type":"","overlay-color":"","overlay-opacity":"","overlay-gradient":""},"tablet":{"background-color":"var(--ast-global-color-5)","background-image":"","background-repeat":"repeat","background-position":"center center","background-size":"auto","background-attachment":"scroll","background-type":"","background-media":"","overlay-type":"","overlay-color":"","overlay-opacity":"","overlay-gradient":""},"mobile":{"background-color":"var(--ast-global-color-5)","background-image":"","background-repeat":"repeat","background-position":"center center","background-size":"auto","background-attachment":"scroll","background-type":"","background-media":"","overlay-type":"","overlay-color":"","overlay-opacity":"","overlay-gradient":""}}},"product_brand":[],"product_cat":[250],"product_tag":[37],"class_list":{"0":"post-1379","1":"product","2":"type-product","3":"status-publish","4":"has-post-thumbnail","6":"product_cat-wet-shirataki-rice","7":"product_tag-konjac-rice","8":"desktop-align-left","9":"tablet-align-left","10":"mobile-align-left","11":"ast-product-gallery-layout-horizontal-slider","12":"ast-product-tabs-layout-horizontal","14":"first","15":"instock","16":"shipping-taxable","17":"product-type-simple"},"_links":{"self":[{"href":"https:\/\/sentaiyuanbio.com\/pt\/wp-json\/wp\/v2\/product\/1379","targetHints":{"allow":["GET"]}}],"collection":[{"href":"https:\/\/sentaiyuanbio.com\/pt\/wp-json\/wp\/v2\/product"}],"about":[{"href":"https:\/\/sentaiyuanbio.com\/pt\/wp-json\/wp\/v2\/types\/product"}],"version-history":[{"count":0,"href":"https:\/\/sentaiyuanbio.com\/pt\/wp-json\/wp\/v2\/product\/1379\/revisions"}],"wp:featuredmedia":[{"embeddable":true,"href":"https:\/\/sentaiyuanbio.com\/pt\/wp-json\/wp\/v2\/media\/3868"}],"wp:attachment":[{"href":"https:\/\/sentaiyuanbio.com\/pt\/wp-json\/wp\/v2\/media?parent=1379"}],"wp:term":[{"taxonomy":"product_brand","embeddable":true,"href":"https:\/\/sentaiyuanbio.com\/pt\/wp-json\/wp\/v2\/product_brand?post=1379"},{"taxonomy":"product_cat","embeddable":true,"href":"https:\/\/sentaiyuanbio.com\/pt\/wp-json\/wp\/v2\/product_cat?post=1379"},{"taxonomy":"product_tag","embeddable":true,"href":"https:\/\/sentaiyuanbio.com\/pt\/wp-json\/wp\/v2\/product_tag?post=1379"}],"curies":[{"name":"wp","href":"https:\/\/api.w.org\/{rel}","templated":true}]}}