{"id":1391,"date":"2024-05-07T07:12:04","date_gmt":"2024-05-07T07:12:04","guid":{"rendered":"https:\/\/sentaiyuanbio.com\/?post_type=product&#038;p=1391"},"modified":"2026-04-20T08:16:06","modified_gmt":"2026-04-20T08:16:06","slug":"macarrao-konjac-macarrao-instantaneo-fettuccine-sem-gluten","status":"publish","type":"product","link":"https:\/\/sentaiyuanbio.com\/pt\/produto\/macarrao-konjac-macarrao-instantaneo-fettuccine-sem-gluten\/","title":{"rendered":"Konjac Fettuccine Noodles Macarr\u00e3o instant\u00e2neo Fabricante"},"content":{"rendered":"<h2><strong>O que \u00e9 o Konjac?<\/strong><\/h2>\n<p>A planta konjac (Amorphophallus konjac) cresce em encostas de 2.000 a 4.000 p\u00e9s acima do n\u00edvel do mar, onde desfruta do ar e da \u00e1gua limpos do habitat. A parte comest\u00edvel da planta konjac \u00e9 a raiz que se assemelha a uma batata inhame ou taro de forma oval. Um equ\u00edvoco comum \u00e9 que o macarr\u00e3o konjac \u00e9 macarr\u00e3o de inhame - n\u00e3o \u00e9. Embora a raiz de konjac seja semelhante a outros vegetais de raiz, pertence a uma fam\u00edlia diferente de plantas. Enquanto as batatas e os inhames s\u00e3o conhecidos por serem ricos em amidos, o konjac tem um elevado teor de fibra e muito pouco amido.<\/p>\n<h2><strong>Quais s\u00e3o os benef\u00edcios para a sa\u00fade do Konjac Fettuccine Noodles?<\/strong><\/h2>\n<p>O fettuccine de konjac \u00e9 feito com p\u00f3 de konjac que cont\u00e9m glucomanano, uma fibra alimentar sol\u00favel em \u00e1gua. Estudos demonstraram que o glucomanano de konjac na dieta \u00e9 ben\u00e9fico para a nossa sa\u00fade de v\u00e1rias formas<\/p>\n<p>1. Controlo do peso - O glucomanano enche o est\u00f4mago e retarda a digest\u00e3o, o que ajuda o consumidor a sentir-se \u201ccheio\u201d durante mais tempo, reduzindo a vontade de comer refei\u00e7\u00f5es pesadas ou snacks.<\/p>\n<p>2. Ajuda a controlar o n\u00edvel de a\u00e7\u00facar no sangue - Ao prolongar o tempo necess\u00e1rio para digerir uma refei\u00e7\u00e3o, os a\u00e7\u00facares e os hidratos de carbono de outros alimentos s\u00e3o processados mais lentamente, o que reduz os picos de a\u00e7\u00facar no sangue.<\/p>\n<p class=\"translation-block\">3. Reduzir o colesterol - O gel de glucomanano no sistema digestivo inibe a absor\u00e7\u00e3o de l\u00edpidos, tais como <a href=\"https:\/\/medlineplus.gov\/ldlthebadcholesterol.html\" target=\"_blank\" rel=\"noopener\">LDL (mau colesterol)<\/a>.<\/p>\n<p>4. Regular os movimentos intestinais - Tal como acontece com muitos alimentos que cont\u00eam fibras diet\u00e9ticas, <a href=\"https:\/\/hethstia.com\/konjac-powder\/konjac-glucomannan-powder\/\" target=\"_blank\" rel=\"noopener\">glucomanano em p\u00f3<\/a> pode ajudar a regular os movimentos intestinais.<\/p>\n<p><strong>Condi\u00e7\u00f5es de armazenamento:<\/strong><\/p>\n<p>Conservar em local fresco e seco, evitar a luz solar direta, refrigerar depois de aberto e utilizar no prazo de 3 dias; n\u00e3o congelar<\/p>\n<p>1. Especifica\u00e7\u00e3o: 0,8 cm*15 cm<\/p>\n<p class=\"translation-block\">2. Certificados:<strong> <\/strong>BRC, FDA, HACCP, HALAL, KOSHER;<\/p>\n<p>3. Prazo de entrega: 30 dias ap\u00f3s a rece\u00e7\u00e3o do pagamento inicial;<\/p>\n<p>4. Prazo de validade: 12 meses;<\/p>\n<h2>As instru\u00e7\u00f5es de consumo do Konjac Fettuccine Noodles pr\u00e9-cozinhado:<\/h2>\n<p>1. Abrir a embalagem e escorrer o l\u00edquido;<br \/>\n2. Passar o fettuccine por \u00e1gua corrente da torneira durante dois ou tr\u00eas minutos;<\/p>\n<p>3. Colocar o fettuccine numa frigideira e fritar durante 2-3 minutos, adicionar as especiarias, os molhos ou a sopa que desejar;<\/p>\n<p>4. Se n\u00e3o quiser fritar, pode aquecer o fettuccine no micro-ondas durante 1-2 minutos;<\/p>\n<p>Tenha em aten\u00e7\u00e3o que o fettuccine \u00e9 muito absorvente, pelo que absorver\u00e1 os molhos e os sabores com que os cozinhar.<\/p>\n<h2><strong>As instru\u00e7\u00f5es de consumo do macarr\u00e3o instant\u00e2neo Konjac Fettuccine Noodles:<\/strong><\/h2>\n<p>1. Abrir a embalagem e escorrer o l\u00edquido;<\/p>\n<p>2. Lavar o fettuccine em \u00e1gua corrente da torneira durante dois ou tr\u00eas minutos;<\/p>\n<p>3. Coloque o fettuccine numa tigela, adicione \u00e1gua fervida e escorra a \u00e1gua fervida;<\/p>\n<p>4. Adicione qualquer especiaria, molho ou sopa que desejar;<\/p>\n<p>5. A seguir, pode desfrutar.<\/p>\n<p>Tenha em aten\u00e7\u00e3o que a massa \u00e9 muito absorvente, pelo que absorver\u00e1 os molhos e os sabores com que os cozinhar.<\/p>\n<p><strong>Factos nutricionais<\/strong><\/p>\n<table class=\"aliDataTable\">\n<tbody>\n<tr align=\"left\">\n<td>Tamanho da dose<\/td>\n<td>100g<\/td>\n<\/tr>\n<tr align=\"left\">\n<td>Energia<\/td>\n<td>6 kcal<\/td>\n<\/tr>\n<tr align=\"left\">\n<td>Prote\u00edna<\/td>\n<td>&lt;0.5g<\/td>\n<\/tr>\n<tr align=\"left\">\n<td>Gordura total<\/td>\n<td>&lt;0.5g<\/td>\n<\/tr>\n<tr align=\"left\">\n<td>\u00c1cidos gordos saturados<\/td>\n<td>&lt;0.1g<\/td>\n<\/tr>\n<tr align=\"left\">\n<td>\u00c1cidos gordos trans<\/td>\n<td>&lt;0.1g<\/td>\n<\/tr>\n<tr align=\"left\">\n<td>Hidratos de carbono totais<\/td>\n<td>3.5g<\/td>\n<\/tr>\n<tr align=\"left\">\n<td>A\u00e7\u00facar<\/td>\n<td>&lt;0.5g<\/td>\n<\/tr>\n<tr align=\"left\">\n<td>Fibra alimentar<\/td>\n<td>3.0g<\/td>\n<\/tr>\n<tr align=\"left\">\n<td>S\u00f3dio<\/td>\n<td>&lt;5mg<\/td>\n<\/tr>\n<\/tbody>\n<\/table>\n<p>&nbsp;<\/p>","protected":false},"excerpt":{"rendered":"<p>A massa de fettuccine konjac \u00e9 feita com farinha de konjac que cont\u00e9m a fibra alimentar sol\u00favel em \u00e1gua <a href=\"https:\/\/sentaiyuanbio.com\/pt\/produto\/glucomanano-de-raiz-de-konjac\/\" target=\"_blank\" rel=\"noopener\">glucomanano<\/a>. Estudos demonstraram que o glucomanano de konjac na dieta \u00e9 ben\u00e9fico para a nossa sa\u00fade de muitas maneiras.<\/p>","protected":false},"featured_media":3852,"template":"","meta":{"site-sidebar-layout":"default","site-content-layout":"","ast-site-content-layout":"default","site-content-style":"default","site-sidebar-style":"default","ast-global-header-display":"","ast-banner-title-visibility":"","ast-main-header-display":"","ast-hfb-above-header-display":"","ast-hfb-below-header-display":"","ast-hfb-mobile-header-display":"","site-post-title":"","ast-breadcrumbs-content":"","ast-featured-img":"","footer-sml-layout":"","ast-disable-related-posts":"","theme-transparent-header-meta":"default","adv-header-id-meta":"","stick-header-meta":"default","header-above-stick-meta":"","header-main-stick-meta":"","header-below-stick-meta":"","astra-migrate-meta-layouts":"set","ast-page-background-enabled":"default","ast-page-background-meta":{"desktop":{"background-color":"","background-image":"","background-repeat":"repeat","background-position":"center center","background-size":"auto","background-attachment":"scroll","background-type":"","background-media":"","overlay-type":"","overlay-color":"","overlay-opacity":"","overlay-gradient":""},"tablet":{"background-color":"","background-image":"","background-repeat":"repeat","background-position":"center center","background-size":"auto","background-attachment":"scroll","background-type":"","background-media":"","overlay-type":"","overlay-color":"","overlay-opacity":"","overlay-gradient":""},"mobile":{"background-color":"","background-image":"","background-repeat":"repeat","background-position":"center center","background-size":"auto","background-attachment":"scroll","background-type":"","background-media":"","overlay-type":"","overlay-color":"","overlay-opacity":"","overlay-gradient":""}},"ast-content-background-meta":{"desktop":{"background-color":"var(--ast-global-color-5)","background-image":"","background-repeat":"repeat","background-position":"center center","background-size":"auto","background-attachment":"scroll","background-type":"","background-media":"","overlay-type":"","overlay-color":"","overlay-opacity":"","overlay-gradient":""},"tablet":{"background-color":"var(--ast-global-color-5)","background-image":"","background-repeat":"repeat","background-position":"center center","background-size":"auto","background-attachment":"scroll","background-type":"","background-media":"","overlay-type":"","overlay-color":"","overlay-opacity":"","overlay-gradient":""},"mobile":{"background-color":"var(--ast-global-color-5)","background-image":"","background-repeat":"repeat","background-position":"center center","background-size":"auto","background-attachment":"scroll","background-type":"","background-media":"","overlay-type":"","overlay-color":"","overlay-opacity":"","overlay-gradient":""}}},"product_brand":[],"product_cat":[22],"product_tag":[31,32],"class_list":{"0":"post-1391","1":"product","2":"type-product","3":"status-publish","4":"has-post-thumbnail","6":"product_cat-konjac-pasta","7":"product_tag-konjac-fettuccine","8":"product_tag-konjac-pasta","9":"desktop-align-left","10":"tablet-align-left","11":"mobile-align-left","12":"ast-product-gallery-layout-horizontal-slider","13":"ast-product-tabs-layout-horizontal","15":"first","16":"instock","17":"shipping-taxable","18":"product-type-simple"},"_links":{"self":[{"href":"https:\/\/sentaiyuanbio.com\/pt\/wp-json\/wp\/v2\/product\/1391","targetHints":{"allow":["GET"]}}],"collection":[{"href":"https:\/\/sentaiyuanbio.com\/pt\/wp-json\/wp\/v2\/product"}],"about":[{"href":"https:\/\/sentaiyuanbio.com\/pt\/wp-json\/wp\/v2\/types\/product"}],"version-history":[{"count":1,"href":"https:\/\/sentaiyuanbio.com\/pt\/wp-json\/wp\/v2\/product\/1391\/revisions"}],"predecessor-version":[{"id":6154,"href":"https:\/\/sentaiyuanbio.com\/pt\/wp-json\/wp\/v2\/product\/1391\/revisions\/6154"}],"wp:featuredmedia":[{"embeddable":true,"href":"https:\/\/sentaiyuanbio.com\/pt\/wp-json\/wp\/v2\/media\/3852"}],"wp:attachment":[{"href":"https:\/\/sentaiyuanbio.com\/pt\/wp-json\/wp\/v2\/media?parent=1391"}],"wp:term":[{"taxonomy":"product_brand","embeddable":true,"href":"https:\/\/sentaiyuanbio.com\/pt\/wp-json\/wp\/v2\/product_brand?post=1391"},{"taxonomy":"product_cat","embeddable":true,"href":"https:\/\/sentaiyuanbio.com\/pt\/wp-json\/wp\/v2\/product_cat?post=1391"},{"taxonomy":"product_tag","embeddable":true,"href":"https:\/\/sentaiyuanbio.com\/pt\/wp-json\/wp\/v2\/product_tag?post=1391"}],"curies":[{"name":"wp","href":"https:\/\/api.w.org\/{rel}","templated":true}]}}