{"id":1394,"date":"2024-05-07T07:25:31","date_gmt":"2024-05-07T07:25:31","guid":{"rendered":"https:\/\/sentaiyuanbio.com\/?post_type=product&#038;p=1394"},"modified":"2026-01-06T02:30:07","modified_gmt":"2026-01-06T02:30:07","slug":"massa-de-cabelo-de-anjo-shirataki-biologica","status":"publish","type":"product","link":"https:\/\/sentaiyuanbio.com\/pt\/produto\/massa-de-cabelo-de-anjo-shirataki-biologica\/","title":{"rendered":"Shirataki Angel Hair org\u00e2nico, massa Konjac magra 6 Kcal"},"content":{"rendered":"<h2>Cabelo de anjo Shirataki org\u00e2nico Especifica\u00e7\u00f5es:<\/h2>\n<p>Di\u00e2metro: 1,8-2,5 mm<\/p>\n<p>Comprimento: 10-20cm<\/p>\n<p>Peso: 200g\/saco ou de acordo com a sua necessidade.<\/p>\n<p>Armazenamento: Conservar num local fresco e seco. Manter afastado da luz forte e do calor.<\/p>\n<p>Capacidade de fornecimento: 3000X20HQ\/ano<\/p>\n<p>Prazo de validade: 1 ano quando corretamente armazenado.<\/p>\n<h2>Dados nutricionais do Shirataki Angel Hair org\u00e2nico<\/h2>\n<table>\n<tbody>\n<tr align=\"left\">\n<td>Tamanho da dose<\/td>\n<td>100g<\/td>\n<\/tr>\n<tr align=\"left\">\n<td>Energia<\/td>\n<td>6 kcal<\/td>\n<\/tr>\n<tr align=\"left\">\n<td>Prote\u00edna<\/td>\n<td>&lt;0.5g<\/td>\n<\/tr>\n<tr align=\"left\">\n<td>Gordura total<\/td>\n<td>&lt;0.5g<\/td>\n<\/tr>\n<tr align=\"left\">\n<td>\u00c1cidos gordos saturados<\/td>\n<td>&lt;0.1g<\/td>\n<\/tr>\n<tr align=\"left\">\n<td>\u00c1cidos gordos trans<\/td>\n<td>&lt;0.1g<\/td>\n<\/tr>\n<tr align=\"left\">\n<td>Hidratos de carbono totais<\/td>\n<td>3.5g<\/td>\n<\/tr>\n<tr align=\"left\">\n<td>A\u00e7\u00facar<\/td>\n<td>&lt;0.5g<\/td>\n<\/tr>\n<tr align=\"left\">\n<td>Fibra alimentar<\/td>\n<td>3.0g<\/td>\n<\/tr>\n<tr align=\"left\">\n<td>S\u00f3dio<\/td>\n<td>&lt;5mg<\/td>\n<\/tr>\n<\/tbody>\n<\/table>\n<p>\u00c9 o macarr\u00e3o Skinny Konjac e n\u00e3o se parece com outras massas. Isso deve-se ao facto de ser feita com uma planta chamada Konjac. Utilizada h\u00e1 milhares de anos, o konjac est\u00e1 repleto de fibras e tem um teor notavelmente baixo de hidratos de carbono. Mas o que \u00e9 fenomenal \u00e9 a capta\u00e7\u00e3o de todos os sabores maiores, mais ricos e mais selvagens que possa sonhar. Afinal de contas, nenhum ingrediente est\u00e1 fora da mesa quando a sua massa s\u00f3 tem 9 calorias. Por isso, pegue numa tigela e encha-a at\u00e9 \u00e0 borda com molho, caldo ou alm\u00f4ndegas em abund\u00e2ncia. Est\u00e1 na hora do Shirataki Angel Hair org\u00e2nico!<\/p>\n<p><strong>Eis algumas das suas vantagens:<\/strong><\/p>\n<p><strong>Baixo teor de calorias:<\/strong> Por ter t\u00e3o poucas calorias, \u00e9 uma op\u00e7\u00e3o popular para as pessoas que querem limitar o seu consumo de calorias. Em compara\u00e7\u00e3o com as massas tradicionais \u00e0 base de trigo, que podem ter uma contagem de calorias muito mais elevada, uma por\u00e7\u00e3o t\u00edpica tem muito poucas calorias.<\/p>\n<p><strong>Baixo teor de hidratos de carbono<\/strong>: Como tem muito poucos hidratos de carbono, pode ser consumida por quem segue uma dieta baixa em hidratos de carbono ou cetog\u00e9nica. \u00c9 especialmente \u00fatil para as pessoas que querem reduzir os hidratos de carbono sem sacrificar o sabor da massa.<\/p>\n<p><strong>Alto teor de fibras<\/strong>: Rica em fibras nutricionais, pode facilitar uma melhor digest\u00e3o e uma sensa\u00e7\u00e3o de saciedade. Os movimentos intestinais regulares e a melhoria da sa\u00fade intestinal tamb\u00e9m podem ser atribu\u00eddos ao alto teor de fibras da massa konjac.<\/p>\n<p><strong>Sem gl\u00faten<\/strong>: Por n\u00e3o conter gl\u00faten, pode ser apreciado por pessoas sens\u00edveis ao gl\u00faten ou que estejam a seguir uma dieta sem gl\u00faten. Para aqueles que n\u00e3o podem evitar o gl\u00faten, mas que querem desfrutar de um prato \u00e0 base de massa, oferece uma alternativa semelhante \u00e0 massa.<\/p>\n<p><strong>Gest\u00e3o do a\u00e7\u00facar no sangue<\/strong>: Os n\u00edveis de a\u00e7\u00facar no sangue n\u00e3o s\u00e3o significativamente afectados por este produto devido ao seu baixo teor de hidratos de carbono. Devido ao seu baixo teor de <a href=\"https:\/\/www.healthline.com\/nutrition\/glycemic-index\" target=\"_blank\" rel=\"noopener\">\u00edndice glic\u00e9mico<\/a>, O seu consumo n\u00e3o resulta num aumento abrupto dos n\u00edveis de a\u00e7\u00facar no sangue. Para quem tem diabetes ou est\u00e1 a tentar equilibrar os seus n\u00edveis de a\u00e7\u00facar no sangue, isto pode ser \u00fatil.<\/p>\n<p><strong>Vers\u00e1til e adapt\u00e1vel<\/strong>: Pode ser substitu\u00eddo por <strong>massa normal<\/strong> numa variedade de pratos. Pode fazer vers\u00f5es saud\u00e1veis e com poucas calorias das suas receitas de massa favoritas utilizando-o, porque absorve os sabores dos molhos e outros ingredientes com que \u00e9 cozinhado.<\/p>\n<p><strong>Controlo do peso<\/strong>: Devido \u00e0 sua baixa contagem de calorias e ao seu elevado teor de fibras, \u00e9 uma escolha inteligente para o controlo de peso. Pode ajudar a reduzir a ingest\u00e3o total de calorias, proporcionando uma refei\u00e7\u00e3o satisfat\u00f3ria e saud\u00e1vel que apoia os esfor\u00e7os de perda de peso e o controlo das por\u00e7\u00f5es.<\/p>\n<p><strong>F\u00e1cil de cozinhar<\/strong>: Geralmente vem embalado e necessita de pouca cozedura. \u00c9 uma escolha pr\u00e1tica para pessoas com hor\u00e1rios agitados ou com pouca experi\u00eancia culin\u00e1ria, porque pode ser rapidamente preparada fervendo ou fritando.<\/p>\n<p><img fetchpriority=\"high\" decoding=\"async\" class=\"alignnone wp-image-5150 size-full\" title=\"Massa Konjac magra\" src=\"https:\/\/sentaiyuanbio.com\/wp-content\/uploads\/2024\/05\/Skinny-Konjac-Noodles-4.webp\" alt=\"Massa Konjac magra\" width=\"1000\" height=\"1000\" srcset=\"https:\/\/sentaiyuanbio.com\/wp-content\/uploads\/2024\/05\/Skinny-Konjac-Noodles-4.webp 1000w, https:\/\/sentaiyuanbio.com\/wp-content\/uploads\/2024\/05\/Skinny-Konjac-Noodles-4-600x600.webp 600w, https:\/\/sentaiyuanbio.com\/wp-content\/uploads\/2024\/05\/Skinny-Konjac-Noodles-4-100x100.webp 100w, https:\/\/sentaiyuanbio.com\/wp-content\/uploads\/2024\/05\/Skinny-Konjac-Noodles-4-300x300.webp 300w, https:\/\/sentaiyuanbio.com\/wp-content\/uploads\/2024\/05\/Skinny-Konjac-Noodles-4-150x150.webp 150w, https:\/\/sentaiyuanbio.com\/wp-content\/uploads\/2024\/05\/Skinny-Konjac-Noodles-4-768x768.webp 768w\" sizes=\"(max-width: 1000px) 100vw, 1000px\" \/> <img decoding=\"async\" class=\"alignnone wp-image-5148 size-full\" title=\"Massa Konjac magra\" src=\"https:\/\/sentaiyuanbio.com\/wp-content\/uploads\/2024\/05\/Skinny-Konjac-Noodles-1.webp\" alt=\"Massa Konjac magra\" width=\"1000\" height=\"1000\" srcset=\"https:\/\/sentaiyuanbio.com\/wp-content\/uploads\/2024\/05\/Skinny-Konjac-Noodles-1.webp 1000w, https:\/\/sentaiyuanbio.com\/wp-content\/uploads\/2024\/05\/Skinny-Konjac-Noodles-1-600x600.webp 600w, https:\/\/sentaiyuanbio.com\/wp-content\/uploads\/2024\/05\/Skinny-Konjac-Noodles-1-100x100.webp 100w, https:\/\/sentaiyuanbio.com\/wp-content\/uploads\/2024\/05\/Skinny-Konjac-Noodles-1-300x300.webp 300w, https:\/\/sentaiyuanbio.com\/wp-content\/uploads\/2024\/05\/Skinny-Konjac-Noodles-1-150x150.webp 150w, https:\/\/sentaiyuanbio.com\/wp-content\/uploads\/2024\/05\/Skinny-Konjac-Noodles-1-768x768.webp 768w\" sizes=\"(max-width: 1000px) 100vw, 1000px\" \/> <img decoding=\"async\" class=\"alignnone wp-image-5149 size-full\" title=\"Massa Konjac magra\" src=\"https:\/\/sentaiyuanbio.com\/wp-content\/uploads\/2024\/05\/Skinny-Konjac-Noodles-2.webp\" alt=\"Massa Konjac magra\" width=\"1000\" height=\"1000\" srcset=\"https:\/\/sentaiyuanbio.com\/wp-content\/uploads\/2024\/05\/Skinny-Konjac-Noodles-2.webp 1000w, https:\/\/sentaiyuanbio.com\/wp-content\/uploads\/2024\/05\/Skinny-Konjac-Noodles-2-600x600.webp 600w, https:\/\/sentaiyuanbio.com\/wp-content\/uploads\/2024\/05\/Skinny-Konjac-Noodles-2-100x100.webp 100w, https:\/\/sentaiyuanbio.com\/wp-content\/uploads\/2024\/05\/Skinny-Konjac-Noodles-2-300x300.webp 300w, https:\/\/sentaiyuanbio.com\/wp-content\/uploads\/2024\/05\/Skinny-Konjac-Noodles-2-150x150.webp 150w, https:\/\/sentaiyuanbio.com\/wp-content\/uploads\/2024\/05\/Skinny-Konjac-Noodles-2-768x768.webp 768w\" sizes=\"(max-width: 1000px) 100vw, 1000px\" \/><\/p>","protected":false},"excerpt":{"rendered":"<p>O cabelo de anjo shirataki biol\u00f3gico \u00e9 feito com <a href=\"https:\/\/sentaiyuanbio.com\/pt\/produto\/glucomanano-de-raiz-de-konjac\/\" target=\"_blank\" rel=\"noopener\">farinha de konjac<\/a> que cont\u00e9m a fibra alimentar hidrossol\u00favel glucomanano. \u00c9 ben\u00e9fico para a nossa sa\u00fade de muitas maneiras.<\/p>","protected":false},"featured_media":3910,"template":"","meta":{"site-sidebar-layout":"default","site-content-layout":"","ast-site-content-layout":"default","site-content-style":"default","site-sidebar-style":"default","ast-global-header-display":"","ast-banner-title-visibility":"","ast-main-header-display":"","ast-hfb-above-header-display":"","ast-hfb-below-header-display":"","ast-hfb-mobile-header-display":"","site-post-title":"","ast-breadcrumbs-content":"","ast-featured-img":"","footer-sml-layout":"","ast-disable-related-posts":"","theme-transparent-header-meta":"default","adv-header-id-meta":"","stick-header-meta":"default","header-above-stick-meta":"","header-main-stick-meta":"","header-below-stick-meta":"","astra-migrate-meta-layouts":"set","ast-page-background-enabled":"default","ast-page-background-meta":{"desktop":{"background-color":"","background-image":"","background-repeat":"repeat","background-position":"center center","background-size":"auto","background-attachment":"scroll","background-type":"","background-media":"","overlay-type":"","overlay-color":"","overlay-opacity":"","overlay-gradient":""},"tablet":{"background-color":"","background-image":"","background-repeat":"repeat","background-position":"center center","background-size":"auto","background-attachment":"scroll","background-type":"","background-media":"","overlay-type":"","overlay-color":"","overlay-opacity":"","overlay-gradient":""},"mobile":{"background-color":"","background-image":"","background-repeat":"repeat","background-position":"center center","background-size":"auto","background-attachment":"scroll","background-type":"","background-media":"","overlay-type":"","overlay-color":"","overlay-opacity":"","overlay-gradient":""}},"ast-content-background-meta":{"desktop":{"background-color":"var(--ast-global-color-5)","background-image":"","background-repeat":"repeat","background-position":"center center","background-size":"auto","background-attachment":"scroll","background-type":"","background-media":"","overlay-type":"","overlay-color":"","overlay-opacity":"","overlay-gradient":""},"tablet":{"background-color":"var(--ast-global-color-5)","background-image":"","background-repeat":"repeat","background-position":"center center","background-size":"auto","background-attachment":"scroll","background-type":"","background-media":"","overlay-type":"","overlay-color":"","overlay-opacity":"","overlay-gradient":""},"mobile":{"background-color":"var(--ast-global-color-5)","background-image":"","background-repeat":"repeat","background-position":"center center","background-size":"auto","background-attachment":"scroll","background-type":"","background-media":"","overlay-type":"","overlay-color":"","overlay-opacity":"","overlay-gradient":""}}},"product_brand":[],"product_cat":[22],"product_tag":[30,29],"class_list":{"0":"post-1394","1":"product","2":"type-product","3":"status-publish","4":"has-post-thumbnail","6":"product_cat-konjac-pasta","7":"product_tag-konjac-angel-hair","8":"product_tag-konjac-spaghetti","9":"desktop-align-left","10":"tablet-align-left","11":"mobile-align-left","12":"ast-product-gallery-layout-horizontal-slider","13":"ast-product-tabs-layout-horizontal","15":"first","16":"instock","17":"shipping-taxable","18":"product-type-simple"},"_links":{"self":[{"href":"https:\/\/sentaiyuanbio.com\/pt\/wp-json\/wp\/v2\/product\/1394","targetHints":{"allow":["GET"]}}],"collection":[{"href":"https:\/\/sentaiyuanbio.com\/pt\/wp-json\/wp\/v2\/product"}],"about":[{"href":"https:\/\/sentaiyuanbio.com\/pt\/wp-json\/wp\/v2\/types\/product"}],"version-history":[{"count":0,"href":"https:\/\/sentaiyuanbio.com\/pt\/wp-json\/wp\/v2\/product\/1394\/revisions"}],"wp:featuredmedia":[{"embeddable":true,"href":"https:\/\/sentaiyuanbio.com\/pt\/wp-json\/wp\/v2\/media\/3910"}],"wp:attachment":[{"href":"https:\/\/sentaiyuanbio.com\/pt\/wp-json\/wp\/v2\/media?parent=1394"}],"wp:term":[{"taxonomy":"product_brand","embeddable":true,"href":"https:\/\/sentaiyuanbio.com\/pt\/wp-json\/wp\/v2\/product_brand?post=1394"},{"taxonomy":"product_cat","embeddable":true,"href":"https:\/\/sentaiyuanbio.com\/pt\/wp-json\/wp\/v2\/product_cat?post=1394"},{"taxonomy":"product_tag","embeddable":true,"href":"https:\/\/sentaiyuanbio.com\/pt\/wp-json\/wp\/v2\/product_tag?post=1394"}],"curies":[{"name":"wp","href":"https:\/\/api.w.org\/{rel}","templated":true}]}}