{"id":1398,"date":"2024-05-07T07:34:16","date_gmt":"2024-05-07T07:34:16","guid":{"rendered":"https:\/\/sentaiyuanbio.com\/?post_type=product&#038;p=1398"},"modified":"2026-01-06T02:04:38","modified_gmt":"2026-01-06T02:04:38","slug":"esparguete-shirataki-massa-konjac","status":"publish","type":"product","link":"https:\/\/sentaiyuanbio.com\/pt\/produto\/esparguete-shirataki-massa-konjac\/","title":{"rendered":"Esparguete Shirataki Massa Konjac Macarr\u00e3o Instant\u00e2neo"},"content":{"rendered":"<h2>Esparguete Shirataki Massa Konjac Macarr\u00e3o Instant\u00e2neo OEM<\/h2>\n<p><strong>Informa\u00e7\u00f5es sobre o produto:<\/strong><\/p>\n<h3>O que \u00e9 o Konjac?<\/h3>\n<p>A planta konjac (<a href=\"https:\/\/en.wikipedia.org\/wiki\/Amorphophallus\" target=\"_blank\" rel=\"noopener\">Amorphophallus<\/a> konjac) cresce em encostas de 2000 a 4000 p\u00e9s acima do n\u00edvel do mar, onde desfruta do ar e da \u00e1gua limpos do habitat. A parte comest\u00edvel da planta konjac \u00e9 a raiz, que se assemelha a um inhame, batata ou taro de forma oval. Um equ\u00edvoco comum \u00e9 que os noodles konjac s\u00e3o noodles de inhame - n\u00e3o s\u00e3o. Embora a raiz de konjac seja semelhante a outros vegetais de raiz, pertence a uma fam\u00edlia diferente de plantas. Enquanto as batatas e os inhames s\u00e3o conhecidos por serem ricos em amidos, o konjac tem um elevado teor de fibra e muito pouco amido.<\/p>\n<h3>Quais s\u00e3o os benef\u00edcios para a sa\u00fade do esparguete Shirataki?<\/h3>\n<p>A massa konjac \u00e9 feita com farinha de konjac que cont\u00e9m a fibra diet\u00e9tica sol\u00favel em \u00e1gua glucomanano. Estudos demonstraram que <a href=\"https:\/\/sentaiyuanbio.com\/pt\/produto\/glucomanano-de-konjac-sem-gluten\/\" target=\"_blank\" rel=\"noopener\">glucomanano de konjac<\/a> na dieta \u00e9 ben\u00e9fico para a nossa sa\u00fade de muitas maneiras<\/p>\n<p>1. Controlo do peso - O glucomanano enche o est\u00f4mago e retarda a digest\u00e3o, o que ajuda o consumidor a sentir-se \u201ccheio\u201d durante mais tempo, reduzindo a vontade de comer refei\u00e7\u00f5es pesadas ou snacks.<br \/>\n2. Ajuda a controlar o n\u00edvel de a\u00e7\u00facar no sangue - Ao prolongar o tempo necess\u00e1rio para digerir uma refei\u00e7\u00e3o, os a\u00e7\u00facares e os hidratos de carbono de outros alimentos s\u00e3o processados mais lentamente, o que reduz os picos de a\u00e7\u00facar no sangue.<br \/>\n3. Reduzir o colesterol - O gel de glucomanano no sistema digestivo inibe a absor\u00e7\u00e3o de l\u00edpidos, como o LDL (mau colesterol).<br \/>\n4. Regular os movimentos intestinais - Tal como acontece com muitos alimentos que cont\u00eam fibra diet\u00e9tica, o glucomanano pode ajudar a regular os movimentos intestinais.<\/p>\n<p><strong>Condi\u00e7\u00f5es de armazenamento:<\/strong><\/p>\n<p>Conservar em local fresco e seco, evitar a luz solar direta, refrigerar depois de aberto e utilizar no prazo de 3 dias; n\u00e3o congelar<\/p>\n<p>1. Especifica\u00e7\u00e3o: 2,4 mm*15 cm<br \/>\n2. Certificados: BRC, FDA, HACCP, HALAL, KOSHER;<br \/>\n3. Prazo de entrega: 30 dias ap\u00f3s a rece\u00e7\u00e3o do pagamento;<br \/>\n4. Prazo de validade: 12 meses;<\/p>\n<h3>Instru\u00e7\u00f5es de consumo do esparguete Shirataki pr\u00e9-cozinhado:<\/h3>\n<p>1. Abrir a embalagem e escorrer o l\u00edquido.<br \/>\n2. Passar o esparguete por \u00e1gua corrente da torneira durante dois ou tr\u00eas minutos;<br \/>\n3. Adicione o esparguete a uma frigideira e frite durante 2-3 minutos. Adicione as especiarias, os molhos ou a sopa que desejar.<br \/>\n4. Se n\u00e3o quiser fritar, pode aquecer a massa no micro-ondas durante 1-2 minutos.<\/p>\n<p>Tenha em aten\u00e7\u00e3o que o esparguete \u00e9 muito absorvente, pelo que absorver\u00e1 os molhos e os sabores com que o cozinhar.<\/p>\n<h3>As instru\u00e7\u00f5es de consumo do esparguete instant\u00e2neo Shirataki:<\/h3>\n<p>1. Abrir a embalagem e escorrer o l\u00edquido.<br \/>\n2. Lavar o esparguete em \u00e1gua corrente da torneira durante dois ou tr\u00eas minutos;<br \/>\n3. Coloque o esparguete numa tigela, adicione \u00e1gua fervida e escorra a \u00e1gua.<br \/>\n4. Adicione qualquer especiaria, molho ou sopa que desejar;<br \/>\n5. A seguir, pode desfrutar.<\/p>\n<p><img fetchpriority=\"high\" decoding=\"async\" class=\"alignnone wp-image-5153 size-full\" title=\"Massa de konjac macarr\u00e3o instant\u00e2neo\" src=\"https:\/\/sentaiyuanbio.com\/wp-content\/uploads\/2024\/05\/Konjac-Pasta-Instant-Noodles-2.webp\" alt=\"Massa de konjac macarr\u00e3o instant\u00e2neo\" width=\"800\" height=\"800\" srcset=\"https:\/\/sentaiyuanbio.com\/wp-content\/uploads\/2024\/05\/Konjac-Pasta-Instant-Noodles-2.webp 800w, https:\/\/sentaiyuanbio.com\/wp-content\/uploads\/2024\/05\/Konjac-Pasta-Instant-Noodles-2-600x600.webp 600w, https:\/\/sentaiyuanbio.com\/wp-content\/uploads\/2024\/05\/Konjac-Pasta-Instant-Noodles-2-100x100.webp 100w, https:\/\/sentaiyuanbio.com\/wp-content\/uploads\/2024\/05\/Konjac-Pasta-Instant-Noodles-2-300x300.webp 300w, https:\/\/sentaiyuanbio.com\/wp-content\/uploads\/2024\/05\/Konjac-Pasta-Instant-Noodles-2-150x150.webp 150w, https:\/\/sentaiyuanbio.com\/wp-content\/uploads\/2024\/05\/Konjac-Pasta-Instant-Noodles-2-768x768.webp 768w\" sizes=\"(max-width: 800px) 100vw, 800px\" \/> <img decoding=\"async\" class=\"alignnone wp-image-5152 size-full\" title=\"Esparguete Shirataki Massa Konjac Macarr\u00e3o Instant\u00e2neo\" src=\"https:\/\/sentaiyuanbio.com\/wp-content\/uploads\/2024\/05\/Konjac-Pasta-Instant-Noodles-1.webp\" alt=\"Esparguete Shirataki Massa Konjac Macarr\u00e3o Instant\u00e2neo\" width=\"800\" height=\"800\" srcset=\"https:\/\/sentaiyuanbio.com\/wp-content\/uploads\/2024\/05\/Konjac-Pasta-Instant-Noodles-1.webp 800w, https:\/\/sentaiyuanbio.com\/wp-content\/uploads\/2024\/05\/Konjac-Pasta-Instant-Noodles-1-600x600.webp 600w, https:\/\/sentaiyuanbio.com\/wp-content\/uploads\/2024\/05\/Konjac-Pasta-Instant-Noodles-1-100x100.webp 100w, https:\/\/sentaiyuanbio.com\/wp-content\/uploads\/2024\/05\/Konjac-Pasta-Instant-Noodles-1-300x300.webp 300w, https:\/\/sentaiyuanbio.com\/wp-content\/uploads\/2024\/05\/Konjac-Pasta-Instant-Noodles-1-150x150.webp 150w, https:\/\/sentaiyuanbio.com\/wp-content\/uploads\/2024\/05\/Konjac-Pasta-Instant-Noodles-1-768x768.webp 768w\" sizes=\"(max-width: 800px) 100vw, 800px\" \/> <img decoding=\"async\" class=\"alignnone wp-image-5154 size-full\" title=\"Esparguete Shirataki Massa Konjac Macarr\u00e3o Instant\u00e2neo\" src=\"https:\/\/sentaiyuanbio.com\/wp-content\/uploads\/2024\/05\/Konjac-Pasta-Instant-Noodles-3.webp\" alt=\"Esparguete Shirataki Massa Konjac Macarr\u00e3o Instant\u00e2neo\" width=\"800\" height=\"800\" srcset=\"https:\/\/sentaiyuanbio.com\/wp-content\/uploads\/2024\/05\/Konjac-Pasta-Instant-Noodles-3.webp 800w, https:\/\/sentaiyuanbio.com\/wp-content\/uploads\/2024\/05\/Konjac-Pasta-Instant-Noodles-3-600x600.webp 600w, https:\/\/sentaiyuanbio.com\/wp-content\/uploads\/2024\/05\/Konjac-Pasta-Instant-Noodles-3-100x100.webp 100w, https:\/\/sentaiyuanbio.com\/wp-content\/uploads\/2024\/05\/Konjac-Pasta-Instant-Noodles-3-300x300.webp 300w, https:\/\/sentaiyuanbio.com\/wp-content\/uploads\/2024\/05\/Konjac-Pasta-Instant-Noodles-3-150x150.webp 150w, https:\/\/sentaiyuanbio.com\/wp-content\/uploads\/2024\/05\/Konjac-Pasta-Instant-Noodles-3-768x768.webp 768w\" sizes=\"(max-width: 800px) 100vw, 800px\" \/><\/p>","protected":false},"excerpt":{"rendered":"<p>O esparguete Shirataki \u00e9 feito com farinha de konjac que cont\u00e9m glucomanano, uma fibra alimentar sol\u00favel em \u00e1gua. Estudos demonstraram que o glucomanano de konjac na dieta \u00e9 ben\u00e9fico para a nossa sa\u00fade de v\u00e1rias formas<\/p>","protected":false},"featured_media":3917,"template":"","meta":{"site-sidebar-layout":"default","site-content-layout":"","ast-site-content-layout":"default","site-content-style":"default","site-sidebar-style":"default","ast-global-header-display":"","ast-banner-title-visibility":"","ast-main-header-display":"","ast-hfb-above-header-display":"","ast-hfb-below-header-display":"","ast-hfb-mobile-header-display":"","site-post-title":"","ast-breadcrumbs-content":"","ast-featured-img":"","footer-sml-layout":"","ast-disable-related-posts":"","theme-transparent-header-meta":"default","adv-header-id-meta":"","stick-header-meta":"default","header-above-stick-meta":"","header-main-stick-meta":"","header-below-stick-meta":"","astra-migrate-meta-layouts":"set","ast-page-background-enabled":"default","ast-page-background-meta":{"desktop":{"background-color":"","background-image":"","background-repeat":"repeat","background-position":"center center","background-size":"auto","background-attachment":"scroll","background-type":"","background-media":"","overlay-type":"","overlay-color":"","overlay-opacity":"","overlay-gradient":""},"tablet":{"background-color":"","background-image":"","background-repeat":"repeat","background-position":"center center","background-size":"auto","background-attachment":"scroll","background-type":"","background-media":"","overlay-type":"","overlay-color":"","overlay-opacity":"","overlay-gradient":""},"mobile":{"background-color":"","background-image":"","background-repeat":"repeat","background-position":"center center","background-size":"auto","background-attachment":"scroll","background-type":"","background-media":"","overlay-type":"","overlay-color":"","overlay-opacity":"","overlay-gradient":""}},"ast-content-background-meta":{"desktop":{"background-color":"var(--ast-global-color-5)","background-image":"","background-repeat":"repeat","background-position":"center center","background-size":"auto","background-attachment":"scroll","background-type":"","background-media":"","overlay-type":"","overlay-color":"","overlay-opacity":"","overlay-gradient":""},"tablet":{"background-color":"var(--ast-global-color-5)","background-image":"","background-repeat":"repeat","background-position":"center center","background-size":"auto","background-attachment":"scroll","background-type":"","background-media":"","overlay-type":"","overlay-color":"","overlay-opacity":"","overlay-gradient":""},"mobile":{"background-color":"var(--ast-global-color-5)","background-image":"","background-repeat":"repeat","background-position":"center center","background-size":"auto","background-attachment":"scroll","background-type":"","background-media":"","overlay-type":"","overlay-color":"","overlay-opacity":"","overlay-gradient":""}}},"product_brand":[],"product_cat":[22],"product_tag":[32,29],"class_list":{"0":"post-1398","1":"product","2":"type-product","3":"status-publish","4":"has-post-thumbnail","6":"product_cat-konjac-pasta","7":"product_tag-konjac-pasta","8":"product_tag-konjac-spaghetti","9":"desktop-align-left","10":"tablet-align-left","11":"mobile-align-left","12":"ast-product-gallery-layout-horizontal-slider","13":"ast-product-tabs-layout-horizontal","15":"first","16":"instock","17":"shipping-taxable","18":"product-type-simple"},"_links":{"self":[{"href":"https:\/\/sentaiyuanbio.com\/pt\/wp-json\/wp\/v2\/product\/1398","targetHints":{"allow":["GET"]}}],"collection":[{"href":"https:\/\/sentaiyuanbio.com\/pt\/wp-json\/wp\/v2\/product"}],"about":[{"href":"https:\/\/sentaiyuanbio.com\/pt\/wp-json\/wp\/v2\/types\/product"}],"version-history":[{"count":0,"href":"https:\/\/sentaiyuanbio.com\/pt\/wp-json\/wp\/v2\/product\/1398\/revisions"}],"wp:featuredmedia":[{"embeddable":true,"href":"https:\/\/sentaiyuanbio.com\/pt\/wp-json\/wp\/v2\/media\/3917"}],"wp:attachment":[{"href":"https:\/\/sentaiyuanbio.com\/pt\/wp-json\/wp\/v2\/media?parent=1398"}],"wp:term":[{"taxonomy":"product_brand","embeddable":true,"href":"https:\/\/sentaiyuanbio.com\/pt\/wp-json\/wp\/v2\/product_brand?post=1398"},{"taxonomy":"product_cat","embeddable":true,"href":"https:\/\/sentaiyuanbio.com\/pt\/wp-json\/wp\/v2\/product_cat?post=1398"},{"taxonomy":"product_tag","embeddable":true,"href":"https:\/\/sentaiyuanbio.com\/pt\/wp-json\/wp\/v2\/product_tag?post=1398"}],"curies":[{"name":"wp","href":"https:\/\/api.w.org\/{rel}","templated":true}]}}