{"id":1402,"date":"2024-05-07T07:47:42","date_gmt":"2024-05-07T07:47:42","guid":{"rendered":"https:\/\/sentaiyuanbio.com\/?post_type=product&#038;p=1402"},"modified":"2026-04-20T08:24:21","modified_gmt":"2026-04-20T08:24:21","slug":"fettuccine-puro-de-konjac","status":"publish","type":"product","link":"https:\/\/sentaiyuanbio.com\/pt\/produto\/fettuccine-puro-de-konjac\/","title":{"rendered":"Macarr\u00e3o Fettuccine Shirataki, Macarr\u00e3o Konjac a granel"},"content":{"rendered":"<p>As fibras vegetais naturais do macarr\u00e3o fettuccine puro konjac n\u00e3o s\u00f3 satisfazem a sua fome como tamb\u00e9m ajudam a perder peso. Por isso, quer esteja \u00e0 procura de perder peso sem passar fome, ou de um <a href=\"https:\/\/www.nhs.uk\/conditions\/diabetes\/\" target=\"_blank\" rel=\"noopener\">Diab\u00e9tico<\/a> \u00e0 procura de uma alternativa ao macarr\u00e3o sem a\u00e7\u00facar e sem hidratos de carbono, <a href=\"https:\/\/sentaiyuanbio.com\/pt\/konjac\/\" target=\"_blank\" rel=\"noopener\">konjac<\/a> \u00e9 a alternativa ideal para quem quer ter um \u00f3timo aspeto e manter-se com \u00f3timo aspeto, sem culpa!<\/p>\n<h2>Especifica\u00e7\u00e3o do macarr\u00e3o Shirataki Fettuccine<\/h2>\n<table>\n<tbody>\n<tr>\n<td>Nome do produto<\/td>\n<td>Macarr\u00e3o Fettuccine Shirataki<\/td>\n<\/tr>\n<tr>\n<td>Ingrediente prim\u00e1rio<\/td>\n<td>P\u00f3 de konjac, \u00e1gua<\/td>\n<\/tr>\n<tr>\n<td>Aromas<\/td>\n<td>Original, Cenoura, Tomate, Aveia, Espinafres, Algas, Soja, Ab\u00f3bora e muito mais<\/td>\n<\/tr>\n<tr>\n<td>Carater\u00edstica<\/td>\n<td>Sem cheiro, baixa caloria, baixo teor de carboidratos, sem gl\u00faten, sem a\u00e7\u00facar, sem gordura, sem OGM, rico em fibras<\/td>\n<\/tr>\n<tr>\n<td>Fun\u00e7\u00f5es<\/td>\n<td>Dieta vegetariana, perda de peso, aumentar a saciedade<\/td>\n<\/tr>\n<tr>\n<td>Fibra alimentar<\/td>\n<td>2,8g\/100g<\/td>\n<\/tr>\n<tr>\n<td>Energia<\/td>\n<td>6 KCAL<\/td>\n<\/tr>\n<tr>\n<td>Tempo de cozedura<\/td>\n<td>0-2 minutos<\/td>\n<\/tr>\n<tr>\n<td>Prazo de validade<\/td>\n<td>18 meses<\/td>\n<\/tr>\n<\/tbody>\n<\/table>\n<p>Peso: 200g\/saco ou de acordo com a sua necessidade.<\/p>\n<p>Armazenamento: Guardado num local fresco e seco. Manter afastado da luz forte e do calor.<\/p>\n<h2>Macarr\u00e3o Shirataki Fettuccine Fun\u00e7\u00f5es:<\/h2>\n<p>Desintoxica\u00e7\u00e3o, dieta, defeca\u00e7\u00e3o, limpeza do est\u00f4mago, preven\u00e7\u00e3o de doen\u00e7as, preven\u00e7\u00e3o da diabetes, equil\u00edbrio do sal, suplemento de c\u00e1lcio e preven\u00e7\u00e3o do cancro.<\/p>","protected":false},"excerpt":{"rendered":"<p>As fibras vegetais naturais do puro macarr\u00e3o shirataki fettuccine n\u00e3o s\u00f3 satisfazem a sua fome como tamb\u00e9m ajudam a perder peso. Por isso, se est\u00e1 \u00e0 procura de perder peso sem passar fome.<\/p>","protected":false},"featured_media":3920,"template":"","meta":{"site-sidebar-layout":"default","site-content-layout":"","ast-site-content-layout":"default","site-content-style":"default","site-sidebar-style":"default","ast-global-header-display":"","ast-banner-title-visibility":"","ast-main-header-display":"","ast-hfb-above-header-display":"","ast-hfb-below-header-display":"","ast-hfb-mobile-header-display":"","site-post-title":"","ast-breadcrumbs-content":"","ast-featured-img":"","footer-sml-layout":"","ast-disable-related-posts":"","theme-transparent-header-meta":"default","adv-header-id-meta":"","stick-header-meta":"default","header-above-stick-meta":"","header-main-stick-meta":"","header-below-stick-meta":"","astra-migrate-meta-layouts":"set","ast-page-background-enabled":"default","ast-page-background-meta":{"desktop":{"background-color":"","background-image":"","background-repeat":"repeat","background-position":"center center","background-size":"auto","background-attachment":"scroll","background-type":"","background-media":"","overlay-type":"","overlay-color":"","overlay-opacity":"","overlay-gradient":""},"tablet":{"background-color":"","background-image":"","background-repeat":"repeat","background-position":"center center","background-size":"auto","background-attachment":"scroll","background-type":"","background-media":"","overlay-type":"","overlay-color":"","overlay-opacity":"","overlay-gradient":""},"mobile":{"background-color":"","background-image":"","background-repeat":"repeat","background-position":"center center","background-size":"auto","background-attachment":"scroll","background-type":"","background-media":"","overlay-type":"","overlay-color":"","overlay-opacity":"","overlay-gradient":""}},"ast-content-background-meta":{"desktop":{"background-color":"var(--ast-global-color-5)","background-image":"","background-repeat":"repeat","background-position":"center center","background-size":"auto","background-attachment":"scroll","background-type":"","background-media":"","overlay-type":"","overlay-color":"","overlay-opacity":"","overlay-gradient":""},"tablet":{"background-color":"var(--ast-global-color-5)","background-image":"","background-repeat":"repeat","background-position":"center center","background-size":"auto","background-attachment":"scroll","background-type":"","background-media":"","overlay-type":"","overlay-color":"","overlay-opacity":"","overlay-gradient":""},"mobile":{"background-color":"var(--ast-global-color-5)","background-image":"","background-repeat":"repeat","background-position":"center center","background-size":"auto","background-attachment":"scroll","background-type":"","background-media":"","overlay-type":"","overlay-color":"","overlay-opacity":"","overlay-gradient":""}}},"product_brand":[],"product_cat":[22],"product_tag":[31],"class_list":{"0":"post-1402","1":"product","2":"type-product","3":"status-publish","4":"has-post-thumbnail","6":"product_cat-konjac-pasta","7":"product_tag-konjac-fettuccine","8":"desktop-align-left","9":"tablet-align-left","10":"mobile-align-left","11":"ast-product-gallery-layout-horizontal-slider","12":"ast-product-tabs-layout-horizontal","14":"first","15":"instock","16":"shipping-taxable","17":"product-type-simple"},"_links":{"self":[{"href":"https:\/\/sentaiyuanbio.com\/pt\/wp-json\/wp\/v2\/product\/1402","targetHints":{"allow":["GET"]}}],"collection":[{"href":"https:\/\/sentaiyuanbio.com\/pt\/wp-json\/wp\/v2\/product"}],"about":[{"href":"https:\/\/sentaiyuanbio.com\/pt\/wp-json\/wp\/v2\/types\/product"}],"version-history":[{"count":3,"href":"https:\/\/sentaiyuanbio.com\/pt\/wp-json\/wp\/v2\/product\/1402\/revisions"}],"predecessor-version":[{"id":6159,"href":"https:\/\/sentaiyuanbio.com\/pt\/wp-json\/wp\/v2\/product\/1402\/revisions\/6159"}],"wp:featuredmedia":[{"embeddable":true,"href":"https:\/\/sentaiyuanbio.com\/pt\/wp-json\/wp\/v2\/media\/3920"}],"wp:attachment":[{"href":"https:\/\/sentaiyuanbio.com\/pt\/wp-json\/wp\/v2\/media?parent=1402"}],"wp:term":[{"taxonomy":"product_brand","embeddable":true,"href":"https:\/\/sentaiyuanbio.com\/pt\/wp-json\/wp\/v2\/product_brand?post=1402"},{"taxonomy":"product_cat","embeddable":true,"href":"https:\/\/sentaiyuanbio.com\/pt\/wp-json\/wp\/v2\/product_cat?post=1402"},{"taxonomy":"product_tag","embeddable":true,"href":"https:\/\/sentaiyuanbio.com\/pt\/wp-json\/wp\/v2\/product_tag?post=1402"}],"curies":[{"name":"wp","href":"https:\/\/api.w.org\/{rel}","templated":true}]}}