{"id":1407,"date":"2024-05-07T08:06:05","date_gmt":"2024-05-07T08:06:05","guid":{"rendered":"https:\/\/sentaiyuanbio.com\/?post_type=product&#038;p=1407"},"modified":"2025-02-26T09:55:02","modified_gmt":"2025-02-26T09:55:02","slug":"konjac-cup-noodles","status":"publish","type":"product","link":"https:\/\/sentaiyuanbio.com\/pt\/produto\/konjac-cup-noodles\/","title":{"rendered":"Ta\u00e7a de massa konjac com baixo teor cal\u00f3rico, amiga do ceto e sem gl\u00faten"},"content":{"rendered":"<h2>Cup Noodles de Konjac Ingredientes:<\/h2>\n<table border=\"2\" width=\"100%\">\n<tbody>\n<tr>\n<td colspan=\"3\" align=\"center\"><b>Ingredientes<\/b><\/td>\n<\/tr>\n<tr>\n<td align=\"center\">N\u00e3o.<\/td>\n<td align=\"center\"><b>Material<\/b><\/td>\n<td align=\"center\">%<\/td>\n<\/tr>\n<tr>\n<td align=\"center\">1<\/td>\n<td align=\"center\"><a href=\"https:\/\/sentaiyuanbio.com\/pt\/produto\/farinha-de-inhame-konjac-inhame-konjac-em-po\/\" target=\"_blank\" rel=\"noopener\"><b>Farinha de konjac<\/b><\/a><\/td>\n<td align=\"center\">87<\/td>\n<\/tr>\n<tr>\n<td align=\"center\">2<\/td>\n<td align=\"center\"><span style=\"font-weight: bold; font-family: poppins-regular, sans-serif; font-size: 14px; font-style: normal;\">\u00c1gua<\/span><\/td>\n<td align=\"center\">10<\/td>\n<\/tr>\n<tr>\n<td align=\"center\">3<\/td>\n<td align=\"center\"><b>\u00c1cido c\u00edtrico<\/b><\/td>\n<td align=\"center\">3<\/td>\n<\/tr>\n<\/tbody>\n<\/table>\n<h2>Konjac Cup Noodles Fun\u00e7\u00f5es:<\/h2>\n<p>Desintoxica\u00e7\u00e3o, na dieta, defeca\u00e7\u00e3o, limpeza do est\u00f4mago, preven\u00e7\u00e3o de doen\u00e7as, dissuas\u00e3o <a href=\"https:\/\/www.mayoclinic.org\/diseases-conditions\/diabetes\/symptoms-causes\/syc-20371444\" target=\"_blank\" rel=\"noopener\">diabetes<\/a>, equil\u00edbrio do sal, suplemento de c\u00e1lcio, preven\u00e7\u00e3o do cancro.<\/p>\n<p>Di\u00e2metro: 1,8-2,5 mm<\/p>\n<p>Comprimento: 10-20cm<\/p>\n<p>Peso: 200g\/saco ou de acordo com a sua necessidade.<\/p>\n<p>Armazenamento: Conservar num local fresco e seco. Manter afastado da luz forte e do calor.<\/p>\n<h2>Factos nutricionais<\/h2>\n<table class=\"aliDataTable\">\n<tbody>\n<tr align=\"left\">\n<td>Tamanho da dose<\/td>\n<td>100g<\/td>\n<\/tr>\n<tr align=\"left\">\n<td>Energia<\/td>\n<td>6 kcal<\/td>\n<\/tr>\n<tr align=\"left\">\n<td>Prote\u00edna<\/td>\n<td>&lt;0.5g<\/td>\n<\/tr>\n<tr align=\"left\">\n<td>Gordura total<\/td>\n<td>&lt;0.5g<\/td>\n<\/tr>\n<tr align=\"left\">\n<td>\u00c1cidos gordos saturados<\/td>\n<td>&lt;0.1g<\/td>\n<\/tr>\n<tr align=\"left\">\n<td>\u00c1cidos gordos trans<\/td>\n<td>&lt;0.1g<\/td>\n<\/tr>\n<tr align=\"left\">\n<td>Hidratos de carbono totais<\/td>\n<td>3.5g<\/td>\n<\/tr>\n<tr align=\"left\">\n<td>A\u00e7\u00facar<\/td>\n<td>&lt;0.5g<\/td>\n<\/tr>\n<tr align=\"left\">\n<td>Fibra alimentar<\/td>\n<td>3.0g<\/td>\n<\/tr>\n<tr align=\"left\">\n<td>S\u00f3dio<\/td>\n<td>&lt;5mg<\/td>\n<\/tr>\n<\/tbody>\n<\/table>","protected":false},"excerpt":{"rendered":"<p>Carater\u00edstica do Konjac Cup Noodles: praticamente zero calorias, amigo do ceto, sem gl\u00faten. Fun\u00e7\u00f5es do Konjac: Desintoxica\u00e7\u00e3o, na dieta, defeca\u00e7\u00e3o, limpeza do est\u00f4mago, preven\u00e7\u00e3o de doen\u00e7as, dissuas\u00e3o da diabetes, equil\u00edbrio de sal, suplemento de c\u00e1lcio, preven\u00e7\u00e3o do cancro.<\/p>\n<div id=\"gtx-trans\" style=\"position: absolute; left: 470px; top: -3px;\">\n<div class=\"gtx-trans-icon\"><\/div>\n<\/div>","protected":false},"featured_media":1478,"template":"","meta":{"site-sidebar-layout":"default","site-content-layout":"","ast-site-content-layout":"default","site-content-style":"default","site-sidebar-style":"default","ast-global-header-display":"","ast-banner-title-visibility":"","ast-main-header-display":"","ast-hfb-above-header-display":"","ast-hfb-below-header-display":"","ast-hfb-mobile-header-display":"","site-post-title":"","ast-breadcrumbs-content":"","ast-featured-img":"","footer-sml-layout":"","ast-disable-related-posts":"","theme-transparent-header-meta":"default","adv-header-id-meta":"","stick-header-meta":"default","header-above-stick-meta":"","header-main-stick-meta":"","header-below-stick-meta":"","astra-migrate-meta-layouts":"set","ast-page-background-enabled":"default","ast-page-background-meta":{"desktop":{"background-color":"","background-image":"","background-repeat":"repeat","background-position":"center center","background-size":"auto","background-attachment":"scroll","background-type":"","background-media":"","overlay-type":"","overlay-color":"","overlay-opacity":"","overlay-gradient":""},"tablet":{"background-color":"","background-image":"","background-repeat":"repeat","background-position":"center center","background-size":"auto","background-attachment":"scroll","background-type":"","background-media":"","overlay-type":"","overlay-color":"","overlay-opacity":"","overlay-gradient":""},"mobile":{"background-color":"","background-image":"","background-repeat":"repeat","background-position":"center center","background-size":"auto","background-attachment":"scroll","background-type":"","background-media":"","overlay-type":"","overlay-color":"","overlay-opacity":"","overlay-gradient":""}},"ast-content-background-meta":{"desktop":{"background-color":"var(--ast-global-color-5)","background-image":"","background-repeat":"repeat","background-position":"center center","background-size":"auto","background-attachment":"scroll","background-type":"","background-media":"","overlay-type":"","overlay-color":"","overlay-opacity":"","overlay-gradient":""},"tablet":{"background-color":"var(--ast-global-color-5)","background-image":"","background-repeat":"repeat","background-position":"center center","background-size":"auto","background-attachment":"scroll","background-type":"","background-media":"","overlay-type":"","overlay-color":"","overlay-opacity":"","overlay-gradient":""},"mobile":{"background-color":"var(--ast-global-color-5)","background-image":"","background-repeat":"repeat","background-position":"center center","background-size":"auto","background-attachment":"scroll","background-type":"","background-media":"","overlay-type":"","overlay-color":"","overlay-opacity":"","overlay-gradient":""}}},"product_brand":[],"product_cat":[23],"product_tag":[40],"class_list":{"0":"post-1407","1":"product","2":"type-product","3":"status-publish","4":"has-post-thumbnail","6":"product_cat-instant-konjac-noodles","7":"product_tag-konjac-cup-noodles","8":"desktop-align-left","9":"tablet-align-left","10":"mobile-align-left","11":"ast-product-gallery-layout-horizontal-slider","12":"ast-product-tabs-layout-horizontal","14":"first","15":"instock","16":"shipping-taxable","17":"product-type-simple"},"_links":{"self":[{"href":"https:\/\/sentaiyuanbio.com\/pt\/wp-json\/wp\/v2\/product\/1407","targetHints":{"allow":["GET"]}}],"collection":[{"href":"https:\/\/sentaiyuanbio.com\/pt\/wp-json\/wp\/v2\/product"}],"about":[{"href":"https:\/\/sentaiyuanbio.com\/pt\/wp-json\/wp\/v2\/types\/product"}],"version-history":[{"count":0,"href":"https:\/\/sentaiyuanbio.com\/pt\/wp-json\/wp\/v2\/product\/1407\/revisions"}],"wp:featuredmedia":[{"embeddable":true,"href":"https:\/\/sentaiyuanbio.com\/pt\/wp-json\/wp\/v2\/media\/1478"}],"wp:attachment":[{"href":"https:\/\/sentaiyuanbio.com\/pt\/wp-json\/wp\/v2\/media?parent=1407"}],"wp:term":[{"taxonomy":"product_brand","embeddable":true,"href":"https:\/\/sentaiyuanbio.com\/pt\/wp-json\/wp\/v2\/product_brand?post=1407"},{"taxonomy":"product_cat","embeddable":true,"href":"https:\/\/sentaiyuanbio.com\/pt\/wp-json\/wp\/v2\/product_cat?post=1407"},{"taxonomy":"product_tag","embeddable":true,"href":"https:\/\/sentaiyuanbio.com\/pt\/wp-json\/wp\/v2\/product_tag?post=1407"}],"curies":[{"name":"wp","href":"https:\/\/api.w.org\/{rel}","templated":true}]}}