{"id":1433,"date":"2024-05-07T09:35:30","date_gmt":"2024-05-07T09:35:30","guid":{"rendered":"https:\/\/sentaiyuanbio.com\/?post_type=product&#038;p=1433"},"modified":"2025-03-03T06:01:58","modified_gmt":"2025-03-03T06:01:58","slug":"glucomanano-de-konjac-com-sabor-a-manga","status":"publish","type":"product","link":"https:\/\/sentaiyuanbio.com\/pt\/produto\/glucomanano-de-konjac-com-sabor-a-manga\/","title":{"rendered":"Sabor a manga glucomanano de konjac fibra alimentar sem a\u00e7\u00facar"},"content":{"rendered":"<h2>Sabor a manga Descri\u00e7\u00e3o da fibra alimentar glucomanano de konjac<\/h2>\n<p class=\"translation-block\">A fibra alimentar glucomanano de konjac \u00e9 derivada da raiz da <strong>planta konjac<\/strong> e \u00e9 um excelente substituto do arroz.<\/p>\n<p><strong>Eis algumas das suas carater\u00edsticas e carater\u00edsticas:<\/strong><\/p>\n<p><strong>Baixo teor de calorias<\/strong>: \u00c9 extremamente baixo em calorias, o que o torna uma escolha adequada para pessoas que procuram reduzir a sua ingest\u00e3o de calorias. Normalmente, cont\u00e9m apenas 5-10 calorias por dose.<\/p>\n<p><strong>Baixo teor de hidratos de carbono<\/strong>: \u00c9 muito pobre em hidratos de carbono, o que o torna uma excelente alternativa ao arroz tradicional para quem segue uma dieta pobre em hidratos de carbono. Cont\u00e9m apenas uma fra\u00e7\u00e3o dos hidratos de carbono presentes no arroz normal.<\/p>\n<p class=\"translation-block\"><strong>Alto teor de fibra<\/strong>: \u00c9 rico em fibra alimentar, particularmente <a href=\"https:\/\/hethstia.com\/soluble-and-insoluble-fiber-konjac-rice\/\" target=\"_blank\" rel=\"noopener\">fibra sol\u00favel<\/a> conhecida como glucomanano. Esta fibra \u00e9 ben\u00e9fica para a digest\u00e3o, ajuda a promover a sensa\u00e7\u00e3o de saciedade e pode ajudar no controlo do peso.<\/p>\n<p><strong>Sem gl\u00faten<\/strong>: \u00c9 naturalmente isento de gl\u00faten, o que o torna uma op\u00e7\u00e3o adequada para pessoas com sensibilidade ao gl\u00faten ou que seguem uma dieta sem gl\u00faten.<\/p>\n<p><strong>Textura gelatinosa<\/strong>: Tem uma textura gelatinosa \u00fanica que difere do arroz tradicional. \u00c9 ligeiramente mastig\u00e1vel e tem uma textura firme, que algumas pessoas podem considerar diferente do arroz normal.<\/p>\n<p><strong>Praticamente sem sabor<\/strong>: N\u00e3o tem um sabor pr\u00f3prio distinto. Tem tend\u00eancia a absorver os sabores dos molhos, especiarias ou ingredientes com que \u00e9 cozinhado, o que o torna vers\u00e1til e adapt\u00e1vel a v\u00e1rias receitas.<\/p>\n<p><strong>R\u00e1pido e f\u00e1cil de preparar<\/strong>: Normalmente, \u00e9 vendido pr\u00e9-embalado e pronto a utilizar. Requer um tempo m\u00ednimo de prepara\u00e7\u00e3o e de cozedura em compara\u00e7\u00e3o com o arroz tradicional.<\/p>\n<p><strong>Promove a saciedade<\/strong>: Devido ao seu elevado teor de fibras, pode promover sensa\u00e7\u00f5es de plenitude e saciedade, ajudando a controlar o apetite e a gerir o tamanho das por\u00e7\u00f5es.<\/p>\n<p><strong>Adequado para v\u00e1rias restri\u00e7\u00f5es alimentares<\/strong>: \u00c9 adequado para uma vasta gama de restri\u00e7\u00f5es alimentares, incluindo dietas baixas em hidratos de carbono, cetog\u00e9nicas, sem gl\u00faten, veganas e vegetarianas.<\/p>\n<p><strong>Pode ajudar na gest\u00e3o do peso<\/strong>: O seu baixo teor cal\u00f3rico e elevado teor de fibras torna-o uma escolha popular para as pessoas que pretendem perder peso ou manter um peso saud\u00e1vel.<\/p>\n<p class=\"translation-block\">\u00c9 importante notar que o <a href=\"https:\/\/sentaiyuanbio.com\/pt\/produto\/arroz-shirataki-seco\/\" target=\"_blank\" rel=\"noopener\">arroz konjac<\/a> tem uma textura e uma sensa\u00e7\u00e3o na boca diferentes em compara\u00e7\u00e3o com o <strong>arroz tradicional<\/strong>. Algumas pessoas podem achar que leva tempo para se acostumar com a textura e o sabor \u00fanicos. Recomenda-se a experimenta\u00e7\u00e3o de diferentes receitas e m\u00e9todos de cozedura para encontrar a melhor forma de o incorporar nas suas refei\u00e7\u00f5es.<\/p>","protected":false},"excerpt":{"rendered":"<p>Aplica\u00e7\u00e3o do p\u00f3 de glucomanano de konjac com sabor a manga: 1. Konjac na produ\u00e7\u00e3o de alimentos. 2. Konjac em bebidas. 3. Konjac em Farmac\u00eautico. 4. Konjac em Cosm\u00e9ticos. 5. Konjac na agricultura\/alimenta\u00e7\u00e3o animal. 6. Konjac noutras ind\u00fastrias.<\/p>\n<div id=\"gtx-trans\" style=\"position: absolute; left: 406px; top: 74.7031px;\">\n<div class=\"gtx-trans-icon\"><\/div>\n<\/div>","protected":false},"featured_media":4507,"template":"","meta":{"site-sidebar-layout":"default","site-content-layout":"","ast-site-content-layout":"default","site-content-style":"default","site-sidebar-style":"default","ast-global-header-display":"","ast-banner-title-visibility":"","ast-main-header-display":"","ast-hfb-above-header-display":"","ast-hfb-below-header-display":"","ast-hfb-mobile-header-display":"","site-post-title":"","ast-breadcrumbs-content":"","ast-featured-img":"","footer-sml-layout":"","ast-disable-related-posts":"","theme-transparent-header-meta":"default","adv-header-id-meta":"","stick-header-meta":"default","header-above-stick-meta":"","header-main-stick-meta":"","header-below-stick-meta":"","astra-migrate-meta-layouts":"set","ast-page-background-enabled":"default","ast-page-background-meta":{"desktop":{"background-color":"","background-image":"","background-repeat":"repeat","background-position":"center center","background-size":"auto","background-attachment":"scroll","background-type":"","background-media":"","overlay-type":"","overlay-color":"","overlay-opacity":"","overlay-gradient":""},"tablet":{"background-color":"","background-image":"","background-repeat":"repeat","background-position":"center center","background-size":"auto","background-attachment":"scroll","background-type":"","background-media":"","overlay-type":"","overlay-color":"","overlay-opacity":"","overlay-gradient":""},"mobile":{"background-color":"","background-image":"","background-repeat":"repeat","background-position":"center center","background-size":"auto","background-attachment":"scroll","background-type":"","background-media":"","overlay-type":"","overlay-color":"","overlay-opacity":"","overlay-gradient":""}},"ast-content-background-meta":{"desktop":{"background-color":"var(--ast-global-color-5)","background-image":"","background-repeat":"repeat","background-position":"center center","background-size":"auto","background-attachment":"scroll","background-type":"","background-media":"","overlay-type":"","overlay-color":"","overlay-opacity":"","overlay-gradient":""},"tablet":{"background-color":"var(--ast-global-color-5)","background-image":"","background-repeat":"repeat","background-position":"center center","background-size":"auto","background-attachment":"scroll","background-type":"","background-media":"","overlay-type":"","overlay-color":"","overlay-opacity":"","overlay-gradient":""},"mobile":{"background-color":"var(--ast-global-color-5)","background-image":"","background-repeat":"repeat","background-position":"center center","background-size":"auto","background-attachment":"scroll","background-type":"","background-media":"","overlay-type":"","overlay-color":"","overlay-opacity":"","overlay-gradient":""}}},"product_brand":[],"product_cat":[24],"product_tag":[41],"class_list":{"0":"post-1433","1":"product","2":"type-product","3":"status-publish","4":"has-post-thumbnail","6":"product_cat-konjac-dietary-fiber","7":"product_tag-konjac-glucomannan","8":"desktop-align-left","9":"tablet-align-left","10":"mobile-align-left","11":"ast-product-gallery-layout-horizontal-slider","12":"ast-product-tabs-layout-horizontal","14":"first","15":"instock","16":"shipping-taxable","17":"product-type-simple"},"_links":{"self":[{"href":"https:\/\/sentaiyuanbio.com\/pt\/wp-json\/wp\/v2\/product\/1433","targetHints":{"allow":["GET"]}}],"collection":[{"href":"https:\/\/sentaiyuanbio.com\/pt\/wp-json\/wp\/v2\/product"}],"about":[{"href":"https:\/\/sentaiyuanbio.com\/pt\/wp-json\/wp\/v2\/types\/product"}],"version-history":[{"count":0,"href":"https:\/\/sentaiyuanbio.com\/pt\/wp-json\/wp\/v2\/product\/1433\/revisions"}],"wp:featuredmedia":[{"embeddable":true,"href":"https:\/\/sentaiyuanbio.com\/pt\/wp-json\/wp\/v2\/media\/4507"}],"wp:attachment":[{"href":"https:\/\/sentaiyuanbio.com\/pt\/wp-json\/wp\/v2\/media?parent=1433"}],"wp:term":[{"taxonomy":"product_brand","embeddable":true,"href":"https:\/\/sentaiyuanbio.com\/pt\/wp-json\/wp\/v2\/product_brand?post=1433"},{"taxonomy":"product_cat","embeddable":true,"href":"https:\/\/sentaiyuanbio.com\/pt\/wp-json\/wp\/v2\/product_cat?post=1433"},{"taxonomy":"product_tag","embeddable":true,"href":"https:\/\/sentaiyuanbio.com\/pt\/wp-json\/wp\/v2\/product_tag?post=1433"}],"curies":[{"name":"wp","href":"https:\/\/api.w.org\/{rel}","templated":true}]}}