{"id":1436,"date":"2024-05-07T09:56:27","date_gmt":"2024-05-07T09:56:27","guid":{"rendered":"https:\/\/sentaiyuanbio.com\/?post_type=product&#038;p=1436"},"modified":"2025-03-03T06:07:07","modified_gmt":"2025-03-03T06:07:07","slug":"po-de-konjac","status":"publish","type":"product","link":"https:\/\/sentaiyuanbio.com\/pt\/produto\/po-de-konjac\/","title":{"rendered":"Melhor p\u00f3 de konjac para emagrecer rico em fibra alimentar sem gl\u00faten"},"content":{"rendered":"<h2>Descri\u00e7\u00e3o do p\u00f3 de konjac<\/h2>\n<p>O p\u00f3 de konjac \u00e9 uma fibra alimentar sol\u00favel em \u00e1gua derivada de <a href=\"https:\/\/sentaiyuanbio.com\/pt\/konjac\/\" target=\"_blank\" rel=\"noopener\">konjac<\/a> raiz. Pode absorver e reter \u00e1gua at\u00e9 100 vezes o seu peso! Tal como outras formas de fibra alimentar, o glucomanano ajuda a manter a fun\u00e7\u00e3o intestinal\/col\u00f3nica normal e a regular o tempo de tr\u00e2nsito, bem como a promover a regularidade intestinal e uma fun\u00e7\u00e3o digestiva saud\u00e1vel. Esta a\u00e7\u00e3o formadora de volume tem tamb\u00e9m um efeito positivo nos n\u00edveis de a\u00e7\u00facar no sangue e ajuda a manter e a melhorar o controlo da glicemia, reduzindo assim os desejos de a\u00e7\u00facar, o que o torna tamb\u00e9m muito \u00fatil para os diab\u00e9ticos. Ao expandir-se no est\u00f4mago, o glucomanano pode ser \u00fatil para as pessoas que est\u00e3o a tentar perder peso, ajudando a reduzir o apetite, uma vez que proporciona uma sensa\u00e7\u00e3o de saciedade.<\/p>\n<h2>Konjac Carater\u00edsticas:<\/h2>\n<p>-sem gl\u00faten<br \/>\n-sem a\u00e7\u00facar<br \/>\n-baixo teor cal\u00f3rico<br \/>\n-low carb<br \/>\n-sem gordura<br \/>\n-rico em fibras alimentares<\/p>\n<h2>Vantagens do Konjac:<\/h2>\n<p>1. Ajuda a regular os n\u00edveis de a\u00e7\u00facar no sangue observados na Diabetes Tipo 2Ajuda a regular os n\u00edveis de a\u00e7\u00facar no sangue observados na <a href=\"https:\/\/www.nhs.uk\/conditions\/type-2-diabetes\/\" target=\"_blank\" rel=\"noopener\">Diabetes tipo 2<\/a><br \/>\n2. Cheio de fibras alimentares, estimula os intestinos e ajuda a excretar as toxinas nocivas do corpo<br \/>\n3. Reduzir o colesterol<br \/>\n4. \u00d3timo para o cora\u00e7\u00e3o e o c\u00e9rebro<\/p>\n<h2>Aplica\u00e7\u00e3o do p\u00f3 de glucomanano de konjac:<\/h2>\n<p>1. O konjac na produ\u00e7\u00e3o alimentar<br \/>\n2. Konjac em bebidas<br \/>\n3. Konjac na ind\u00fastria farmac\u00eautica<br \/>\n4. Konjac nos cosm\u00e9ticos<br \/>\n5. Konjac na agricultura\/alimenta\u00e7\u00e3o animal<br \/>\n6. Konjac noutras ind\u00fastrias<\/p>","protected":false},"excerpt":{"rendered":"<p>O p\u00f3 de konjac \u00e9 uma fibra alimentar sol\u00favel em \u00e1gua derivada da raiz de konjac. Pode efetivamente absorver e reter \u00e1gua at\u00e9 100 vezes o seu pr\u00f3prio peso!<\/p>","protected":false},"featured_media":4510,"template":"","meta":{"site-sidebar-layout":"default","site-content-layout":"","ast-site-content-layout":"default","site-content-style":"default","site-sidebar-style":"default","ast-global-header-display":"","ast-banner-title-visibility":"","ast-main-header-display":"","ast-hfb-above-header-display":"","ast-hfb-below-header-display":"","ast-hfb-mobile-header-display":"","site-post-title":"","ast-breadcrumbs-content":"","ast-featured-img":"","footer-sml-layout":"","ast-disable-related-posts":"","theme-transparent-header-meta":"default","adv-header-id-meta":"","stick-header-meta":"default","header-above-stick-meta":"","header-main-stick-meta":"","header-below-stick-meta":"","astra-migrate-meta-layouts":"set","ast-page-background-enabled":"default","ast-page-background-meta":{"desktop":{"background-color":"","background-image":"","background-repeat":"repeat","background-position":"center center","background-size":"auto","background-attachment":"scroll","background-type":"","background-media":"","overlay-type":"","overlay-color":"","overlay-opacity":"","overlay-gradient":""},"tablet":{"background-color":"","background-image":"","background-repeat":"repeat","background-position":"center center","background-size":"auto","background-attachment":"scroll","background-type":"","background-media":"","overlay-type":"","overlay-color":"","overlay-opacity":"","overlay-gradient":""},"mobile":{"background-color":"","background-image":"","background-repeat":"repeat","background-position":"center center","background-size":"auto","background-attachment":"scroll","background-type":"","background-media":"","overlay-type":"","overlay-color":"","overlay-opacity":"","overlay-gradient":""}},"ast-content-background-meta":{"desktop":{"background-color":"var(--ast-global-color-5)","background-image":"","background-repeat":"repeat","background-position":"center center","background-size":"auto","background-attachment":"scroll","background-type":"","background-media":"","overlay-type":"","overlay-color":"","overlay-opacity":"","overlay-gradient":""},"tablet":{"background-color":"var(--ast-global-color-5)","background-image":"","background-repeat":"repeat","background-position":"center center","background-size":"auto","background-attachment":"scroll","background-type":"","background-media":"","overlay-type":"","overlay-color":"","overlay-opacity":"","overlay-gradient":""},"mobile":{"background-color":"var(--ast-global-color-5)","background-image":"","background-repeat":"repeat","background-position":"center center","background-size":"auto","background-attachment":"scroll","background-type":"","background-media":"","overlay-type":"","overlay-color":"","overlay-opacity":"","overlay-gradient":""}}},"product_brand":[],"product_cat":[24],"product_tag":[43],"class_list":{"0":"post-1436","1":"product","2":"type-product","3":"status-publish","4":"has-post-thumbnail","6":"product_cat-konjac-dietary-fiber","7":"product_tag-konjac-flour","8":"desktop-align-left","9":"tablet-align-left","10":"mobile-align-left","11":"ast-product-gallery-layout-horizontal-slider","12":"ast-product-tabs-layout-horizontal","14":"first","15":"instock","16":"shipping-taxable","17":"product-type-simple"},"_links":{"self":[{"href":"https:\/\/sentaiyuanbio.com\/pt\/wp-json\/wp\/v2\/product\/1436","targetHints":{"allow":["GET"]}}],"collection":[{"href":"https:\/\/sentaiyuanbio.com\/pt\/wp-json\/wp\/v2\/product"}],"about":[{"href":"https:\/\/sentaiyuanbio.com\/pt\/wp-json\/wp\/v2\/types\/product"}],"version-history":[{"count":0,"href":"https:\/\/sentaiyuanbio.com\/pt\/wp-json\/wp\/v2\/product\/1436\/revisions"}],"wp:featuredmedia":[{"embeddable":true,"href":"https:\/\/sentaiyuanbio.com\/pt\/wp-json\/wp\/v2\/media\/4510"}],"wp:attachment":[{"href":"https:\/\/sentaiyuanbio.com\/pt\/wp-json\/wp\/v2\/media?parent=1436"}],"wp:term":[{"taxonomy":"product_brand","embeddable":true,"href":"https:\/\/sentaiyuanbio.com\/pt\/wp-json\/wp\/v2\/product_brand?post=1436"},{"taxonomy":"product_cat","embeddable":true,"href":"https:\/\/sentaiyuanbio.com\/pt\/wp-json\/wp\/v2\/product_cat?post=1436"},{"taxonomy":"product_tag","embeddable":true,"href":"https:\/\/sentaiyuanbio.com\/pt\/wp-json\/wp\/v2\/product_tag?post=1436"}],"curies":[{"name":"wp","href":"https:\/\/api.w.org\/{rel}","templated":true}]}}