{"id":1498,"date":"2024-05-08T06:07:54","date_gmt":"2024-05-08T06:07:54","guid":{"rendered":"https:\/\/sentaiyuanbio.com\/?post_type=product&#038;p=1498"},"modified":"2025-07-22T03:05:30","modified_gmt":"2025-07-22T03:05:30","slug":"esponja-de-konjac","status":"publish","type":"product","link":"https:\/\/sentaiyuanbio.com\/pt\/produto\/esponja-de-konjac\/","title":{"rendered":"Esponja Konjac Equil\u00edbrio do PH Material natural amigo do ambiente"},"content":{"rendered":"<p>Esponja Konjac Equil\u00edbrio do PH Material natural amigo do ambiente<\/p>\n<p><strong>1. O que \u00e9 o konjac?<\/strong><\/p>\n<p>O konjac \u00e9 uma planta utilizada como alimento e medicina tradicional na China h\u00e1 mais de 2000 anos.<\/p>\n<p>O elemento principal do Konjac \u00e9 a sua maravilhosa fibra diet\u00e9tica sol\u00favel em \u00e1gua - glucomanano.<\/p>\n<p>Atualmente, o glucomanano de konjac \u00e9 amplamente utilizado na ind\u00fastria alimentar e de beleza.<\/p>\n<p>O produto de beleza Konjac mais popular \u00e9 a ESPONJA KONJAC.<\/p>\n<p>&nbsp;<\/p>\n<p><strong>2. O que \u00e9 a esponja konjac?<\/strong><\/p>\n<p>A esponja konjac \u00e9 um tipo de esponja natural 100% para a limpeza do rosto e do corpo! \u00c9 feita de <strong>Planta de konjac<\/strong>.<\/p>\n<p>Sendo incrivelmente suave e delicado, \u00e9 ideal para todos os tipos de pele, incluindo a dos rec\u00e9m-nascidos. Devido ao facto de conter <a href=\"\/pt\/produto\/glucomanano-de-raiz-de-konjac\/\" target=\"_blank\" rel=\"noopener\">glucomanano de konjac<\/a>, A esponja konjac \u00e9 ideal para limpar em profundidade, desintoxicar, hidratar e equilibrar! A utiliza\u00e7\u00e3o di\u00e1ria devolve o brilho natural e a suavidade da pele, o verdadeiro segredo das belezas asi\u00e1ticas!<\/p>\n<p>&nbsp;<\/p>\n<p><strong>3. Principais benef\u00edcios da esponja konjac<\/strong><\/p>\n<p>Seguran\u00e7a: A esponja \u00e9 100% natural atrav\u00e9s da fermenta\u00e7\u00e3o de produtos comest\u00edveis\u00a0<strong>fibra de konjac<\/strong>. Sem adi\u00e7\u00e3o de aditivos qu\u00edmicos<\/p>\n<p>Massajar suavemente e esfoliar: Melhora a circula\u00e7\u00e3o sangu\u00ednea e remove as cut\u00edculas mortas.<\/p>\n<p>Limpeza profunda: A superf\u00edcie macia pode remover as impurezas que obstruem os poros.<\/p>\n<p>Alcalinidade natural fraca: A esponja konjac tem uma alcalinidade fraca natural, pelo que pode ajudar a manter a<\/p>\n<p>o estado de alcalinidade do corpo humano, equilibra o n\u00edvel de PH e tamb\u00e9m pode limpar o rosto e o corpo mesmo<\/p>\n<p>sem qualquer leite de limpeza ou gel de duche.<\/p>\n<p>Sem estimula\u00e7\u00e3o: \u00e9 adequado para peles sens\u00edveis, mesmo para a pele do beb\u00e9.<\/p>\n<p>&nbsp;<\/p>\n<p><strong>4. Utiliza\u00e7\u00e3o\/Dire\u00e7\u00e3o\u00a0<\/strong><\/p>\n<p>1. Para uso di\u00e1rio, em vez de discos de algod\u00e3o, panos, toalhetes ou esponjas artificiais.<\/p>\n<p>2. Antes da primeira utiliza\u00e7\u00e3o, demolhar bem a esponja durante 3-5 minutos em \u00e1gua morna. Deixar sempre a esponja hidratar completamente antes de a utilizar na pele.<\/p>\n<p>3. Massajar suavemente o rosto e o corpo em movimentos circulares. Se utilizar produtos de limpeza adicionais, utilize metade da sua quantidade habitual.<\/p>\n<p>4. Ap\u00f3s a utiliza\u00e7\u00e3o, limpar e enxaguar sempre bem a esponja, pendurando-a com um cordel para secar bem.<\/p>\n<p>5. Esterilizar com \u00e1gua a ferver uma vez por semana.<\/p>\n<p>&nbsp;<\/p>\n<p><strong>5. Precau\u00e7\u00e3o\u00a0<\/strong><\/p>\n<p>Utilizar APENAS quando a esponja estiver totalmente hidratada.<\/p>\n<p>N\u00e3o o utilizar se a superf\u00edcie estiver partida.<\/p>\n<p>Para obter melhores resultados, substitua a cada 2-3 meses, deite fora quando come\u00e7ar a ficar estragado ou com um aspeto gasto.<\/p>\n<p>N\u00e3o se destina ao consumo.<\/p>\n<p>Manter afastado das crian\u00e7as e dos animais.<\/p>\n<p>&nbsp;<\/p>\n<p><strong>6. Como utilizar<\/strong><\/p>\n<p>1. Amolecimento por imers\u00e3o em \u00e1gua morna durante 3 a 5 minutos.<\/p>\n<p>2. Expulsar suavemente o excesso de \u00e1gua da esponja.<\/p>\n<p>3. Massajar o rosto\/corpo com a esponja em movimentos circulares, com ou sem sabonete de limpeza.<\/p>\n<p>4. Ap\u00f3s a utiliza\u00e7\u00e3o, enxaguar e secar num local fresco para a pr\u00f3xima utiliza\u00e7\u00e3o.<\/p>","protected":false},"excerpt":{"rendered":"<p>A esponja Konjac PH Balance \u00e9 uma esp\u00e9cie de esponja natural 100% para a limpeza do rosto e do corpo! \u00c9 feita a partir da planta Konjac. Sendo incrivelmente suave e delicada, \u00e9 ideal para todos os tipos de pele, incluindo beb\u00e9s rec\u00e9m-nascidos.<\/p>","protected":false},"featured_media":1499,"template":"","meta":{"site-sidebar-layout":"default","site-content-layout":"","ast-site-content-layout":"default","site-content-style":"default","site-sidebar-style":"default","ast-global-header-display":"","ast-banner-title-visibility":"","ast-main-header-display":"","ast-hfb-above-header-display":"","ast-hfb-below-header-display":"","ast-hfb-mobile-header-display":"","site-post-title":"","ast-breadcrumbs-content":"","ast-featured-img":"","footer-sml-layout":"","ast-disable-related-posts":"","theme-transparent-header-meta":"default","adv-header-id-meta":"","stick-header-meta":"default","header-above-stick-meta":"","header-main-stick-meta":"","header-below-stick-meta":"","astra-migrate-meta-layouts":"set","ast-page-background-enabled":"default","ast-page-background-meta":{"desktop":{"background-color":"","background-image":"","background-repeat":"repeat","background-position":"center center","background-size":"auto","background-attachment":"scroll","background-type":"","background-media":"","overlay-type":"","overlay-color":"","overlay-opacity":"","overlay-gradient":""},"tablet":{"background-color":"","background-image":"","background-repeat":"repeat","background-position":"center center","background-size":"auto","background-attachment":"scroll","background-type":"","background-media":"","overlay-type":"","overlay-color":"","overlay-opacity":"","overlay-gradient":""},"mobile":{"background-color":"","background-image":"","background-repeat":"repeat","background-position":"center center","background-size":"auto","background-attachment":"scroll","background-type":"","background-media":"","overlay-type":"","overlay-color":"","overlay-opacity":"","overlay-gradient":""}},"ast-content-background-meta":{"desktop":{"background-color":"var(--ast-global-color-5)","background-image":"","background-repeat":"repeat","background-position":"center center","background-size":"auto","background-attachment":"scroll","background-type":"","background-media":"","overlay-type":"","overlay-color":"","overlay-opacity":"","overlay-gradient":""},"tablet":{"background-color":"var(--ast-global-color-5)","background-image":"","background-repeat":"repeat","background-position":"center center","background-size":"auto","background-attachment":"scroll","background-type":"","background-media":"","overlay-type":"","overlay-color":"","overlay-opacity":"","overlay-gradient":""},"mobile":{"background-color":"var(--ast-global-color-5)","background-image":"","background-repeat":"repeat","background-position":"center center","background-size":"auto","background-attachment":"scroll","background-type":"","background-media":"","overlay-type":"","overlay-color":"","overlay-opacity":"","overlay-gradient":""}}},"product_brand":[],"product_cat":[25],"product_tag":[44],"class_list":{"0":"post-1498","1":"product","2":"type-product","3":"status-publish","4":"has-post-thumbnail","6":"product_cat-konjac-sponge","7":"product_tag-konjac-sponge","8":"desktop-align-left","9":"tablet-align-left","10":"mobile-align-left","11":"ast-product-gallery-layout-horizontal-slider","12":"ast-product-tabs-layout-horizontal","14":"first","15":"instock","16":"shipping-taxable","17":"product-type-simple"},"_links":{"self":[{"href":"https:\/\/sentaiyuanbio.com\/pt\/wp-json\/wp\/v2\/product\/1498","targetHints":{"allow":["GET"]}}],"collection":[{"href":"https:\/\/sentaiyuanbio.com\/pt\/wp-json\/wp\/v2\/product"}],"about":[{"href":"https:\/\/sentaiyuanbio.com\/pt\/wp-json\/wp\/v2\/types\/product"}],"version-history":[{"count":0,"href":"https:\/\/sentaiyuanbio.com\/pt\/wp-json\/wp\/v2\/product\/1498\/revisions"}],"wp:featuredmedia":[{"embeddable":true,"href":"https:\/\/sentaiyuanbio.com\/pt\/wp-json\/wp\/v2\/media\/1499"}],"wp:attachment":[{"href":"https:\/\/sentaiyuanbio.com\/pt\/wp-json\/wp\/v2\/media?parent=1498"}],"wp:term":[{"taxonomy":"product_brand","embeddable":true,"href":"https:\/\/sentaiyuanbio.com\/pt\/wp-json\/wp\/v2\/product_brand?post=1498"},{"taxonomy":"product_cat","embeddable":true,"href":"https:\/\/sentaiyuanbio.com\/pt\/wp-json\/wp\/v2\/product_cat?post=1498"},{"taxonomy":"product_tag","embeddable":true,"href":"https:\/\/sentaiyuanbio.com\/pt\/wp-json\/wp\/v2\/product_tag?post=1498"}],"curies":[{"name":"wp","href":"https:\/\/api.w.org\/{rel}","templated":true}]}}