{"id":1501,"date":"2024-05-08T06:43:31","date_gmt":"2024-05-08T06:43:31","guid":{"rendered":"https:\/\/sentaiyuanbio.com\/?post_type=product&#038;p=1501"},"modified":"2025-06-17T05:36:59","modified_gmt":"2025-06-17T05:36:59","slug":"konjac-fibra-dietetica-com-baixo-teor-de-gordura","status":"publish","type":"product","link":"https:\/\/sentaiyuanbio.com\/pt\/produto\/konjac-fibra-dietetica-com-baixo-teor-de-gordura\/","title":{"rendered":"Delicious Konjac fibra diet\u00e9tica com baixo teor de gordura, baixas calorias, sem gordura"},"content":{"rendered":"<h3>Fibra diet\u00e9tica de konjac Descri\u00e7\u00e3o<\/h3>\n<p>A fibra alimentar de konjac \u00e9 uma fibra alimentar sol\u00favel em \u00e1gua que \u00e9 derivada da raiz de konjac (<a href=\"https:\/\/sentaiyuanbio.com\/pt\/konjac\/\" target=\"_blank\" rel=\"noopener\">Amorphophallus<\/a> Konjac). Pode absorver e reter \u00e1gua at\u00e9 100 vezes o seu peso! Tal como outras formas de fibra alimentar, o glucomanano ajuda a manter o funcionamento normal do intestino\/col\u00f3nias e a regular o tempo de tr\u00e2nsito, bem como a promover a regularidade intestinal e uma fun\u00e7\u00e3o digestiva saud\u00e1vel. Esta a\u00e7\u00e3o formadora de volume tem tamb\u00e9m um efeito positivo nos n\u00edveis de a\u00e7\u00facar no sangue e ajuda a manter e a melhorar o controlo da glicemia, reduzindo assim os desejos de a\u00e7\u00facar, o que o torna tamb\u00e9m muito \u00fatil para os diab\u00e9ticos. Ao expandir-se no est\u00f4mago, o glucomanano pode ser \u00fatil para as pessoas que est\u00e3o a tentar perder peso, ajudando a reduzir o apetite, uma vez que proporciona uma sensa\u00e7\u00e3o de saciedade.<\/p>\n<p><strong>Fibra alimentar konjac Carater\u00edsticas:<\/strong><br \/>\n-sem gl\u00faten<br \/>\n-sem a\u00e7\u00facar<br \/>\n-baixo teor cal\u00f3rico<br \/>\n-low carb<br \/>\n-sem gordura<br \/>\n-rico em fibras alimentares<\/p>\n<p><strong>Vantagens:<\/strong><br \/>\n1. Ajuda a regular os n\u00edveis de a\u00e7\u00facar no sangue observados em <a href=\"https:\/\/www.mayoclinic.org\/diseases-conditions\/type-2-diabetes\/symptoms-causes\/syc-20351193\" target=\"_blank\" rel=\"noopener\">Diabetes tipo 2<\/a> ajuda a regular os n\u00edveis de a\u00e7\u00facar no sangue observados na diabetes tipo 2<br \/>\n2. Cheio de fibras alimentares, estimula os intestinos e ajuda a excretar as toxinas nocivas do corpo<br \/>\n3. Reduzir o colesterol<br \/>\n4. \u00d3timo para o cora\u00e7\u00e3o e o c\u00e9rebro...<\/p>\n<p><strong>Aplica\u00e7\u00e3o:<\/strong><\/p>\n<p>1. O konjac na produ\u00e7\u00e3o alimentar<\/p>\n<p>2. Konjac em bebidas<\/p>\n<p>3. Konjac na ind\u00fastria farmac\u00eautica<\/p>\n<p>4. Konjac nos cosm\u00e9ticos<\/p>\n<p>5. Konjac na agricultura\/alimenta\u00e7\u00e3o animal<\/p>\n<p>6. Konjac noutras ind\u00fastrias<\/p>\n<p><img fetchpriority=\"high\" decoding=\"async\" class=\"alignnone wp-image-5159 size-full\" title=\"Fibra alimentar konjac com baixo teor de gordura\" src=\"https:\/\/sentaiyuanbio.com\/wp-content\/uploads\/2024\/05\/Konjac-dietary-fiber-low-fat-4.webp\" alt=\"Fibra alimentar konjac com baixo teor de gordura\" width=\"800\" height=\"800\" srcset=\"https:\/\/sentaiyuanbio.com\/wp-content\/uploads\/2024\/05\/Konjac-dietary-fiber-low-fat-4.webp 800w, https:\/\/sentaiyuanbio.com\/wp-content\/uploads\/2024\/05\/Konjac-dietary-fiber-low-fat-4-600x600.webp 600w, https:\/\/sentaiyuanbio.com\/wp-content\/uploads\/2024\/05\/Konjac-dietary-fiber-low-fat-4-100x100.webp 100w, https:\/\/sentaiyuanbio.com\/wp-content\/uploads\/2024\/05\/Konjac-dietary-fiber-low-fat-4-300x300.webp 300w, https:\/\/sentaiyuanbio.com\/wp-content\/uploads\/2024\/05\/Konjac-dietary-fiber-low-fat-4-150x150.webp 150w, https:\/\/sentaiyuanbio.com\/wp-content\/uploads\/2024\/05\/Konjac-dietary-fiber-low-fat-4-768x768.webp 768w\" sizes=\"(max-width: 800px) 100vw, 800px\" \/> <img decoding=\"async\" class=\"alignnone wp-image-5158 size-full\" title=\"Fibra alimentar konjac com baixo teor de gordura\" src=\"https:\/\/sentaiyuanbio.com\/wp-content\/uploads\/2024\/05\/Konjac-dietary-fiber-low-fat-3.webp\" alt=\"Fibra alimentar konjac com baixo teor de gordura\" width=\"800\" height=\"800\" srcset=\"https:\/\/sentaiyuanbio.com\/wp-content\/uploads\/2024\/05\/Konjac-dietary-fiber-low-fat-3.webp 800w, https:\/\/sentaiyuanbio.com\/wp-content\/uploads\/2024\/05\/Konjac-dietary-fiber-low-fat-3-600x600.webp 600w, https:\/\/sentaiyuanbio.com\/wp-content\/uploads\/2024\/05\/Konjac-dietary-fiber-low-fat-3-100x100.webp 100w, https:\/\/sentaiyuanbio.com\/wp-content\/uploads\/2024\/05\/Konjac-dietary-fiber-low-fat-3-300x300.webp 300w, https:\/\/sentaiyuanbio.com\/wp-content\/uploads\/2024\/05\/Konjac-dietary-fiber-low-fat-3-150x150.webp 150w, https:\/\/sentaiyuanbio.com\/wp-content\/uploads\/2024\/05\/Konjac-dietary-fiber-low-fat-3-768x768.webp 768w\" sizes=\"(max-width: 800px) 100vw, 800px\" \/> <img decoding=\"async\" class=\"alignnone wp-image-5157 size-full\" title=\"Fibra alimentar konjac com baixo teor de gordura\" src=\"https:\/\/sentaiyuanbio.com\/wp-content\/uploads\/2024\/05\/Konjac-dietary-fiber-low-fat-2.webp\" alt=\"Fibra alimentar konjac com baixo teor de gordura\" width=\"800\" height=\"800\" srcset=\"https:\/\/sentaiyuanbio.com\/wp-content\/uploads\/2024\/05\/Konjac-dietary-fiber-low-fat-2.webp 800w, https:\/\/sentaiyuanbio.com\/wp-content\/uploads\/2024\/05\/Konjac-dietary-fiber-low-fat-2-600x600.webp 600w, https:\/\/sentaiyuanbio.com\/wp-content\/uploads\/2024\/05\/Konjac-dietary-fiber-low-fat-2-100x100.webp 100w, https:\/\/sentaiyuanbio.com\/wp-content\/uploads\/2024\/05\/Konjac-dietary-fiber-low-fat-2-300x300.webp 300w, https:\/\/sentaiyuanbio.com\/wp-content\/uploads\/2024\/05\/Konjac-dietary-fiber-low-fat-2-150x150.webp 150w, https:\/\/sentaiyuanbio.com\/wp-content\/uploads\/2024\/05\/Konjac-dietary-fiber-low-fat-2-768x768.webp 768w\" sizes=\"(max-width: 800px) 100vw, 800px\" \/> <img loading=\"lazy\" decoding=\"async\" class=\"alignnone wp-image-5156 size-full\" title=\"Fibra alimentar konjac com baixo teor de gordura\" src=\"https:\/\/sentaiyuanbio.com\/wp-content\/uploads\/2024\/05\/Konjac-dietary-fiber-low-fat-1.webp\" alt=\"Fibra alimentar konjac com baixo teor de gordura\" width=\"800\" height=\"800\" srcset=\"https:\/\/sentaiyuanbio.com\/wp-content\/uploads\/2024\/05\/Konjac-dietary-fiber-low-fat-1.webp 800w, https:\/\/sentaiyuanbio.com\/wp-content\/uploads\/2024\/05\/Konjac-dietary-fiber-low-fat-1-600x600.webp 600w, https:\/\/sentaiyuanbio.com\/wp-content\/uploads\/2024\/05\/Konjac-dietary-fiber-low-fat-1-100x100.webp 100w, https:\/\/sentaiyuanbio.com\/wp-content\/uploads\/2024\/05\/Konjac-dietary-fiber-low-fat-1-300x300.webp 300w, https:\/\/sentaiyuanbio.com\/wp-content\/uploads\/2024\/05\/Konjac-dietary-fiber-low-fat-1-150x150.webp 150w, https:\/\/sentaiyuanbio.com\/wp-content\/uploads\/2024\/05\/Konjac-dietary-fiber-low-fat-1-768x768.webp 768w\" sizes=\"(max-width: 800px) 100vw, 800px\" \/><\/p>","protected":false},"excerpt":{"rendered":"<p>Fibra diet\u00e9tica Konjac Carater\u00edsticas: sem gl\u00faten, sem a\u00e7\u00facar, baixa caloria, baixo teor de carboidratos, sem gordura e rica em fibra diet\u00e9tica.  Vantagens: Ajuda a regular os n\u00edveis de a\u00e7\u00facar no sangue observados na Diabetes Tipo 2Ajuda a regular os n\u00edveis de a\u00e7\u00facar no sangue observados na Diabetes Tipo 2.<\/p>\n<div id=\"gtx-trans\" style=\"position: absolute; left: 469px; top: -3px;\">\n<div class=\"gtx-trans-icon\"><\/div>\n<\/div>","protected":false},"featured_media":4504,"template":"","meta":{"site-sidebar-layout":"default","site-content-layout":"","ast-site-content-layout":"default","site-content-style":"default","site-sidebar-style":"default","ast-global-header-display":"","ast-banner-title-visibility":"","ast-main-header-display":"","ast-hfb-above-header-display":"","ast-hfb-below-header-display":"","ast-hfb-mobile-header-display":"","site-post-title":"","ast-breadcrumbs-content":"","ast-featured-img":"","footer-sml-layout":"","ast-disable-related-posts":"","theme-transparent-header-meta":"default","adv-header-id-meta":"","stick-header-meta":"default","header-above-stick-meta":"","header-main-stick-meta":"","header-below-stick-meta":"","astra-migrate-meta-layouts":"set","ast-page-background-enabled":"default","ast-page-background-meta":{"desktop":{"background-color":"","background-image":"","background-repeat":"repeat","background-position":"center center","background-size":"auto","background-attachment":"scroll","background-type":"","background-media":"","overlay-type":"","overlay-color":"","overlay-opacity":"","overlay-gradient":""},"tablet":{"background-color":"","background-image":"","background-repeat":"repeat","background-position":"center center","background-size":"auto","background-attachment":"scroll","background-type":"","background-media":"","overlay-type":"","overlay-color":"","overlay-opacity":"","overlay-gradient":""},"mobile":{"background-color":"","background-image":"","background-repeat":"repeat","background-position":"center center","background-size":"auto","background-attachment":"scroll","background-type":"","background-media":"","overlay-type":"","overlay-color":"","overlay-opacity":"","overlay-gradient":""}},"ast-content-background-meta":{"desktop":{"background-color":"var(--ast-global-color-5)","background-image":"","background-repeat":"repeat","background-position":"center center","background-size":"auto","background-attachment":"scroll","background-type":"","background-media":"","overlay-type":"","overlay-color":"","overlay-opacity":"","overlay-gradient":""},"tablet":{"background-color":"var(--ast-global-color-5)","background-image":"","background-repeat":"repeat","background-position":"center center","background-size":"auto","background-attachment":"scroll","background-type":"","background-media":"","overlay-type":"","overlay-color":"","overlay-opacity":"","overlay-gradient":""},"mobile":{"background-color":"var(--ast-global-color-5)","background-image":"","background-repeat":"repeat","background-position":"center center","background-size":"auto","background-attachment":"scroll","background-type":"","background-media":"","overlay-type":"","overlay-color":"","overlay-opacity":"","overlay-gradient":""}}},"product_brand":[],"product_cat":[24],"product_tag":[43,41],"class_list":{"0":"post-1501","1":"product","2":"type-product","3":"status-publish","4":"has-post-thumbnail","6":"product_cat-konjac-dietary-fiber","7":"product_tag-konjac-flour","8":"product_tag-konjac-glucomannan","9":"desktop-align-left","10":"tablet-align-left","11":"mobile-align-left","12":"ast-product-gallery-layout-horizontal-slider","13":"ast-product-tabs-layout-horizontal","15":"first","16":"instock","17":"shipping-taxable","18":"product-type-simple"},"_links":{"self":[{"href":"https:\/\/sentaiyuanbio.com\/pt\/wp-json\/wp\/v2\/product\/1501","targetHints":{"allow":["GET"]}}],"collection":[{"href":"https:\/\/sentaiyuanbio.com\/pt\/wp-json\/wp\/v2\/product"}],"about":[{"href":"https:\/\/sentaiyuanbio.com\/pt\/wp-json\/wp\/v2\/types\/product"}],"version-history":[{"count":0,"href":"https:\/\/sentaiyuanbio.com\/pt\/wp-json\/wp\/v2\/product\/1501\/revisions"}],"wp:featuredmedia":[{"embeddable":true,"href":"https:\/\/sentaiyuanbio.com\/pt\/wp-json\/wp\/v2\/media\/4504"}],"wp:attachment":[{"href":"https:\/\/sentaiyuanbio.com\/pt\/wp-json\/wp\/v2\/media?parent=1501"}],"wp:term":[{"taxonomy":"product_brand","embeddable":true,"href":"https:\/\/sentaiyuanbio.com\/pt\/wp-json\/wp\/v2\/product_brand?post=1501"},{"taxonomy":"product_cat","embeddable":true,"href":"https:\/\/sentaiyuanbio.com\/pt\/wp-json\/wp\/v2\/product_cat?post=1501"},{"taxonomy":"product_tag","embeddable":true,"href":"https:\/\/sentaiyuanbio.com\/pt\/wp-json\/wp\/v2\/product_tag?post=1501"}],"curies":[{"name":"wp","href":"https:\/\/api.w.org\/{rel}","templated":true}]}}