{"id":2019,"date":"2024-05-15T03:12:06","date_gmt":"2024-05-15T03:12:06","guid":{"rendered":"https:\/\/sentaiyuanbio.com\/?post_type=product&#038;p=2019"},"modified":"2026-04-20T08:34:00","modified_gmt":"2026-04-20T08:34:00","slug":"chips-de-konjac","status":"publish","type":"product","link":"https:\/\/sentaiyuanbio.com\/pt\/produto\/chips-de-konjac\/","title":{"rendered":"Chips de Konjac, Chips de raiz de Konjac por atacado"},"content":{"rendered":"<p>As batatas fritas de konjac t\u00eam como mat\u00e9ria-prima a planta Araceae konjac, o rizoma desta planta \u00e9 cortado em fatias finas ap\u00f3s o processamento, utilizando a exposi\u00e7\u00e3o ao sol e a secagem natural e, assim, transformado em batatas fritas de konjac secas. A toxicidade original do konjac foi totalmente removida, mantendo a maioria dos nutrientes no konjac. A \u00e1gua fresca do konjac representava cerca de 80-85%, o glucomanano representava cerca de 7% e o amido, a fibra e as impurezas representavam cerca de 8%, depois de secar a \u00e1gua at\u00e9 15% ou menos.<\/p>\n<h2>O papel e a efic\u00e1cia das pastilhas de konjac<\/h2>\n<p><strong>1. Ajuda a perder peso:<\/strong> As pastilhas de konjac s\u00e3o ricas em fibras alimentares, que podem aumentar eficazmente a sensa\u00e7\u00e3o de saciedade, ajudando assim a controlar a dieta e a promover o emagrecimento.<\/p>\n<p><strong>2. reduzir o colesterol:<\/strong> As suas fibras sol\u00faveis podem adsorver o excesso de colesterol no trato intestinal, ajudando-o a sair do organismo, o que favorece a gest\u00e3o dos l\u00edpidos.<\/p>\n<p><strong>3. Preven\u00e7\u00e3o da diabetes:<\/strong> As propriedades de baixo teor de a\u00e7\u00facar e de baixo IG do konjac ajudam a estabilizar os n\u00edveis de a\u00e7\u00facar no sangue, o que \u00e9 adequado para diab\u00e9ticos e pessoas que precisam de controlar o a\u00e7\u00facar.<\/p>\n<p><strong>4. Refor\u00e7ar a imunidade:<\/strong> As fibras alimentares ricas podem n\u00e3o s\u00f3 melhorar o ambiente intestinal, mas tamb\u00e9m promover o crescimento de bact\u00e9rias ben\u00e9ficas, aumentando indiretamente a imunidade.<\/p>\n<p><strong>Efeitos:<\/strong> Resolve a fleuma e dispersa a estagna\u00e7\u00e3o, promove a estagna\u00e7\u00e3o do sangue e reduz o incha\u00e7o.<\/p>\n<p><strong>Utiliza\u00e7\u00e3o e dosagem:<\/strong> Para uso interno, decoc\u00e7\u00e3o de 10-20 gramas de sopa (deve ser decoc\u00e7\u00e3o durante 2 horas, e tomar o sumo).<\/p>\n<p><strong>Utiliza\u00e7\u00e3o externa:<\/strong> Adicione vinagre e triture at\u00e9 obter um sumo ou ferva e esmague para aplicar externamente.<\/p>\n<h2>Lascas de konjac Rem\u00e9dio de fisioterapia da medicina chinesa<\/h2>\n<h3><\/h3>\n<h3>Tratamento do tumor cerebral<\/h3>\n<p>1, 30 gramas de flocos de konjac, primeiro decoc\u00e7\u00e3o durante 2 horas, depois adicionar 9 gramas de pulga, 6 gramas de decoc\u00e7\u00e3o de alca\u00e7uz cru, 1 vez por dia. Para os v\u00f3mitos, adicionar gengibre meio ver\u00e3o 9 gramas. Se houver congest\u00e3o nasal, adicionar ganso que n\u00e3o come erva 9 gramas; para hemorragias, adicionar gard\u00e9nia preta 15 gramas. (\u201cO conhecimento b\u00e1sico da medicina da p\u00e1tria\u201d)<\/p>\n<p>2, flocos de konjac (primeiro decoc\u00e7\u00e3o durante 2 horas), Tong Guan San 30 gramas cada, 10 gramas de Cang Er, 15 gramas de Hexagonal Vine, 30 gramas de Fleabane. Tomar com decoc\u00e7\u00e3o de \u00e1gua, 1 vez por dia. (Fitoterapia chinesa anti-cancro de Yunnan)<\/p>\n<h3>Tratamento do cancro da nasofaringe<\/h3>\n<p>Flocos de konjac (primeiro decoc\u00e7\u00e3o durante 2 horas), pele de osso mo\u00edda, erva metat\u00e1rsica de pato 30 gramas cada, 15 gramas de cana-de-a\u00e7\u00facar. Decoc\u00e7\u00e3o em \u00e1gua e tomar 3 vezes, uma vez por dia. (Diagn\u00f3stico e Tratamento de Tumores)<\/p>\n<h3>Tratamento do cancro da tiroide<\/h3>\n<p>30 gramas de konjac, primeiro decoc\u00e7\u00e3o durante 2 horas, depois adicionar 15 gramas de algas marinhas, raiz de Pueraria, XuanShen, 30 gramas de CangErGao, GuanZhong, e 60 gramas de ostra crua se o tumor for duro, e tomar por decoc\u00e7\u00e3o, uma vez por dia. (Diagn\u00f3stico e Preven\u00e7\u00e3o de Tumores)<\/p>\n<h3>Curar o cancro da par\u00f3tida<\/h3>\n<p>Konjac (primeiro frito durante 2 horas), 30 gramas de raiz de Isatis, 15 gramas de madressilva e 15 gramas de raiz de feij\u00e3o da montanha. Decoc\u00e7\u00e3o em \u00e1gua e tomar uma vez por dia. (\u201cPrepara\u00e7\u00f5es de ervas chinesas anti-cancer\u00edgenas\u201d)<\/p>\n<h3>Tratamento do cancro do reto<\/h3>\n<p>Colocam-se 60 gramas de konjac nos intestinos de porco (cerca de 20 cent\u00edmetros de comprimento), ambas as extremidades com uma ligadura de fio, cozinha-se durante 4 horas, come-se os intestinos de porco e bebe-se sopa. (\u201cYunnan anti-cancer herbs\u201d)<\/p>\n<h3>Tratamento da leucemia<\/h3>\n<p>Konjac (primeiro decocto durante 2 horas), ruibarbo (depois do seguinte), p\u00e9s de porco, meio l\u00f3tus, erva l\u00edngua de cobra de flor branca 30 gramas cada, estricnina (primeiro decocto) 0,9 gramas. Decoctar \u00e1gua e tomar 2 vezes, uma vez por dia. (<a href=\"https:\/\/www.zs-hospital.sh.cn\/\" target=\"_blank\" rel=\"noopener\">Prescri\u00e7\u00e3o do Shanghai Zhongshan Hospital<\/a>)<\/p>\n<p>Nota especial: N\u00e3o comer acidentalmente os restos do medicamento quando tomar este produto para evitar envenenamento.<\/p>","protected":false},"excerpt":{"rendered":"<p>As batatas fritas de konjac t\u00eam como mat\u00e9ria-prima a planta Araceae konjac, o rizoma desta planta \u00e9 cortado em fatias finas ap\u00f3s o processamento, utilizando a exposi\u00e7\u00e3o ao sol e a secagem natural e, assim, transformado em batatas fritas de konjac secas. A toxicidade original do konjac foi totalmente removida, mantendo a maior parte dos nutrientes no konjac.<\/p>","protected":false},"featured_media":2020,"template":"","meta":{"site-sidebar-layout":"default","site-content-layout":"","ast-site-content-layout":"default","site-content-style":"default","site-sidebar-style":"default","ast-global-header-display":"","ast-banner-title-visibility":"","ast-main-header-display":"","ast-hfb-above-header-display":"","ast-hfb-below-header-display":"","ast-hfb-mobile-header-display":"","site-post-title":"","ast-breadcrumbs-content":"","ast-featured-img":"","footer-sml-layout":"","ast-disable-related-posts":"","theme-transparent-header-meta":"default","adv-header-id-meta":"","stick-header-meta":"default","header-above-stick-meta":"","header-main-stick-meta":"","header-below-stick-meta":"","astra-migrate-meta-layouts":"set","ast-page-background-enabled":"default","ast-page-background-meta":{"desktop":{"background-color":"","background-image":"","background-repeat":"repeat","background-position":"center center","background-size":"auto","background-attachment":"scroll","background-type":"","background-media":"","overlay-type":"","overlay-color":"","overlay-opacity":"","overlay-gradient":""},"tablet":{"background-color":"","background-image":"","background-repeat":"repeat","background-position":"center center","background-size":"auto","background-attachment":"scroll","background-type":"","background-media":"","overlay-type":"","overlay-color":"","overlay-opacity":"","overlay-gradient":""},"mobile":{"background-color":"","background-image":"","background-repeat":"repeat","background-position":"center center","background-size":"auto","background-attachment":"scroll","background-type":"","background-media":"","overlay-type":"","overlay-color":"","overlay-opacity":"","overlay-gradient":""}},"ast-content-background-meta":{"desktop":{"background-color":"var(--ast-global-color-5)","background-image":"","background-repeat":"repeat","background-position":"center center","background-size":"auto","background-attachment":"scroll","background-type":"","background-media":"","overlay-type":"","overlay-color":"","overlay-opacity":"","overlay-gradient":""},"tablet":{"background-color":"var(--ast-global-color-5)","background-image":"","background-repeat":"repeat","background-position":"center center","background-size":"auto","background-attachment":"scroll","background-type":"","background-media":"","overlay-type":"","overlay-color":"","overlay-opacity":"","overlay-gradient":""},"mobile":{"background-color":"var(--ast-global-color-5)","background-image":"","background-repeat":"repeat","background-position":"center center","background-size":"auto","background-attachment":"scroll","background-type":"","background-media":"","overlay-type":"","overlay-color":"","overlay-opacity":"","overlay-gradient":""}}},"product_brand":[],"product_cat":[24],"product_tag":[41],"class_list":{"0":"post-2019","1":"product","2":"type-product","3":"status-publish","4":"has-post-thumbnail","6":"product_cat-konjac-dietary-fiber","7":"product_tag-konjac-glucomannan","8":"desktop-align-left","9":"tablet-align-left","10":"mobile-align-left","11":"ast-product-gallery-layout-horizontal-slider","12":"ast-product-tabs-layout-horizontal","14":"first","15":"instock","16":"shipping-taxable","17":"product-type-simple"},"_links":{"self":[{"href":"https:\/\/sentaiyuanbio.com\/pt\/wp-json\/wp\/v2\/product\/2019","targetHints":{"allow":["GET"]}}],"collection":[{"href":"https:\/\/sentaiyuanbio.com\/pt\/wp-json\/wp\/v2\/product"}],"about":[{"href":"https:\/\/sentaiyuanbio.com\/pt\/wp-json\/wp\/v2\/types\/product"}],"version-history":[{"count":1,"href":"https:\/\/sentaiyuanbio.com\/pt\/wp-json\/wp\/v2\/product\/2019\/revisions"}],"predecessor-version":[{"id":6162,"href":"https:\/\/sentaiyuanbio.com\/pt\/wp-json\/wp\/v2\/product\/2019\/revisions\/6162"}],"wp:featuredmedia":[{"embeddable":true,"href":"https:\/\/sentaiyuanbio.com\/pt\/wp-json\/wp\/v2\/media\/2020"}],"wp:attachment":[{"href":"https:\/\/sentaiyuanbio.com\/pt\/wp-json\/wp\/v2\/media?parent=2019"}],"wp:term":[{"taxonomy":"product_brand","embeddable":true,"href":"https:\/\/sentaiyuanbio.com\/pt\/wp-json\/wp\/v2\/product_brand?post=2019"},{"taxonomy":"product_cat","embeddable":true,"href":"https:\/\/sentaiyuanbio.com\/pt\/wp-json\/wp\/v2\/product_cat?post=2019"},{"taxonomy":"product_tag","embeddable":true,"href":"https:\/\/sentaiyuanbio.com\/pt\/wp-json\/wp\/v2\/product_tag?post=2019"}],"curies":[{"name":"wp","href":"https:\/\/api.w.org\/{rel}","templated":true}]}}