{"id":2024,"date":"2024-05-16T03:48:48","date_gmt":"2024-05-16T03:48:48","guid":{"rendered":"https:\/\/sentaiyuanbio.com\/?post_type=product&#038;p=2024"},"modified":"2025-02-26T08:41:42","modified_gmt":"2025-02-26T08:41:42","slug":"arroz-shirataki-seco","status":"publish","type":"product","link":"https:\/\/sentaiyuanbio.com\/pt\/produto\/arroz-shirataki-seco\/","title":{"rendered":"Arroz Shirataki Seco, Arroz Shirataki Konjac a granel"},"content":{"rendered":"<p>O arroz Shirataki seco Sentaiyuan tem poucas calorias, \u00e9 rico em fibras e promove a digest\u00e3o.<br \/>\nCada 100 gramas de arroz shirataki cont\u00e9m 2,8 gramas de fibra alimentar, apenas 6 calorias de energia e nenhuma gordura.<\/p>\n<p>Sentaiyuan's <a href=\"https:\/\/sentaiyuanbio.com\/pt\/produto-konjac\/\" target=\"_blank\" rel=\"noopener\">Produtos de konjac<\/a> receberam v\u00e1rias certifica\u00e7\u00f5es, incluindo IFS, BRC, KOSHER, HALAL e HACCP, para garantir que obt\u00e9m produtos da mais elevada qualidade. A embalagem consiste num saco interior fresco e num stand-up pouch ou caixa de cart\u00e3o para f\u00e1cil armazenamento.<\/p>\n<p>Com um prazo de entrega de 15-30 dias \u00fateis, pode efetuar a sua encomenda com confian\u00e7a, sabendo que a receber\u00e1 prontamente. Para sua conveni\u00eancia, aceitamos v\u00e1rios m\u00e9todos de pagamento, tais como L\/C, D\/A, D\/P, T\/T, <a href=\"https:\/\/www.westernunion.com\/hk\/en\/home.html\" target=\"_blank\" rel=\"noopener\">Western Union<\/a>, <a href=\"https:\/\/www.moneygram.com\/\" target=\"_blank\" rel=\"noopener\">MoneyGram<\/a>, e <a href=\"https:\/\/www.paypal.com\/\" target=\"_blank\" rel=\"noopener\">PayPal<\/a>.<\/p>\n<p>A Sentaiyuan tem capacidade para produzir 3.000 contentores de 20 p\u00e9s por ano.<\/p>\n<p>Escolha o arroz Shirataki seco Sentaiyuan como uma alternativa deliciosa e sem culpa ao arroz tradicional e melhore a sua experi\u00eancia gastron\u00f3mica, dando prioridade \u00e0 sua sa\u00fade e bem-estar.<\/p>\n<h2>Especifica\u00e7\u00e3o do arroz Shirataki seco<\/h2>\n<table width=\"100%\" cellspacing=\"0\" cellpadding=\"0\">\n<colgroup>\n<col style=\"width: 180px;\" width=\"215\" \/>\n<col style=\"width: 383px;\" width=\"383\" \/> <\/colgroup>\n<tbody>\n<tr style=\"height: 20px;\">\n<td width=\"180\" height=\"20\">Nome do produto<\/td>\n<td width=\"392\">Arroz Shirataki seco<\/td>\n<\/tr>\n<tr style=\"height: 20px;\">\n<td width=\"180\" height=\"21\">Ingrediente prim\u00e1rio<\/td>\n<td width=\"392\"><a href=\"https:\/\/sentaiyuanbio.com\/pt\/produto\/farinha-de-inhame-konjac-inhame-konjac-em-po\/\" target=\"_blank\" rel=\"noopener\">Farinha de konjac<\/a>, \u00e1gua<\/td>\n<\/tr>\n<tr style=\"height: 39px;\">\n<td width=\"180\" height=\"39\">Carater\u00edstica<\/td>\n<td width=\"392\">Sem cheiro, baixa caloria, baixo teor de carboidratos, sem gl\u00faten, sem a\u00e7\u00facar, sem gordura, sem OGM, rico em fibras<\/td>\n<\/tr>\n<tr style=\"height: 41px;\">\n<td width=\"180\" height=\"41\">Fun\u00e7\u00f5es<\/td>\n<td width=\"392\">Dieta vegetariana, perda de peso, aumentar a saciedade<\/td>\n<\/tr>\n<tr style=\"height: 20px;\">\n<td width=\"180\" height=\"21\">Fibra alimentar<\/td>\n<td width=\"392\">2,8g\/100g<\/td>\n<\/tr>\n<tr style=\"height: 20px;\">\n<td width=\"180\" height=\"21\">Tempo de cozedura<\/td>\n<td width=\"392\">8 minutos<\/td>\n<\/tr>\n<tr style=\"height: 20px;\">\n<td width=\"180\" height=\"21\">Teor de gordura<\/td>\n<td width=\"392\">&lt;0,1g\/100g<\/td>\n<\/tr>\n<tr style=\"height: 20px;\">\n<td width=\"180\" height=\"21\">Peso<\/td>\n<td width=\"392\">0,08 kg<\/td>\n<\/tr>\n<tr style=\"height: 20px;\">\n<td width=\"180\" height=\"21\">Prazo de validade<\/td>\n<td width=\"392\">24 meses<\/td>\n<\/tr>\n<tr style=\"height: 20px;\">\n<td width=\"180\" height=\"21\">Certificados<\/td>\n<td width=\"392\">IFS, BRC, KOSHER, HALAL, HACCP<\/td>\n<\/tr>\n<tr style=\"height: 20px;\">\n<td width=\"180\" height=\"21\">Embalagem<\/td>\n<td width=\"392\">Saco interior + bolsa de p\u00e9\/caixa de papel<\/td>\n<\/tr>\n<tr style=\"height: 20px;\">\n<td width=\"180\" height=\"21\">Armazenamento<\/td>\n<td width=\"392\">Temperatura ambiente, local fresco e seco, evitar a luz solar direta<\/td>\n<\/tr>\n<tr style=\"height: 20px;\">\n<td width=\"180\" height=\"21\">Servi\u00e7o<\/td>\n<td width=\"392\">OEM, ODM, OBM<\/td>\n<\/tr>\n<tr style=\"height: 20px;\">\n<td width=\"180\" height=\"21\">Prazo de entrega<\/td>\n<td width=\"392\">15-30 dias \u00fateis<\/td>\n<\/tr>\n<\/tbody>\n<\/table>\n<h2>Vantagens do arroz Shirataki seco em rela\u00e7\u00e3o ao arroz tradicional:<\/h2>\n<p>Amigo da dieta, promotor da sa\u00fade, relaxante mas saciante, baixo em calorias, baixo em hidratos de carbono, rico em fibras, sem gl\u00faten, textura em gel, praticamente sem sabor, promove a saciedade, adequado para uma variedade de restri\u00e7\u00f5es alimentares e pode ajudar na gest\u00e3o do peso.<\/p>\n<h2>Como cozinhar arroz shirataki seco?<\/h2>\n<p>Siga estes passos simples para se preparar:<\/p>\n<p>ESCOAR E ENXAGUAR: Abrir a embalagem e escorrer o l\u00edquido. Lave bem o arroz shirataki em \u00e1gua fria durante 1-2 minutos. Coloque a mistura de arroz, molho e ingredientes numa panela e aque\u00e7a em lume brando at\u00e9 ficar quente. Em alternativa, coloque a mistura no micro-ondas durante 1-2 minutos ou at\u00e9 ficar aquecida \u00e0 temperatura desejada.<br \/>\nEmprate e decore com outras coberturas, se desejar.<\/p>\n<style>.embed-container { position: relative; padding-bottom: 56.25%; height: 0; overflow: hidden; max-width: 100%; } .embed-container iframe, .embed-container object, .embed-container embed { position: absolute; top: 0; left: 0; width: 100%; height: 100%; }<\/style>\n<div class=\"embed-container\"><iframe src=\"https:\/\/www.youtube.com\/embed\/vlSLWHphDkk\" frameborder=\"0\" allowfullscreen=\"allowfullscreen\"><\/iframe><\/div>","protected":false},"excerpt":{"rendered":"<p>O arroz Shirataki seco Sentaiyuan tem poucas calorias, \u00e9 rico em fibras e promove a digest\u00e3o.<br \/>\nCada 100 gramas de arroz shirataki cont\u00e9m 2,8 gramas de fibra alimentar, apenas 6 calorias de energia e nenhuma gordura.<\/p>","protected":false},"featured_media":3938,"template":"","meta":{"site-sidebar-layout":"default","site-content-layout":"","ast-site-content-layout":"default","site-content-style":"default","site-sidebar-style":"default","ast-global-header-display":"","ast-banner-title-visibility":"","ast-main-header-display":"","ast-hfb-above-header-display":"","ast-hfb-below-header-display":"","ast-hfb-mobile-header-display":"","site-post-title":"","ast-breadcrumbs-content":"","ast-featured-img":"","footer-sml-layout":"","ast-disable-related-posts":"","theme-transparent-header-meta":"default","adv-header-id-meta":"","stick-header-meta":"default","header-above-stick-meta":"","header-main-stick-meta":"","header-below-stick-meta":"","astra-migrate-meta-layouts":"set","ast-page-background-enabled":"default","ast-page-background-meta":{"desktop":{"background-color":"","background-image":"","background-repeat":"repeat","background-position":"center center","background-size":"auto","background-attachment":"scroll","background-type":"","background-media":"","overlay-type":"","overlay-color":"","overlay-opacity":"","overlay-gradient":""},"tablet":{"background-color":"","background-image":"","background-repeat":"repeat","background-position":"center center","background-size":"auto","background-attachment":"scroll","background-type":"","background-media":"","overlay-type":"","overlay-color":"","overlay-opacity":"","overlay-gradient":""},"mobile":{"background-color":"","background-image":"","background-repeat":"repeat","background-position":"center center","background-size":"auto","background-attachment":"scroll","background-type":"","background-media":"","overlay-type":"","overlay-color":"","overlay-opacity":"","overlay-gradient":""}},"ast-content-background-meta":{"desktop":{"background-color":"var(--ast-global-color-5)","background-image":"","background-repeat":"repeat","background-position":"center center","background-size":"auto","background-attachment":"scroll","background-type":"","background-media":"","overlay-type":"","overlay-color":"","overlay-opacity":"","overlay-gradient":""},"tablet":{"background-color":"var(--ast-global-color-5)","background-image":"","background-repeat":"repeat","background-position":"center center","background-size":"auto","background-attachment":"scroll","background-type":"","background-media":"","overlay-type":"","overlay-color":"","overlay-opacity":"","overlay-gradient":""},"mobile":{"background-color":"var(--ast-global-color-5)","background-image":"","background-repeat":"repeat","background-position":"center center","background-size":"auto","background-attachment":"scroll","background-type":"","background-media":"","overlay-type":"","overlay-color":"","overlay-opacity":"","overlay-gradient":""}}},"product_brand":[],"product_cat":[50],"product_tag":[37],"class_list":{"0":"post-2024","1":"product","2":"type-product","3":"status-publish","4":"has-post-thumbnail","6":"product_cat-shirataki-dried-rice","7":"product_tag-konjac-rice","8":"desktop-align-left","9":"tablet-align-left","10":"mobile-align-left","11":"ast-product-gallery-layout-horizontal-slider","12":"ast-product-tabs-layout-horizontal","14":"first","15":"instock","16":"shipping-taxable","17":"product-type-simple"},"_links":{"self":[{"href":"https:\/\/sentaiyuanbio.com\/pt\/wp-json\/wp\/v2\/product\/2024","targetHints":{"allow":["GET"]}}],"collection":[{"href":"https:\/\/sentaiyuanbio.com\/pt\/wp-json\/wp\/v2\/product"}],"about":[{"href":"https:\/\/sentaiyuanbio.com\/pt\/wp-json\/wp\/v2\/types\/product"}],"version-history":[{"count":0,"href":"https:\/\/sentaiyuanbio.com\/pt\/wp-json\/wp\/v2\/product\/2024\/revisions"}],"wp:featuredmedia":[{"embeddable":true,"href":"https:\/\/sentaiyuanbio.com\/pt\/wp-json\/wp\/v2\/media\/3938"}],"wp:attachment":[{"href":"https:\/\/sentaiyuanbio.com\/pt\/wp-json\/wp\/v2\/media?parent=2024"}],"wp:term":[{"taxonomy":"product_brand","embeddable":true,"href":"https:\/\/sentaiyuanbio.com\/pt\/wp-json\/wp\/v2\/product_brand?post=2024"},{"taxonomy":"product_cat","embeddable":true,"href":"https:\/\/sentaiyuanbio.com\/pt\/wp-json\/wp\/v2\/product_cat?post=2024"},{"taxonomy":"product_tag","embeddable":true,"href":"https:\/\/sentaiyuanbio.com\/pt\/wp-json\/wp\/v2\/product_tag?post=2024"}],"curies":[{"name":"wp","href":"https:\/\/api.w.org\/{rel}","templated":true}]}}