{"id":2062,"date":"2024-06-05T08:54:42","date_gmt":"2024-06-05T08:54:42","guid":{"rendered":"https:\/\/sentaiyuanbio.com\/?post_type=product&#038;p=2062"},"modified":"2025-02-26T08:46:23","modified_gmt":"2025-02-26T08:46:23","slug":"arroz-vermelho-shirataki-seco","status":"publish","type":"product","link":"https:\/\/sentaiyuanbio.com\/pt\/produto\/arroz-vermelho-shirataki-seco\/","title":{"rendered":"Arroz vermelho Shirataki seco, arroz vermelho Konjac seco a granel"},"content":{"rendered":"<p>O arroz vermelho Shirataki seco \u00e9 rico em fibras alimentares, pobre em hidratos de carbono, baixo em calorias e baixo no \u00edndice glic\u00e9mico. Este arroz tem um \u00f3timo sabor e \u00e9 muito semelhante ao arroz de gr\u00e3o longo.<\/p>\n<p>Fabricado com produtos de alta qualidade e sem OGM <a href=\"https:\/\/sentaiyuanbio.com\/pt\/produto\/glucomanano-de-raiz-de-konjac\/\" target=\"_blank\" rel=\"noopener\">farinha de konjac<\/a> e farinha de arroz vermelho, tem uma dura\u00e7\u00e3o de conserva\u00e7\u00e3o at\u00e9 24 meses.<\/p>\n<h2>Especifica\u00e7\u00e3o<\/h2>\n<p><strong>Ingrediente<\/strong>: P\u00f3 de konjac, farinha de arroz vermelho, \u00e1gua.<\/p>\n<p><strong>Tamanho<\/strong>: 2mm x 5mm.<\/p>\n<p><strong>Peso l\u00edquido<\/strong>: 80g\/saco, 1kg\/saco, ou tamanho de embalagem personalizado.<\/p>\n<p><strong>Prazo de validade<\/strong>: 24 meses.<\/p>\n<p><strong>Embalagem<\/strong>: Standing pouch + caixa de cart\u00e3o.<\/p>\n<p><img fetchpriority=\"high\" decoding=\"async\" class=\"alignnone wp-image-2074 size-full\" src=\"https:\/\/sentaiyuanbio.com\/wp-content\/uploads\/2024\/06\/dry-shirataki-red-rice-full-page-1.jpg\" alt=\"arroz vermelho Konjac seco\" width=\"750\" height=\"1045\" srcset=\"https:\/\/sentaiyuanbio.com\/wp-content\/uploads\/2024\/06\/dry-shirataki-red-rice-full-page-1.jpg 750w, https:\/\/sentaiyuanbio.com\/wp-content\/uploads\/2024\/06\/dry-shirataki-red-rice-full-page-1-215x300.jpg 215w, https:\/\/sentaiyuanbio.com\/wp-content\/uploads\/2024\/06\/dry-shirataki-red-rice-full-page-1-735x1024.jpg 735w, https:\/\/sentaiyuanbio.com\/wp-content\/uploads\/2024\/06\/dry-shirataki-red-rice-full-page-1-431x600.jpg 431w, https:\/\/sentaiyuanbio.com\/wp-content\/uploads\/2024\/06\/dry-shirataki-red-rice-full-page-1-600x836.jpg 600w\" sizes=\"(max-width: 750px) 100vw, 750px\" \/><img decoding=\"async\" class=\"alignnone wp-image-2073 size-full\" src=\"https:\/\/sentaiyuanbio.com\/wp-content\/uploads\/2024\/06\/dry-shirataki-red-rice-full-page-2.jpg\" alt=\"arroz vermelho konjac seco\" width=\"750\" height=\"916\" srcset=\"https:\/\/sentaiyuanbio.com\/wp-content\/uploads\/2024\/06\/dry-shirataki-red-rice-full-page-2.jpg 750w, https:\/\/sentaiyuanbio.com\/wp-content\/uploads\/2024\/06\/dry-shirataki-red-rice-full-page-2-246x300.jpg 246w, https:\/\/sentaiyuanbio.com\/wp-content\/uploads\/2024\/06\/dry-shirataki-red-rice-full-page-2-491x600.jpg 491w, https:\/\/sentaiyuanbio.com\/wp-content\/uploads\/2024\/06\/dry-shirataki-red-rice-full-page-2-600x733.jpg 600w\" sizes=\"(max-width: 750px) 100vw, 750px\" \/><img decoding=\"async\" class=\"alignnone wp-image-2072 size-full\" src=\"https:\/\/sentaiyuanbio.com\/wp-content\/uploads\/2024\/06\/dry-shirataki-red-rice-full-page-3.jpg\" alt=\"arroz vermelho shirataki seco\" width=\"750\" height=\"1159\" srcset=\"https:\/\/sentaiyuanbio.com\/wp-content\/uploads\/2024\/06\/dry-shirataki-red-rice-full-page-3.jpg 750w, https:\/\/sentaiyuanbio.com\/wp-content\/uploads\/2024\/06\/dry-shirataki-red-rice-full-page-3-194x300.jpg 194w, https:\/\/sentaiyuanbio.com\/wp-content\/uploads\/2024\/06\/dry-shirataki-red-rice-full-page-3-663x1024.jpg 663w, https:\/\/sentaiyuanbio.com\/wp-content\/uploads\/2024\/06\/dry-shirataki-red-rice-full-page-3-388x600.jpg 388w, https:\/\/sentaiyuanbio.com\/wp-content\/uploads\/2024\/06\/dry-shirataki-red-rice-full-page-3-600x927.jpg 600w\" sizes=\"(max-width: 750px) 100vw, 750px\" \/><\/p>\n<h2>Lista de ingredientes<\/h2>\n<table cellspacing=\"0\" cellpadding=\"0\">\n<colgroup>\n<col style=\"width: 180px;\" width=\"215\" \/>\n<col style=\"width: 383px;\" width=\"383\" \/> <\/colgroup>\n<tbody>\n<tr>\n<td colspan=\"3\" align=\"center\">Ingredientes do arroz vermelho konjac seco<\/td>\n<\/tr>\n<tr>\n<td align=\"center\">N\u00e3o.<\/td>\n<td align=\"center\">Material<\/td>\n<td align=\"center\">%<\/td>\n<\/tr>\n<tr>\n<td align=\"center\">1<\/td>\n<td align=\"center\">Farinha de konjac<\/td>\n<td align=\"center\">46<\/td>\n<\/tr>\n<tr>\n<td align=\"center\">2<\/td>\n<td align=\"center\">Farinha de arroz vermelho<\/td>\n<td align=\"center\">44<\/td>\n<\/tr>\n<tr>\n<td align=\"center\">3<\/td>\n<td align=\"center\">\u00c1gua<\/td>\n<td align=\"center\">10<\/td>\n<\/tr>\n<tr>\n<td colspan=\"2\" align=\"center\">Soma<\/td>\n<td align=\"center\">100<\/td>\n<\/tr>\n<\/tbody>\n<\/table>\n<h2>100g de arroz seco dados nutricionais<\/h2>\n<table cellspacing=\"0\" cellpadding=\"0\">\n<colgroup>\n<col style=\"width: 180px;\" width=\"215\" \/>\n<col style=\"width: 383px;\" width=\"383\" \/> <\/colgroup>\n<tbody>\n<tr>\n<td align=\"center\" width=\"284\"><b>Energia<\/b><\/td>\n<td align=\"center\" width=\"284\">347 Kcal<\/td>\n<\/tr>\n<tr>\n<td align=\"center\" width=\"284\"><b>Hidratos de carbono<\/b><\/td>\n<td align=\"center\" width=\"284\">69.2g<\/td>\n<\/tr>\n<tr>\n<td align=\"center\" width=\"284\"><b>Gordura total<\/b><\/td>\n<td align=\"center\" width=\"284\">2.9g<\/td>\n<\/tr>\n<tr>\n<td align=\"center\" width=\"284\"><b>Prote\u00edna<\/b><\/td>\n<td align=\"center\" width=\"284\">7.8g<\/td>\n<\/tr>\n<tr>\n<td align=\"center\" width=\"284\"><b>Fibra alimentar<\/b><\/td>\n<td align=\"center\" width=\"284\">6.3g<\/td>\n<\/tr>\n<tr>\n<td align=\"center\" width=\"284\"><b>S\u00f3dio<\/b><\/td>\n<td align=\"center\" width=\"284\">10 mg<\/td>\n<\/tr>\n<\/tbody>\n<\/table>\n<h2>100g de arroz cozido dados nutricionais<\/h2>\n<table cellspacing=\"0\" cellpadding=\"0\">\n<colgroup>\n<col style=\"width: 180px;\" width=\"215\" \/>\n<col style=\"width: 383px;\" width=\"383\" \/> <\/colgroup>\n<tbody>\n<tr>\n<td align=\"center\" width=\"284\"><b>Energia<\/b><\/td>\n<td align=\"center\" width=\"284\">70 Kcal<\/td>\n<\/tr>\n<tr>\n<td align=\"center\" width=\"284\"><b>Hidratos de carbono<\/b><\/td>\n<td align=\"center\" width=\"284\">13.8g<\/td>\n<\/tr>\n<tr>\n<td align=\"center\" width=\"284\"><b>Gordura total<\/b><\/td>\n<td align=\"center\" width=\"284\">0.6g<\/td>\n<\/tr>\n<tr>\n<td align=\"center\" width=\"284\"><b>Prote\u00edna<\/b><\/td>\n<td align=\"center\" width=\"284\">1.6g<\/td>\n<\/tr>\n<tr>\n<td align=\"center\" width=\"284\"><b>Fibra alimentar<\/b><\/td>\n<td align=\"center\" width=\"284\">1.3g<\/td>\n<\/tr>\n<tr>\n<td align=\"center\" width=\"284\"><b>S\u00f3dio<\/b><\/td>\n<td align=\"center\" width=\"284\">2 mg<\/td>\n<\/tr>\n<\/tbody>\n<\/table>\n<h2>A vantagem do arroz vermelho shirataki seco:<\/h2>\n<ol>\n<li>Menos hidratos de carbono<\/li>\n<li>Menos calorias<\/li>\n<li>Baixo \u00edndice glic\u00e9mico<\/li>\n<li>Rico em fibras<\/li>\n<li>Prazo de validade mais longo 24 meses<\/li>\n<li>O bom gosto, o sabor e o aspeto s\u00e3o muito semelhantes aos do arroz de gr\u00e3o longo.<\/li>\n<\/ol>\n<p><img loading=\"lazy\" decoding=\"async\" class=\"alignnone wp-image-2066 size-full\" src=\"https:\/\/sentaiyuanbio.com\/wp-content\/uploads\/2024\/06\/Dry-Shirataki-Red-Rice-3.jpg\" alt=\"Arroz vermelho konjac seco\" width=\"1000\" height=\"1000\" srcset=\"https:\/\/sentaiyuanbio.com\/wp-content\/uploads\/2024\/06\/Dry-Shirataki-Red-Rice-3.jpg 1000w, https:\/\/sentaiyuanbio.com\/wp-content\/uploads\/2024\/06\/Dry-Shirataki-Red-Rice-3-600x600.jpg 600w, https:\/\/sentaiyuanbio.com\/wp-content\/uploads\/2024\/06\/Dry-Shirataki-Red-Rice-3-100x100.jpg 100w, https:\/\/sentaiyuanbio.com\/wp-content\/uploads\/2024\/06\/Dry-Shirataki-Red-Rice-3-300x300.jpg 300w, https:\/\/sentaiyuanbio.com\/wp-content\/uploads\/2024\/06\/Dry-Shirataki-Red-Rice-3-150x150.jpg 150w, https:\/\/sentaiyuanbio.com\/wp-content\/uploads\/2024\/06\/Dry-Shirataki-Red-Rice-3-768x768.jpg 768w\" sizes=\"(max-width: 1000px) 100vw, 1000px\" \/><\/p>\n<h2>Porqu\u00ea escolher o nosso arroz vermelho shirataki seco?<\/h2>\n<ul>\n<li><strong>Mais saud\u00e1vel<\/strong>: Quer esteja a controlar o seu peso, a monitorizar o a\u00e7\u00facar no sangue ou a procurar alimentos mais saud\u00e1veis, os nossos produtos s\u00e3o a combina\u00e7\u00e3o perfeita de sabor e sa\u00fade.<\/li>\n<li><strong>Ingredientes de qualidade<\/strong>: O nosso arroz \u00e9 cuidadosamente misturado com farinha de konjac, farinha de arroz vermelho e \u00e1gua para garantir o sabor e a qualidade.<\/li>\n<li><strong>Versatilidade<\/strong>: F\u00e1cil de servir, pode ir ao micro-ondas e adapta-se facilmente a qualquer receita.<\/li>\n<li><strong>Satisfa\u00e7\u00e3o do cliente<\/strong>: Trabalhamos arduamente para garantir que adquire os melhores produtos de qualidade e servi\u00e7o p\u00f3s-venda da Mori State Source.<\/li>\n<\/ul>\n<h2>Como cozinhar o arroz vermelho shirataki seco?<\/h2>\n<p>Colocar 40 gramas de arroz vermelho shirataki seco em 60-80 gramas de \u00e1gua quente durante 15 minutos ou no micro-ondas durante 3-4 minutos. Depois \u00e9 s\u00f3 saborear.<\/p>\n<p><img loading=\"lazy\" decoding=\"async\" class=\"alignleft wp-image-2068 size-full\" src=\"https:\/\/sentaiyuanbio.com\/wp-content\/uploads\/2024\/06\/Cooking-instruction.jpg\" alt=\"Como cozinhar o arroz vermelho shirataki seco?\" width=\"800\" height=\"800\" srcset=\"https:\/\/sentaiyuanbio.com\/wp-content\/uploads\/2024\/06\/Cooking-instruction.jpg 800w, https:\/\/sentaiyuanbio.com\/wp-content\/uploads\/2024\/06\/Cooking-instruction-600x600.jpg 600w, https:\/\/sentaiyuanbio.com\/wp-content\/uploads\/2024\/06\/Cooking-instruction-100x100.jpg 100w, https:\/\/sentaiyuanbio.com\/wp-content\/uploads\/2024\/06\/Cooking-instruction-300x300.jpg 300w, https:\/\/sentaiyuanbio.com\/wp-content\/uploads\/2024\/06\/Cooking-instruction-150x150.jpg 150w, https:\/\/sentaiyuanbio.com\/wp-content\/uploads\/2024\/06\/Cooking-instruction-768x768.jpg 768w\" sizes=\"(max-width: 800px) 100vw, 800px\" \/><\/p>\n<p>&nbsp;<\/p>","protected":false},"excerpt":{"rendered":"<p>O arroz vermelho Konjac seco Sentaiyuan \u00e9 feito a partir de farinha de konjac e farinha de arroz vermelho. \u00c9 baixo em calorias, rico em fibras e promove a digest\u00e3o.<br \/>\nCada 100 gramas de arroz vermelho konjac cozido cont\u00e9m 1,3 gramas de fibra alimentar, 14 gramas de hidratos de carbono, 70 calorias de energia e nenhuma gordura.<\/p>\n<div id=\"gtx-trans\" style=\"position: absolute; left: 979px; top: -3px;\">\n<div class=\"gtx-trans-icon\"><\/div>\n<\/div>","protected":false},"featured_media":4177,"template":"","meta":{"site-sidebar-layout":"default","site-content-layout":"","ast-site-content-layout":"default","site-content-style":"default","site-sidebar-style":"default","ast-global-header-display":"","ast-banner-title-visibility":"","ast-main-header-display":"","ast-hfb-above-header-display":"","ast-hfb-below-header-display":"","ast-hfb-mobile-header-display":"","site-post-title":"","ast-breadcrumbs-content":"","ast-featured-img":"","footer-sml-layout":"","ast-disable-related-posts":"","theme-transparent-header-meta":"default","adv-header-id-meta":"","stick-header-meta":"default","header-above-stick-meta":"","header-main-stick-meta":"","header-below-stick-meta":"","astra-migrate-meta-layouts":"set","ast-page-background-enabled":"default","ast-page-background-meta":{"desktop":{"background-color":"","background-image":"","background-repeat":"repeat","background-position":"center center","background-size":"auto","background-attachment":"scroll","background-type":"","background-media":"","overlay-type":"","overlay-color":"","overlay-opacity":"","overlay-gradient":""},"tablet":{"background-color":"","background-image":"","background-repeat":"repeat","background-position":"center center","background-size":"auto","background-attachment":"scroll","background-type":"","background-media":"","overlay-type":"","overlay-color":"","overlay-opacity":"","overlay-gradient":""},"mobile":{"background-color":"","background-image":"","background-repeat":"repeat","background-position":"center center","background-size":"auto","background-attachment":"scroll","background-type":"","background-media":"","overlay-type":"","overlay-color":"","overlay-opacity":"","overlay-gradient":""}},"ast-content-background-meta":{"desktop":{"background-color":"var(--ast-global-color-5)","background-image":"","background-repeat":"repeat","background-position":"center center","background-size":"auto","background-attachment":"scroll","background-type":"","background-media":"","overlay-type":"","overlay-color":"","overlay-opacity":"","overlay-gradient":""},"tablet":{"background-color":"var(--ast-global-color-5)","background-image":"","background-repeat":"repeat","background-position":"center center","background-size":"auto","background-attachment":"scroll","background-type":"","background-media":"","overlay-type":"","overlay-color":"","overlay-opacity":"","overlay-gradient":""},"mobile":{"background-color":"var(--ast-global-color-5)","background-image":"","background-repeat":"repeat","background-position":"center center","background-size":"auto","background-attachment":"scroll","background-type":"","background-media":"","overlay-type":"","overlay-color":"","overlay-opacity":"","overlay-gradient":""}}},"product_brand":[],"product_cat":[50],"product_tag":[37],"class_list":{"0":"post-2062","1":"product","2":"type-product","3":"status-publish","4":"has-post-thumbnail","6":"product_cat-shirataki-dried-rice","7":"product_tag-konjac-rice","8":"desktop-align-left","9":"tablet-align-left","10":"mobile-align-left","11":"ast-product-gallery-layout-horizontal-slider","12":"ast-product-tabs-layout-horizontal","14":"first","15":"instock","16":"shipping-taxable","17":"product-type-simple"},"_links":{"self":[{"href":"https:\/\/sentaiyuanbio.com\/pt\/wp-json\/wp\/v2\/product\/2062","targetHints":{"allow":["GET"]}}],"collection":[{"href":"https:\/\/sentaiyuanbio.com\/pt\/wp-json\/wp\/v2\/product"}],"about":[{"href":"https:\/\/sentaiyuanbio.com\/pt\/wp-json\/wp\/v2\/types\/product"}],"version-history":[{"count":0,"href":"https:\/\/sentaiyuanbio.com\/pt\/wp-json\/wp\/v2\/product\/2062\/revisions"}],"wp:featuredmedia":[{"embeddable":true,"href":"https:\/\/sentaiyuanbio.com\/pt\/wp-json\/wp\/v2\/media\/4177"}],"wp:attachment":[{"href":"https:\/\/sentaiyuanbio.com\/pt\/wp-json\/wp\/v2\/media?parent=2062"}],"wp:term":[{"taxonomy":"product_brand","embeddable":true,"href":"https:\/\/sentaiyuanbio.com\/pt\/wp-json\/wp\/v2\/product_brand?post=2062"},{"taxonomy":"product_cat","embeddable":true,"href":"https:\/\/sentaiyuanbio.com\/pt\/wp-json\/wp\/v2\/product_cat?post=2062"},{"taxonomy":"product_tag","embeddable":true,"href":"https:\/\/sentaiyuanbio.com\/pt\/wp-json\/wp\/v2\/product_tag?post=2062"}],"curies":[{"name":"wp","href":"https:\/\/api.w.org\/{rel}","templated":true}]}}