{"id":2080,"date":"2024-06-17T09:44:56","date_gmt":"2024-06-17T09:44:56","guid":{"rendered":"https:\/\/sentaiyuanbio.com\/?post_type=product&#038;p=2080"},"modified":"2025-02-26T08:48:29","modified_gmt":"2025-02-26T08:48:29","slug":"arroz-de-milho-shirataki-seco","status":"publish","type":"product","link":"https:\/\/sentaiyuanbio.com\/pt\/produto\/arroz-de-milho-shirataki-seco\/","title":{"rendered":"Arroz de milho Shirataki seco, arroz de milho Konjac seco a granel"},"content":{"rendered":"<p>Apresentamos o Dry Shirataki Corn Rice, um arroz konjac concebido para satisfazer as necessidades dos consumidores preocupados com a sa\u00fade. O substituto do arroz \u00e9 feito a partir de uma mistura \u00fanica de <a href=\"https:\/\/sentaiyuanbio.com\/pt\/produto\/glucomanano-de-raiz-de-konjac\/\" target=\"_blank\" rel=\"noopener\">farinha de konjac<\/a>, O arroz de gr\u00e3o longo tradicional \u00e9 um produto de origem vegetal, com uma mistura de amido de milho e \u00e1gua, que oferece uma variedade de benef\u00edcios para a sa\u00fade, mantendo o sabor e a textura do arroz de gr\u00e3o longo tradicional.<\/p>\n<h2>Especifica\u00e7\u00e3o<\/h2>\n<p><strong>Ingrediente<\/strong>: Farinha de konjac, farinha de milho, \u00e1gua.<\/p>\n<p><strong>Tamanho<\/strong>: 2mm x 5mm.<\/p>\n<p><strong>Peso l\u00edquido<\/strong>: 80g\/saco, 1kg\/saco, ou tamanho de embalagem personalizado.<\/p>\n<p><strong>Prazo de validade<\/strong>: 24 meses.<\/p>\n<p><strong>Embalagem<\/strong>: Standing pouch + caixa de cart\u00e3o.<\/p>\n<h2>Arroz de milho Shirataki seco Lista de ingredientes<\/h2>\n<table cellspacing=\"0\" cellpadding=\"0\">\n<colgroup>\n<col style=\"width: 180px;\" width=\"215\" \/>\n<col style=\"width: 383px;\" width=\"383\" \/> <\/colgroup>\n<tbody>\n<tr>\n<td colspan=\"3\" align=\"center\">Ingredientes do arroz Shirataki de milho seco<\/td>\n<\/tr>\n<tr>\n<td align=\"center\">N\u00e3o.<\/td>\n<td align=\"center\">Material<\/td>\n<td align=\"center\">%<\/td>\n<\/tr>\n<tr>\n<td align=\"center\">1<\/td>\n<td align=\"center\">Farinha de konjac<\/td>\n<td align=\"center\">46<\/td>\n<\/tr>\n<tr>\n<td align=\"center\">2<\/td>\n<td align=\"center\">Farinha de arroz vermelho<\/td>\n<td align=\"center\">44<\/td>\n<\/tr>\n<tr>\n<td align=\"center\">3<\/td>\n<td align=\"center\">\u00c1gua<\/td>\n<td align=\"center\">10<\/td>\n<\/tr>\n<tr>\n<td colspan=\"2\" align=\"center\">Soma<\/td>\n<td align=\"center\">100<\/td>\n<\/tr>\n<\/tbody>\n<\/table>\n<h2>100g de arroz seco dados nutricionais<\/h2>\n<table cellspacing=\"0\" cellpadding=\"0\">\n<colgroup>\n<col style=\"width: 180px;\" width=\"215\" \/>\n<col style=\"width: 383px;\" width=\"383\" \/> <\/colgroup>\n<tbody>\n<tr>\n<td align=\"center\" width=\"284\"><b>Energia<\/b><\/td>\n<td align=\"center\" width=\"284\">370 Kcal<\/td>\n<\/tr>\n<tr>\n<td align=\"center\" width=\"284\"><b>Hidratos de carbono<\/b><\/td>\n<td align=\"center\" width=\"284\">73.6g<\/td>\n<\/tr>\n<tr>\n<td align=\"center\" width=\"284\"><b>Gordura total<\/b><\/td>\n<td align=\"center\" width=\"284\">3.2g<\/td>\n<\/tr>\n<tr>\n<td align=\"center\" width=\"284\"><b>Prote\u00edna<\/b><\/td>\n<td align=\"center\" width=\"284\">7.9g<\/td>\n<\/tr>\n<tr>\n<td align=\"center\" width=\"284\"><b>Fibra alimentar<\/b><\/td>\n<td align=\"center\" width=\"284\">7.4g<\/td>\n<\/tr>\n<tr>\n<td align=\"center\" width=\"284\"><b>S\u00f3dio<\/b><\/td>\n<td align=\"center\" width=\"284\">2 mg<\/td>\n<\/tr>\n<\/tbody>\n<\/table>\n<h2>100g de arroz cozido dados nutricionais<\/h2>\n<table cellspacing=\"0\" cellpadding=\"0\">\n<colgroup>\n<col style=\"width: 180px;\" width=\"215\" \/>\n<col style=\"width: 383px;\" width=\"383\" \/> <\/colgroup>\n<tbody>\n<tr>\n<td align=\"center\" width=\"284\"><b>Energia<\/b><\/td>\n<td align=\"center\" width=\"284\">70 Kcal<\/td>\n<\/tr>\n<tr>\n<td align=\"center\" width=\"284\"><b>Hidratos de carbono<\/b><\/td>\n<td align=\"center\" width=\"284\">14.7g<\/td>\n<\/tr>\n<tr>\n<td align=\"center\" width=\"284\"><b>Gordura total<\/b><\/td>\n<td align=\"center\" width=\"284\">0.6g<\/td>\n<\/tr>\n<tr>\n<td align=\"center\" width=\"284\"><b>Prote\u00edna<\/b><\/td>\n<td align=\"center\" width=\"284\">1.6g<\/td>\n<\/tr>\n<tr>\n<td align=\"center\" width=\"284\"><b>Fibra alimentar<\/b><\/td>\n<td align=\"center\" width=\"284\">1.5g<\/td>\n<\/tr>\n<tr>\n<td align=\"center\" width=\"284\"><b>S\u00f3dio<\/b><\/td>\n<td align=\"center\" width=\"284\">0 mg<\/td>\n<\/tr>\n<\/tbody>\n<\/table>\n<p><img fetchpriority=\"high\" decoding=\"async\" class=\"alignnone wp-image-3979 size-full\" src=\"https:\/\/sentaiyuanbio.com\/wp-content\/uploads\/2024\/06\/Dried-Konjac-Corn-Rice-Bulk.webp\" alt=\"Milho Konjac seco Arroz a granel\" width=\"1000\" height=\"1000\" srcset=\"https:\/\/sentaiyuanbio.com\/wp-content\/uploads\/2024\/06\/Dried-Konjac-Corn-Rice-Bulk.webp 1000w, https:\/\/sentaiyuanbio.com\/wp-content\/uploads\/2024\/06\/Dried-Konjac-Corn-Rice-Bulk-600x600.webp 600w, https:\/\/sentaiyuanbio.com\/wp-content\/uploads\/2024\/06\/Dried-Konjac-Corn-Rice-Bulk-100x100.webp 100w, https:\/\/sentaiyuanbio.com\/wp-content\/uploads\/2024\/06\/Dried-Konjac-Corn-Rice-Bulk-300x300.webp 300w, https:\/\/sentaiyuanbio.com\/wp-content\/uploads\/2024\/06\/Dried-Konjac-Corn-Rice-Bulk-150x150.webp 150w, https:\/\/sentaiyuanbio.com\/wp-content\/uploads\/2024\/06\/Dried-Konjac-Corn-Rice-Bulk-768x768.webp 768w\" sizes=\"(max-width: 1000px) 100vw, 1000px\" \/><\/p>\n<h2>Principais benef\u00edcios do arroz Shirataki de milho seco<\/h2>\n<ul>\n<li>1. Menos hidratos de carbono: Ideal para dietas pobres em hidratos de carbono, ajuda-o a reduzir a ingest\u00e3o de hidratos de carbono sem sacrificar o seu arroz favorito.<\/li>\n<li>2. Menos calorias: Com apenas 70 kcal por 100 g de arroz cozinhado, esta alternativa ao arroz \u00e9 perfeita para quem quer controlar a ingest\u00e3o de calorias.<\/li>\n<li>3. Baixa <a href=\"https:\/\/www.diabetes.ca\/DiabetesCanadaWebsite\/media\/Managing-My-Diabetes\/Tools%20and%20Resources\/glycemic-index-food-guide.pdf\" target=\"_blank\" rel=\"noopener\">\u00cdndice glic\u00e9mico<\/a> (GI): Ajuda a manter est\u00e1veis os n\u00edveis de glucose no sangue, o que o torna uma excelente escolha para diab\u00e9ticos e monitores de glucose no sangue.<\/li>\n<li>4. Rico em fibras: O elevado teor de fibras ajuda a digest\u00e3o, promove a saciedade e apoia a sa\u00fade intestinal em geral.<\/li>\n<li>5. Longa vida \u00fatil: com uma vida \u00fatil de 24 meses, pode guardar este produto b\u00e1sico da despensa sem se preocupar com a sua deteriora\u00e7\u00e3o.<\/li>\n<li>6. Excelente sabor e textura: Desfrute do sabor e do aspeto familiares do arroz de gr\u00e3o longo, tornando-o um complemento vers\u00e1til para qualquer refei\u00e7\u00e3o.<\/li>\n<\/ul>\n<p><img decoding=\"async\" class=\"alignnone wp-image-2082 size-full\" src=\"https:\/\/sentaiyuanbio.com\/wp-content\/uploads\/2024\/06\/Dried-Shirataki-Corn-Rice-1.jpg\" alt=\"Milho Konjac seco Arroz a granel\" width=\"750\" height=\"600\" srcset=\"https:\/\/sentaiyuanbio.com\/wp-content\/uploads\/2024\/06\/Dried-Shirataki-Corn-Rice-1.jpg 750w, https:\/\/sentaiyuanbio.com\/wp-content\/uploads\/2024\/06\/Dried-Shirataki-Corn-Rice-1-300x240.jpg 300w, https:\/\/sentaiyuanbio.com\/wp-content\/uploads\/2024\/06\/Dried-Shirataki-Corn-Rice-1-600x480.jpg 600w\" sizes=\"(max-width: 750px) 100vw, 750px\" \/><img decoding=\"async\" class=\"alignnone wp-image-2083 size-full\" style=\"font-style: inherit; font-weight: 600;\" src=\"https:\/\/sentaiyuanbio.com\/wp-content\/uploads\/2024\/06\/Dried-Shirataki-Corn-Rice-2.jpg\" alt=\"Milho Konjac seco Arroz a granel\" width=\"750\" height=\"433\" srcset=\"https:\/\/sentaiyuanbio.com\/wp-content\/uploads\/2024\/06\/Dried-Shirataki-Corn-Rice-2.jpg 750w, https:\/\/sentaiyuanbio.com\/wp-content\/uploads\/2024\/06\/Dried-Shirataki-Corn-Rice-2-300x173.jpg 300w, https:\/\/sentaiyuanbio.com\/wp-content\/uploads\/2024\/06\/Dried-Shirataki-Corn-Rice-2-600x346.jpg 600w\" sizes=\"(max-width: 750px) 100vw, 750px\" \/><img loading=\"lazy\" decoding=\"async\" class=\"alignnone wp-image-2084 size-full\" style=\"font-size: 16px; font-style: inherit; font-weight: 600;\" src=\"https:\/\/sentaiyuanbio.com\/wp-content\/uploads\/2024\/06\/Dried-Shirataki-Corn-Rice-3.jpg\" alt=\"Arroz de milho Shirataki seco\" width=\"750\" height=\"423\" srcset=\"https:\/\/sentaiyuanbio.com\/wp-content\/uploads\/2024\/06\/Dried-Shirataki-Corn-Rice-3.jpg 750w, https:\/\/sentaiyuanbio.com\/wp-content\/uploads\/2024\/06\/Dried-Shirataki-Corn-Rice-3-300x169.jpg 300w, https:\/\/sentaiyuanbio.com\/wp-content\/uploads\/2024\/06\/Dried-Shirataki-Corn-Rice-3-600x338.jpg 600w\" sizes=\"(max-width: 750px) 100vw, 750px\" \/><img loading=\"lazy\" decoding=\"async\" class=\"alignnone wp-image-2085 size-full\" style=\"font-size: 16px; font-style: inherit; font-weight: 600;\" src=\"https:\/\/sentaiyuanbio.com\/wp-content\/uploads\/2024\/06\/Dried-Shirataki-Corn-Rice-4.jpg\" alt=\"Arroz de milho konjac seco\" width=\"750\" height=\"552\" srcset=\"https:\/\/sentaiyuanbio.com\/wp-content\/uploads\/2024\/06\/Dried-Shirataki-Corn-Rice-4.jpg 750w, https:\/\/sentaiyuanbio.com\/wp-content\/uploads\/2024\/06\/Dried-Shirataki-Corn-Rice-4-300x221.jpg 300w, https:\/\/sentaiyuanbio.com\/wp-content\/uploads\/2024\/06\/Dried-Shirataki-Corn-Rice-4-600x442.jpg 600w\" sizes=\"(max-width: 750px) 100vw, 750px\" \/><img loading=\"lazy\" decoding=\"async\" class=\"alignnone wp-image-2086 size-full\" src=\"https:\/\/sentaiyuanbio.com\/wp-content\/uploads\/2024\/06\/Dried-Shirataki-Corn-Rice-5.jpg\" alt=\"Arroz de milho konjac seco\" width=\"750\" height=\"629\" srcset=\"https:\/\/sentaiyuanbio.com\/wp-content\/uploads\/2024\/06\/Dried-Shirataki-Corn-Rice-5.jpg 750w, https:\/\/sentaiyuanbio.com\/wp-content\/uploads\/2024\/06\/Dried-Shirataki-Corn-Rice-5-300x252.jpg 300w, https:\/\/sentaiyuanbio.com\/wp-content\/uploads\/2024\/06\/Dried-Shirataki-Corn-Rice-5-600x503.jpg 600w\" sizes=\"(max-width: 750px) 100vw, 750px\" \/><img loading=\"lazy\" decoding=\"async\" class=\"alignnone wp-image-2088 size-full\" style=\"font-size: 16px; font-style: inherit; font-weight: 600;\" src=\"https:\/\/sentaiyuanbio.com\/wp-content\/uploads\/2024\/06\/Dried-Shirataki-Corn-Rice-7.jpg\" alt=\"Milho Konjac seco Arroz a granel\" width=\"750\" height=\"728\" srcset=\"https:\/\/sentaiyuanbio.com\/wp-content\/uploads\/2024\/06\/Dried-Shirataki-Corn-Rice-7.jpg 750w, https:\/\/sentaiyuanbio.com\/wp-content\/uploads\/2024\/06\/Dried-Shirataki-Corn-Rice-7-300x291.jpg 300w, https:\/\/sentaiyuanbio.com\/wp-content\/uploads\/2024\/06\/Dried-Shirataki-Corn-Rice-7-600x582.jpg 600w\" sizes=\"(max-width: 750px) 100vw, 750px\" \/><\/p>\n<p>O arroz de milho Shirataki seco \u00e9 f\u00e1cil de preparar e pode ser utilizado numa variedade de pratos, desde salteados a saladas.<\/p>\n<p>O seu sabor e textura s\u00e3o muito semelhantes aos do arroz de gr\u00e3o longo, tornando-o uma alternativa perfeita para as suas receitas favoritas.<\/p>","protected":false},"excerpt":{"rendered":"<p>Apresentamos o arroz seco de milho shirataki, um arroz konjac concebido para satisfazer as necessidades dos consumidores preocupados com a sa\u00fade.<\/p>\n<p>O substituto do arroz \u00e9 feito a partir de uma mistura \u00fanica de farinha de konjac, amido de milho e \u00e1gua, oferecendo uma variedade de benef\u00edcios para a sa\u00fade, mantendo o sabor e a textura do arroz tradicional de gr\u00e3o longo.<\/p>","protected":false},"featured_media":4178,"template":"","meta":{"site-sidebar-layout":"default","site-content-layout":"","ast-site-content-layout":"default","site-content-style":"default","site-sidebar-style":"default","ast-global-header-display":"","ast-banner-title-visibility":"","ast-main-header-display":"","ast-hfb-above-header-display":"","ast-hfb-below-header-display":"","ast-hfb-mobile-header-display":"","site-post-title":"","ast-breadcrumbs-content":"","ast-featured-img":"","footer-sml-layout":"","ast-disable-related-posts":"","theme-transparent-header-meta":"default","adv-header-id-meta":"","stick-header-meta":"default","header-above-stick-meta":"","header-main-stick-meta":"","header-below-stick-meta":"","astra-migrate-meta-layouts":"set","ast-page-background-enabled":"default","ast-page-background-meta":{"desktop":{"background-color":"","background-image":"","background-repeat":"repeat","background-position":"center center","background-size":"auto","background-attachment":"scroll","background-type":"","background-media":"","overlay-type":"","overlay-color":"","overlay-opacity":"","overlay-gradient":""},"tablet":{"background-color":"","background-image":"","background-repeat":"repeat","background-position":"center center","background-size":"auto","background-attachment":"scroll","background-type":"","background-media":"","overlay-type":"","overlay-color":"","overlay-opacity":"","overlay-gradient":""},"mobile":{"background-color":"","background-image":"","background-repeat":"repeat","background-position":"center center","background-size":"auto","background-attachment":"scroll","background-type":"","background-media":"","overlay-type":"","overlay-color":"","overlay-opacity":"","overlay-gradient":""}},"ast-content-background-meta":{"desktop":{"background-color":"var(--ast-global-color-5)","background-image":"","background-repeat":"repeat","background-position":"center center","background-size":"auto","background-attachment":"scroll","background-type":"","background-media":"","overlay-type":"","overlay-color":"","overlay-opacity":"","overlay-gradient":""},"tablet":{"background-color":"var(--ast-global-color-5)","background-image":"","background-repeat":"repeat","background-position":"center center","background-size":"auto","background-attachment":"scroll","background-type":"","background-media":"","overlay-type":"","overlay-color":"","overlay-opacity":"","overlay-gradient":""},"mobile":{"background-color":"var(--ast-global-color-5)","background-image":"","background-repeat":"repeat","background-position":"center center","background-size":"auto","background-attachment":"scroll","background-type":"","background-media":"","overlay-type":"","overlay-color":"","overlay-opacity":"","overlay-gradient":""}}},"product_brand":[],"product_cat":[50],"product_tag":[37],"class_list":{"0":"post-2080","1":"product","2":"type-product","3":"status-publish","4":"has-post-thumbnail","6":"product_cat-shirataki-dried-rice","7":"product_tag-konjac-rice","8":"desktop-align-left","9":"tablet-align-left","10":"mobile-align-left","11":"ast-product-gallery-layout-horizontal-slider","12":"ast-product-tabs-layout-horizontal","14":"first","15":"instock","16":"shipping-taxable","17":"product-type-simple"},"_links":{"self":[{"href":"https:\/\/sentaiyuanbio.com\/pt\/wp-json\/wp\/v2\/product\/2080","targetHints":{"allow":["GET"]}}],"collection":[{"href":"https:\/\/sentaiyuanbio.com\/pt\/wp-json\/wp\/v2\/product"}],"about":[{"href":"https:\/\/sentaiyuanbio.com\/pt\/wp-json\/wp\/v2\/types\/product"}],"version-history":[{"count":0,"href":"https:\/\/sentaiyuanbio.com\/pt\/wp-json\/wp\/v2\/product\/2080\/revisions"}],"wp:featuredmedia":[{"embeddable":true,"href":"https:\/\/sentaiyuanbio.com\/pt\/wp-json\/wp\/v2\/media\/4178"}],"wp:attachment":[{"href":"https:\/\/sentaiyuanbio.com\/pt\/wp-json\/wp\/v2\/media?parent=2080"}],"wp:term":[{"taxonomy":"product_brand","embeddable":true,"href":"https:\/\/sentaiyuanbio.com\/pt\/wp-json\/wp\/v2\/product_brand?post=2080"},{"taxonomy":"product_cat","embeddable":true,"href":"https:\/\/sentaiyuanbio.com\/pt\/wp-json\/wp\/v2\/product_cat?post=2080"},{"taxonomy":"product_tag","embeddable":true,"href":"https:\/\/sentaiyuanbio.com\/pt\/wp-json\/wp\/v2\/product_tag?post=2080"}],"curies":[{"name":"wp","href":"https:\/\/api.w.org\/{rel}","templated":true}]}}