{"id":2094,"date":"2024-06-18T02:27:19","date_gmt":"2024-06-18T02:27:19","guid":{"rendered":"https:\/\/sentaiyuanbio.com\/?post_type=product&#038;p=2094"},"modified":"2025-02-26T08:51:00","modified_gmt":"2025-02-26T08:51:00","slug":"arroz-preto-shirataki-seco","status":"publish","type":"product","link":"https:\/\/sentaiyuanbio.com\/pt\/produto\/arroz-preto-shirataki-seco\/","title":{"rendered":"Arroz preto Shirataki seco, arroz preto Konjac seco a granel"},"content":{"rendered":"<h2>Tesouro nutricional<\/h2>\n<p>O arroz preto Shirataki seco \u00e9 rico em nutrientes e tem um perfil nutricional impressionante. Tem menos calorias e um baixo teor de <a href=\"https:\/\/www.healthline.com\/nutrition\/glycemic-index\" target=\"_blank\" rel=\"noopener\">\u00edndice glic\u00e9mico<\/a>, O seu teor de gordura \u00e9 muito elevado, o que o torna uma excelente escolha para quem segue uma dieta de controlo de peso ou amiga da diabetes. Para al\u00e9m disso, \u00e9 rico em fibras alimentares, o que promove uma digest\u00e3o saud\u00e1vel e a saciedade.<\/p>\n<h2>Especifica\u00e7\u00e3o<\/h2>\n<p><strong>Ingrediente<\/strong>: <a href=\"https:\/\/sentaiyuanbio.com\/pt\/produto\/glucomanano-de-raiz-de-konjac\/\" target=\"_blank\" rel=\"noopener\">Farinha de konjac<\/a>, farinha de arroz preto, \u00e1gua.<\/p>\n<p><strong>Tamanho<\/strong>: 2mm x 5mm.<\/p>\n<p><strong>Peso l\u00edquido<\/strong>: 80g\/saco, 1kg\/saco, ou tamanho de embalagem personalizado.<\/p>\n<p><strong>Prazo de validade<\/strong>: 24 meses.<\/p>\n<p><strong>Embalagem<\/strong>: Standing pouch + caixa de cart\u00e3o.<\/p>\n<p><img fetchpriority=\"high\" decoding=\"async\" class=\"alignnone wp-image-3972 size-full\" src=\"https:\/\/sentaiyuanbio.com\/wp-content\/uploads\/2024\/06\/Dried-Konjac-Black-Rice-Bulk.webp\" alt=\"Arroz preto Konjac seco a granel\" width=\"1000\" height=\"1000\" srcset=\"https:\/\/sentaiyuanbio.com\/wp-content\/uploads\/2024\/06\/Dried-Konjac-Black-Rice-Bulk.webp 1000w, https:\/\/sentaiyuanbio.com\/wp-content\/uploads\/2024\/06\/Dried-Konjac-Black-Rice-Bulk-600x600.webp 600w, https:\/\/sentaiyuanbio.com\/wp-content\/uploads\/2024\/06\/Dried-Konjac-Black-Rice-Bulk-100x100.webp 100w, https:\/\/sentaiyuanbio.com\/wp-content\/uploads\/2024\/06\/Dried-Konjac-Black-Rice-Bulk-300x300.webp 300w, https:\/\/sentaiyuanbio.com\/wp-content\/uploads\/2024\/06\/Dried-Konjac-Black-Rice-Bulk-150x150.webp 150w, https:\/\/sentaiyuanbio.com\/wp-content\/uploads\/2024\/06\/Dried-Konjac-Black-Rice-Bulk-768x768.webp 768w\" sizes=\"(max-width: 1000px) 100vw, 1000px\" \/><\/p>\n<h2>Arroz preto Shirataki seco Lista de ingredientes<\/h2>\n<table cellspacing=\"0\" cellpadding=\"0\">\n<colgroup>\n<col style=\"width: 180px;\" width=\"215\" \/>\n<col style=\"width: 383px;\" width=\"383\" \/> <\/colgroup>\n<tbody>\n<tr>\n<td colspan=\"3\" align=\"center\">Ingredientes do arroz Shirataki de milho seco<\/td>\n<\/tr>\n<tr>\n<td align=\"center\">N\u00e3o.<\/td>\n<td align=\"center\">Material<\/td>\n<td align=\"center\">%<\/td>\n<\/tr>\n<tr>\n<td align=\"center\">1<\/td>\n<td align=\"center\">Farinha de konjac<\/td>\n<td align=\"center\">46<\/td>\n<\/tr>\n<tr>\n<td align=\"center\">2<\/td>\n<td align=\"center\">Farinha de arroz vermelho<\/td>\n<td align=\"center\">44<\/td>\n<\/tr>\n<tr>\n<td align=\"center\">3<\/td>\n<td align=\"center\">\u00c1gua<\/td>\n<td align=\"center\">10<\/td>\n<\/tr>\n<tr>\n<td colspan=\"2\" align=\"center\">Soma<\/td>\n<td align=\"center\">100<\/td>\n<\/tr>\n<\/tbody>\n<\/table>\n<h2>100 g de arroz preto Shirataki seco Dados nutricionais<\/h2>\n<table cellspacing=\"0\" cellpadding=\"0\">\n<colgroup>\n<col style=\"width: 180px;\" width=\"215\" \/>\n<col style=\"width: 383px;\" width=\"383\" \/> <\/colgroup>\n<tbody>\n<tr>\n<td align=\"center\" width=\"284\"><b>Energia<\/b><\/td>\n<td align=\"center\" width=\"284\">350 Kcal<\/td>\n<\/tr>\n<tr>\n<td align=\"center\" width=\"284\"><b>Hidratos de carbono<\/b><\/td>\n<td align=\"center\" width=\"284\">70.1g<\/td>\n<\/tr>\n<tr>\n<td align=\"center\" width=\"284\"><b>Gordura total<\/b><\/td>\n<td align=\"center\" width=\"284\">2.4g<\/td>\n<\/tr>\n<tr>\n<td align=\"center\" width=\"284\"><b>Prote\u00edna<\/b><\/td>\n<td align=\"center\" width=\"284\">9.2g<\/td>\n<\/tr>\n<tr>\n<td align=\"center\" width=\"284\"><b>Fibra alimentar<\/b><\/td>\n<td align=\"center\" width=\"284\">5.7g<\/td>\n<\/tr>\n<tr>\n<td align=\"center\" width=\"284\"><b>S\u00f3dio<\/b><\/td>\n<td align=\"center\" width=\"284\">7 mg<\/td>\n<\/tr>\n<\/tbody>\n<\/table>\n<h2>100g de arroz preto Shirataki seco cozinhado Dados nutricionais<\/h2>\n<table cellspacing=\"0\" cellpadding=\"0\">\n<colgroup>\n<col style=\"width: 180px;\" width=\"215\" \/>\n<col style=\"width: 383px;\" width=\"383\" \/> <\/colgroup>\n<tbody>\n<tr>\n<td align=\"center\" width=\"284\"><b>Energia<\/b><\/td>\n<td align=\"center\" width=\"284\">70 Kcal<\/td>\n<\/tr>\n<tr>\n<td align=\"center\" width=\"284\"><b>Hidratos de carbono<\/b><\/td>\n<td align=\"center\" width=\"284\">14.1g<\/td>\n<\/tr>\n<tr>\n<td align=\"center\" width=\"284\"><b>Gordura total<\/b><\/td>\n<td align=\"center\" width=\"284\">0.5g<\/td>\n<\/tr>\n<tr>\n<td align=\"center\" width=\"284\"><b>Prote\u00edna<\/b><\/td>\n<td align=\"center\" width=\"284\">1.8g<\/td>\n<\/tr>\n<tr>\n<td align=\"center\" width=\"284\"><b>Fibra alimentar<\/b><\/td>\n<td align=\"center\" width=\"284\">1.1g<\/td>\n<\/tr>\n<tr>\n<td align=\"center\" width=\"284\"><b>S\u00f3dio<\/b><\/td>\n<td align=\"center\" width=\"284\">1 mg<\/td>\n<\/tr>\n<\/tbody>\n<\/table>\n<h2>Pr\u00e1tico e duradouro<\/h2>\n<p>Com um prazo de validade de at\u00e9 24 meses, pode guardar este substituto do arroz com confian\u00e7a. A sua embalagem compacta facilita o armazenamento e o transporte, garantindo uma op\u00e7\u00e3o nutritiva onde quer que v\u00e1.<\/p>\n<h2>F\u00e1cil de preparar<\/h2>\n<p>Mergulhe-o em \u00e1gua quente durante 15 minutos ou coloque-o no micro-ondas durante 3-4 minutos e est\u00e1 pronto para desfrutar de um acompanhamento delicioso e saud\u00e1vel. A sua versatilidade permite-lhe incorpor\u00e1-lo em v\u00e1rias receitas, desde salteados a saladas e at\u00e9 sobremesas.<\/p>\n<p><img decoding=\"async\" class=\"alignnone wp-image-2100 size-full\" src=\"https:\/\/sentaiyuanbio.com\/wp-content\/uploads\/2024\/06\/Dried-Shirataki-Black-Rice-1.jpg\" alt=\"Arroz preto Konjac seco a granel\" width=\"750\" height=\"600\" srcset=\"https:\/\/sentaiyuanbio.com\/wp-content\/uploads\/2024\/06\/Dried-Shirataki-Black-Rice-1.jpg 750w, https:\/\/sentaiyuanbio.com\/wp-content\/uploads\/2024\/06\/Dried-Shirataki-Black-Rice-1-300x240.jpg 300w, https:\/\/sentaiyuanbio.com\/wp-content\/uploads\/2024\/06\/Dried-Shirataki-Black-Rice-1-600x480.jpg 600w\" sizes=\"(max-width: 750px) 100vw, 750px\" \/><img decoding=\"async\" class=\"alignnone wp-image-2101 size-full\" src=\"https:\/\/sentaiyuanbio.com\/wp-content\/uploads\/2024\/06\/Dried-Shirataki-Black-Rice-2.jpg\" alt=\"Arroz preto Konjac seco a granel\" width=\"750\" height=\"433\" srcset=\"https:\/\/sentaiyuanbio.com\/wp-content\/uploads\/2024\/06\/Dried-Shirataki-Black-Rice-2.jpg 750w, https:\/\/sentaiyuanbio.com\/wp-content\/uploads\/2024\/06\/Dried-Shirataki-Black-Rice-2-300x173.jpg 300w, https:\/\/sentaiyuanbio.com\/wp-content\/uploads\/2024\/06\/Dried-Shirataki-Black-Rice-2-600x346.jpg 600w\" sizes=\"(max-width: 750px) 100vw, 750px\" \/> <img loading=\"lazy\" decoding=\"async\" class=\"alignnone wp-image-2102 size-full\" src=\"https:\/\/sentaiyuanbio.com\/wp-content\/uploads\/2024\/06\/Dried-Shirataki-Black-Rice-3.jpg\" alt=\"Arroz preto Konjac seco a granel\" width=\"750\" height=\"423\" srcset=\"https:\/\/sentaiyuanbio.com\/wp-content\/uploads\/2024\/06\/Dried-Shirataki-Black-Rice-3.jpg 750w, https:\/\/sentaiyuanbio.com\/wp-content\/uploads\/2024\/06\/Dried-Shirataki-Black-Rice-3-300x169.jpg 300w, https:\/\/sentaiyuanbio.com\/wp-content\/uploads\/2024\/06\/Dried-Shirataki-Black-Rice-3-600x338.jpg 600w\" sizes=\"(max-width: 750px) 100vw, 750px\" \/> <img loading=\"lazy\" decoding=\"async\" class=\"alignnone wp-image-2103 size-full\" src=\"https:\/\/sentaiyuanbio.com\/wp-content\/uploads\/2024\/06\/Dried-Shirataki-Black-Rice-4.jpg\" alt=\"Arroz preto Konjac seco a granel\" width=\"750\" height=\"552\" srcset=\"https:\/\/sentaiyuanbio.com\/wp-content\/uploads\/2024\/06\/Dried-Shirataki-Black-Rice-4.jpg 750w, https:\/\/sentaiyuanbio.com\/wp-content\/uploads\/2024\/06\/Dried-Shirataki-Black-Rice-4-300x221.jpg 300w, https:\/\/sentaiyuanbio.com\/wp-content\/uploads\/2024\/06\/Dried-Shirataki-Black-Rice-4-600x442.jpg 600w\" sizes=\"(max-width: 750px) 100vw, 750px\" \/> <img loading=\"lazy\" decoding=\"async\" class=\"alignnone wp-image-2104 size-full\" src=\"https:\/\/sentaiyuanbio.com\/wp-content\/uploads\/2024\/06\/Dried-Shirataki-Black-Rice-5.jpg\" alt=\"Arroz preto Konjac seco a granel\" width=\"750\" height=\"629\" srcset=\"https:\/\/sentaiyuanbio.com\/wp-content\/uploads\/2024\/06\/Dried-Shirataki-Black-Rice-5.jpg 750w, https:\/\/sentaiyuanbio.com\/wp-content\/uploads\/2024\/06\/Dried-Shirataki-Black-Rice-5-300x252.jpg 300w, https:\/\/sentaiyuanbio.com\/wp-content\/uploads\/2024\/06\/Dried-Shirataki-Black-Rice-5-600x503.jpg 600w\" sizes=\"(max-width: 750px) 100vw, 750px\" \/> <img loading=\"lazy\" decoding=\"async\" class=\"alignnone wp-image-2105 size-full\" src=\"https:\/\/sentaiyuanbio.com\/wp-content\/uploads\/2024\/06\/Dried-Shirataki-Black-Rice-6.jpg\" alt=\"Arroz preto Konjac seco a granel\" width=\"750\" height=\"557\" srcset=\"https:\/\/sentaiyuanbio.com\/wp-content\/uploads\/2024\/06\/Dried-Shirataki-Black-Rice-6.jpg 750w, https:\/\/sentaiyuanbio.com\/wp-content\/uploads\/2024\/06\/Dried-Shirataki-Black-Rice-6-300x223.jpg 300w, https:\/\/sentaiyuanbio.com\/wp-content\/uploads\/2024\/06\/Dried-Shirataki-Black-Rice-6-600x446.jpg 600w\" sizes=\"(max-width: 750px) 100vw, 750px\" \/> <img loading=\"lazy\" decoding=\"async\" class=\"alignnone wp-image-2106 size-full\" src=\"https:\/\/sentaiyuanbio.com\/wp-content\/uploads\/2024\/06\/Dried-Shirataki-Black-Rice-7.jpg\" alt=\"Consumo di\u00e1rio 80g por dose\" width=\"750\" height=\"728\" srcset=\"https:\/\/sentaiyuanbio.com\/wp-content\/uploads\/2024\/06\/Dried-Shirataki-Black-Rice-7.jpg 750w, https:\/\/sentaiyuanbio.com\/wp-content\/uploads\/2024\/06\/Dried-Shirataki-Black-Rice-7-300x291.jpg 300w, https:\/\/sentaiyuanbio.com\/wp-content\/uploads\/2024\/06\/Dried-Shirataki-Black-Rice-7-600x582.jpg 600w\" sizes=\"(max-width: 750px) 100vw, 750px\" \/><\/p>\n<p>Esta alternativa simples ao arroz satisfaz as suas necessidades nutricionais sem comprometer o sabor. Experimente o equil\u00edbrio perfeito entre sa\u00fade e sabor em cada dentada.<\/p>\n<div id=\"gtx-trans\" style=\"position: absolute; left: 712px; top: 2179.92px;\">\n<div class=\"gtx-trans-icon\"><\/div>\n<\/div>","protected":false},"excerpt":{"rendered":"<p>O arroz preto shirataki seco \u00e9 um produto rec\u00e9m-lan\u00e7ado que combina os benef\u00edcios da farinha de konjac e da farinha de arroz preto para oferecer uma alternativa ao arroz tradicional com baixo teor de carboidratos, baixa caloria e rica em fibras.<\/p>\n<p>Este produto inovador \u00e9 perfeito para pessoas preocupadas com a sa\u00fade que procuram uma guloseima sem peso sem comprometer o sabor ou a textura.<\/p>","protected":false},"featured_media":4179,"template":"","meta":{"site-sidebar-layout":"default","site-content-layout":"","ast-site-content-layout":"default","site-content-style":"default","site-sidebar-style":"default","ast-global-header-display":"","ast-banner-title-visibility":"","ast-main-header-display":"","ast-hfb-above-header-display":"","ast-hfb-below-header-display":"","ast-hfb-mobile-header-display":"","site-post-title":"","ast-breadcrumbs-content":"","ast-featured-img":"","footer-sml-layout":"","ast-disable-related-posts":"","theme-transparent-header-meta":"default","adv-header-id-meta":"","stick-header-meta":"default","header-above-stick-meta":"","header-main-stick-meta":"","header-below-stick-meta":"","astra-migrate-meta-layouts":"set","ast-page-background-enabled":"default","ast-page-background-meta":{"desktop":{"background-color":"","background-image":"","background-repeat":"repeat","background-position":"center center","background-size":"auto","background-attachment":"scroll","background-type":"","background-media":"","overlay-type":"","overlay-color":"","overlay-opacity":"","overlay-gradient":""},"tablet":{"background-color":"","background-image":"","background-repeat":"repeat","background-position":"center center","background-size":"auto","background-attachment":"scroll","background-type":"","background-media":"","overlay-type":"","overlay-color":"","overlay-opacity":"","overlay-gradient":""},"mobile":{"background-color":"","background-image":"","background-repeat":"repeat","background-position":"center center","background-size":"auto","background-attachment":"scroll","background-type":"","background-media":"","overlay-type":"","overlay-color":"","overlay-opacity":"","overlay-gradient":""}},"ast-content-background-meta":{"desktop":{"background-color":"var(--ast-global-color-5)","background-image":"","background-repeat":"repeat","background-position":"center center","background-size":"auto","background-attachment":"scroll","background-type":"","background-media":"","overlay-type":"","overlay-color":"","overlay-opacity":"","overlay-gradient":""},"tablet":{"background-color":"var(--ast-global-color-5)","background-image":"","background-repeat":"repeat","background-position":"center center","background-size":"auto","background-attachment":"scroll","background-type":"","background-media":"","overlay-type":"","overlay-color":"","overlay-opacity":"","overlay-gradient":""},"mobile":{"background-color":"var(--ast-global-color-5)","background-image":"","background-repeat":"repeat","background-position":"center center","background-size":"auto","background-attachment":"scroll","background-type":"","background-media":"","overlay-type":"","overlay-color":"","overlay-opacity":"","overlay-gradient":""}}},"product_brand":[],"product_cat":[50],"product_tag":[37],"class_list":{"0":"post-2094","1":"product","2":"type-product","3":"status-publish","4":"has-post-thumbnail","6":"product_cat-shirataki-dried-rice","7":"product_tag-konjac-rice","8":"desktop-align-left","9":"tablet-align-left","10":"mobile-align-left","11":"ast-product-gallery-layout-horizontal-slider","12":"ast-product-tabs-layout-horizontal","14":"first","15":"instock","16":"shipping-taxable","17":"product-type-simple"},"_links":{"self":[{"href":"https:\/\/sentaiyuanbio.com\/pt\/wp-json\/wp\/v2\/product\/2094","targetHints":{"allow":["GET"]}}],"collection":[{"href":"https:\/\/sentaiyuanbio.com\/pt\/wp-json\/wp\/v2\/product"}],"about":[{"href":"https:\/\/sentaiyuanbio.com\/pt\/wp-json\/wp\/v2\/types\/product"}],"version-history":[{"count":0,"href":"https:\/\/sentaiyuanbio.com\/pt\/wp-json\/wp\/v2\/product\/2094\/revisions"}],"wp:featuredmedia":[{"embeddable":true,"href":"https:\/\/sentaiyuanbio.com\/pt\/wp-json\/wp\/v2\/media\/4179"}],"wp:attachment":[{"href":"https:\/\/sentaiyuanbio.com\/pt\/wp-json\/wp\/v2\/media?parent=2094"}],"wp:term":[{"taxonomy":"product_brand","embeddable":true,"href":"https:\/\/sentaiyuanbio.com\/pt\/wp-json\/wp\/v2\/product_brand?post=2094"},{"taxonomy":"product_cat","embeddable":true,"href":"https:\/\/sentaiyuanbio.com\/pt\/wp-json\/wp\/v2\/product_cat?post=2094"},{"taxonomy":"product_tag","embeddable":true,"href":"https:\/\/sentaiyuanbio.com\/pt\/wp-json\/wp\/v2\/product_tag?post=2094"}],"curies":[{"name":"wp","href":"https:\/\/api.w.org\/{rel}","templated":true}]}}