{"id":2162,"date":"2024-07-03T06:11:20","date_gmt":"2024-07-03T06:11:20","guid":{"rendered":"https:\/\/sentaiyuanbio.com\/?post_type=product&#038;p=2162"},"modified":"2025-02-27T02:24:13","modified_gmt":"2025-02-27T02:24:13","slug":"macarrao-shirataki-ramen-kimchi","status":"publish","type":"product","link":"https:\/\/sentaiyuanbio.com\/pt\/produto\/macarrao-shirataki-ramen-kimchi\/","title":{"rendered":"Macarr\u00e3o Shirataki ramen com sabor de kimchi, baixo teor de carboidratos"},"content":{"rendered":"<h2>Ingredientes do ramen de macarr\u00e3o shirataki com sabor de kimchi:<\/h2>\n<p><strong>Molho<\/strong>: \u00c1gua, xarope de glucose, molho de pimenta (pimenta, sal comest\u00edvel), alho, ess\u00eancia comest\u00edvel, \u00f3leo vegetal, a\u00e7\u00facar branco granulado, sal comest\u00edvel, molho de tomate, extrato de levedura, espessante (<a href=\"https:\/\/en.wikipedia.org\/wiki\/Acetylated_distarch_adipate\" target=\"_blank\" rel=\"noopener\">adipato de amido destilado acetilado<\/a>), especiarias, intensificador de sabor (nucle\u00f3tido diss\u00f3dico aromatizado 5\u2019-), regulador de acidez (\u00e1cido c\u00edtrico).<br \/>\n<strong>Ramen<\/strong>: Farinha de arroz integral, farinha de trigo mourisco, <a href=\"https:\/\/sentaiyuanbio.com\/pt\/produto\/po-de-konjac\/\" target=\"_blank\" rel=\"noopener\">farinha de konjac<\/a>, \u00e1gua<br \/>\n<strong>Alerg\u00e9nios<\/strong>: Cont\u00e9m trigo e produtos derivados.<br \/>\n<strong>Peso l\u00edquido<\/strong>: 20g(Molho)+50g(Ramen)<br \/>\n<strong>Prazo de validade<\/strong>: 14 meses<br \/>\n<strong>Armazenamento<\/strong>: Conservar em local fresco e seco. Manter afastado da luz e do calor fortes. Manter afastado da luz e do calor fortes. Depois de aberto, manter refrigerado e consumir no prazo de 24 horas<\/p>\n<h2>Caracter\u00edsticas do macarr\u00e3o ramen Shirataki com sabor de kimchi:<\/h2>\n<p>-sem gl\u00faten<br \/>\n-sem a\u00e7\u00facar<br \/>\n-baixo teor cal\u00f3rico<br \/>\n-low carb<br \/>\n-baixo teor de s\u00f3dio<br \/>\n-baixo teor de gordura, apenas 1,71 gramas de gordura total por por\u00e7\u00e3o<br \/>\n-n\u00e3o OGM e sensibilizado para os alerg\u00e9nios<br \/>\n-Dieta amiga do ambiente<br \/>\n-r\u00e1pido e f\u00e1cil<\/p>\n<table border=\"1\" cellspacing=\"1\">\n<tbody>\n<tr>\n<td width=\"284\"><b>Factos nutricionais<\/b><\/td>\n<td width=\"284\"><b>Por dose<\/b><\/td>\n<\/tr>\n<tr>\n<td width=\"284\"><b>Energia<\/b><\/td>\n<td width=\"284\">231Kcal<\/td>\n<\/tr>\n<tr>\n<td width=\"284\"><b>Prote\u00edna<\/b><\/td>\n<td width=\"284\">4.23g<\/td>\n<\/tr>\n<tr>\n<td width=\"284\"><b>Gordura total<\/b><\/td>\n<td width=\"284\">2.39g<\/td>\n<\/tr>\n<tr>\n<td width=\"284\"><b>Hidratos de carbono totais<\/b><\/td>\n<td width=\"284\">47.55g<\/td>\n<\/tr>\n<tr>\n<td width=\"284\"><b>Fibra alimentar<\/b><\/td>\n<td width=\"284\">2g<\/td>\n<\/tr>\n<tr>\n<td width=\"284\"><b>S\u00f3dio<\/b><\/td>\n<td width=\"284\">644,2 mg<\/td>\n<\/tr>\n<\/tbody>\n<\/table>\n<p><img fetchpriority=\"high\" decoding=\"async\" class=\"alignnone wp-image-2197 size-full\" src=\"https:\/\/sentaiyuanbio.com\/wp-content\/uploads\/2024\/07\/shirataki-noodle-1.jpg\" alt=\"macarr\u00e3o shirataki \" width=\"750\" height=\"591\" srcset=\"https:\/\/sentaiyuanbio.com\/wp-content\/uploads\/2024\/07\/shirataki-noodle-1.jpg 750w, https:\/\/sentaiyuanbio.com\/wp-content\/uploads\/2024\/07\/shirataki-noodle-1-300x236.jpg 300w, https:\/\/sentaiyuanbio.com\/wp-content\/uploads\/2024\/07\/shirataki-noodle-1-600x473.jpg 600w\" sizes=\"(max-width: 750px) 100vw, 750px\" \/><img decoding=\"async\" class=\"alignnone wp-image-2198 size-full\" src=\"https:\/\/sentaiyuanbio.com\/wp-content\/uploads\/2024\/07\/shirataki-noodle-2.jpg\" alt=\"macarr\u00e3o shirataki \" width=\"750\" height=\"658\" srcset=\"https:\/\/sentaiyuanbio.com\/wp-content\/uploads\/2024\/07\/shirataki-noodle-2.jpg 750w, https:\/\/sentaiyuanbio.com\/wp-content\/uploads\/2024\/07\/shirataki-noodle-2-300x263.jpg 300w, https:\/\/sentaiyuanbio.com\/wp-content\/uploads\/2024\/07\/shirataki-noodle-2-600x526.jpg 600w\" sizes=\"(max-width: 750px) 100vw, 750px\" \/><img decoding=\"async\" class=\"alignnone wp-image-2199 size-full\" src=\"https:\/\/sentaiyuanbio.com\/wp-content\/uploads\/2024\/07\/shirataki-noodle-3.jpg\" alt=\"macarr\u00e3o shirataki \" width=\"750\" height=\"973\" srcset=\"https:\/\/sentaiyuanbio.com\/wp-content\/uploads\/2024\/07\/shirataki-noodle-3.jpg 750w, https:\/\/sentaiyuanbio.com\/wp-content\/uploads\/2024\/07\/shirataki-noodle-3-231x300.jpg 231w, https:\/\/sentaiyuanbio.com\/wp-content\/uploads\/2024\/07\/shirataki-noodle-3-462x600.jpg 462w, https:\/\/sentaiyuanbio.com\/wp-content\/uploads\/2024\/07\/shirataki-noodle-3-600x778.jpg 600w\" sizes=\"(max-width: 750px) 100vw, 750px\" \/><img loading=\"lazy\" decoding=\"async\" class=\"alignnone wp-image-2200 size-full\" src=\"https:\/\/sentaiyuanbio.com\/wp-content\/uploads\/2024\/07\/shirataki-noodle-4.jpg\" alt=\"macarr\u00e3o shirataki \" width=\"750\" height=\"684\" srcset=\"https:\/\/sentaiyuanbio.com\/wp-content\/uploads\/2024\/07\/shirataki-noodle-4.jpg 750w, https:\/\/sentaiyuanbio.com\/wp-content\/uploads\/2024\/07\/shirataki-noodle-4-300x274.jpg 300w, https:\/\/sentaiyuanbio.com\/wp-content\/uploads\/2024\/07\/shirataki-noodle-4-600x547.jpg 600w\" sizes=\"(max-width: 750px) 100vw, 750px\" \/><img loading=\"lazy\" decoding=\"async\" class=\"alignnone wp-image-2201 size-full\" src=\"https:\/\/sentaiyuanbio.com\/wp-content\/uploads\/2024\/07\/shirataki-noodle-5.jpg\" alt=\"macarr\u00e3o shirataki \" width=\"750\" height=\"634\" srcset=\"https:\/\/sentaiyuanbio.com\/wp-content\/uploads\/2024\/07\/shirataki-noodle-5.jpg 750w, https:\/\/sentaiyuanbio.com\/wp-content\/uploads\/2024\/07\/shirataki-noodle-5-300x254.jpg 300w, https:\/\/sentaiyuanbio.com\/wp-content\/uploads\/2024\/07\/shirataki-noodle-5-600x507.jpg 600w\" sizes=\"(max-width: 750px) 100vw, 750px\" \/><img loading=\"lazy\" decoding=\"async\" class=\"alignnone wp-image-2202 size-full\" src=\"https:\/\/sentaiyuanbio.com\/wp-content\/uploads\/2024\/07\/shirataki-noodle-6.jpg\" alt=\"macarr\u00e3o shirataki \" width=\"750\" height=\"660\" srcset=\"https:\/\/sentaiyuanbio.com\/wp-content\/uploads\/2024\/07\/shirataki-noodle-6.jpg 750w, https:\/\/sentaiyuanbio.com\/wp-content\/uploads\/2024\/07\/shirataki-noodle-6-300x264.jpg 300w, https:\/\/sentaiyuanbio.com\/wp-content\/uploads\/2024\/07\/shirataki-noodle-6-600x528.jpg 600w\" sizes=\"(max-width: 750px) 100vw, 750px\" \/><\/p>","protected":false},"excerpt":{"rendered":"<p>A massa Shirataki Noodle Ramen Kimchi Flavor tem baixo teor de gordura, \u00e9 rica em nutrientes, promove a digest\u00e3o e \u00e9 a escolha perfeita para um desejo saud\u00e1vel de uma refei\u00e7\u00e3o r\u00e1pida e saborosa. Cada por\u00e7\u00e3o de ramen cont\u00e9m 231 calorias, 4 g de prote\u00ednas e 47 g de hidratos de carbono.<\/p>","protected":false},"featured_media":4238,"template":"","meta":{"site-sidebar-layout":"default","site-content-layout":"","ast-site-content-layout":"default","site-content-style":"default","site-sidebar-style":"default","ast-global-header-display":"","ast-banner-title-visibility":"","ast-main-header-display":"","ast-hfb-above-header-display":"","ast-hfb-below-header-display":"","ast-hfb-mobile-header-display":"","site-post-title":"","ast-breadcrumbs-content":"","ast-featured-img":"","footer-sml-layout":"","ast-disable-related-posts":"","theme-transparent-header-meta":"default","adv-header-id-meta":"","stick-header-meta":"default","header-above-stick-meta":"","header-main-stick-meta":"","header-below-stick-meta":"","astra-migrate-meta-layouts":"set","ast-page-background-enabled":"default","ast-page-background-meta":{"desktop":{"background-color":"","background-image":"","background-repeat":"repeat","background-position":"center center","background-size":"auto","background-attachment":"scroll","background-type":"","background-media":"","overlay-type":"","overlay-color":"","overlay-opacity":"","overlay-gradient":""},"tablet":{"background-color":"","background-image":"","background-repeat":"repeat","background-position":"center center","background-size":"auto","background-attachment":"scroll","background-type":"","background-media":"","overlay-type":"","overlay-color":"","overlay-opacity":"","overlay-gradient":""},"mobile":{"background-color":"","background-image":"","background-repeat":"repeat","background-position":"center center","background-size":"auto","background-attachment":"scroll","background-type":"","background-media":"","overlay-type":"","overlay-color":"","overlay-opacity":"","overlay-gradient":""}},"ast-content-background-meta":{"desktop":{"background-color":"var(--ast-global-color-5)","background-image":"","background-repeat":"repeat","background-position":"center center","background-size":"auto","background-attachment":"scroll","background-type":"","background-media":"","overlay-type":"","overlay-color":"","overlay-opacity":"","overlay-gradient":""},"tablet":{"background-color":"var(--ast-global-color-5)","background-image":"","background-repeat":"repeat","background-position":"center center","background-size":"auto","background-attachment":"scroll","background-type":"","background-media":"","overlay-type":"","overlay-color":"","overlay-opacity":"","overlay-gradient":""},"mobile":{"background-color":"var(--ast-global-color-5)","background-image":"","background-repeat":"repeat","background-position":"center center","background-size":"auto","background-attachment":"scroll","background-type":"","background-media":"","overlay-type":"","overlay-color":"","overlay-opacity":"","overlay-gradient":""}}},"product_brand":[],"product_cat":[51],"product_tag":[40],"class_list":{"0":"post-2162","1":"product","2":"type-product","3":"status-publish","4":"has-post-thumbnail","6":"product_cat-konjac-ramen","7":"product_tag-konjac-cup-noodles","8":"desktop-align-left","9":"tablet-align-left","10":"mobile-align-left","11":"ast-product-gallery-layout-horizontal-slider","12":"ast-product-tabs-layout-horizontal","14":"first","15":"instock","16":"shipping-taxable","17":"product-type-simple"},"_links":{"self":[{"href":"https:\/\/sentaiyuanbio.com\/pt\/wp-json\/wp\/v2\/product\/2162","targetHints":{"allow":["GET"]}}],"collection":[{"href":"https:\/\/sentaiyuanbio.com\/pt\/wp-json\/wp\/v2\/product"}],"about":[{"href":"https:\/\/sentaiyuanbio.com\/pt\/wp-json\/wp\/v2\/types\/product"}],"version-history":[{"count":0,"href":"https:\/\/sentaiyuanbio.com\/pt\/wp-json\/wp\/v2\/product\/2162\/revisions"}],"wp:featuredmedia":[{"embeddable":true,"href":"https:\/\/sentaiyuanbio.com\/pt\/wp-json\/wp\/v2\/media\/4238"}],"wp:attachment":[{"href":"https:\/\/sentaiyuanbio.com\/pt\/wp-json\/wp\/v2\/media?parent=2162"}],"wp:term":[{"taxonomy":"product_brand","embeddable":true,"href":"https:\/\/sentaiyuanbio.com\/pt\/wp-json\/wp\/v2\/product_brand?post=2162"},{"taxonomy":"product_cat","embeddable":true,"href":"https:\/\/sentaiyuanbio.com\/pt\/wp-json\/wp\/v2\/product_cat?post=2162"},{"taxonomy":"product_tag","embeddable":true,"href":"https:\/\/sentaiyuanbio.com\/pt\/wp-json\/wp\/v2\/product_tag?post=2162"}],"curies":[{"name":"wp","href":"https:\/\/api.w.org\/{rel}","templated":true}]}}