{"id":2167,"date":"2024-07-04T02:21:05","date_gmt":"2024-07-04T02:21:05","guid":{"rendered":"https:\/\/sentaiyuanbio.com\/?post_type=product&#038;p=2167"},"modified":"2025-02-27T02:23:03","modified_gmt":"2025-02-27T02:23:03","slug":"macarrao-shirataki-ramen-sabor-caril-vermelho","status":"publish","type":"product","link":"https:\/\/sentaiyuanbio.com\/pt\/produto\/macarrao-shirataki-ramen-sabor-caril-vermelho\/","title":{"rendered":"Macarr\u00e3o Shirataki Ramen Sabor Caril Vermelho"},"content":{"rendered":"<h2>Massa Shirataki Ramen com sabor a Caril Vermelho Ingredientes:<\/h2>\n<p><strong>Molho<\/strong>: \u00c1gua, a\u00e7\u00facar branco, \u00f3leo vegetal, sal comest\u00edvel, cebola, alho, caril em p\u00f3, gengibre, pasta de tomate, piment\u00e3o vermelho em p\u00f3, extrato de levedura, pimenta em p\u00f3, especiarias (pimenta preta em p\u00f3, cebola em p\u00f3), ess\u00eancia comest\u00edvel, diss\u00f3dio <a href=\"https:\/\/www.sciencedirect.com\/topics\/agricultural-and-biological-sciences\/ribonucleotide\" target=\"_blank\" rel=\"noopener\">5\u2019-ribonucle\u00f3tido<\/a>, \u00c1cido c\u00edtrico.<br \/>\n<strong>Ramen<\/strong>: Farinha de arroz integral, farinha de trigo mourisco,<a href=\"https:\/\/sentaiyuanbio.com\/pt\/produto\/po-de-konjac\/\" target=\"_blank\" rel=\"noopener\"> farinha de konjac<\/a>, \u00e1gua.<br \/>\n<strong>Alerg\u00e9nios<\/strong>: Cont\u00e9m trigo e produtos derivados.<br \/>\n<strong>Peso l\u00edquido<\/strong>: 20g(Molho)+50g(Ramen)<br \/>\n<strong>Prazo de validade<\/strong>: 14 meses<br \/>\n<strong>Armazenamento<\/strong>: Conservar em local fresco e seco. Manter afastado da luz e do calor fortes. Manter afastado da luz e do calor fortes. Depois de aberto, conservar no frigor\u00edfico e consumir no prazo de 24 horas.<\/p>\n<h2>Macarr\u00e3o Shirataki Ramen com sabor a Caril Vermelho Carater\u00edsticas:<\/h2>\n<p>-sem gl\u00faten<br \/>\n-sem a\u00e7\u00facar<br \/>\n-baixo teor cal\u00f3rico<br \/>\n-low carb<br \/>\n-baixo teor de s\u00f3dio<br \/>\n-baixo teor de gordura, apenas 1,71 gramas de gordura total por por\u00e7\u00e3o<br \/>\n-n\u00e3o OGM e sensibilizado para os alerg\u00e9nios<br \/>\n-Dieta amiga do ambiente<br \/>\n-r\u00e1pido e f\u00e1cil<\/p>\n<table border=\"1\" cellspacing=\"1\">\n<tbody>\n<tr>\n<td width=\"284\"><b>Factos nutricionais<\/b><\/td>\n<td width=\"284\"><b>Por dose<\/b><\/td>\n<\/tr>\n<tr>\n<td width=\"284\"><b>Energia<\/b><\/td>\n<td width=\"284\">235Kcal<\/td>\n<\/tr>\n<tr>\n<td width=\"284\"><b>Prote\u00edna<\/b><\/td>\n<td width=\"284\">4.17g<\/td>\n<\/tr>\n<tr>\n<td width=\"284\"><b>Gordura total<\/b><\/td>\n<td width=\"284\">3.53g<\/td>\n<\/tr>\n<tr>\n<td width=\"284\"><b>Hidratos de carbono totais<\/b><\/td>\n<td width=\"284\">46g<\/td>\n<\/tr>\n<tr>\n<td width=\"284\"><b>Fibra alimentar<\/b><\/td>\n<td width=\"284\">2g<\/td>\n<\/tr>\n<tr>\n<td width=\"284\"><b>S\u00f3dio<\/b><\/td>\n<td width=\"284\">724 mg<\/td>\n<\/tr>\n<\/tbody>\n<\/table>\n<p><img fetchpriority=\"high\" decoding=\"async\" class=\"alignnone wp-image-2183 size-full\" src=\"https:\/\/sentaiyuanbio.com\/wp-content\/uploads\/2024\/07\/Konjac-Noodles-Ramen-1.jpg\" alt=\"ramen shirataki\" width=\"750\" height=\"601\" srcset=\"https:\/\/sentaiyuanbio.com\/wp-content\/uploads\/2024\/07\/Konjac-Noodles-Ramen-1.jpg 750w, https:\/\/sentaiyuanbio.com\/wp-content\/uploads\/2024\/07\/Konjac-Noodles-Ramen-1-300x240.jpg 300w, https:\/\/sentaiyuanbio.com\/wp-content\/uploads\/2024\/07\/Konjac-Noodles-Ramen-1-600x481.jpg 600w\" sizes=\"(max-width: 750px) 100vw, 750px\" \/><img decoding=\"async\" class=\"alignnone wp-image-2184 size-full\" src=\"https:\/\/sentaiyuanbio.com\/wp-content\/uploads\/2024\/07\/Konjac-Noodles-Ramen-2.jpg\" alt=\"ramen shirataki\" width=\"750\" height=\"656\" srcset=\"https:\/\/sentaiyuanbio.com\/wp-content\/uploads\/2024\/07\/Konjac-Noodles-Ramen-2.jpg 750w, https:\/\/sentaiyuanbio.com\/wp-content\/uploads\/2024\/07\/Konjac-Noodles-Ramen-2-300x262.jpg 300w, https:\/\/sentaiyuanbio.com\/wp-content\/uploads\/2024\/07\/Konjac-Noodles-Ramen-2-600x525.jpg 600w\" sizes=\"(max-width: 750px) 100vw, 750px\" \/><img decoding=\"async\" class=\"alignnone wp-image-2185 size-full\" src=\"https:\/\/sentaiyuanbio.com\/wp-content\/uploads\/2024\/07\/Konjac-Noodles-Ramen-3.jpg\" alt=\"ramen shirataki\" width=\"750\" height=\"712\" srcset=\"https:\/\/sentaiyuanbio.com\/wp-content\/uploads\/2024\/07\/Konjac-Noodles-Ramen-3.jpg 750w, https:\/\/sentaiyuanbio.com\/wp-content\/uploads\/2024\/07\/Konjac-Noodles-Ramen-3-300x285.jpg 300w, https:\/\/sentaiyuanbio.com\/wp-content\/uploads\/2024\/07\/Konjac-Noodles-Ramen-3-600x570.jpg 600w\" sizes=\"(max-width: 750px) 100vw, 750px\" \/><img loading=\"lazy\" decoding=\"async\" class=\"alignnone wp-image-2186 size-full\" src=\"https:\/\/sentaiyuanbio.com\/wp-content\/uploads\/2024\/07\/Konjac-Noodles-Ramen-4.jpg\" alt=\"ramen shirataki\" width=\"750\" height=\"619\" srcset=\"https:\/\/sentaiyuanbio.com\/wp-content\/uploads\/2024\/07\/Konjac-Noodles-Ramen-4.jpg 750w, https:\/\/sentaiyuanbio.com\/wp-content\/uploads\/2024\/07\/Konjac-Noodles-Ramen-4-300x248.jpg 300w, https:\/\/sentaiyuanbio.com\/wp-content\/uploads\/2024\/07\/Konjac-Noodles-Ramen-4-600x495.jpg 600w\" sizes=\"(max-width: 750px) 100vw, 750px\" \/><img loading=\"lazy\" decoding=\"async\" class=\"alignnone wp-image-2187 size-full\" src=\"https:\/\/sentaiyuanbio.com\/wp-content\/uploads\/2024\/07\/Konjac-Noodles-Ramen-5.jpg\" alt=\"ramen shirataki\" width=\"750\" height=\"664\" srcset=\"https:\/\/sentaiyuanbio.com\/wp-content\/uploads\/2024\/07\/Konjac-Noodles-Ramen-5.jpg 750w, https:\/\/sentaiyuanbio.com\/wp-content\/uploads\/2024\/07\/Konjac-Noodles-Ramen-5-300x266.jpg 300w, https:\/\/sentaiyuanbio.com\/wp-content\/uploads\/2024\/07\/Konjac-Noodles-Ramen-5-600x531.jpg 600w\" sizes=\"(max-width: 750px) 100vw, 750px\" \/><img loading=\"lazy\" decoding=\"async\" class=\"alignnone wp-image-2188 size-full\" src=\"https:\/\/sentaiyuanbio.com\/wp-content\/uploads\/2024\/07\/Konjac-Noodles-Ramen-6.jpg\" alt=\"Ramen de macarr\u00e3o konjac\" width=\"750\" height=\"748\" srcset=\"https:\/\/sentaiyuanbio.com\/wp-content\/uploads\/2024\/07\/Konjac-Noodles-Ramen-6.jpg 750w, https:\/\/sentaiyuanbio.com\/wp-content\/uploads\/2024\/07\/Konjac-Noodles-Ramen-6-100x100.jpg 100w, https:\/\/sentaiyuanbio.com\/wp-content\/uploads\/2024\/07\/Konjac-Noodles-Ramen-6-300x300.jpg 300w, https:\/\/sentaiyuanbio.com\/wp-content\/uploads\/2024\/07\/Konjac-Noodles-Ramen-6-150x150.jpg 150w, https:\/\/sentaiyuanbio.com\/wp-content\/uploads\/2024\/07\/Konjac-Noodles-Ramen-6-600x598.jpg 600w\" sizes=\"(max-width: 750px) 100vw, 750px\" \/><\/p>","protected":false},"excerpt":{"rendered":"<p>O nosso ramen de massa shirataki com sabor a caril vermelho tem baixo teor de gordura, \u00e9 rico em nutrientes e satisfaz as necessidades dos clientes que prestam aten\u00e7\u00e3o \u00e0 sa\u00fade e ao sabor. Cada por\u00e7\u00e3o de ramen cont\u00e9m 235 calorias, 4 g de prote\u00ednas e 46 g de hidratos de carbono.<\/p>","protected":false},"featured_media":4237,"template":"","meta":{"site-sidebar-layout":"default","site-content-layout":"","ast-site-content-layout":"default","site-content-style":"default","site-sidebar-style":"default","ast-global-header-display":"","ast-banner-title-visibility":"","ast-main-header-display":"","ast-hfb-above-header-display":"","ast-hfb-below-header-display":"","ast-hfb-mobile-header-display":"","site-post-title":"","ast-breadcrumbs-content":"","ast-featured-img":"","footer-sml-layout":"","ast-disable-related-posts":"","theme-transparent-header-meta":"default","adv-header-id-meta":"","stick-header-meta":"default","header-above-stick-meta":"","header-main-stick-meta":"","header-below-stick-meta":"","astra-migrate-meta-layouts":"set","ast-page-background-enabled":"default","ast-page-background-meta":{"desktop":{"background-color":"","background-image":"","background-repeat":"repeat","background-position":"center center","background-size":"auto","background-attachment":"scroll","background-type":"","background-media":"","overlay-type":"","overlay-color":"","overlay-opacity":"","overlay-gradient":""},"tablet":{"background-color":"","background-image":"","background-repeat":"repeat","background-position":"center center","background-size":"auto","background-attachment":"scroll","background-type":"","background-media":"","overlay-type":"","overlay-color":"","overlay-opacity":"","overlay-gradient":""},"mobile":{"background-color":"","background-image":"","background-repeat":"repeat","background-position":"center center","background-size":"auto","background-attachment":"scroll","background-type":"","background-media":"","overlay-type":"","overlay-color":"","overlay-opacity":"","overlay-gradient":""}},"ast-content-background-meta":{"desktop":{"background-color":"var(--ast-global-color-5)","background-image":"","background-repeat":"repeat","background-position":"center center","background-size":"auto","background-attachment":"scroll","background-type":"","background-media":"","overlay-type":"","overlay-color":"","overlay-opacity":"","overlay-gradient":""},"tablet":{"background-color":"var(--ast-global-color-5)","background-image":"","background-repeat":"repeat","background-position":"center center","background-size":"auto","background-attachment":"scroll","background-type":"","background-media":"","overlay-type":"","overlay-color":"","overlay-opacity":"","overlay-gradient":""},"mobile":{"background-color":"var(--ast-global-color-5)","background-image":"","background-repeat":"repeat","background-position":"center center","background-size":"auto","background-attachment":"scroll","background-type":"","background-media":"","overlay-type":"","overlay-color":"","overlay-opacity":"","overlay-gradient":""}}},"product_brand":[],"product_cat":[51],"product_tag":[40],"class_list":{"0":"post-2167","1":"product","2":"type-product","3":"status-publish","4":"has-post-thumbnail","6":"product_cat-konjac-ramen","7":"product_tag-konjac-cup-noodles","8":"desktop-align-left","9":"tablet-align-left","10":"mobile-align-left","11":"ast-product-gallery-layout-horizontal-slider","12":"ast-product-tabs-layout-horizontal","14":"first","15":"instock","16":"shipping-taxable","17":"product-type-simple"},"_links":{"self":[{"href":"https:\/\/sentaiyuanbio.com\/pt\/wp-json\/wp\/v2\/product\/2167","targetHints":{"allow":["GET"]}}],"collection":[{"href":"https:\/\/sentaiyuanbio.com\/pt\/wp-json\/wp\/v2\/product"}],"about":[{"href":"https:\/\/sentaiyuanbio.com\/pt\/wp-json\/wp\/v2\/types\/product"}],"version-history":[{"count":0,"href":"https:\/\/sentaiyuanbio.com\/pt\/wp-json\/wp\/v2\/product\/2167\/revisions"}],"wp:featuredmedia":[{"embeddable":true,"href":"https:\/\/sentaiyuanbio.com\/pt\/wp-json\/wp\/v2\/media\/4237"}],"wp:attachment":[{"href":"https:\/\/sentaiyuanbio.com\/pt\/wp-json\/wp\/v2\/media?parent=2167"}],"wp:term":[{"taxonomy":"product_brand","embeddable":true,"href":"https:\/\/sentaiyuanbio.com\/pt\/wp-json\/wp\/v2\/product_brand?post=2167"},{"taxonomy":"product_cat","embeddable":true,"href":"https:\/\/sentaiyuanbio.com\/pt\/wp-json\/wp\/v2\/product_cat?post=2167"},{"taxonomy":"product_tag","embeddable":true,"href":"https:\/\/sentaiyuanbio.com\/pt\/wp-json\/wp\/v2\/product_tag?post=2167"}],"curies":[{"name":"wp","href":"https:\/\/api.w.org\/{rel}","templated":true}]}}