{"id":2233,"date":"2024-07-08T07:51:22","date_gmt":"2024-07-08T07:51:22","guid":{"rendered":"https:\/\/sentaiyuanbio.com\/?post_type=product&#038;p=2233"},"modified":"2025-06-05T05:41:12","modified_gmt":"2025-06-05T05:41:12","slug":"geleia-de-konjac-sabor-a-colagenio-de-laranja","status":"publish","type":"product","link":"https:\/\/sentaiyuanbio.com\/pt\/produto\/geleia-de-konjac-sabor-a-colagenio-de-laranja\/","title":{"rendered":"Geleia de konjac com sabor a colag\u00e9nio de laranja"},"content":{"rendered":"<p>Desfrute do doce sabor a colag\u00e9nio de laranja da geleia Konjac embalada em stand-up pouches. Com uma textura suave e derretendo na boca, estas geleias v\u00e3o certamente deliciar o seu humor durante todo o dia!<\/p>\n<h2>1. Ingredientes da geleia de konjac de laranja<\/h2>\n<p>\u00c1gua, sumo concentrado de laranja, <a href=\"https:\/\/www.healthline.com\/nutrition\/erythritol\" target=\"_blank\" rel=\"noopener\">Eritritol<\/a>, <a href=\"https:\/\/sentaiyuanbio.com\/pt\/produto\/po-de-konjac\/\" target=\"_blank\" rel=\"noopener\">P\u00f3 de konjac<\/a>, Carragenina, \u00c1cido c\u00edtrico, <a href=\"https:\/\/www.drugs.com\/potassium_chloride.html\" target=\"_blank\" rel=\"noopener\">Cloreto de pot\u00e1ssio<\/a>, Sorbato de pot\u00e1ssio, vitamina C e p\u00e9ptido de colag\u00e9nio.<\/p>\n<h2>2. Especifica\u00e7\u00f5es da geleia de konjac de laranja peso e tamanho<\/h2>\n<p>Tamanho do produto: personalizar<br \/>\nPeso l\u00edquido: 150g<br \/>\nPeso bruto: 155g<br \/>\nTipo de embalagem: Bolsa de p\u00e9<\/p>\n<h2>3. Especifica\u00e7\u00f5es f\u00edsicas da geleia de laranja Konnyaku<\/h2>\n<p>Cor: amarelo<br \/>\nSabor: Sabor a laranja<br \/>\nTextura: Suave e macia<br \/>\nAspeto f\u00edsico: Gel semi-fluido<\/p>\n<h2>4. Carater\u00edsticas do produto<\/h2>\n<p><strong>\u00a0Textura gelatinosa<\/strong>: A inclus\u00e3o de <a href=\"https:\/\/sentaiyuanbio.com\/pt\/categoria-produto\/fibra-alimentar-de-konjac\/\" target=\"_blank\" rel=\"noopener\">fibra alimentar de konjac<\/a>, O konjac, produzido a partir da raiz da planta konjac, contribui para a sua textura gelatinosa. Tem uma textura um pouco mastig\u00e1vel e saltitante, tornando-a uma bebida agrad\u00e1vel e invulgar.<\/p>\n<p><strong>Baixo teor de calorias<\/strong>: \u00c9 frequentemente anunciado como uma bebida de baixas calorias. \u00c9 muito utilizada como alternativa \u00e0s bebidas com elevado teor cal\u00f3rico, como os refrigerantes e os sumos de fruta. Esta carater\u00edstica torna-a ideal para as pessoas que t\u00eam cuidado com o seu consumo de calorias.<\/p>\n<p><strong>Teor de fibra alimentar<\/strong>: \u00c9 rico em fibra diet\u00e9tica, particularmente fibra sol\u00favel conhecida como glucomanano, que vem da planta Konjac. O glucomanano \u00e9 reconhecido pela sua capacidade de absorver \u00e1gua e produzir um material semelhante a um gel no sistema digestivo, que promove a sensa\u00e7\u00e3o de saciedade e pode ajudar no controlo do peso.<\/p>\n<p><strong>Potenciais vantagens para a sa\u00fade<\/strong>: A geleia de konjac \u00e9 frequentemente associada a uma variedade de benef\u00edcios para a sa\u00fade. Devido ao seu elevado teor de fibra, pode ajudar a regular os n\u00edveis de a\u00e7\u00facar no sangue, ajudar na digest\u00e3o e promover movimentos intestinais regulares. Al\u00e9m disso, pensa-se que a bebida melhora os n\u00edveis de colesterol ao diminuir <a href=\"https:\/\/medlineplus.gov\/ldlthebadcholesterol.html\" target=\"_blank\" rel=\"noopener\">Colesterol LDL (mau)<\/a>.<\/p>\n<p><strong>Baixo teor de gordura e a\u00e7\u00facar<\/strong>: Em geral, tem um baixo teor de gordura e de a\u00e7\u00facar. Este facto pode ser ben\u00e9fico para as pessoas que seguem uma dieta pobre em gorduras ou em a\u00e7\u00facar ou que procuram reduzir a sua ingest\u00e3o total de a\u00e7\u00facar.<\/p>\n<p><strong>Varia\u00e7\u00f5es de sabor<\/strong>: Est\u00e1 dispon\u00edvel em v\u00e1rios sabores, incluindo alternativas deliciosas como uva, ma\u00e7\u00e3 e p\u00eassego, bem como outras mais ex\u00f3ticas como ch\u00e1 verde ou alo\u00e9 vera. Esta variedade de sabores permite aos clientes selecionar o seu sabor preferido.<\/p>\n<p><strong>Vegetariano e vegan<\/strong>: Como \u00e9 frequentemente criado com componentes \u00e0 base de plantas, \u00e9 ideal para pessoas que seguem dietas vegetarianas ou veganas. No entanto, \u00e9 fundamental rever o conte\u00fado exato do produto para verificar se \u00e9 compat\u00edvel com as suas necessidades diet\u00e9ticas.<\/p>\n<p><strong>Refrescante e hidratante<\/strong>: \u00c9 normalmente utilizado como bebida refrescante e hidratante. Pode ser servido fresco e saboreado como uma bebida refrescante, especialmente no tempo quente.<\/p>\n<p><img fetchpriority=\"high\" decoding=\"async\" class=\"alignnone wp-image-3597 size-full\" src=\"https:\/\/sentaiyuanbio.com\/wp-content\/uploads\/2024\/07\/konjac-orange-jelly1_1.webp\" alt=\"geleia de laranja konjac\" width=\"750\" height=\"612\" srcset=\"https:\/\/sentaiyuanbio.com\/wp-content\/uploads\/2024\/07\/konjac-orange-jelly1_1.webp 750w, https:\/\/sentaiyuanbio.com\/wp-content\/uploads\/2024\/07\/konjac-orange-jelly1_1-300x245.webp 300w, https:\/\/sentaiyuanbio.com\/wp-content\/uploads\/2024\/07\/konjac-orange-jelly1_1-600x490.webp 600w\" sizes=\"(max-width: 750px) 100vw, 750px\" \/><img decoding=\"async\" class=\"alignnone wp-image-3598 size-full\" src=\"https:\/\/sentaiyuanbio.com\/wp-content\/uploads\/2024\/07\/konjac-orange-jelly2_2.webp\" alt=\"geleia de laranja konjac\" width=\"750\" height=\"631\" srcset=\"https:\/\/sentaiyuanbio.com\/wp-content\/uploads\/2024\/07\/konjac-orange-jelly2_2.webp 750w, https:\/\/sentaiyuanbio.com\/wp-content\/uploads\/2024\/07\/konjac-orange-jelly2_2-300x252.webp 300w, https:\/\/sentaiyuanbio.com\/wp-content\/uploads\/2024\/07\/konjac-orange-jelly2_2-600x505.webp 600w\" sizes=\"(max-width: 750px) 100vw, 750px\" \/><img decoding=\"async\" class=\"alignnone wp-image-3599 size-full\" src=\"https:\/\/sentaiyuanbio.com\/wp-content\/uploads\/2024\/07\/konjac-orange-jelly3_3.webp\" alt=\"geleia de laranja konjac\" width=\"750\" height=\"619\" srcset=\"https:\/\/sentaiyuanbio.com\/wp-content\/uploads\/2024\/07\/konjac-orange-jelly3_3.webp 750w, https:\/\/sentaiyuanbio.com\/wp-content\/uploads\/2024\/07\/konjac-orange-jelly3_3-300x248.webp 300w, https:\/\/sentaiyuanbio.com\/wp-content\/uploads\/2024\/07\/konjac-orange-jelly3_3-600x495.webp 600w\" sizes=\"(max-width: 750px) 100vw, 750px\" \/><img loading=\"lazy\" decoding=\"async\" class=\"alignnone wp-image-3600 size-full\" src=\"https:\/\/sentaiyuanbio.com\/wp-content\/uploads\/2024\/07\/konjac-orange-jelly4_4.webp\" alt=\"geleia de laranja konjac\" width=\"750\" height=\"613\" srcset=\"https:\/\/sentaiyuanbio.com\/wp-content\/uploads\/2024\/07\/konjac-orange-jelly4_4.webp 750w, https:\/\/sentaiyuanbio.com\/wp-content\/uploads\/2024\/07\/konjac-orange-jelly4_4-300x245.webp 300w, https:\/\/sentaiyuanbio.com\/wp-content\/uploads\/2024\/07\/konjac-orange-jelly4_4-600x490.webp 600w\" sizes=\"(max-width: 750px) 100vw, 750px\" \/><img loading=\"lazy\" decoding=\"async\" class=\"alignnone wp-image-3601 size-full\" src=\"https:\/\/sentaiyuanbio.com\/wp-content\/uploads\/2024\/07\/konjac-orange-jelly5_5.webp\" alt=\"geleia de laranja konjac\" width=\"750\" height=\"530\" srcset=\"https:\/\/sentaiyuanbio.com\/wp-content\/uploads\/2024\/07\/konjac-orange-jelly5_5.webp 750w, https:\/\/sentaiyuanbio.com\/wp-content\/uploads\/2024\/07\/konjac-orange-jelly5_5-300x212.webp 300w, https:\/\/sentaiyuanbio.com\/wp-content\/uploads\/2024\/07\/konjac-orange-jelly5_5-600x424.webp 600w\" sizes=\"(max-width: 750px) 100vw, 750px\" \/><\/p>\n<h2>5. Outras especifica\u00e7\u00f5es<\/h2>\n<p>Prazo de validade: 18 meses<br \/>\nArmazenamento: Conservar em local fresco e seco. Servir preferencialmente fresco. Conservar no frigor\u00edfico depois de aberto e consumir no prazo de 1 dia.<\/p>\n<table border=\"1\" cellspacing=\"1\">\n<tbody>\n<tr>\n<td align=\"center\" width=\"284\">Factos nutricionais<\/td>\n<td align=\"center\" width=\"284\">Por 100ml<\/td>\n<td align=\"center\" width=\"284\">Por dose de 150 ml<\/td>\n<\/tr>\n<tr>\n<td align=\"center\" width=\"284\">Energia<\/td>\n<td align=\"center\" width=\"284\">6Kcal<\/td>\n<td align=\"center\" width=\"284\">7Kcal<\/td>\n<\/tr>\n<tr>\n<td align=\"center\" width=\"284\">Prote\u00edna<\/td>\n<td align=\"center\" width=\"284\">1.03g<\/td>\n<td align=\"center\" width=\"284\">2g<\/td>\n<\/tr>\n<tr>\n<td align=\"center\" width=\"284\">Gordura total<\/td>\n<td align=\"center\" width=\"284\">0g<\/td>\n<td align=\"center\" width=\"284\">0g<\/td>\n<\/tr>\n<tr>\n<td align=\"center\" width=\"284\">Gordura trans<\/td>\n<td align=\"center\" width=\"284\">0g<\/td>\n<td align=\"center\" width=\"284\">0g<\/td>\n<\/tr>\n<tr>\n<td align=\"center\" width=\"284\">Hidratos de carbono totais<\/td>\n<td align=\"center\" width=\"284\">0.6g<\/td>\n<td align=\"center\" width=\"284\">0.9g<\/td>\n<\/tr>\n<tr>\n<td align=\"center\" width=\"284\">Fibra alimentar<\/td>\n<td align=\"center\" width=\"284\">0g<\/td>\n<td align=\"center\" width=\"284\">0g<\/td>\n<\/tr>\n<tr>\n<td align=\"center\" width=\"284\">S\u00f3dio<\/td>\n<td align=\"center\" width=\"284\">13mg<\/td>\n<td align=\"center\" width=\"284\">20mg<\/td>\n<\/tr>\n<tr>\n<td align=\"center\" width=\"284\">A\u00e7\u00facar<\/td>\n<td align=\"center\" width=\"284\">0g<\/td>\n<td align=\"center\" width=\"284\">0g<\/td>\n<\/tr>\n<tr>\n<td align=\"center\" width=\"284\">Vitamina C<\/td>\n<td align=\"center\" width=\"284\">265mg<\/td>\n<td align=\"center\" width=\"284\">400mg<\/td>\n<\/tr>\n<\/tbody>\n<\/table>\n<p>&nbsp;<\/p>\n<h2>Relat\u00f3rio de ensaio do p\u00e9ptido de colag\u00e9nio<\/h2>\n<table border=\"1\" cellspacing=\"1\">\n<tbody>\n<tr>\n<td width=\"284\"><b>Item(ns) de teste<\/b><\/td>\n<td width=\"284\">Unidade<\/td>\n<td width=\"284\">M\u00e9todo(s) de ensaio<\/td>\n<td width=\"284\">Resultado(s) do(s) teste(s)<br \/>\n003<\/td>\n<td width=\"284\">LOQ<\/td>\n<\/tr>\n<tr>\n<td width=\"284\"><b>Colesterol<\/b><\/td>\n<td width=\"284\">mg\/100 g<\/td>\n<td width=\"284\">AOAC 994.10<\/td>\n<td width=\"284\">ND<\/td>\n<td width=\"284\">1<\/td>\n<\/tr>\n<tr>\n<td width=\"284\"><b>Prote\u00edna<\/b><\/td>\n<td width=\"284\">%<\/td>\n<td width=\"284\">AOAC 2001.11<\/td>\n<td width=\"284\">2<\/td>\n<td width=\"284\">-<\/td>\n<\/tr>\n<tr>\n<td width=\"284\"><b>ferro(Fe)<\/b><\/td>\n<td width=\"284\">mg\/100 g<\/td>\n<td width=\"284\">AOAC 984.27<\/td>\n<td width=\"284\">ND<\/td>\n<td width=\"284\">0.10<\/td>\n<\/tr>\n<tr>\n<td width=\"284\"><b>Pot\u00e1ssio(K)<\/b><\/td>\n<td width=\"284\">mg\/100 g<\/td>\n<td width=\"284\">AOAC 984.27<\/td>\n<td width=\"284\">41.98<\/td>\n<td width=\"284\">0.10<\/td>\n<\/tr>\n<tr>\n<td width=\"284\"><b>C\u00e1lcio(Ca)<\/b><\/td>\n<td width=\"284\">mg\/100 g<\/td>\n<td width=\"284\">AOAC 984.27<\/td>\n<td width=\"284\">12.89<\/td>\n<td width=\"284\">0.10<\/td>\n<\/tr>\n<tr>\n<td width=\"284\"><b>S\u00f3dio(Na)<\/b><\/td>\n<td width=\"284\">mg\/100 g<\/td>\n<td width=\"284\">AOAC 984.27<\/td>\n<td width=\"284\">14.20<\/td>\n<td width=\"284\">0.10<\/td>\n<\/tr>\n<tr>\n<td width=\"284\"><b>*Humidade<\/b><\/td>\n<td width=\"284\">%<\/td>\n<td width=\"284\">AOAC 930.04<\/td>\n<td width=\"284\">98.1<\/td>\n<td width=\"284\">-<\/td>\n<\/tr>\n<tr>\n<td width=\"284\"><b>*Ash<\/b><\/td>\n<td width=\"284\">g\/100 g<\/td>\n<td width=\"284\">AOAC 930.05<\/td>\n<td width=\"284\">0.20<\/td>\n<td width=\"284\">-<\/td>\n<\/tr>\n<tr>\n<td width=\"284\"><b>Fibra alimentar<\/b><\/td>\n<td width=\"284\">g\/100 g<\/td>\n<td width=\"284\">AOAC 991.43<\/td>\n<td width=\"284\">0.3<\/td>\n<td width=\"284\">-<\/td>\n<\/tr>\n<tr>\n<td width=\"284\"><b>Gordura total<\/b><\/td>\n<td width=\"284\">g\/100 g<\/td>\n<td width=\"284\">AOAC 996.06<\/td>\n<td width=\"284\">ND<\/td>\n<td width=\"284\">0.01<\/td>\n<\/tr>\n<tr>\n<td width=\"284\"><b>Gordura saturada<\/b><\/td>\n<td width=\"284\">g\/100 g<\/td>\n<td width=\"284\">AOAC 996.06<\/td>\n<td width=\"284\">ND<\/td>\n<td width=\"284\">0.01<\/td>\n<\/tr>\n<tr>\n<td width=\"284\"><b>Gordura trans<\/b><\/td>\n<td width=\"284\">g\/100 g<\/td>\n<td width=\"284\">AOAC 996.06<\/td>\n<td width=\"284\">ND<\/td>\n<td width=\"284\">0.01<\/td>\n<\/tr>\n<tr>\n<td width=\"284\"><b>Frutose<\/b><\/td>\n<td width=\"284\">g\/100 g<\/td>\n<td width=\"284\">AOAC 982.14<\/td>\n<td width=\"284\">ND<\/td>\n<td width=\"284\">0.4<\/td>\n<\/tr>\n<tr>\n<td width=\"284\"><b>Glicose<\/b><\/td>\n<td width=\"284\">g\/100 g<\/td>\n<td width=\"284\">AOAC 982.14<\/td>\n<td width=\"284\">ND<\/td>\n<td width=\"284\">0.4<\/td>\n<\/tr>\n<tr>\n<td width=\"284\"><b>Sacarose<\/b><\/td>\n<td width=\"284\">g\/100 g<\/td>\n<td width=\"284\">AOAC 982.14<\/td>\n<td width=\"284\">ND<\/td>\n<td width=\"284\">0.4<\/td>\n<\/tr>\n<tr>\n<td width=\"284\"><b>Maltose<\/b><\/td>\n<td width=\"284\">g\/100 g<\/td>\n<td width=\"284\">AOAC 982.14<\/td>\n<td width=\"284\">ND<\/td>\n<td width=\"284\">0.4<\/td>\n<\/tr>\n<tr>\n<td width=\"284\"><b>Lactose<\/b><\/td>\n<td width=\"284\">g\/100 g<\/td>\n<td width=\"284\">AOAC 982.14<\/td>\n<td width=\"284\">ND<\/td>\n<td width=\"284\">0.4<\/td>\n<\/tr>\n<tr>\n<td width=\"284\"><b>Total (Frutose+ Glucose+ Sacarose+ Altose+ Lactose)<\/b><\/td>\n<td width=\"284\">g\/100 g<\/td>\n<td width=\"284\">AOAC 982.14<\/td>\n<td width=\"284\">ND<\/td>\n<td width=\"284\">-<\/td>\n<\/tr>\n<tr>\n<td width=\"284\"><b>Vitamina D2<\/b><\/td>\n<td width=\"284\">ug\/100 g<\/td>\n<td width=\"284\">BS EN 12821:2009<\/td>\n<td width=\"284\">ND<\/td>\n<td width=\"284\">2<\/td>\n<\/tr>\n<tr>\n<td width=\"284\"><b>Vitamina D3<\/b><\/td>\n<td width=\"284\">ug\/100 g<\/td>\n<td width=\"284\">BS EN 12821:2009<\/td>\n<td width=\"284\">ND<\/td>\n<td width=\"284\">2<\/td>\n<\/tr>\n<\/tbody>\n<\/table>\n<p><b><a href=\"https:\/\/sentaiyuanbio.com\/wp-content\/uploads\/woocommerce_uploads\/2024\/07\/Konjac-Jelly-Orange-Collagen-Flavor-Test-Report-z9ovq1.pdf\" target=\"_blank\" rel=\"noopener\">Descarregar o relat\u00f3rio do teste da geleia de laranja Konjac<\/a><\/b><\/p>\n<h2>Saber mais sobre a geleia de konjac sabor a colag\u00e9nio de laranja<\/h2>\n<p><iframe title=\"geleia de konjac sabor a colag\u00e9nio de laranja\" src=\"https:\/\/www.youtube.com\/embed\/Gi5mnMBQEVc?si=4G23kY_ubh36Lyul\" width=\"750\" height=\"500\" frameborder=\"0\" allowfullscreen=\"allowfullscreen\"><span data-mce-type=\"bookmark\" style=\"display: inline-block; width: 0px; overflow: hidden; line-height: 0;\" class=\"mce_SELRES_start\"><\/span><\/iframe><\/p>","protected":false},"excerpt":{"rendered":"<p>Este \u00e9 um sabor de colag\u00e9nio de laranja de geleia de Konjac que incorpora a do\u00e7ura da laranja. De baixas calorias, sem a\u00e7\u00facar e rica em vitamina C e p\u00e9ptidos de colag\u00e9nio, \u00e9 uma alternativa saud\u00e1vel aos doces tradicionais. \u00c9 um snack de geleia de Konjac que lhe dar\u00e1 uma sensa\u00e7\u00e3o de saciedade quando tiver fome sem se preocupar com a obesidade.<\/p>","protected":false},"featured_media":4275,"template":"","meta":{"site-sidebar-layout":"default","site-content-layout":"","ast-site-content-layout":"default","site-content-style":"default","site-sidebar-style":"default","ast-global-header-display":"","ast-banner-title-visibility":"","ast-main-header-display":"","ast-hfb-above-header-display":"","ast-hfb-below-header-display":"","ast-hfb-mobile-header-display":"","site-post-title":"","ast-breadcrumbs-content":"","ast-featured-img":"","footer-sml-layout":"","ast-disable-related-posts":"","theme-transparent-header-meta":"default","adv-header-id-meta":"","stick-header-meta":"default","header-above-stick-meta":"","header-main-stick-meta":"","header-below-stick-meta":"","astra-migrate-meta-layouts":"set","ast-page-background-enabled":"default","ast-page-background-meta":{"desktop":{"background-color":"","background-image":"","background-repeat":"repeat","background-position":"center center","background-size":"auto","background-attachment":"scroll","background-type":"","background-media":"","overlay-type":"","overlay-color":"","overlay-opacity":"","overlay-gradient":""},"tablet":{"background-color":"","background-image":"","background-repeat":"repeat","background-position":"center center","background-size":"auto","background-attachment":"scroll","background-type":"","background-media":"","overlay-type":"","overlay-color":"","overlay-opacity":"","overlay-gradient":""},"mobile":{"background-color":"","background-image":"","background-repeat":"repeat","background-position":"center center","background-size":"auto","background-attachment":"scroll","background-type":"","background-media":"","overlay-type":"","overlay-color":"","overlay-opacity":"","overlay-gradient":""}},"ast-content-background-meta":{"desktop":{"background-color":"var(--ast-global-color-5)","background-image":"","background-repeat":"repeat","background-position":"center center","background-size":"auto","background-attachment":"scroll","background-type":"","background-media":"","overlay-type":"","overlay-color":"","overlay-opacity":"","overlay-gradient":""},"tablet":{"background-color":"var(--ast-global-color-5)","background-image":"","background-repeat":"repeat","background-position":"center center","background-size":"auto","background-attachment":"scroll","background-type":"","background-media":"","overlay-type":"","overlay-color":"","overlay-opacity":"","overlay-gradient":""},"mobile":{"background-color":"var(--ast-global-color-5)","background-image":"","background-repeat":"repeat","background-position":"center center","background-size":"auto","background-attachment":"scroll","background-type":"","background-media":"","overlay-type":"","overlay-color":"","overlay-opacity":"","overlay-gradient":""}}},"product_brand":[],"product_cat":[52],"product_tag":[53],"class_list":{"0":"post-2233","1":"product","2":"type-product","3":"status-publish","4":"has-post-thumbnail","6":"product_cat-konjac-powder-jelly","7":"product_tag-konjac-jelly-snack","8":"desktop-align-left","9":"tablet-align-left","10":"mobile-align-left","11":"ast-product-gallery-layout-horizontal-slider","12":"ast-product-tabs-layout-horizontal","14":"first","15":"instock","16":"downloadable","17":"shipping-taxable","18":"product-type-simple"},"_links":{"self":[{"href":"https:\/\/sentaiyuanbio.com\/pt\/wp-json\/wp\/v2\/product\/2233","targetHints":{"allow":["GET"]}}],"collection":[{"href":"https:\/\/sentaiyuanbio.com\/pt\/wp-json\/wp\/v2\/product"}],"about":[{"href":"https:\/\/sentaiyuanbio.com\/pt\/wp-json\/wp\/v2\/types\/product"}],"version-history":[{"count":0,"href":"https:\/\/sentaiyuanbio.com\/pt\/wp-json\/wp\/v2\/product\/2233\/revisions"}],"wp:featuredmedia":[{"embeddable":true,"href":"https:\/\/sentaiyuanbio.com\/pt\/wp-json\/wp\/v2\/media\/4275"}],"wp:attachment":[{"href":"https:\/\/sentaiyuanbio.com\/pt\/wp-json\/wp\/v2\/media?parent=2233"}],"wp:term":[{"taxonomy":"product_brand","embeddable":true,"href":"https:\/\/sentaiyuanbio.com\/pt\/wp-json\/wp\/v2\/product_brand?post=2233"},{"taxonomy":"product_cat","embeddable":true,"href":"https:\/\/sentaiyuanbio.com\/pt\/wp-json\/wp\/v2\/product_cat?post=2233"},{"taxonomy":"product_tag","embeddable":true,"href":"https:\/\/sentaiyuanbio.com\/pt\/wp-json\/wp\/v2\/product_tag?post=2233"}],"curies":[{"name":"wp","href":"https:\/\/api.w.org\/{rel}","templated":true}]}}