{"id":2263,"date":"2024-07-10T06:07:44","date_gmt":"2024-07-10T06:07:44","guid":{"rendered":"https:\/\/sentaiyuanbio.com\/?post_type=product&#038;p=2263"},"modified":"2025-05-08T07:11:22","modified_gmt":"2025-05-08T07:11:22","slug":"salada-de-konjac-sabor-a-sesamo","status":"publish","type":"product","link":"https:\/\/sentaiyuanbio.com\/pt\/produto\/salada-de-konjac-sabor-a-sesamo\/","title":{"rendered":"Salada de konjac com sabor a s\u00e9samo, Salada de konnyaku com sabor a s\u00e9samo"},"content":{"rendered":"<h2>Salada Konjac Sabor a S\u00e9samo Ingredientes:<\/h2>\n<p><strong>Molho<\/strong>: \u00c1gua, \u00f3leo de soja n\u00e3o-OGM, a\u00e7\u00facar, s\u00e9samo, sal, sumo de cogumelos concentrado (cogumelos, \u00e1gua, sal comest\u00edvel), gema gelada, MSG (intensificador de sabor E621), corante de caramelo (corante E150a), mostarda em p\u00f3, \u00e1cido ac\u00e9tico glacial (<a href=\"https:\/\/www.aceingredients.com\/products\/e260-acetic-acid.html\" target=\"_blank\" rel=\"noopener\">regulador de acidez E260<\/a>), extrato de levedura, goma xantana (<a href=\"https:\/\/www.naturalspices.com\/xanthan-gum-e415\" target=\"_blank\" rel=\"noopener\">espessante E415<\/a>), aroma, sorbato de pot\u00e1ssio (conservante E202), EDTA diss\u00f3dico de c\u00e1lcio (antioxidante E385).<\/p>\n<p><strong>Massa konjac<\/strong>: \u00c1gua, <a href=\"https:\/\/sentaiyuanbio.com\/pt\/produto\/po-de-konjac\/\" target=\"_blank\" rel=\"noopener\">p\u00f3 de konjac<\/a>, \u00e1cido c\u00edtrico.<br \/>\n<strong>Alerg\u00e9nios<\/strong>: Cont\u00e9m produtos de soja, produtos \u00e0 base de ovos e mostarda.<br \/>\n<strong>Peso l\u00edquido<\/strong>: 20g(Molho)+120g(Massa Konjac)<br \/>\n<strong>Prazo de validade<\/strong>: 12 meses<br \/>\n<strong>Armazenamento<\/strong>: Conservar em local fresco e seco. Manter afastado da luz e do calor fortes. Manter afastado da luz e do calor fortes. Depois de aberto, conservar no frigor\u00edfico e consumir no prazo de 24 horas.<\/p>\n<h2><b>Salada Konjac Sabor a S\u00e9samo Informa\u00e7\u00e3o Nutricional<\/b><strong><b>(Por dose)<\/b><\/strong><\/h2>\n<table>\n<tbody>\n<tr>\n<td colspan=\"2\" width=\"630\"><strong><b>Factos nutricionais<\/b><\/strong><\/td>\n<\/tr>\n<tr>\n<td width=\"319\">Energia<\/td>\n<td width=\"311\">68,6Kcal<\/td>\n<\/tr>\n<tr>\n<td width=\"319\">Gordura total<\/td>\n<td width=\"311\">5.73g<\/td>\n<\/tr>\n<tr>\n<td width=\"319\">\u00c1cido gordo saturado<\/td>\n<td width=\"311\">0.88<\/td>\n<\/tr>\n<tr>\n<td width=\"319\">S\u00f3dio<\/td>\n<td width=\"311\">283,55mg<\/td>\n<\/tr>\n<tr>\n<td width=\"319\">Sal<\/td>\n<td width=\"311\">0.7g<\/td>\n<\/tr>\n<tr>\n<td width=\"319\">Hidratos de carbono totais<\/td>\n<td width=\"311\">3.94g<\/td>\n<\/tr>\n<tr>\n<td width=\"319\">Fibra<\/td>\n<td width=\"311\">0.8g<\/td>\n<\/tr>\n<tr>\n<td width=\"319\">A\u00e7\u00facar<\/td>\n<td width=\"311\">2.1g<\/td>\n<\/tr>\n<tr>\n<td width=\"319\">Prote\u00edna<\/td>\n<td width=\"311\">0.48g<\/td>\n<\/tr>\n<\/tbody>\n<\/table>\n<p><strong><b>Instru\u00e7\u00f5es de cozinha <\/b><\/strong><\/p>\n<ol>\n<li>Escorra a \u00e1gua do pacote e esvazie o conte\u00fado do saco de massa.<\/li>\n<li>Adicionar o molho para salada<\/li>\n<li>Depois de bem misturado, est\u00e1 pronto a ser consumido.<\/li>\n<\/ol>\n<p><img fetchpriority=\"high\" decoding=\"async\" class=\"alignnone wp-image-2268 size-full\" src=\"https:\/\/sentaiyuanbio.com\/wp-content\/uploads\/2024\/07\/konnyaku-salad-sesame-1.jpg\" alt=\"salada de konnyaku com s\u00e9samo\" width=\"750\" height=\"562\" srcset=\"https:\/\/sentaiyuanbio.com\/wp-content\/uploads\/2024\/07\/konnyaku-salad-sesame-1.jpg 750w, https:\/\/sentaiyuanbio.com\/wp-content\/uploads\/2024\/07\/konnyaku-salad-sesame-1-300x225.jpg 300w, https:\/\/sentaiyuanbio.com\/wp-content\/uploads\/2024\/07\/konnyaku-salad-sesame-1-600x450.jpg 600w\" sizes=\"(max-width: 750px) 100vw, 750px\" \/> <img decoding=\"async\" class=\"alignnone wp-image-2269 size-full\" src=\"https:\/\/sentaiyuanbio.com\/wp-content\/uploads\/2024\/07\/konnyaku-salad-sesame-2.jpg\" alt=\"salada de konnyaku com s\u00e9samo\" width=\"750\" height=\"533\" srcset=\"https:\/\/sentaiyuanbio.com\/wp-content\/uploads\/2024\/07\/konnyaku-salad-sesame-2.jpg 750w, https:\/\/sentaiyuanbio.com\/wp-content\/uploads\/2024\/07\/konnyaku-salad-sesame-2-300x213.jpg 300w, https:\/\/sentaiyuanbio.com\/wp-content\/uploads\/2024\/07\/konnyaku-salad-sesame-2-600x426.jpg 600w\" sizes=\"(max-width: 750px) 100vw, 750px\" \/> <img decoding=\"async\" class=\"alignnone wp-image-2270 size-full\" src=\"https:\/\/sentaiyuanbio.com\/wp-content\/uploads\/2024\/07\/konnyaku-salad-sesame-3.jpg\" alt=\"salada de konnyaku com s\u00e9samo\" width=\"750\" height=\"517\" srcset=\"https:\/\/sentaiyuanbio.com\/wp-content\/uploads\/2024\/07\/konnyaku-salad-sesame-3.jpg 750w, https:\/\/sentaiyuanbio.com\/wp-content\/uploads\/2024\/07\/konnyaku-salad-sesame-3-300x207.jpg 300w, https:\/\/sentaiyuanbio.com\/wp-content\/uploads\/2024\/07\/konnyaku-salad-sesame-3-600x414.jpg 600w\" sizes=\"(max-width: 750px) 100vw, 750px\" \/> <img loading=\"lazy\" decoding=\"async\" class=\"alignnone wp-image-2271 size-full\" src=\"https:\/\/sentaiyuanbio.com\/wp-content\/uploads\/2024\/07\/konnyaku-salad-sesame-4.jpg\" alt=\"salada de konnyaku com s\u00e9samo\" width=\"750\" height=\"513\" srcset=\"https:\/\/sentaiyuanbio.com\/wp-content\/uploads\/2024\/07\/konnyaku-salad-sesame-4.jpg 750w, https:\/\/sentaiyuanbio.com\/wp-content\/uploads\/2024\/07\/konnyaku-salad-sesame-4-300x205.jpg 300w, https:\/\/sentaiyuanbio.com\/wp-content\/uploads\/2024\/07\/konnyaku-salad-sesame-4-600x410.jpg 600w\" sizes=\"(max-width: 750px) 100vw, 750px\" \/> <img loading=\"lazy\" decoding=\"async\" class=\"alignnone wp-image-2272 size-full\" src=\"https:\/\/sentaiyuanbio.com\/wp-content\/uploads\/2024\/07\/konnyaku-salad-sesame-5.jpg\" alt=\"salada de konnyaku com s\u00e9samo\" width=\"750\" height=\"485\" srcset=\"https:\/\/sentaiyuanbio.com\/wp-content\/uploads\/2024\/07\/konnyaku-salad-sesame-5.jpg 750w, https:\/\/sentaiyuanbio.com\/wp-content\/uploads\/2024\/07\/konnyaku-salad-sesame-5-300x194.jpg 300w, https:\/\/sentaiyuanbio.com\/wp-content\/uploads\/2024\/07\/konnyaku-salad-sesame-5-600x388.jpg 600w\" sizes=\"(max-width: 750px) 100vw, 750px\" \/><\/p>","protected":false},"excerpt":{"rendered":"<p>Uma salada de konjac sem gl\u00faten, com baixo teor cal\u00f3rico e baixo teor de hidratos de carbono, sabor a s\u00e9samo, com apenas 68 calorias por 100 gramas. O konjac \u00e9 crocante e refrescante com o molho da salada, proporcionando-lhe uma experi\u00eancia refrescante no pico do ver\u00e3o.<\/p>","protected":false},"featured_media":4808,"template":"","meta":{"site-sidebar-layout":"default","site-content-layout":"","ast-site-content-layout":"default","site-content-style":"default","site-sidebar-style":"default","ast-global-header-display":"","ast-banner-title-visibility":"","ast-main-header-display":"","ast-hfb-above-header-display":"","ast-hfb-below-header-display":"","ast-hfb-mobile-header-display":"","site-post-title":"","ast-breadcrumbs-content":"","ast-featured-img":"","footer-sml-layout":"","ast-disable-related-posts":"","theme-transparent-header-meta":"default","adv-header-id-meta":"","stick-header-meta":"default","header-above-stick-meta":"","header-main-stick-meta":"","header-below-stick-meta":"","astra-migrate-meta-layouts":"set","ast-page-background-enabled":"default","ast-page-background-meta":{"desktop":{"background-color":"","background-image":"","background-repeat":"repeat","background-position":"center center","background-size":"auto","background-attachment":"scroll","background-type":"","background-media":"","overlay-type":"","overlay-color":"","overlay-opacity":"","overlay-gradient":""},"tablet":{"background-color":"","background-image":"","background-repeat":"repeat","background-position":"center center","background-size":"auto","background-attachment":"scroll","background-type":"","background-media":"","overlay-type":"","overlay-color":"","overlay-opacity":"","overlay-gradient":""},"mobile":{"background-color":"","background-image":"","background-repeat":"repeat","background-position":"center center","background-size":"auto","background-attachment":"scroll","background-type":"","background-media":"","overlay-type":"","overlay-color":"","overlay-opacity":"","overlay-gradient":""}},"ast-content-background-meta":{"desktop":{"background-color":"var(--ast-global-color-5)","background-image":"","background-repeat":"repeat","background-position":"center center","background-size":"auto","background-attachment":"scroll","background-type":"","background-media":"","overlay-type":"","overlay-color":"","overlay-opacity":"","overlay-gradient":""},"tablet":{"background-color":"var(--ast-global-color-5)","background-image":"","background-repeat":"repeat","background-position":"center center","background-size":"auto","background-attachment":"scroll","background-type":"","background-media":"","overlay-type":"","overlay-color":"","overlay-opacity":"","overlay-gradient":""},"mobile":{"background-color":"var(--ast-global-color-5)","background-image":"","background-repeat":"repeat","background-position":"center center","background-size":"auto","background-attachment":"scroll","background-type":"","background-media":"","overlay-type":"","overlay-color":"","overlay-opacity":"","overlay-gradient":""}}},"product_brand":[],"product_cat":[54],"product_tag":[32],"class_list":{"0":"post-2263","1":"product","2":"type-product","3":"status-publish","4":"has-post-thumbnail","6":"product_cat-shirataki-noodle-salad","7":"product_tag-konjac-pasta","8":"desktop-align-left","9":"tablet-align-left","10":"mobile-align-left","11":"ast-product-gallery-layout-horizontal-slider","12":"ast-product-tabs-layout-horizontal","14":"first","15":"instock","16":"shipping-taxable","17":"product-type-simple"},"_links":{"self":[{"href":"https:\/\/sentaiyuanbio.com\/pt\/wp-json\/wp\/v2\/product\/2263","targetHints":{"allow":["GET"]}}],"collection":[{"href":"https:\/\/sentaiyuanbio.com\/pt\/wp-json\/wp\/v2\/product"}],"about":[{"href":"https:\/\/sentaiyuanbio.com\/pt\/wp-json\/wp\/v2\/types\/product"}],"version-history":[{"count":0,"href":"https:\/\/sentaiyuanbio.com\/pt\/wp-json\/wp\/v2\/product\/2263\/revisions"}],"wp:featuredmedia":[{"embeddable":true,"href":"https:\/\/sentaiyuanbio.com\/pt\/wp-json\/wp\/v2\/media\/4808"}],"wp:attachment":[{"href":"https:\/\/sentaiyuanbio.com\/pt\/wp-json\/wp\/v2\/media?parent=2263"}],"wp:term":[{"taxonomy":"product_brand","embeddable":true,"href":"https:\/\/sentaiyuanbio.com\/pt\/wp-json\/wp\/v2\/product_brand?post=2263"},{"taxonomy":"product_cat","embeddable":true,"href":"https:\/\/sentaiyuanbio.com\/pt\/wp-json\/wp\/v2\/product_cat?post=2263"},{"taxonomy":"product_tag","embeddable":true,"href":"https:\/\/sentaiyuanbio.com\/pt\/wp-json\/wp\/v2\/product_tag?post=2263"}],"curies":[{"name":"wp","href":"https:\/\/api.w.org\/{rel}","templated":true}]}}