{"id":2290,"date":"2024-07-11T03:51:13","date_gmt":"2024-07-11T03:51:13","guid":{"rendered":"https:\/\/sentaiyuanbio.com\/?post_type=product&#038;p=2290"},"modified":"2025-05-30T08:19:47","modified_gmt":"2025-05-30T08:19:47","slug":"salada-de-massa-konjac-com-sabor-a-wasabi","status":"publish","type":"product","link":"https:\/\/sentaiyuanbio.com\/pt\/produto\/salada-de-massa-konjac-com-sabor-a-wasabi\/","title":{"rendered":"Salada de massa konjac, Fettuccine Konnyaku com sabor a wasabi"},"content":{"rendered":"<h2>O que \u00e9 o macarr\u00e3o konjac<\/h2>\n<p>O macarr\u00e3o konjac tamb\u00e9m \u00e9 conhecido como macarr\u00e3o \u2018Konjac\u2019, \u2018Konnyaku\u2019 ou \u2018Yam\u2019 e tem uma textura levemente mastig\u00e1vel. Feitos a partir de um vegetal asi\u00e1tico chamado \u2018Konjac\u2019, os noodles Shirataki n\u00e3o t\u00eam muito sabor por si s\u00f3, pelo que s\u00e3o excelentes para absorver o sabor de outros ingredientes e molhos. \u00d3timo em Hotpots.<\/p>\n<p>O macarr\u00e3o Konnyaku \u2018Shirataki\u2019 \u00e9 um macarr\u00e3o extremamente saud\u00e1vel, rico em fibras, com poucas calorias e baixo teor de colesterol. \u00c9 por isso que tamb\u00e9m \u00e9 conhecido como macarr\u00e3o \u2018Zero\u2019 ou \u2018Milagroso\u2019.<\/p>\n<h2>Salada de massa konjac com sabor a wasabi Ingredientes:<\/h2>\n<p><strong>Molho<\/strong>: \u00c1gua, \u00f3leo de soja n\u00e3o-OGM, a\u00e7\u00facar, s\u00e9samo, sal, sumo de cogumelos concentrado (cogumelos, \u00e1gua, sal comest\u00edvel), gema gelada, MSG (intensificador de sabor E621), \u00e1cido l\u00e1tico, corante de caramelo (<a href=\"https:\/\/healthypig.com.hk\/en\/blogs\/healthypigmagazine\/e150-%E7%84%A6%E7%B3%96%E8%89%B2\" target=\"_blank\" rel=\"noopener\">corante E150a<\/a>), mostarda em p\u00f3, \u00e1cido ac\u00e9tico glacial (regulador de acidez E260), extrato de levedura, goma xantana (espessante E415), sorbato de pot\u00e1ssio (conservante E202), EDTA diss\u00f3dico de c\u00e1lcio (antioxidante E385).<br \/>\n<strong>Massa konjac<\/strong>: \u00c1gua, <a href=\"https:\/\/sentaiyuanbio.com\/pt\/produto\/po-de-konjac\/\" target=\"_blank\" rel=\"noopener\">Farinha Konnyaku<\/a>, \u00e1cido c\u00edtrico.<br \/>\n<strong>Alerg\u00e9nios<\/strong>: Cont\u00e9m produtos de soja, produtos \u00e0 base de ovos e mostarda.<br \/>\n<strong>Peso l\u00edquido<\/strong>: 20g(Molho)+120g(Massa Konjac)<br \/>\n<strong>Prazo de validade<\/strong>: 12 meses<br \/>\n<strong>Armazenamento<\/strong>: Conservar em local fresco e seco. Manter afastado da luz e do calor fortes. Manter afastado da luz e do calor fortes. Depois de aberto, conservar no frigor\u00edfico e consumir no prazo de 24 horas.<\/p>\n<h2>Salada de Massa Konjac com Sabor a Wasabi Informa\u00e7\u00e3o Nutricional<b>(Por dose)<\/b><\/h2>\n<table>\n<tbody>\n<tr>\n<td colspan=\"2\" width=\"630\"><strong><b>Factos nutricionais<\/b><\/strong><\/td>\n<\/tr>\n<tr>\n<td width=\"319\">Energia<\/td>\n<td width=\"311\">68,4 Kcal<\/td>\n<\/tr>\n<tr>\n<td width=\"319\">Gordura total<\/td>\n<td width=\"311\">5.73g<\/td>\n<\/tr>\n<tr>\n<td width=\"319\">\u00c1cido gordo saturado<\/td>\n<td width=\"311\">0.88<\/td>\n<\/tr>\n<tr>\n<td width=\"319\">S\u00f3dio<\/td>\n<td width=\"311\">282,35 mg<\/td>\n<\/tr>\n<tr>\n<td width=\"319\">Sal<\/td>\n<td width=\"311\">0.7g<\/td>\n<\/tr>\n<tr>\n<td width=\"319\">Hidratos de carbono totais<\/td>\n<td width=\"311\">3.94g<\/td>\n<\/tr>\n<tr>\n<td width=\"319\">Fibra<\/td>\n<td width=\"311\">0.8g<\/td>\n<\/tr>\n<tr>\n<td width=\"319\">A\u00e7\u00facar<\/td>\n<td width=\"311\">2.1g<\/td>\n<\/tr>\n<tr>\n<td width=\"319\">Prote\u00edna<\/td>\n<td width=\"311\">0.48g<\/td>\n<\/tr>\n<\/tbody>\n<\/table>\n<h2>Eis algumas carater\u00edsticas e particularidades da Salada de Massa Konjac:<\/h2>\n<p><strong>Baixo teor de calorias:<\/strong> \u00c9 extremamente baixo em calorias, o que o torna uma escolha adequada para pessoas que procuram reduzir a sua ingest\u00e3o de calorias. Normalmente, cont\u00e9m apenas 5-10 calorias por dose.<\/p>\n<p><strong>Baixo teor de hidratos de carbono:<\/strong> Tem um teor muito baixo de hidratos de carbono, o que o torna uma excelente alternativa ao arroz tradicional para quem segue uma dieta pobre em hidratos de carbono. Cont\u00e9m apenas uma fra\u00e7\u00e3o dos hidratos de carbono presentes no arroz normal.<\/p>\n<p class=\"translation-block\"><strong>Alto teor de fibra<\/strong>: \u00c9 rico em fibra alimentar, particularmente <a href=\"https:\/\/hethstia.com\/soluble-and-insoluble-fiber-konjac-rice\/\" target=\"_blank\" rel=\"noopener\">fibra sol\u00favel<\/a> conhecida como glucomanano. Esta fibra \u00e9 ben\u00e9fica para a digest\u00e3o, ajuda a promover a sensa\u00e7\u00e3o de saciedade e pode ajudar no controlo do peso.<\/p>\n<p><strong>Sem gl\u00faten<\/strong>: \u00c9 naturalmente isento de gl\u00faten, o que o torna uma op\u00e7\u00e3o adequada para pessoas com sensibilidade ao gl\u00faten ou que seguem uma dieta sem gl\u00faten.<\/p>\n<p><strong>Textura gelatinosa<\/strong>: Tem uma textura gelatinosa \u00fanica que difere do arroz tradicional. \u00c9 ligeiramente mastig\u00e1vel e tem uma textura firme, que algumas pessoas podem considerar diferente do arroz normal.<\/p>\n<p><strong>Praticamente sem sabor<\/strong>: N\u00e3o tem um sabor pr\u00f3prio distinto. Tende a absorver os sabores dos molhos, especiarias ou ingredientes com que \u00e9 cozinhado, o que o torna vers\u00e1til e adapt\u00e1vel a uma variedade de receitas.<\/p>\n<p><strong>R\u00e1pido e f\u00e1cil de preparar<\/strong>: Normalmente, \u00e9 vendido pr\u00e9-embalado e pronto a utilizar. Requer um tempo m\u00ednimo de prepara\u00e7\u00e3o e de cozedura em compara\u00e7\u00e3o com o arroz tradicional.<\/p>\n<p><strong>Promove a saciedade<\/strong>: Devido ao seu elevado teor de fibras, pode promover sensa\u00e7\u00f5es de plenitude e saciedade, ajudando a controlar o apetite e a gerir o tamanho das por\u00e7\u00f5es.<\/p>\n<p><strong>Adequado para v\u00e1rias restri\u00e7\u00f5es alimentares<\/strong>: \u00c9 adequado para uma vasta gama de restri\u00e7\u00f5es alimentares, incluindo dietas baixas em hidratos de carbono, cetog\u00e9nicas, sem gl\u00faten, veganas e vegetarianas.<\/p>\n<p><strong>Pode ajudar na gest\u00e3o do peso<\/strong>: O seu baixo teor cal\u00f3rico e elevado teor de fibras torna-o uma escolha popular para as pessoas que pretendem perder peso ou manter um peso saud\u00e1vel.<\/p>\n<p><img fetchpriority=\"high\" decoding=\"async\" class=\"alignnone wp-image-5014 size-full\" title=\"Salada de Fettuccine Konnyaku, Salada Konjac\" src=\"https:\/\/sentaiyuanbio.com\/wp-content\/uploads\/2024\/07\/Konnyaku-Fettuccine-Salad_1.webp\" alt=\"Salada de Fettuccine Konnyaku, Salada Konjac\" width=\"750\" height=\"451\" srcset=\"https:\/\/sentaiyuanbio.com\/wp-content\/uploads\/2024\/07\/Konnyaku-Fettuccine-Salad_1.webp 750w, https:\/\/sentaiyuanbio.com\/wp-content\/uploads\/2024\/07\/Konnyaku-Fettuccine-Salad_1-300x180.webp 300w, https:\/\/sentaiyuanbio.com\/wp-content\/uploads\/2024\/07\/Konnyaku-Fettuccine-Salad_1-600x361.webp 600w\" sizes=\"(max-width: 750px) 100vw, 750px\" \/> <img decoding=\"async\" class=\"alignnone wp-image-5015 size-full\" title=\"Salada de Fettuccine Konnyaku, Salada Konjac\" src=\"https:\/\/sentaiyuanbio.com\/wp-content\/uploads\/2024\/07\/Konnyaku-Fettuccine-Salad_2.webp\" alt=\"Salada de Fettuccine Konnyaku, Salada Konjac\" width=\"750\" height=\"471\" srcset=\"https:\/\/sentaiyuanbio.com\/wp-content\/uploads\/2024\/07\/Konnyaku-Fettuccine-Salad_2.webp 750w, https:\/\/sentaiyuanbio.com\/wp-content\/uploads\/2024\/07\/Konnyaku-Fettuccine-Salad_2-300x188.webp 300w, https:\/\/sentaiyuanbio.com\/wp-content\/uploads\/2024\/07\/Konnyaku-Fettuccine-Salad_2-600x377.webp 600w\" sizes=\"(max-width: 750px) 100vw, 750px\" \/> <img decoding=\"async\" class=\"alignnone wp-image-5016 size-full\" title=\"Salada de Fettuccine Konnyaku, Salada Konjac\" src=\"https:\/\/sentaiyuanbio.com\/wp-content\/uploads\/2024\/07\/Konnyaku-Fettuccine-Salad_3.webp\" alt=\"Salada de Fettuccine Konnyaku, Salada Konjac\" width=\"750\" height=\"556\" srcset=\"https:\/\/sentaiyuanbio.com\/wp-content\/uploads\/2024\/07\/Konnyaku-Fettuccine-Salad_3.webp 750w, https:\/\/sentaiyuanbio.com\/wp-content\/uploads\/2024\/07\/Konnyaku-Fettuccine-Salad_3-300x222.webp 300w, https:\/\/sentaiyuanbio.com\/wp-content\/uploads\/2024\/07\/Konnyaku-Fettuccine-Salad_3-600x445.webp 600w\" sizes=\"(max-width: 750px) 100vw, 750px\" \/> <img loading=\"lazy\" decoding=\"async\" class=\"alignnone wp-image-5017 size-full\" title=\"Salada de Fettuccine Konnyaku, Salada Konjac\" src=\"https:\/\/sentaiyuanbio.com\/wp-content\/uploads\/2024\/07\/Konnyaku-Fettuccine-Salad_4.webp\" alt=\"Salada de Fettuccine Konnyaku, Salada Konjac\" width=\"750\" height=\"543\" srcset=\"https:\/\/sentaiyuanbio.com\/wp-content\/uploads\/2024\/07\/Konnyaku-Fettuccine-Salad_4.webp 750w, https:\/\/sentaiyuanbio.com\/wp-content\/uploads\/2024\/07\/Konnyaku-Fettuccine-Salad_4-300x217.webp 300w, https:\/\/sentaiyuanbio.com\/wp-content\/uploads\/2024\/07\/Konnyaku-Fettuccine-Salad_4-600x434.webp 600w\" sizes=\"(max-width: 750px) 100vw, 750px\" \/> <img loading=\"lazy\" decoding=\"async\" class=\"alignnone wp-image-5018 size-full\" title=\"Salada de Fettuccine Konnyaku, Salada Konjac\" src=\"https:\/\/sentaiyuanbio.com\/wp-content\/uploads\/2024\/07\/Konnyaku-Fettuccine-Salad_5.webp\" alt=\"Salada de Fettuccine Konnyaku, Salada Konjac\" width=\"750\" height=\"322\" srcset=\"https:\/\/sentaiyuanbio.com\/wp-content\/uploads\/2024\/07\/Konnyaku-Fettuccine-Salad_5.webp 750w, https:\/\/sentaiyuanbio.com\/wp-content\/uploads\/2024\/07\/Konnyaku-Fettuccine-Salad_5-300x129.webp 300w, https:\/\/sentaiyuanbio.com\/wp-content\/uploads\/2024\/07\/Konnyaku-Fettuccine-Salad_5-600x258.webp 600w\" sizes=\"(max-width: 750px) 100vw, 750px\" \/> <img loading=\"lazy\" decoding=\"async\" class=\"alignnone wp-image-5019 size-full\" title=\"Salada de Fettuccine Konnyaku, Salada Konjac\" src=\"https:\/\/sentaiyuanbio.com\/wp-content\/uploads\/2024\/07\/Konnyaku-Fettuccine-Salad_6.webp\" alt=\"Salada de Fettuccine Konnyaku, Salada Konjac\" width=\"750\" height=\"375\" srcset=\"https:\/\/sentaiyuanbio.com\/wp-content\/uploads\/2024\/07\/Konnyaku-Fettuccine-Salad_6.webp 750w, https:\/\/sentaiyuanbio.com\/wp-content\/uploads\/2024\/07\/Konnyaku-Fettuccine-Salad_6-300x150.webp 300w, https:\/\/sentaiyuanbio.com\/wp-content\/uploads\/2024\/07\/Konnyaku-Fettuccine-Salad_6-600x300.webp 600w\" sizes=\"(max-width: 750px) 100vw, 750px\" \/> <img loading=\"lazy\" decoding=\"async\" class=\"alignnone wp-image-5020 size-full\" title=\"Salada de Fettuccine Konnyaku, Salada Konjac\" src=\"https:\/\/sentaiyuanbio.com\/wp-content\/uploads\/2024\/07\/Konnyaku-Fettuccine-Salad_7.webp\" alt=\"Salada de Fettuccine Konnyaku, Salada Konjac\" width=\"750\" height=\"526\" srcset=\"https:\/\/sentaiyuanbio.com\/wp-content\/uploads\/2024\/07\/Konnyaku-Fettuccine-Salad_7.webp 750w, https:\/\/sentaiyuanbio.com\/wp-content\/uploads\/2024\/07\/Konnyaku-Fettuccine-Salad_7-300x210.webp 300w, https:\/\/sentaiyuanbio.com\/wp-content\/uploads\/2024\/07\/Konnyaku-Fettuccine-Salad_7-600x421.webp 600w\" sizes=\"(max-width: 750px) 100vw, 750px\" \/><\/p>","protected":false},"excerpt":{"rendered":"<p>A nossa salada de massa Konjac \u00e9 feita a partir da fibra sol\u00favel da raiz de konnyaku e \u00e9 baixa em hidratos de carbono e calorias, com apenas 68 calorias por por\u00e7\u00e3o. O Fettuccine Konnyaku \u00e9 perfeito para saladas e tem uma textura semelhante \u00e0 do macarr\u00e3o de arroz. Esta salada leve e saud\u00e1vel, vegan e sem gl\u00faten, apresenta massa Shirataki e \u00e9 refrescantemente combinada com deliciosas sementes de s\u00e9samo e wasabi.<\/p>","protected":false},"featured_media":5011,"template":"","meta":{"site-sidebar-layout":"default","site-content-layout":"","ast-site-content-layout":"default","site-content-style":"default","site-sidebar-style":"default","ast-global-header-display":"","ast-banner-title-visibility":"","ast-main-header-display":"","ast-hfb-above-header-display":"","ast-hfb-below-header-display":"","ast-hfb-mobile-header-display":"","site-post-title":"","ast-breadcrumbs-content":"","ast-featured-img":"","footer-sml-layout":"","ast-disable-related-posts":"","theme-transparent-header-meta":"default","adv-header-id-meta":"","stick-header-meta":"default","header-above-stick-meta":"","header-main-stick-meta":"","header-below-stick-meta":"","astra-migrate-meta-layouts":"set","ast-page-background-enabled":"default","ast-page-background-meta":{"desktop":{"background-color":"","background-image":"","background-repeat":"repeat","background-position":"center center","background-size":"auto","background-attachment":"scroll","background-type":"","background-media":"","overlay-type":"","overlay-color":"","overlay-opacity":"","overlay-gradient":""},"tablet":{"background-color":"","background-image":"","background-repeat":"repeat","background-position":"center center","background-size":"auto","background-attachment":"scroll","background-type":"","background-media":"","overlay-type":"","overlay-color":"","overlay-opacity":"","overlay-gradient":""},"mobile":{"background-color":"","background-image":"","background-repeat":"repeat","background-position":"center center","background-size":"auto","background-attachment":"scroll","background-type":"","background-media":"","overlay-type":"","overlay-color":"","overlay-opacity":"","overlay-gradient":""}},"ast-content-background-meta":{"desktop":{"background-color":"var(--ast-global-color-5)","background-image":"","background-repeat":"repeat","background-position":"center center","background-size":"auto","background-attachment":"scroll","background-type":"","background-media":"","overlay-type":"","overlay-color":"","overlay-opacity":"","overlay-gradient":""},"tablet":{"background-color":"var(--ast-global-color-5)","background-image":"","background-repeat":"repeat","background-position":"center center","background-size":"auto","background-attachment":"scroll","background-type":"","background-media":"","overlay-type":"","overlay-color":"","overlay-opacity":"","overlay-gradient":""},"mobile":{"background-color":"var(--ast-global-color-5)","background-image":"","background-repeat":"repeat","background-position":"center center","background-size":"auto","background-attachment":"scroll","background-type":"","background-media":"","overlay-type":"","overlay-color":"","overlay-opacity":"","overlay-gradient":""}}},"product_brand":[],"product_cat":[54],"product_tag":[32],"class_list":{"0":"post-2290","1":"product","2":"type-product","3":"status-publish","4":"has-post-thumbnail","6":"product_cat-shirataki-noodle-salad","7":"product_tag-konjac-pasta","8":"desktop-align-left","9":"tablet-align-left","10":"mobile-align-left","11":"ast-product-gallery-layout-horizontal-slider","12":"ast-product-tabs-layout-horizontal","14":"first","15":"instock","16":"shipping-taxable","17":"product-type-simple"},"_links":{"self":[{"href":"https:\/\/sentaiyuanbio.com\/pt\/wp-json\/wp\/v2\/product\/2290","targetHints":{"allow":["GET"]}}],"collection":[{"href":"https:\/\/sentaiyuanbio.com\/pt\/wp-json\/wp\/v2\/product"}],"about":[{"href":"https:\/\/sentaiyuanbio.com\/pt\/wp-json\/wp\/v2\/types\/product"}],"version-history":[{"count":0,"href":"https:\/\/sentaiyuanbio.com\/pt\/wp-json\/wp\/v2\/product\/2290\/revisions"}],"wp:featuredmedia":[{"embeddable":true,"href":"https:\/\/sentaiyuanbio.com\/pt\/wp-json\/wp\/v2\/media\/5011"}],"wp:attachment":[{"href":"https:\/\/sentaiyuanbio.com\/pt\/wp-json\/wp\/v2\/media?parent=2290"}],"wp:term":[{"taxonomy":"product_brand","embeddable":true,"href":"https:\/\/sentaiyuanbio.com\/pt\/wp-json\/wp\/v2\/product_brand?post=2290"},{"taxonomy":"product_cat","embeddable":true,"href":"https:\/\/sentaiyuanbio.com\/pt\/wp-json\/wp\/v2\/product_cat?post=2290"},{"taxonomy":"product_tag","embeddable":true,"href":"https:\/\/sentaiyuanbio.com\/pt\/wp-json\/wp\/v2\/product_tag?post=2290"}],"curies":[{"name":"wp","href":"https:\/\/api.w.org\/{rel}","templated":true}]}}