{"id":2439,"date":"2024-07-16T03:31:04","date_gmt":"2024-07-16T03:31:04","guid":{"rendered":"https:\/\/sentaiyuanbio.com\/?post_type=product&#038;p=2439"},"modified":"2025-05-08T07:31:56","modified_gmt":"2025-05-08T07:31:56","slug":"macarrao-instantaneo-shirataki-tom-yum","status":"publish","type":"product","link":"https:\/\/sentaiyuanbio.com\/pt\/produto\/macarrao-instantaneo-shirataki-tom-yum\/","title":{"rendered":"Macarr\u00e3o instant\u00e2neo Shirataki sabor tom yum, macarr\u00e3o de inhame konnyaku"},"content":{"rendered":"<h2>Descri\u00e7\u00e3o do sabor do macarr\u00e3o instant\u00e2neo Shirataki tom yum:<\/h2>\n<p>O macarr\u00e3o Konnyaku \u2018Shirataki\u2019 \u00e9 um macarr\u00e3o extremamente saud\u00e1vel, rico em fibras, com poucas calorias e baixo teor de colesterol. \u00c9 por isso que tamb\u00e9m \u00e9 conhecido como macarr\u00e3o \u2018Zero\u2019 ou \u2018Milagroso\u2019.<\/p>\n<p>Os noodles Shirataki s\u00e3o tamb\u00e9m conhecidos como noodles \u2018Konjac\u2019, \u2018Konnyaku\u2019 ou \u2018Yam\u2019 e t\u00eam uma textura ligeiramente mastig\u00e1vel. Feita a partir de um vegetal asi\u00e1tico chamado \u2018Konjac\u2019, a massa Shirataki n\u00e3o tem muito sabor por si s\u00f3 - por isso \u00e9 excelente para absorver o sabor de outros ingredientes e molhos. \u00d3timo em Hotpots.<\/p>\n<p>Eis algumas das suas carater\u00edsticas e carater\u00edsticas:<\/p>\n<ul>\n<li>Baixo teor de calorias<\/li>\n<li>Alto teor de fibras<\/li>\n<li>Sem gl\u00faten<\/li>\n<li>Textura gelatinosa<\/li>\n<li>Praticamente sem sabor<\/li>\n<li>R\u00e1pido e f\u00e1cil de preparar<\/li>\n<li>Promove a saciedade<\/li>\n<li>Adequado para v\u00e1rias restri\u00e7\u00f5es alimentares<\/li>\n<li>Pode ajudar na gest\u00e3o do peso<\/li>\n<\/ul>\n<h2>Ingredientes do macarr\u00e3o instant\u00e2neo Shirataki sabor tom yum:<\/h2>\n<p><strong>Molho<\/strong>: \u00c1gua, a\u00e7\u00facar branco, \u00f3leo vegetal, sal comest\u00edvel, alho, coco em p\u00f3, gengibre, molho de tomate, molho de soja fermentado, cebola, vinagre fermentado, extrato de levedura, pimenta em p\u00f3, ess\u00eancia comest\u00edvel, vinho de arroz, piment\u00e3o vermelho em p\u00f3, \u00e1cido c\u00edtrico, especiarias (gengibre, cebola, sementes de coentros, alho), 5\u2019- sabor <a href=\"https:\/\/www.chemicalbook.com\/ChemicalProductProperty_EN_CB92083301.htm\" target=\"_blank\" rel=\"noopener\">nucle\u00f3tido diss\u00f3dico<\/a>, Caril em p\u00f3.<\/p>\n<p><strong>Massa Konnyaku<\/strong>: \u00c1gua, <a href=\"https:\/\/sentaiyuanbio.com\/pt\/produto\/po-de-konjac\/\" target=\"_blank\" rel=\"noopener\">P\u00f3 de konjac<\/a>, \u00c1cido c\u00edtrico.<\/p>\n<p><strong>Legumes<\/strong>: Cebola, Cenoura.<\/p>\n<p><b>Alerg\u00e9nios: <\/b>Cont\u00e9m produtos de soja.<\/p>\n<p><b>Peso l\u00edquido: <\/b>30g(molho)+120g(macarr\u00e3o konjac)+2g(legumes)<\/p>\n<p><b>Prazo de validade: <\/b>14 meses<\/p>\n<p><b>Armazenamento: <\/b>Conservar em local fresco e seco. Manter afastado da luz e do calor fortes. Manter afastado da luz e do calor fortes. Depois de aberto, manter refrigerado e consumir no prazo de 24 horas.<\/p>\n<h2>Factos nutricionais da massa de inhame Shirataki<\/h2>\n<table border=\"1\" cellspacing=\"1\">\n<tbody>\n<tr>\n<td colspan=\"2\" align=\"center\">Factos nutricionais (100g)<\/td>\n<\/tr>\n<tr>\n<td align=\"center\" width=\"284\"><b>Energia<\/b><\/td>\n<td align=\"center\" width=\"284\">25kcal<\/td>\n<\/tr>\n<tr>\n<td align=\"center\" width=\"284\"><b>Prote\u00edna<\/b><\/td>\n<td align=\"center\" width=\"284\">0.41g<\/td>\n<\/tr>\n<tr>\n<td align=\"center\" width=\"284\"><b>Gordura total<\/b><\/td>\n<td align=\"center\" width=\"284\">1.56g<\/td>\n<\/tr>\n<tr>\n<td align=\"center\" width=\"284\"><b>Hidratos de carbono totais<\/b><\/td>\n<td align=\"center\" width=\"284\">3g<\/td>\n<\/tr>\n<tr>\n<td align=\"center\" width=\"284\"><b>Fibra alimentar<\/b><\/td>\n<td align=\"center\" width=\"284\">1.5g<\/td>\n<\/tr>\n<tr>\n<td align=\"center\" width=\"284\"><b>S\u00f3dio<\/b><\/td>\n<td align=\"center\" width=\"284\">550mg<\/td>\n<\/tr>\n<\/tbody>\n<\/table>\n<p><img fetchpriority=\"high\" decoding=\"async\" class=\"alignnone wp-image-3702 size-full\" src=\"https:\/\/sentaiyuanbio.com\/wp-content\/uploads\/2024\/07\/konnyaku-yam-noodles01.webp\" alt=\"noodles de inhame konnyaku\" width=\"750\" height=\"812\" srcset=\"https:\/\/sentaiyuanbio.com\/wp-content\/uploads\/2024\/07\/konnyaku-yam-noodles01.webp 750w, https:\/\/sentaiyuanbio.com\/wp-content\/uploads\/2024\/07\/konnyaku-yam-noodles01-277x300.webp 277w, https:\/\/sentaiyuanbio.com\/wp-content\/uploads\/2024\/07\/konnyaku-yam-noodles01-554x600.webp 554w, https:\/\/sentaiyuanbio.com\/wp-content\/uploads\/2024\/07\/konnyaku-yam-noodles01-600x650.webp 600w\" sizes=\"(max-width: 750px) 100vw, 750px\" \/><img decoding=\"async\" class=\"alignnone wp-image-3701 size-full\" src=\"https:\/\/sentaiyuanbio.com\/wp-content\/uploads\/2024\/07\/konnyaku-yam-noodles02.webp\" alt=\"noodles de inhame konnyaku\" width=\"750\" height=\"1147\" srcset=\"https:\/\/sentaiyuanbio.com\/wp-content\/uploads\/2024\/07\/konnyaku-yam-noodles02.webp 750w, https:\/\/sentaiyuanbio.com\/wp-content\/uploads\/2024\/07\/konnyaku-yam-noodles02-196x300.webp 196w, https:\/\/sentaiyuanbio.com\/wp-content\/uploads\/2024\/07\/konnyaku-yam-noodles02-670x1024.webp 670w, https:\/\/sentaiyuanbio.com\/wp-content\/uploads\/2024\/07\/konnyaku-yam-noodles02-392x600.webp 392w, https:\/\/sentaiyuanbio.com\/wp-content\/uploads\/2024\/07\/konnyaku-yam-noodles02-600x918.webp 600w\" sizes=\"(max-width: 750px) 100vw, 750px\" \/><img decoding=\"async\" class=\"alignnone wp-image-3700 size-full\" src=\"https:\/\/sentaiyuanbio.com\/wp-content\/uploads\/2024\/07\/konnyaku-yam-noodles04.webp\" alt=\"noodles de inhame konnyaku\" width=\"750\" height=\"471\" srcset=\"https:\/\/sentaiyuanbio.com\/wp-content\/uploads\/2024\/07\/konnyaku-yam-noodles04.webp 750w, https:\/\/sentaiyuanbio.com\/wp-content\/uploads\/2024\/07\/konnyaku-yam-noodles04-300x188.webp 300w, https:\/\/sentaiyuanbio.com\/wp-content\/uploads\/2024\/07\/konnyaku-yam-noodles04-600x377.webp 600w\" sizes=\"(max-width: 750px) 100vw, 750px\" \/><img loading=\"lazy\" decoding=\"async\" class=\"alignnone wp-image-3699 size-full\" src=\"https:\/\/sentaiyuanbio.com\/wp-content\/uploads\/2024\/07\/konnyaku-yam-noodles03.webp\" alt=\"noodles de inhame konnyaku\" width=\"750\" height=\"876\" srcset=\"https:\/\/sentaiyuanbio.com\/wp-content\/uploads\/2024\/07\/konnyaku-yam-noodles03.webp 750w, https:\/\/sentaiyuanbio.com\/wp-content\/uploads\/2024\/07\/konnyaku-yam-noodles03-257x300.webp 257w, https:\/\/sentaiyuanbio.com\/wp-content\/uploads\/2024\/07\/konnyaku-yam-noodles03-514x600.webp 514w, https:\/\/sentaiyuanbio.com\/wp-content\/uploads\/2024\/07\/konnyaku-yam-noodles03-600x701.webp 600w\" sizes=\"(max-width: 750px) 100vw, 750px\" \/><img loading=\"lazy\" decoding=\"async\" class=\"alignnone wp-image-2449 size-full\" src=\"https:\/\/sentaiyuanbio.com\/wp-content\/uploads\/2024\/07\/konnyaku-yam-noodles-5.jpg\" alt=\"noodles de inhame konnyaku\" width=\"750\" height=\"779\" srcset=\"https:\/\/sentaiyuanbio.com\/wp-content\/uploads\/2024\/07\/konnyaku-yam-noodles-5.jpg 750w, https:\/\/sentaiyuanbio.com\/wp-content\/uploads\/2024\/07\/konnyaku-yam-noodles-5-289x300.jpg 289w, https:\/\/sentaiyuanbio.com\/wp-content\/uploads\/2024\/07\/konnyaku-yam-noodles-5-578x600.jpg 578w, https:\/\/sentaiyuanbio.com\/wp-content\/uploads\/2024\/07\/konnyaku-yam-noodles-5-600x623.jpg 600w\" sizes=\"(max-width: 750px) 100vw, 750px\" \/><\/p>\n<h2>Macarr\u00e3o instant\u00e2neo Shirataki sabor tom yum Instru\u00e7\u00f5es de cozimento<\/h2>\n<p>1, Escorra a \u00e1gua do pacote e esvazie o conte\u00fado do saco de massa para dentro do copo.<\/p>\n<p>2, Junte o molho e os legumes, deite \u00e1gua fria na linha de \u00e1gua e leve ao micro-ondas durante 2 minutos (ou deite 120 g de \u00e1gua a ferver diretamente).<\/p>\n<p>3, Mexa bem para servir.<\/p>\n<p><a href=\"https:\/\/sentaiyuanbio.com\/wp-content\/uploads\/woocommerce_uploads\/2024\/07\/Specification-TOM-YUM-FLAVORwith-konjac-noodles-kboq0l.pdf\" target=\"_blank\" rel=\"noopener\"><b>Descarregar o TOM YUM FLAVOR (com massa konjac)<\/b><\/a><\/p>","protected":false},"excerpt":{"rendered":"<p>Massa instant\u00e2nea Shirataki sabor tom yum, baixa caloria, baixo teor de hidratos de carbono, apenas 25 calorias por por\u00e7\u00e3o. Os noodles de inhame konnyaku sem gl\u00faten, feitos a partir da raiz da planta konjac e de \u00e1gua, podem ser cozinhados no micro-ondas durante apenas 2 minutos para uma alternativa conveniente \u00e0 comida r\u00e1pida.<\/p>","protected":false},"featured_media":4208,"template":"","meta":{"site-sidebar-layout":"default","site-content-layout":"","ast-site-content-layout":"default","site-content-style":"default","site-sidebar-style":"default","ast-global-header-display":"","ast-banner-title-visibility":"","ast-main-header-display":"","ast-hfb-above-header-display":"","ast-hfb-below-header-display":"","ast-hfb-mobile-header-display":"","site-post-title":"","ast-breadcrumbs-content":"","ast-featured-img":"","footer-sml-layout":"","ast-disable-related-posts":"","theme-transparent-header-meta":"default","adv-header-id-meta":"","stick-header-meta":"default","header-above-stick-meta":"","header-main-stick-meta":"","header-below-stick-meta":"","astra-migrate-meta-layouts":"set","ast-page-background-enabled":"default","ast-page-background-meta":{"desktop":{"background-color":"","background-image":"","background-repeat":"repeat","background-position":"center center","background-size":"auto","background-attachment":"scroll","background-type":"","background-media":"","overlay-type":"","overlay-color":"","overlay-opacity":"","overlay-gradient":""},"tablet":{"background-color":"","background-image":"","background-repeat":"repeat","background-position":"center center","background-size":"auto","background-attachment":"scroll","background-type":"","background-media":"","overlay-type":"","overlay-color":"","overlay-opacity":"","overlay-gradient":""},"mobile":{"background-color":"","background-image":"","background-repeat":"repeat","background-position":"center center","background-size":"auto","background-attachment":"scroll","background-type":"","background-media":"","overlay-type":"","overlay-color":"","overlay-opacity":"","overlay-gradient":""}},"ast-content-background-meta":{"desktop":{"background-color":"var(--ast-global-color-5)","background-image":"","background-repeat":"repeat","background-position":"center center","background-size":"auto","background-attachment":"scroll","background-type":"","background-media":"","overlay-type":"","overlay-color":"","overlay-opacity":"","overlay-gradient":""},"tablet":{"background-color":"var(--ast-global-color-5)","background-image":"","background-repeat":"repeat","background-position":"center center","background-size":"auto","background-attachment":"scroll","background-type":"","background-media":"","overlay-type":"","overlay-color":"","overlay-opacity":"","overlay-gradient":""},"mobile":{"background-color":"var(--ast-global-color-5)","background-image":"","background-repeat":"repeat","background-position":"center center","background-size":"auto","background-attachment":"scroll","background-type":"","background-media":"","overlay-type":"","overlay-color":"","overlay-opacity":"","overlay-gradient":""}}},"product_brand":[],"product_cat":[23],"product_tag":[40],"class_list":{"0":"post-2439","1":"product","2":"type-product","3":"status-publish","4":"has-post-thumbnail","6":"product_cat-instant-konjac-noodles","7":"product_tag-konjac-cup-noodles","8":"desktop-align-left","9":"tablet-align-left","10":"mobile-align-left","11":"ast-product-gallery-layout-horizontal-slider","12":"ast-product-tabs-layout-horizontal","14":"first","15":"instock","16":"shipping-taxable","17":"product-type-simple"},"_links":{"self":[{"href":"https:\/\/sentaiyuanbio.com\/pt\/wp-json\/wp\/v2\/product\/2439","targetHints":{"allow":["GET"]}}],"collection":[{"href":"https:\/\/sentaiyuanbio.com\/pt\/wp-json\/wp\/v2\/product"}],"about":[{"href":"https:\/\/sentaiyuanbio.com\/pt\/wp-json\/wp\/v2\/types\/product"}],"version-history":[{"count":0,"href":"https:\/\/sentaiyuanbio.com\/pt\/wp-json\/wp\/v2\/product\/2439\/revisions"}],"wp:featuredmedia":[{"embeddable":true,"href":"https:\/\/sentaiyuanbio.com\/pt\/wp-json\/wp\/v2\/media\/4208"}],"wp:attachment":[{"href":"https:\/\/sentaiyuanbio.com\/pt\/wp-json\/wp\/v2\/media?parent=2439"}],"wp:term":[{"taxonomy":"product_brand","embeddable":true,"href":"https:\/\/sentaiyuanbio.com\/pt\/wp-json\/wp\/v2\/product_brand?post=2439"},{"taxonomy":"product_cat","embeddable":true,"href":"https:\/\/sentaiyuanbio.com\/pt\/wp-json\/wp\/v2\/product_cat?post=2439"},{"taxonomy":"product_tag","embeddable":true,"href":"https:\/\/sentaiyuanbio.com\/pt\/wp-json\/wp\/v2\/product_tag?post=2439"}],"curies":[{"name":"wp","href":"https:\/\/api.w.org\/{rel}","templated":true}]}}