{"id":2475,"date":"2024-07-16T09:08:53","date_gmt":"2024-07-16T09:08:53","guid":{"rendered":"https:\/\/sentaiyuanbio.com\/?post_type=product&#038;p=2475"},"modified":"2025-02-26T09:04:03","modified_gmt":"2025-02-26T09:04:03","slug":"macarrao-shirataki-konjac-sem-calorias","status":"publish","type":"product","link":"https:\/\/sentaiyuanbio.com\/pt\/produto\/macarrao-shirataki-konjac-sem-calorias\/","title":{"rendered":"Macarr\u00e3o shirataki konjac sem calorias com sabor a miso, o melhor macarr\u00e3o shirataki"},"content":{"rendered":"<h2>Descri\u00e7\u00e3o do macarr\u00e3o shirataki konjac<\/h2>\n<p>O macarr\u00e3o Konnyaku \u2018Shirataki\u2019 \u00e9 extremamente saud\u00e1vel, rico em fibras, com poucas calorias e baixo teor de colesterol. \u00c9 por isso que tamb\u00e9m \u00e9 conhecido como macarr\u00e3o \u2018Zero\u2019 ou \u2018Milagre\u2019.<\/p>\n<p>Os noodles Shirataki s\u00e3o tamb\u00e9m conhecidos como noodles \u2018Konjac\u2019, \u2018Konnyaku\u2019 ou \u2018Yam\u2019 e t\u00eam uma textura ligeiramente mastig\u00e1vel. Feita a partir de um vegetal asi\u00e1tico chamado \u2018Konjac\u2019, a massa Shirataki n\u00e3o tem muito sabor por si s\u00f3 - por isso \u00e9 excelente para absorver o sabor de outros ingredientes e molhos. \u00d3timo em Hotpots.<\/p>\n<h2>Massa shirataki de konjac sem calorias, ingredientes com sabor a miso:<\/h2>\n<p><strong>Molho<\/strong>: Molho Miso (\u00e1gua, soja - n\u00e3o OGM), arroz, sal comest\u00edvel, \u00e1lcool comest\u00edvel), \u00e1gua, a\u00e7\u00facar branco granulado, molho Kunbu (\u00e1gua, algas secas, sal comest\u00edvel), prote\u00edna vegetal hidrolisada com \u00e1cido, sal comest\u00edvel, intensificador de sabor (<a href=\"https:\/\/foodadditives.net\/flavor-enhancer\/disodium-5-ribonucleotides\/\" target=\"_blank\" rel=\"noopener\">5\u2019-ribonucle\u00f3tido diss\u00f3dico<\/a>)<br \/>\n<strong>O melhor macarr\u00e3o shirataki<\/strong>: \u00c1gua, <a href=\"https:\/\/sentaiyuanbio.com\/pt\/categoria-produto\/fibra-alimentar-de-konjac\/\" target=\"_blank\" rel=\"noopener\">P\u00f3 de konjac<\/a>, \u00c1cido c\u00edtrico.<br \/>\n<strong>Legumes<\/strong>: Cebola, Cenoura.<br \/>\n<strong>Alerg\u00e9nio<\/strong>: Cont\u00e9m produtos \u00e0 base de soja.<br \/>\n<strong>Peso l\u00edquido<\/strong>: 40g(molho)+120g(massa shirataki konjac)+2g(legumes)<br \/>\n<strong>Prazo de validade<\/strong>: 14 meses<br \/>\n<strong>Armazenamento<\/strong>: Conservar em local fresco e seco. Manter afastado da luz e do calor fortes. Manter afastado da luz e do calor fortes. Depois de aberto, conservar no frigor\u00edfico e consumir no prazo de 24 horas.<\/p>\n<h2>Caloless konjac shirataki noodles miso flavor Informa\u00e7\u00e3o nutricional<\/h2>\n<table border=\"1\" cellspacing=\"1\">\n<tbody>\n<tr>\n<td colspan=\"2\" align=\"center\">Factos nutricionais (100g)<\/td>\n<\/tr>\n<tr>\n<td align=\"center\" width=\"284\"><b>Energia<\/b><\/td>\n<td align=\"center\" width=\"284\">20kcal<\/td>\n<\/tr>\n<tr>\n<td align=\"center\" width=\"284\"><b>Prote\u00edna<\/b><\/td>\n<td align=\"center\" width=\"284\">1.2g<\/td>\n<\/tr>\n<tr>\n<td align=\"center\" width=\"284\"><b>Gordura total<\/b><\/td>\n<td align=\"center\" width=\"284\">0.29g<\/td>\n<\/tr>\n<tr>\n<td align=\"center\" width=\"284\"><b>Hidratos de carbono totais<\/b><\/td>\n<td align=\"center\" width=\"284\">3g<\/td>\n<\/tr>\n<tr>\n<td align=\"center\" width=\"284\"><b>Fibra alimentar<\/b><\/td>\n<td align=\"center\" width=\"284\">1g<\/td>\n<\/tr>\n<tr>\n<td align=\"center\" width=\"284\"><b>S\u00f3dio<\/b><\/td>\n<td align=\"center\" width=\"284\">660mg<\/td>\n<\/tr>\n<\/tbody>\n<\/table>\n<p><img fetchpriority=\"high\" decoding=\"async\" class=\"alignnone wp-image-3690 size-full\" src=\"https:\/\/sentaiyuanbio.com\/wp-content\/uploads\/2024\/07\/best-shirataki-noodles_01.webp\" alt=\"o melhor macarr\u00e3o shirataki\" width=\"750\" height=\"793\" srcset=\"https:\/\/sentaiyuanbio.com\/wp-content\/uploads\/2024\/07\/best-shirataki-noodles_01.webp 750w, https:\/\/sentaiyuanbio.com\/wp-content\/uploads\/2024\/07\/best-shirataki-noodles_01-284x300.webp 284w, https:\/\/sentaiyuanbio.com\/wp-content\/uploads\/2024\/07\/best-shirataki-noodles_01-567x600.webp 567w, https:\/\/sentaiyuanbio.com\/wp-content\/uploads\/2024\/07\/best-shirataki-noodles_01-600x634.webp 600w\" sizes=\"(max-width: 750px) 100vw, 750px\" \/><img decoding=\"async\" class=\"alignnone wp-image-3691 size-full\" src=\"https:\/\/sentaiyuanbio.com\/wp-content\/uploads\/2024\/07\/best-shirataki-noodles_02.webp\" alt=\"o melhor macarr\u00e3o shirataki\" width=\"750\" height=\"911\" srcset=\"https:\/\/sentaiyuanbio.com\/wp-content\/uploads\/2024\/07\/best-shirataki-noodles_02.webp 750w, https:\/\/sentaiyuanbio.com\/wp-content\/uploads\/2024\/07\/best-shirataki-noodles_02-247x300.webp 247w, https:\/\/sentaiyuanbio.com\/wp-content\/uploads\/2024\/07\/best-shirataki-noodles_02-494x600.webp 494w, https:\/\/sentaiyuanbio.com\/wp-content\/uploads\/2024\/07\/best-shirataki-noodles_02-600x729.webp 600w\" sizes=\"(max-width: 750px) 100vw, 750px\" \/><img decoding=\"async\" class=\"alignnone wp-image-2483 size-full\" src=\"https:\/\/sentaiyuanbio.com\/wp-content\/uploads\/2024\/07\/best-shirataki-noodles-3.jpg\" alt=\"o melhor macarr\u00e3o shirataki\" width=\"750\" height=\"1068\" srcset=\"https:\/\/sentaiyuanbio.com\/wp-content\/uploads\/2024\/07\/best-shirataki-noodles-3.jpg 750w, https:\/\/sentaiyuanbio.com\/wp-content\/uploads\/2024\/07\/best-shirataki-noodles-3-211x300.jpg 211w, https:\/\/sentaiyuanbio.com\/wp-content\/uploads\/2024\/07\/best-shirataki-noodles-3-719x1024.jpg 719w, https:\/\/sentaiyuanbio.com\/wp-content\/uploads\/2024\/07\/best-shirataki-noodles-3-421x600.jpg 421w, https:\/\/sentaiyuanbio.com\/wp-content\/uploads\/2024\/07\/best-shirataki-noodles-3-600x854.jpg 600w\" sizes=\"(max-width: 750px) 100vw, 750px\" \/><img loading=\"lazy\" decoding=\"async\" class=\"alignnone wp-image-3725 size-full\" src=\"https:\/\/sentaiyuanbio.com\/wp-content\/uploads\/2024\/07\/best-shirataki-noodles.webp\" alt=\"o melhor macarr\u00e3o shirataki\" width=\"750\" height=\"497\" srcset=\"https:\/\/sentaiyuanbio.com\/wp-content\/uploads\/2024\/07\/best-shirataki-noodles.webp 750w, https:\/\/sentaiyuanbio.com\/wp-content\/uploads\/2024\/07\/best-shirataki-noodles-300x199.webp 300w, https:\/\/sentaiyuanbio.com\/wp-content\/uploads\/2024\/07\/best-shirataki-noodles-600x398.webp 600w\" sizes=\"(max-width: 750px) 100vw, 750px\" \/><img loading=\"lazy\" decoding=\"async\" class=\"alignnone wp-image-2485 size-full\" src=\"https:\/\/sentaiyuanbio.com\/wp-content\/uploads\/2024\/07\/best-shirataki-noodles-5.jpg\" alt=\"o melhor macarr\u00e3o shirataki\" width=\"750\" height=\"821\" srcset=\"https:\/\/sentaiyuanbio.com\/wp-content\/uploads\/2024\/07\/best-shirataki-noodles-5.jpg 750w, https:\/\/sentaiyuanbio.com\/wp-content\/uploads\/2024\/07\/best-shirataki-noodles-5-274x300.jpg 274w, https:\/\/sentaiyuanbio.com\/wp-content\/uploads\/2024\/07\/best-shirataki-noodles-5-548x600.jpg 548w, https:\/\/sentaiyuanbio.com\/wp-content\/uploads\/2024\/07\/best-shirataki-noodles-5-600x657.jpg 600w\" sizes=\"(max-width: 750px) 100vw, 750px\" \/><\/p>\n<p><a href=\"https:\/\/sentaiyuanbio.com\/wp-content\/uploads\/woocommerce_uploads\/2024\/07\/Specification-MISO-FLAVORwith-konjac-noodles-1ichx0.pdf\" target=\"_blank\" rel=\"noopener\">Descarregar a ESPECIFICA\u00c7\u00c3O -MISO FLAVOR (com massa konjac)<\/a><\/p>","protected":false},"excerpt":{"rendered":"<p>O macarr\u00e3o konjac shirataki sem calorias com sabor a miso \u00e9 um tipo de macarr\u00e3o feito a partir das ra\u00edzes do konjac. Estes noodles sem gl\u00faten s\u00e3o ricos em fibras mas baixos em calorias e hidratos de carbono.<br \/>\nPodem ajudar a perder peso e a melhorar o n\u00edvel de a\u00e7\u00facar no sangue. O fabricante Sentaiyuan Konjac produz noodles shirataki extraindo a farinha de konjac das ra\u00edzes de konjac.<\/p>","protected":false},"featured_media":4201,"template":"","meta":{"site-sidebar-layout":"default","site-content-layout":"","ast-site-content-layout":"default","site-content-style":"default","site-sidebar-style":"default","ast-global-header-display":"","ast-banner-title-visibility":"","ast-main-header-display":"","ast-hfb-above-header-display":"","ast-hfb-below-header-display":"","ast-hfb-mobile-header-display":"","site-post-title":"","ast-breadcrumbs-content":"","ast-featured-img":"","footer-sml-layout":"","ast-disable-related-posts":"","theme-transparent-header-meta":"default","adv-header-id-meta":"","stick-header-meta":"default","header-above-stick-meta":"","header-main-stick-meta":"","header-below-stick-meta":"","astra-migrate-meta-layouts":"set","ast-page-background-enabled":"default","ast-page-background-meta":{"desktop":{"background-color":"","background-image":"","background-repeat":"repeat","background-position":"center center","background-size":"auto","background-attachment":"scroll","background-type":"","background-media":"","overlay-type":"","overlay-color":"","overlay-opacity":"","overlay-gradient":""},"tablet":{"background-color":"","background-image":"","background-repeat":"repeat","background-position":"center center","background-size":"auto","background-attachment":"scroll","background-type":"","background-media":"","overlay-type":"","overlay-color":"","overlay-opacity":"","overlay-gradient":""},"mobile":{"background-color":"","background-image":"","background-repeat":"repeat","background-position":"center center","background-size":"auto","background-attachment":"scroll","background-type":"","background-media":"","overlay-type":"","overlay-color":"","overlay-opacity":"","overlay-gradient":""}},"ast-content-background-meta":{"desktop":{"background-color":"var(--ast-global-color-5)","background-image":"","background-repeat":"repeat","background-position":"center center","background-size":"auto","background-attachment":"scroll","background-type":"","background-media":"","overlay-type":"","overlay-color":"","overlay-opacity":"","overlay-gradient":""},"tablet":{"background-color":"var(--ast-global-color-5)","background-image":"","background-repeat":"repeat","background-position":"center center","background-size":"auto","background-attachment":"scroll","background-type":"","background-media":"","overlay-type":"","overlay-color":"","overlay-opacity":"","overlay-gradient":""},"mobile":{"background-color":"var(--ast-global-color-5)","background-image":"","background-repeat":"repeat","background-position":"center center","background-size":"auto","background-attachment":"scroll","background-type":"","background-media":"","overlay-type":"","overlay-color":"","overlay-opacity":"","overlay-gradient":""}}},"product_brand":[],"product_cat":[23],"product_tag":[40],"class_list":{"0":"post-2475","1":"product","2":"type-product","3":"status-publish","4":"has-post-thumbnail","6":"product_cat-instant-konjac-noodles","7":"product_tag-konjac-cup-noodles","8":"desktop-align-left","9":"tablet-align-left","10":"mobile-align-left","11":"ast-product-gallery-layout-horizontal-slider","12":"ast-product-tabs-layout-horizontal","14":"first","15":"instock","16":"downloadable","17":"shipping-taxable","18":"product-type-simple"},"_links":{"self":[{"href":"https:\/\/sentaiyuanbio.com\/pt\/wp-json\/wp\/v2\/product\/2475","targetHints":{"allow":["GET"]}}],"collection":[{"href":"https:\/\/sentaiyuanbio.com\/pt\/wp-json\/wp\/v2\/product"}],"about":[{"href":"https:\/\/sentaiyuanbio.com\/pt\/wp-json\/wp\/v2\/types\/product"}],"version-history":[{"count":0,"href":"https:\/\/sentaiyuanbio.com\/pt\/wp-json\/wp\/v2\/product\/2475\/revisions"}],"wp:featuredmedia":[{"embeddable":true,"href":"https:\/\/sentaiyuanbio.com\/pt\/wp-json\/wp\/v2\/media\/4201"}],"wp:attachment":[{"href":"https:\/\/sentaiyuanbio.com\/pt\/wp-json\/wp\/v2\/media?parent=2475"}],"wp:term":[{"taxonomy":"product_brand","embeddable":true,"href":"https:\/\/sentaiyuanbio.com\/pt\/wp-json\/wp\/v2\/product_brand?post=2475"},{"taxonomy":"product_cat","embeddable":true,"href":"https:\/\/sentaiyuanbio.com\/pt\/wp-json\/wp\/v2\/product_cat?post=2475"},{"taxonomy":"product_tag","embeddable":true,"href":"https:\/\/sentaiyuanbio.com\/pt\/wp-json\/wp\/v2\/product_tag?post=2475"}],"curies":[{"name":"wp","href":"https:\/\/api.w.org\/{rel}","templated":true}]}}