{"id":2489,"date":"2024-07-17T03:52:40","date_gmt":"2024-07-17T03:52:40","guid":{"rendered":"https:\/\/sentaiyuanbio.com\/?post_type=product&#038;p=2489"},"modified":"2025-02-26T09:00:50","modified_gmt":"2025-02-26T09:00:50","slug":"macarrao-instantaneo-konnyaku-shirataki","status":"publish","type":"product","link":"https:\/\/sentaiyuanbio.com\/pt\/produto\/macarrao-instantaneo-konnyaku-shirataki\/","title":{"rendered":"Massa instant\u00e2nea Konnyaku shirataki sabor kimchi em chin\u00eas"},"content":{"rendered":"<h2>Descri\u00e7\u00e3o do macarr\u00e3o instant\u00e2neo Konnyaku shirataki<\/h2>\n<p>O macarr\u00e3o Konnyaku \u2018Shirataki\u2019 \u00e9 incrivelmente nutritivo, rico em fibras, baixo em calorias e baixo em colesterol. \u00c9 por isso que tamb\u00e9m s\u00e3o chamados de macarr\u00e3o \u2018Zero\u2019 ou \u2018Milagre\u2019.<br \/>\nOs noodles Shirataki, tamb\u00e9m conhecidos como noodles \u2018Konjac\u2019, \u2018Konnyaku\u2019 ou \u2018Yam\u2019, t\u00eam uma textura ligeiramente mastig\u00e1vel. Os noodles Shirataki s\u00e3o feitos a partir de um vegetal asi\u00e1tico conhecido como \u2018Konjac\u2019 e t\u00eam pouco sabor por si s\u00f3, o que os torna ideais para absorver o sabor de outros alimentos e molhos. \u00d3ptimos para panelas quentes.<\/p>\n<p><strong>Eis algumas das suas carater\u00edsticas e carater\u00edsticas:<\/strong><\/p>\n<ul>\n<li>Baixo teor de calorias<\/li>\n<li>Baixo teor de hidratos de carbono<\/li>\n<li>Alto teor de fibras<\/li>\n<li>Sem gl\u00faten<\/li>\n<li>Textura gelatinosa<\/li>\n<li>Praticamente sem sabor<\/li>\n<li>R\u00e1pido e f\u00e1cil de preparar<\/li>\n<li>Promove a saciedade<\/li>\n<li>Adequado para v\u00e1rias restri\u00e7\u00f5es alimentares<\/li>\n<li>Pode ajudar na gest\u00e3o do peso<\/li>\n<\/ul>\n<h2>Ingredientes do macarr\u00e3o instant\u00e2neo Konnyaku shirataki sabor kimchi:<\/h2>\n<p><strong>Molho<\/strong>: \u00c1gua, xarope de glucose, molho de pimenta (pimenta, sal comest\u00edvel), alho, ess\u00eancia comest\u00edvel, \u00f3leo vegetal, a\u00e7\u00facar branco granulado, sal comest\u00edvel, molho de tomate, extrato de levedura, espessante (adipato de amido duplo acetilado), especiarias, intensificador de sabor (nucle\u00f3tido diss\u00f3dico com sabor a 5\u2019), <a href=\"https:\/\/www.eufic.org\/en\/whats-in-food\/article\/acidity-regulators-the-multi-task-players\" target=\"_blank\" rel=\"noopener\">Regulador de acidez<\/a> (\u00e1cido c\u00edtrico).<br \/>\n<strong>Massa Shirataki<\/strong>: \u00c1gua, <a href=\"https:\/\/sentaiyuanbio.com\/pt\/categoria-produto\/fibra-alimentar-de-konjac\/\" target=\"_blank\" rel=\"noopener\">P\u00f3 de konjac<\/a>, \u00c1cido c\u00edtrico.<br \/>\n<strong>Legumes<\/strong>: Cebola, Cenoura. Alerg\u00e9nios: Cont\u00e9m produtos \u00e0 base de soja.<br \/>\n<strong>Peso l\u00edquido<\/strong>: 40g(Molho)+120g(Massa konjac)+2g(Legumes)<br \/>\n<strong>Prazo de validade<\/strong>: 14 meses<br \/>\n<strong>Armazenamento<\/strong>: Conservar em local fresco e seco. Manter afastado da luz e do calor fortes. Manter afastado da luz e do calor fortes. Depois de aberto, conservar no frigor\u00edfico e consumir no prazo de 24 horas.<\/p>\n<h2>Konnyaku shirataki macarr\u00e3o instant\u00e2neo sabor kimchi fatos nutricionais:<\/h2>\n<table border=\"1\" cellspacing=\"1\">\n<tbody>\n<tr>\n<td colspan=\"2\" align=\"center\">Factos nutricionais (100g)<\/td>\n<\/tr>\n<tr>\n<td align=\"center\" width=\"284\"><b>Energia<\/b><\/td>\n<td align=\"center\" width=\"284\">25kcal<\/td>\n<\/tr>\n<tr>\n<td align=\"center\" width=\"284\"><b>Prote\u00edna<\/b><\/td>\n<td align=\"center\" width=\"284\">0.29g<\/td>\n<\/tr>\n<tr>\n<td align=\"center\" width=\"284\"><b>Gordura total<\/b><\/td>\n<td align=\"center\" width=\"284\">0.5g<\/td>\n<\/tr>\n<tr>\n<td align=\"center\" width=\"284\"><b>Hidratos de carbono totais<\/b><\/td>\n<td align=\"center\" width=\"284\">5g<\/td>\n<\/tr>\n<tr>\n<td align=\"center\" width=\"284\"><b>Fibra alimentar<\/b><\/td>\n<td align=\"center\" width=\"284\">1g<\/td>\n<\/tr>\n<tr>\n<td align=\"center\" width=\"284\"><b>S\u00f3dio<\/b><\/td>\n<td align=\"center\" width=\"284\">680mg<\/td>\n<\/tr>\n<\/tbody>\n<\/table>\n<h2><a href=\"https:\/\/sentaiyuanbio.com\/wp-content\/uploads\/woocommerce_uploads\/2024\/07\/Specification-KIMCHI-FLAVORwith-konjac-noodles-74mje3.pdf\" target=\"_blank\" rel=\"noopener\">Descarregar a ESPECIFICA\u00c7\u00c3O -KIMCHI FLAVOR (com massa konjac)<\/a><\/h2>\n<p><!--more--><\/p>\n<p><img fetchpriority=\"high\" decoding=\"async\" class=\"alignnone wp-image-3722 size-full\" src=\"https:\/\/sentaiyuanbio.com\/wp-content\/uploads\/2024\/07\/Shirataki-noodles-in-Chinese1.webp\" alt=\"Massa Shirataki em chin\u00eas\" width=\"750\" height=\"778\" srcset=\"https:\/\/sentaiyuanbio.com\/wp-content\/uploads\/2024\/07\/Shirataki-noodles-in-Chinese1.webp 750w, https:\/\/sentaiyuanbio.com\/wp-content\/uploads\/2024\/07\/Shirataki-noodles-in-Chinese1-289x300.webp 289w, https:\/\/sentaiyuanbio.com\/wp-content\/uploads\/2024\/07\/Shirataki-noodles-in-Chinese1-578x600.webp 578w, https:\/\/sentaiyuanbio.com\/wp-content\/uploads\/2024\/07\/Shirataki-noodles-in-Chinese1-600x622.webp 600w\" sizes=\"(max-width: 750px) 100vw, 750px\" \/> <img decoding=\"async\" class=\"alignnone wp-image-3721 size-full\" src=\"https:\/\/sentaiyuanbio.com\/wp-content\/uploads\/2024\/07\/Shirataki-noodles-in-Chinese2.webp\" alt=\"Massa Shirataki em chin\u00eas\" width=\"750\" height=\"798\" srcset=\"https:\/\/sentaiyuanbio.com\/wp-content\/uploads\/2024\/07\/Shirataki-noodles-in-Chinese2.webp 750w, https:\/\/sentaiyuanbio.com\/wp-content\/uploads\/2024\/07\/Shirataki-noodles-in-Chinese2-282x300.webp 282w, https:\/\/sentaiyuanbio.com\/wp-content\/uploads\/2024\/07\/Shirataki-noodles-in-Chinese2-564x600.webp 564w, https:\/\/sentaiyuanbio.com\/wp-content\/uploads\/2024\/07\/Shirataki-noodles-in-Chinese2-600x638.webp 600w\" sizes=\"(max-width: 750px) 100vw, 750px\" \/> <img decoding=\"async\" class=\"alignnone wp-image-3723 size-full\" src=\"https:\/\/sentaiyuanbio.com\/wp-content\/uploads\/2024\/07\/Shirataki-noodles-in-Chinese4.webp\" alt=\"Massa Shirataki em chin\u00eas\" width=\"750\" height=\"817\" srcset=\"https:\/\/sentaiyuanbio.com\/wp-content\/uploads\/2024\/07\/Shirataki-noodles-in-Chinese4.webp 750w, https:\/\/sentaiyuanbio.com\/wp-content\/uploads\/2024\/07\/Shirataki-noodles-in-Chinese4-275x300.webp 275w, https:\/\/sentaiyuanbio.com\/wp-content\/uploads\/2024\/07\/Shirataki-noodles-in-Chinese4-551x600.webp 551w, https:\/\/sentaiyuanbio.com\/wp-content\/uploads\/2024\/07\/Shirataki-noodles-in-Chinese4-600x654.webp 600w\" sizes=\"(max-width: 750px) 100vw, 750px\" \/> <img loading=\"lazy\" decoding=\"async\" class=\"alignnone wp-image-3724 size-full\" src=\"https:\/\/sentaiyuanbio.com\/wp-content\/uploads\/2024\/07\/Shirataki-noodles-in-Chinese3.webp\" alt=\"Massa Shirataki em chin\u00eas\" width=\"750\" height=\"437\" srcset=\"https:\/\/sentaiyuanbio.com\/wp-content\/uploads\/2024\/07\/Shirataki-noodles-in-Chinese3.webp 750w, https:\/\/sentaiyuanbio.com\/wp-content\/uploads\/2024\/07\/Shirataki-noodles-in-Chinese3-300x175.webp 300w, https:\/\/sentaiyuanbio.com\/wp-content\/uploads\/2024\/07\/Shirataki-noodles-in-Chinese3-600x350.webp 600w\" sizes=\"(max-width: 750px) 100vw, 750px\" \/><img loading=\"lazy\" decoding=\"async\" class=\"alignnone wp-image-2499 size-full\" src=\"https:\/\/sentaiyuanbio.com\/wp-content\/uploads\/2024\/07\/Shirataki-noodles-in-Chinese-5.jpg\" alt=\"Massa Shirataki em chin\u00eas\" width=\"750\" height=\"779\" srcset=\"https:\/\/sentaiyuanbio.com\/wp-content\/uploads\/2024\/07\/Shirataki-noodles-in-Chinese-5.jpg 750w, https:\/\/sentaiyuanbio.com\/wp-content\/uploads\/2024\/07\/Shirataki-noodles-in-Chinese-5-289x300.jpg 289w, https:\/\/sentaiyuanbio.com\/wp-content\/uploads\/2024\/07\/Shirataki-noodles-in-Chinese-5-578x600.jpg 578w, https:\/\/sentaiyuanbio.com\/wp-content\/uploads\/2024\/07\/Shirataki-noodles-in-Chinese-5-600x623.jpg 600w\" sizes=\"(max-width: 750px) 100vw, 750px\" \/><\/p>","protected":false},"excerpt":{"rendered":"<p>Macarr\u00e3o instant\u00e2neo Konnyaku shirataki sabor kimchi, tamb\u00e9m conhecido como macarr\u00e3o Shirataki. O macarr\u00e3o Shirataki em chin\u00eas \u00e9 ceto, baixo teor de carboidratos, baixa caloria (25Kcal \/ 100g), sem gl\u00faten, \u00e0 base de plantas, rico em fibras alimentares e v\u00e1rios amino\u00e1cidos. O macarr\u00e3o Konjac \u00e9 de baixa caloria, sem aditivos, sem gordura, 0 colesterol! Os Noodles Instant\u00e2neos Shirataki tornam a cozedura mais conveniente e eficiente.<\/p>","protected":false},"featured_media":4194,"template":"","meta":{"site-sidebar-layout":"default","site-content-layout":"","ast-site-content-layout":"default","site-content-style":"default","site-sidebar-style":"default","ast-global-header-display":"","ast-banner-title-visibility":"","ast-main-header-display":"","ast-hfb-above-header-display":"","ast-hfb-below-header-display":"","ast-hfb-mobile-header-display":"","site-post-title":"","ast-breadcrumbs-content":"","ast-featured-img":"","footer-sml-layout":"","ast-disable-related-posts":"","theme-transparent-header-meta":"default","adv-header-id-meta":"","stick-header-meta":"default","header-above-stick-meta":"","header-main-stick-meta":"","header-below-stick-meta":"","astra-migrate-meta-layouts":"set","ast-page-background-enabled":"default","ast-page-background-meta":{"desktop":{"background-color":"","background-image":"","background-repeat":"repeat","background-position":"center center","background-size":"auto","background-attachment":"scroll","background-type":"","background-media":"","overlay-type":"","overlay-color":"","overlay-opacity":"","overlay-gradient":""},"tablet":{"background-color":"","background-image":"","background-repeat":"repeat","background-position":"center center","background-size":"auto","background-attachment":"scroll","background-type":"","background-media":"","overlay-type":"","overlay-color":"","overlay-opacity":"","overlay-gradient":""},"mobile":{"background-color":"","background-image":"","background-repeat":"repeat","background-position":"center center","background-size":"auto","background-attachment":"scroll","background-type":"","background-media":"","overlay-type":"","overlay-color":"","overlay-opacity":"","overlay-gradient":""}},"ast-content-background-meta":{"desktop":{"background-color":"var(--ast-global-color-5)","background-image":"","background-repeat":"repeat","background-position":"center center","background-size":"auto","background-attachment":"scroll","background-type":"","background-media":"","overlay-type":"","overlay-color":"","overlay-opacity":"","overlay-gradient":""},"tablet":{"background-color":"var(--ast-global-color-5)","background-image":"","background-repeat":"repeat","background-position":"center center","background-size":"auto","background-attachment":"scroll","background-type":"","background-media":"","overlay-type":"","overlay-color":"","overlay-opacity":"","overlay-gradient":""},"mobile":{"background-color":"var(--ast-global-color-5)","background-image":"","background-repeat":"repeat","background-position":"center center","background-size":"auto","background-attachment":"scroll","background-type":"","background-media":"","overlay-type":"","overlay-color":"","overlay-opacity":"","overlay-gradient":""}}},"product_brand":[],"product_cat":[23],"product_tag":[40],"class_list":{"0":"post-2489","1":"product","2":"type-product","3":"status-publish","4":"has-post-thumbnail","6":"product_cat-instant-konjac-noodles","7":"product_tag-konjac-cup-noodles","8":"desktop-align-left","9":"tablet-align-left","10":"mobile-align-left","11":"ast-product-gallery-layout-horizontal-slider","12":"ast-product-tabs-layout-horizontal","14":"first","15":"instock","16":"downloadable","17":"shipping-taxable","18":"product-type-simple"},"_links":{"self":[{"href":"https:\/\/sentaiyuanbio.com\/pt\/wp-json\/wp\/v2\/product\/2489","targetHints":{"allow":["GET"]}}],"collection":[{"href":"https:\/\/sentaiyuanbio.com\/pt\/wp-json\/wp\/v2\/product"}],"about":[{"href":"https:\/\/sentaiyuanbio.com\/pt\/wp-json\/wp\/v2\/types\/product"}],"version-history":[{"count":0,"href":"https:\/\/sentaiyuanbio.com\/pt\/wp-json\/wp\/v2\/product\/2489\/revisions"}],"wp:featuredmedia":[{"embeddable":true,"href":"https:\/\/sentaiyuanbio.com\/pt\/wp-json\/wp\/v2\/media\/4194"}],"wp:attachment":[{"href":"https:\/\/sentaiyuanbio.com\/pt\/wp-json\/wp\/v2\/media?parent=2489"}],"wp:term":[{"taxonomy":"product_brand","embeddable":true,"href":"https:\/\/sentaiyuanbio.com\/pt\/wp-json\/wp\/v2\/product_brand?post=2489"},{"taxonomy":"product_cat","embeddable":true,"href":"https:\/\/sentaiyuanbio.com\/pt\/wp-json\/wp\/v2\/product_cat?post=2489"},{"taxonomy":"product_tag","embeddable":true,"href":"https:\/\/sentaiyuanbio.com\/pt\/wp-json\/wp\/v2\/product_tag?post=2489"}],"curies":[{"name":"wp","href":"https:\/\/api.w.org\/{rel}","templated":true}]}}