{"id":2503,"date":"2024-07-17T06:34:40","date_gmt":"2024-07-17T06:34:40","guid":{"rendered":"https:\/\/sentaiyuanbio.com\/?post_type=product&#038;p=2503"},"modified":"2025-02-26T08:57:27","modified_gmt":"2025-02-26T08:57:27","slug":"macarrao-instantaneo-shirataki-massa","status":"publish","type":"product","link":"https:\/\/sentaiyuanbio.com\/pt\/produto\/macarrao-instantaneo-shirataki-massa\/","title":{"rendered":"Macarr\u00e3o instant\u00e2neo Shirataki massa caril vermelho, macarr\u00e3o Shirataki comprar"},"content":{"rendered":"<h2>Ingredientes da massa de macarr\u00e3o instant\u00e2neo Shirataki:<\/h2>\n<p><strong>Molho<\/strong>: \u00c1gua, a\u00e7\u00facar branco, \u00f3leo vegetal, sal comest\u00edvel, cebola, alho, caril em p\u00f3, gengibre, pasta de tomate, piment\u00e3o vermelho em p\u00f3, extrato de levedura, pimenta em p\u00f3, especiarias (pimenta preta em p\u00f3, cebola em p\u00f3), ess\u00eancia comest\u00edvel, 5\u2019-ribonucle\u00f3tido diss\u00f3dico, <a href=\"https:\/\/en.wikipedia.org\/wiki\/Citric_acid\" target=\"_blank\" rel=\"noopener\">\u00c1cido c\u00edtrico<\/a>.<br \/>\n<strong>Massa Shirataki<\/strong>: \u00c1gua, <a href=\"https:\/\/sentaiyuanbio.com\/pt\/categoria-produto\/fibra-alimentar-de-konjac\/\" target=\"_blank\" rel=\"noopener\">P\u00f3 de konjac<\/a>, \u00c1cido c\u00edtrico.<br \/>\n<strong>Legumes<\/strong>: Cebola, Cenoura. Alerg\u00e9nios: Cont\u00e9m produtos de soja<br \/>\n<strong>Peso l\u00edquido<\/strong>: 40g(molho)+120g(massa konjac)+2g(legumes)<br \/>\n<strong>Prazo de validade<\/strong>: 14 meses<br \/>\n<strong>Armazenamento<\/strong>: Conservar em local fresco e seco. Manter afastado da luz e do calor fortes. Manter afastado da luz e do calor fortes. Depois de aberto, conservar no frigor\u00edfico e consumir no prazo de 24 horas.<\/p>\n<h2>Factos nutricionais da massa instant\u00e2nea Shirataki:<\/h2>\n<table border=\"1\" cellspacing=\"1\">\n<tbody>\n<tr>\n<td colspan=\"2\" align=\"center\">Factos nutricionais (100g)<\/td>\n<\/tr>\n<tr>\n<td align=\"center\" width=\"284\"><b>Energia<\/b><\/td>\n<td align=\"center\" width=\"284\">50kcal<\/td>\n<\/tr>\n<tr>\n<td align=\"center\" width=\"284\"><b>Prote\u00edna<\/b><\/td>\n<td align=\"center\" width=\"284\">0.68g<\/td>\n<\/tr>\n<tr>\n<td align=\"center\" width=\"284\"><b>Gordura total<\/b><\/td>\n<td align=\"center\" width=\"284\">4g<\/td>\n<\/tr>\n<tr>\n<td align=\"center\" width=\"284\"><b>Hidratos de carbono totais<\/b><\/td>\n<td align=\"center\" width=\"284\">3g<\/td>\n<\/tr>\n<tr>\n<td align=\"center\" width=\"284\"><b>S\u00f3dio<\/b><\/td>\n<td align=\"center\" width=\"284\">380mg<\/td>\n<\/tr>\n<\/tbody>\n<\/table>\n<h2><a href=\"https:\/\/sentaiyuanbio.com\/wp-content\/uploads\/woocommerce_uploads\/2024\/07\/Specification-RED-CURRY-FLAVORwith-konjac-noodles-rosvmd.pdf\" target=\"_blank\" rel=\"noopener\">Descarregar a ESPECIFICA\u00c7\u00c3O - SABOR A CURRY VERMELHO (com massa konjac)<\/a><\/h2>\n<p><!--more--><\/p>\n<p><img fetchpriority=\"high\" decoding=\"async\" class=\"alignnone wp-image-3711 size-full\" src=\"https:\/\/sentaiyuanbio.com\/wp-content\/uploads\/2024\/07\/Shirataki-noodles-purchase1.webp\" alt=\"Compra de massa Shirataki\" width=\"750\" height=\"812\" srcset=\"https:\/\/sentaiyuanbio.com\/wp-content\/uploads\/2024\/07\/Shirataki-noodles-purchase1.webp 750w, https:\/\/sentaiyuanbio.com\/wp-content\/uploads\/2024\/07\/Shirataki-noodles-purchase1-277x300.webp 277w, https:\/\/sentaiyuanbio.com\/wp-content\/uploads\/2024\/07\/Shirataki-noodles-purchase1-554x600.webp 554w, https:\/\/sentaiyuanbio.com\/wp-content\/uploads\/2024\/07\/Shirataki-noodles-purchase1-600x650.webp 600w\" sizes=\"(max-width: 750px) 100vw, 750px\" \/> <img decoding=\"async\" class=\"alignnone wp-image-3712 size-full\" src=\"https:\/\/sentaiyuanbio.com\/wp-content\/uploads\/2024\/07\/Shirataki-noodles-purchase2.webp\" alt=\"Compra de massa Shirataki\" width=\"750\" height=\"1147\" srcset=\"https:\/\/sentaiyuanbio.com\/wp-content\/uploads\/2024\/07\/Shirataki-noodles-purchase2.webp 750w, https:\/\/sentaiyuanbio.com\/wp-content\/uploads\/2024\/07\/Shirataki-noodles-purchase2-196x300.webp 196w, https:\/\/sentaiyuanbio.com\/wp-content\/uploads\/2024\/07\/Shirataki-noodles-purchase2-670x1024.webp 670w, https:\/\/sentaiyuanbio.com\/wp-content\/uploads\/2024\/07\/Shirataki-noodles-purchase2-392x600.webp 392w, https:\/\/sentaiyuanbio.com\/wp-content\/uploads\/2024\/07\/Shirataki-noodles-purchase2-600x918.webp 600w\" sizes=\"(max-width: 750px) 100vw, 750px\" \/> <img decoding=\"async\" class=\"alignnone wp-image-3713 size-full\" src=\"https:\/\/sentaiyuanbio.com\/wp-content\/uploads\/2024\/07\/Shirataki-noodles-purchase3.webp\" alt=\"Compra de massa Shirataki\" width=\"750\" height=\"876\" srcset=\"https:\/\/sentaiyuanbio.com\/wp-content\/uploads\/2024\/07\/Shirataki-noodles-purchase3.webp 750w, https:\/\/sentaiyuanbio.com\/wp-content\/uploads\/2024\/07\/Shirataki-noodles-purchase3-257x300.webp 257w, https:\/\/sentaiyuanbio.com\/wp-content\/uploads\/2024\/07\/Shirataki-noodles-purchase3-514x600.webp 514w, https:\/\/sentaiyuanbio.com\/wp-content\/uploads\/2024\/07\/Shirataki-noodles-purchase3-600x701.webp 600w\" sizes=\"(max-width: 750px) 100vw, 750px\" \/><img loading=\"lazy\" decoding=\"async\" class=\"alignnone wp-image-3726 size-full\" src=\"https:\/\/sentaiyuanbio.com\/wp-content\/uploads\/2024\/07\/Shirataki-noodles-purchase.webp\" alt=\"Compra de massa Shirataki\" width=\"750\" height=\"471\" srcset=\"https:\/\/sentaiyuanbio.com\/wp-content\/uploads\/2024\/07\/Shirataki-noodles-purchase.webp 750w, https:\/\/sentaiyuanbio.com\/wp-content\/uploads\/2024\/07\/Shirataki-noodles-purchase-300x188.webp 300w, https:\/\/sentaiyuanbio.com\/wp-content\/uploads\/2024\/07\/Shirataki-noodles-purchase-600x377.webp 600w\" sizes=\"(max-width: 750px) 100vw, 750px\" \/><img loading=\"lazy\" decoding=\"async\" class=\"alignnone wp-image-2513 size-full\" src=\"https:\/\/sentaiyuanbio.com\/wp-content\/uploads\/2024\/07\/shirataki-noodles-purchase-5.jpg\" alt=\"Compra de massa Shirataki\" width=\"750\" height=\"779\" srcset=\"https:\/\/sentaiyuanbio.com\/wp-content\/uploads\/2024\/07\/shirataki-noodles-purchase-5.jpg 750w, https:\/\/sentaiyuanbio.com\/wp-content\/uploads\/2024\/07\/shirataki-noodles-purchase-5-289x300.jpg 289w, https:\/\/sentaiyuanbio.com\/wp-content\/uploads\/2024\/07\/shirataki-noodles-purchase-5-578x600.jpg 578w, https:\/\/sentaiyuanbio.com\/wp-content\/uploads\/2024\/07\/shirataki-noodles-purchase-5-600x623.jpg 600w\" sizes=\"(max-width: 750px) 100vw, 750px\" \/><\/p>\n<h2>Instru\u00e7\u00f5es de cozinha<\/h2>\n<p>1, Escorra a \u00e1gua do pacote e esvazie o conte\u00fado do saco de massa para dentro do copo.<br \/>\n2, Junte o molho e os legumes, deite \u00e1gua fria na linha de \u00e1gua e leve ao micro-ondas durante 2 minutos (ou deite 120 g de \u00e1gua a ferver diretamente).<br \/>\n3, Mexa bem para servir.<\/p>","protected":false},"excerpt":{"rendered":"<p>O macarr\u00e3o instant\u00e2neo Shirataki para caril vermelho, tamb\u00e9m conhecido como macarr\u00e3o instant\u00e2neo Konjac, \u00e9 vers\u00e1til. \u00c9 saud\u00e1vel, com poucas calorias, sem hidratos de carbono, sem gl\u00faten, sem gordura, sem a\u00e7\u00facar e vegan. O macarr\u00e3o shirataki n\u00e3o tem calorias, enche e est\u00e1 cheio de fibras saud\u00e1veis. Para comprar macarr\u00e3o shirataki, escolha Sentaiyuan, MOQ 20 caixas.<\/p>\n<div id=\"gtx-trans\" style=\"position: absolute; left: 1213px; top: -3px;\">\n<div class=\"gtx-trans-icon\"><\/div>\n<\/div>","protected":false},"featured_media":4188,"template":"","meta":{"site-sidebar-layout":"default","site-content-layout":"","ast-site-content-layout":"default","site-content-style":"default","site-sidebar-style":"default","ast-global-header-display":"","ast-banner-title-visibility":"","ast-main-header-display":"","ast-hfb-above-header-display":"","ast-hfb-below-header-display":"","ast-hfb-mobile-header-display":"","site-post-title":"","ast-breadcrumbs-content":"","ast-featured-img":"","footer-sml-layout":"","ast-disable-related-posts":"","theme-transparent-header-meta":"default","adv-header-id-meta":"","stick-header-meta":"default","header-above-stick-meta":"","header-main-stick-meta":"","header-below-stick-meta":"","astra-migrate-meta-layouts":"set","ast-page-background-enabled":"default","ast-page-background-meta":{"desktop":{"background-color":"","background-image":"","background-repeat":"repeat","background-position":"center center","background-size":"auto","background-attachment":"scroll","background-type":"","background-media":"","overlay-type":"","overlay-color":"","overlay-opacity":"","overlay-gradient":""},"tablet":{"background-color":"","background-image":"","background-repeat":"repeat","background-position":"center center","background-size":"auto","background-attachment":"scroll","background-type":"","background-media":"","overlay-type":"","overlay-color":"","overlay-opacity":"","overlay-gradient":""},"mobile":{"background-color":"","background-image":"","background-repeat":"repeat","background-position":"center center","background-size":"auto","background-attachment":"scroll","background-type":"","background-media":"","overlay-type":"","overlay-color":"","overlay-opacity":"","overlay-gradient":""}},"ast-content-background-meta":{"desktop":{"background-color":"var(--ast-global-color-5)","background-image":"","background-repeat":"repeat","background-position":"center center","background-size":"auto","background-attachment":"scroll","background-type":"","background-media":"","overlay-type":"","overlay-color":"","overlay-opacity":"","overlay-gradient":""},"tablet":{"background-color":"var(--ast-global-color-5)","background-image":"","background-repeat":"repeat","background-position":"center center","background-size":"auto","background-attachment":"scroll","background-type":"","background-media":"","overlay-type":"","overlay-color":"","overlay-opacity":"","overlay-gradient":""},"mobile":{"background-color":"var(--ast-global-color-5)","background-image":"","background-repeat":"repeat","background-position":"center center","background-size":"auto","background-attachment":"scroll","background-type":"","background-media":"","overlay-type":"","overlay-color":"","overlay-opacity":"","overlay-gradient":""}}},"product_brand":[],"product_cat":[23],"product_tag":[40],"class_list":{"0":"post-2503","1":"product","2":"type-product","3":"status-publish","4":"has-post-thumbnail","6":"product_cat-instant-konjac-noodles","7":"product_tag-konjac-cup-noodles","8":"desktop-align-left","9":"tablet-align-left","10":"mobile-align-left","11":"ast-product-gallery-layout-horizontal-slider","12":"ast-product-tabs-layout-horizontal","14":"first","15":"instock","16":"downloadable","17":"shipping-taxable","18":"product-type-simple"},"_links":{"self":[{"href":"https:\/\/sentaiyuanbio.com\/pt\/wp-json\/wp\/v2\/product\/2503","targetHints":{"allow":["GET"]}}],"collection":[{"href":"https:\/\/sentaiyuanbio.com\/pt\/wp-json\/wp\/v2\/product"}],"about":[{"href":"https:\/\/sentaiyuanbio.com\/pt\/wp-json\/wp\/v2\/types\/product"}],"version-history":[{"count":0,"href":"https:\/\/sentaiyuanbio.com\/pt\/wp-json\/wp\/v2\/product\/2503\/revisions"}],"wp:featuredmedia":[{"embeddable":true,"href":"https:\/\/sentaiyuanbio.com\/pt\/wp-json\/wp\/v2\/media\/4188"}],"wp:attachment":[{"href":"https:\/\/sentaiyuanbio.com\/pt\/wp-json\/wp\/v2\/media?parent=2503"}],"wp:term":[{"taxonomy":"product_brand","embeddable":true,"href":"https:\/\/sentaiyuanbio.com\/pt\/wp-json\/wp\/v2\/product_brand?post=2503"},{"taxonomy":"product_cat","embeddable":true,"href":"https:\/\/sentaiyuanbio.com\/pt\/wp-json\/wp\/v2\/product_cat?post=2503"},{"taxonomy":"product_tag","embeddable":true,"href":"https:\/\/sentaiyuanbio.com\/pt\/wp-json\/wp\/v2\/product_tag?post=2503"}],"curies":[{"name":"wp","href":"https:\/\/api.w.org\/{rel}","templated":true}]}}