{"id":2521,"date":"2024-07-22T07:18:27","date_gmt":"2024-07-22T07:18:27","guid":{"rendered":"https:\/\/sentaiyuanbio.com\/?post_type=product&#038;p=2521"},"modified":"2025-10-23T08:08:16","modified_gmt":"2025-10-23T08:08:16","slug":"massa-de-soja-konjac","status":"publish","type":"product","link":"https:\/\/sentaiyuanbio.com\/pt\/produto\/massa-de-soja-konjac\/","title":{"rendered":"Massa de gr\u00e3o-de-bico konjac rica em prote\u00ednas, massa konjac 43g prote\u00edna\/100g"},"content":{"rendered":"<h2>Ingredientes da massa de gr\u00e3o-de-bico konjac:<\/h2>\n<p>Gl\u00faten de trigo vital, Prote\u00edna de ervilha em p\u00f3, Farinha de trigo, Farinha de gr\u00e3o-de-bico, Farinha de trigo sarraceno, Fibra de ervilha em p\u00f3, Amido de tapioca, <a href=\"https:\/\/sentaiyuanbio.com\/pt\/categoria-produto\/fibra-alimentar-de-konjac\/\" target=\"_blank\" rel=\"noopener\">P\u00f3 de konjac<\/a>, Goma xantana (estabilizador, E 415), carbonato de s\u00f3dio (<a href=\"https:\/\/www.specialtyfoodingredients.eu\/ingredients_cat\/acidity-regulators\/\" target=\"_blank\" rel=\"noopener\">Regulador de acidez<\/a>, E 500).<\/p>\n<table border=\"1\" cellspacing=\"1\">\n<tbody>\n<tr>\n<td width=\"284\"><b>Item<\/b><\/td>\n<td width=\"284\">%<\/td>\n<\/tr>\n<tr>\n<td width=\"284\"><strong>Gl\u00faten de trigo vital<\/strong><\/td>\n<td width=\"284\">39.5<\/td>\n<\/tr>\n<tr>\n<td width=\"284\"><b>Farinha de trigo<\/b><\/td>\n<td width=\"284\">18.5<\/td>\n<\/tr>\n<tr>\n<td width=\"284\"><b>Prote\u00edna de ervilha em p\u00f3<\/b><\/td>\n<td width=\"284\">18.5<\/td>\n<\/tr>\n<tr>\n<td width=\"284\"><b>Fibra de ervilha em p\u00f3<\/b><\/td>\n<td width=\"284\">6.5<\/td>\n<\/tr>\n<tr>\n<td width=\"284\"><strong>Farinha de gr\u00e3o-de-bico<\/strong><\/td>\n<td width=\"284\">6.2<\/td>\n<\/tr>\n<tr>\n<td width=\"284\"><strong>Farinha de trigo mourisco<\/strong><\/td>\n<td width=\"284\">5<\/td>\n<\/tr>\n<tr>\n<td width=\"284\"><strong>Amido de tapioca<\/strong><\/td>\n<td width=\"284\">4.5<\/td>\n<\/tr>\n<tr>\n<td width=\"284\"><strong>Goma xantana<\/strong><\/td>\n<td width=\"284\">0.6<\/td>\n<\/tr>\n<tr>\n<td width=\"284\"><b>Konjac em p\u00f3<\/b><\/td>\n<td width=\"284\">0.5<\/td>\n<\/tr>\n<tr>\n<td width=\"284\"><b>Carbonato de s\u00f3dio<\/b><\/td>\n<td width=\"284\">0.2<\/td>\n<\/tr>\n<tr>\n<td width=\"284\"><b>Sal<\/b><\/td>\n<td width=\"284\">1<\/td>\n<\/tr>\n<\/tbody>\n<\/table>\n<h2>Nutri\u00e7\u00e3o da massa de gr\u00e3o-de-bico konjac:<\/h2>\n<table border=\"1\">\n<tbody>\n<tr>\n<td width=\"100\"><b>Factos nutricionais<\/b><\/td>\n<td width=\"100\">Por dose (100g)<\/td>\n<td width=\"100\">Por dose (40g)<\/td>\n<\/tr>\n<tr>\n<td width=\"100\"><b>Energia<\/b><\/td>\n<td width=\"100\">344Kcal<\/td>\n<td width=\"100\">141,6Kcal<\/td>\n<\/tr>\n<tr>\n<td width=\"100\"><b>Prote\u00edna<\/b><\/td>\n<td width=\"100\">43g<\/td>\n<td width=\"100\">20g<\/td>\n<\/tr>\n<tr>\n<td width=\"100\"><b>Gordura total<\/b><\/td>\n<td width=\"100\">0.3g<\/td>\n<td width=\"100\">0.12g<\/td>\n<\/tr>\n<tr>\n<td width=\"100\"><b>Hidratos de carbono totais<\/b><\/td>\n<td width=\"100\">32g<\/td>\n<td width=\"100\">12g<\/td>\n<\/tr>\n<tr>\n<td width=\"100\"><b>Fibra alimentar<\/b><\/td>\n<td width=\"100\">4.6g<\/td>\n<td width=\"100\">1.84g<\/td>\n<\/tr>\n<tr>\n<td width=\"100\"><b>S\u00f3dio<\/b><\/td>\n<td width=\"100\">308mg<\/td>\n<td width=\"100\">78,8 mg<\/td>\n<\/tr>\n<\/tbody>\n<\/table>\n<p><strong>Cont\u00e9m<\/strong>: Produtos \u00e0 base de gl\u00faten de trigo.<br \/>\n<strong>Armazenamento<\/strong>: Conservar num local fresco e seco. Manter ao abrigo da luz e do calor.<\/p>\n<h2>Porqu\u00ea gr\u00e3o-de-bico?<\/h2>\n<p>O gr\u00e3o-de-bico \u00e9 rico em prote\u00ednas de origem vegetal. Por 100 gramas de gr\u00e3o-de-bico seco, o teor de prote\u00ednas atinge 21,2 gramas - cerca de sete vezes mais do que uma quantidade equivalente de leite. Ultrapassa mesmo a carne de vaca (20 gramas) e o camar\u00e3o (18,2 gramas), o que faz do gr\u00e3o-de-bico um substituto direto de alguma carne nas dietas di\u00e1rias.<\/p>\n<p>O teor de c\u00e1lcio do gr\u00e3o-de-bico \u00e9 particularmente impressionante, compar\u00e1vel ao de outros alimentos ricos em c\u00e1lcio! Por 100 gramas, o gr\u00e3o-de-bico cont\u00e9m uns not\u00e1veis 150 miligramas de c\u00e1lcio - cerca de 1,5 vezes a quantidade encontrada num peso igual de leite normal.<\/p>\n<p>O gr\u00e3o-de-bico tem cerca de sete vezes mais fibra alimentar do que os espinafres, em peso! As suas prote\u00ednas s\u00e3o tamb\u00e9m ricas em v\u00e1rios amino\u00e1cidos, incluindo os oito amino\u00e1cidos essenciais que o corpo humano n\u00e3o consegue sintetizar por si s\u00f3.<\/p>\n<h2>Porqu\u00ea Konjac?<\/h2>\n<p>Os benef\u00edcios naturais dos alimentos com konjac (por exemplo, sem gl\u00faten, com baixo teor de hidratos de carbono, com baixas calorias, amigos dos diab\u00e9ticos, etc.) ajudam a tornar um estilo de vida saud\u00e1vel acess\u00edvel a todos.<\/p>\n<p><img fetchpriority=\"high\" decoding=\"async\" class=\"alignnone wp-image-5312 size-full\" src=\"https:\/\/sentaiyuanbio.com\/wp-content\/uploads\/2024\/07\/high-protein-konjac-pasta.webp\" alt=\"massa konjac rica em prote\u00ednas\" width=\"750\" height=\"626\" srcset=\"https:\/\/sentaiyuanbio.com\/wp-content\/uploads\/2024\/07\/high-protein-konjac-pasta.webp 750w, https:\/\/sentaiyuanbio.com\/wp-content\/uploads\/2024\/07\/high-protein-konjac-pasta-300x250.webp 300w, https:\/\/sentaiyuanbio.com\/wp-content\/uploads\/2024\/07\/high-protein-konjac-pasta-14x12.webp 14w, https:\/\/sentaiyuanbio.com\/wp-content\/uploads\/2024\/07\/high-protein-konjac-pasta-600x501.webp 600w\" sizes=\"(max-width: 750px) 100vw, 750px\" \/>\u00a0<img decoding=\"async\" class=\"alignnone wp-image-3641 size-full\" src=\"https:\/\/sentaiyuanbio.com\/wp-content\/uploads\/2024\/07\/high-protein-konjac-pasta2.webp\" alt=\"massa konjac rica em prote\u00ednas\" width=\"750\" height=\"637\" srcset=\"https:\/\/sentaiyuanbio.com\/wp-content\/uploads\/2024\/07\/high-protein-konjac-pasta2.webp 750w, https:\/\/sentaiyuanbio.com\/wp-content\/uploads\/2024\/07\/high-protein-konjac-pasta2-300x255.webp 300w, https:\/\/sentaiyuanbio.com\/wp-content\/uploads\/2024\/07\/high-protein-konjac-pasta2-600x510.webp 600w\" sizes=\"(max-width: 750px) 100vw, 750px\" \/> <img decoding=\"async\" class=\"alignnone wp-image-3642 size-full\" src=\"https:\/\/sentaiyuanbio.com\/wp-content\/uploads\/2024\/07\/high-protein-konjac-pasta3.webp\" alt=\"massa konjac rica em prote\u00ednas\" width=\"750\" height=\"713\" srcset=\"https:\/\/sentaiyuanbio.com\/wp-content\/uploads\/2024\/07\/high-protein-konjac-pasta3.webp 750w, https:\/\/sentaiyuanbio.com\/wp-content\/uploads\/2024\/07\/high-protein-konjac-pasta3-300x285.webp 300w, https:\/\/sentaiyuanbio.com\/wp-content\/uploads\/2024\/07\/high-protein-konjac-pasta3-600x570.webp 600w\" sizes=\"(max-width: 750px) 100vw, 750px\" \/>\u00a0<img loading=\"lazy\" decoding=\"async\" class=\"alignnone wp-image-5311 size-full\" src=\"https:\/\/sentaiyuanbio.com\/wp-content\/uploads\/2024\/07\/Konjac-chickpea-pasta.webp\" alt=\"Massa de gr\u00e3o-de-bico konjac\" width=\"750\" height=\"543\" srcset=\"https:\/\/sentaiyuanbio.com\/wp-content\/uploads\/2024\/07\/Konjac-chickpea-pasta.webp 750w, https:\/\/sentaiyuanbio.com\/wp-content\/uploads\/2024\/07\/Konjac-chickpea-pasta-300x217.webp 300w, https:\/\/sentaiyuanbio.com\/wp-content\/uploads\/2024\/07\/Konjac-chickpea-pasta-18x12.webp 18w, https:\/\/sentaiyuanbio.com\/wp-content\/uploads\/2024\/07\/Konjac-chickpea-pasta-600x434.webp 600w\" sizes=\"(max-width: 750px) 100vw, 750px\" \/><\/p>","protected":false},"excerpt":{"rendered":"<p>Est\u00e1 \u00e0 procura de massa Konjac com elevado teor de prote\u00ednas? A nossa massa de gr\u00e3o-de-bico Konjac com baixo teor de hidratos de carbono, baixo teor de gordura, amiga do ceto e sem gl\u00faten, rica em prote\u00ednas, \u00e9 feita a partir de Konjac. 43g de prote\u00edna\/por por\u00e7\u00e3o, perfeita para pessoas em forma. Sentaiyuan \u00e9 uma empresa de produ\u00e7\u00e3o e venda de alimentos Konjac com mais de 30 anos de experi\u00eancia. Nosso Konjac Noodle MOQ \u00e9 t\u00e3o baixo quanto 100 caixas!<\/p>","protected":false},"featured_media":4111,"template":"","meta":{"site-sidebar-layout":"default","site-content-layout":"","ast-site-content-layout":"default","site-content-style":"default","site-sidebar-style":"default","ast-global-header-display":"","ast-banner-title-visibility":"","ast-main-header-display":"","ast-hfb-above-header-display":"","ast-hfb-below-header-display":"","ast-hfb-mobile-header-display":"","site-post-title":"","ast-breadcrumbs-content":"","ast-featured-img":"","footer-sml-layout":"","ast-disable-related-posts":"","theme-transparent-header-meta":"default","adv-header-id-meta":"","stick-header-meta":"default","header-above-stick-meta":"","header-main-stick-meta":"","header-below-stick-meta":"","astra-migrate-meta-layouts":"set","ast-page-background-enabled":"default","ast-page-background-meta":{"desktop":{"background-color":"","background-image":"","background-repeat":"repeat","background-position":"center center","background-size":"auto","background-attachment":"scroll","background-type":"","background-media":"","overlay-type":"","overlay-color":"","overlay-opacity":"","overlay-gradient":""},"tablet":{"background-color":"","background-image":"","background-repeat":"repeat","background-position":"center center","background-size":"auto","background-attachment":"scroll","background-type":"","background-media":"","overlay-type":"","overlay-color":"","overlay-opacity":"","overlay-gradient":""},"mobile":{"background-color":"","background-image":"","background-repeat":"repeat","background-position":"center center","background-size":"auto","background-attachment":"scroll","background-type":"","background-media":"","overlay-type":"","overlay-color":"","overlay-opacity":"","overlay-gradient":""}},"ast-content-background-meta":{"desktop":{"background-color":"var(--ast-global-color-5)","background-image":"","background-repeat":"repeat","background-position":"center center","background-size":"auto","background-attachment":"scroll","background-type":"","background-media":"","overlay-type":"","overlay-color":"","overlay-opacity":"","overlay-gradient":""},"tablet":{"background-color":"var(--ast-global-color-5)","background-image":"","background-repeat":"repeat","background-position":"center center","background-size":"auto","background-attachment":"scroll","background-type":"","background-media":"","overlay-type":"","overlay-color":"","overlay-opacity":"","overlay-gradient":""},"mobile":{"background-color":"var(--ast-global-color-5)","background-image":"","background-repeat":"repeat","background-position":"center center","background-size":"auto","background-attachment":"scroll","background-type":"","background-media":"","overlay-type":"","overlay-color":"","overlay-opacity":"","overlay-gradient":""}}},"product_brand":[],"product_cat":[248],"product_tag":[],"class_list":{"0":"post-2521","1":"product","2":"type-product","3":"status-publish","4":"has-post-thumbnail","6":"product_cat-low-carb-high-protein-noodles","7":"desktop-align-left","8":"tablet-align-left","9":"mobile-align-left","10":"ast-product-gallery-layout-horizontal-slider","11":"ast-product-tabs-layout-horizontal","13":"first","14":"instock","15":"shipping-taxable","16":"product-type-simple"},"_links":{"self":[{"href":"https:\/\/sentaiyuanbio.com\/pt\/wp-json\/wp\/v2\/product\/2521","targetHints":{"allow":["GET"]}}],"collection":[{"href":"https:\/\/sentaiyuanbio.com\/pt\/wp-json\/wp\/v2\/product"}],"about":[{"href":"https:\/\/sentaiyuanbio.com\/pt\/wp-json\/wp\/v2\/types\/product"}],"version-history":[{"count":0,"href":"https:\/\/sentaiyuanbio.com\/pt\/wp-json\/wp\/v2\/product\/2521\/revisions"}],"wp:featuredmedia":[{"embeddable":true,"href":"https:\/\/sentaiyuanbio.com\/pt\/wp-json\/wp\/v2\/media\/4111"}],"wp:attachment":[{"href":"https:\/\/sentaiyuanbio.com\/pt\/wp-json\/wp\/v2\/media?parent=2521"}],"wp:term":[{"taxonomy":"product_brand","embeddable":true,"href":"https:\/\/sentaiyuanbio.com\/pt\/wp-json\/wp\/v2\/product_brand?post=2521"},{"taxonomy":"product_cat","embeddable":true,"href":"https:\/\/sentaiyuanbio.com\/pt\/wp-json\/wp\/v2\/product_cat?post=2521"},{"taxonomy":"product_tag","embeddable":true,"href":"https:\/\/sentaiyuanbio.com\/pt\/wp-json\/wp\/v2\/product_tag?post=2521"}],"curies":[{"name":"wp","href":"https:\/\/api.w.org\/{rel}","templated":true}]}}