{"id":2530,"date":"2024-07-23T06:15:06","date_gmt":"2024-07-23T06:15:06","guid":{"rendered":"https:\/\/sentaiyuanbio.com\/?post_type=product&#038;p=2530"},"modified":"2026-02-13T08:57:36","modified_gmt":"2026-02-13T08:57:36","slug":"massa-com-proteina-de-ervilha","status":"publish","type":"product","link":"https:\/\/sentaiyuanbio.com\/pt\/produto\/massa-com-proteina-de-ervilha\/","title":{"rendered":"Noodles de Prote\u00edna de Ervilha, 63g de prote\u00edna por dose Massa de ervilha konjac"},"content":{"rendered":"<h2>Ingredientes das massas de prote\u00edna de ervilha:<\/h2>\n<p>Farinha de trigo, farinha de trigo sarraceno, farinha de trigo integral, p\u00f3 de fibra de ervilha, Gl\u00faten em p\u00f3, <a href=\"https:\/\/sentaiyuanbio.com\/pt\/categoria-produto\/fibra-alimentar-de-konjac\/\" target=\"_blank\" rel=\"noopener\">p\u00f3 de konjac<\/a>, ovo inteiro em p\u00f3, sal, carbonato de s\u00f3dio e Inulina.<\/p>\n<table border=\"1\" cellspacing=\"1\">\n<tbody>\n<tr>\n<td width=\"284\"><b>Item<\/b><\/td>\n<td width=\"284\">%<\/td>\n<\/tr>\n<tr>\n<td width=\"284\"><b>Prote\u00edna de ervilha em p\u00f3<\/b><\/td>\n<td width=\"284\">31<\/td>\n<\/tr>\n<tr>\n<td width=\"284\"><b>Gl\u00faten em p\u00f3<\/b><\/td>\n<td width=\"284\">10<\/td>\n<\/tr>\n<tr>\n<td width=\"284\"><b>Farinha de trigo<\/b><\/td>\n<td width=\"284\">28<\/td>\n<\/tr>\n<tr>\n<td width=\"284\"><b>Konjac em p\u00f3<\/b><\/td>\n<td width=\"284\">5<\/td>\n<\/tr>\n<tr>\n<td width=\"284\"><b>Psyllium Husk em p\u00f3<\/b><\/td>\n<td width=\"284\">5<\/td>\n<\/tr>\n<tr>\n<td width=\"284\"><b>Extrato de folha de amoreira<\/b><\/td>\n<td width=\"284\">4<\/td>\n<\/tr>\n<tr>\n<td width=\"284\"><b>Fibra de ervilha em p\u00f3<\/b><\/td>\n<td width=\"284\">2<\/td>\n<\/tr>\n<tr>\n<td width=\"284\"><b>Dextrina resistente<\/b><\/td>\n<td width=\"284\">2<\/td>\n<\/tr>\n<tr>\n<td width=\"284\"><b>Carbonato de s\u00f3dio<\/b><\/td>\n<td width=\"284\">1<\/td>\n<\/tr>\n<tr>\n<td width=\"284\"><b>Inulina<\/b><\/td>\n<td width=\"284\">1<\/td>\n<\/tr>\n<tr>\n<td width=\"284\"><b>Sal<\/b><\/td>\n<td width=\"284\">1<\/td>\n<\/tr>\n<\/tbody>\n<\/table>\n<p><strong>Cont\u00e9m<\/strong>: Gl\u00faten de trigo e ovo.<br \/>\n<strong>Armazenamento<\/strong>: Conservar num local fresco e seco. Manter ao abrigo da luz e do calor.<\/p>\n<h2>Nutri\u00e7\u00e3o das massas de prote\u00edna de ervilha<\/h2>\n<table border=\"1\" cellspacing=\"1\">\n<tbody>\n<tr>\n<td width=\"284\"><b>Factos nutricionais<\/b><\/td>\n<td width=\"284\">Por dose (100g)<\/td>\n<td width=\"284\">Por dose (40g)<\/td>\n<\/tr>\n<tr>\n<td width=\"284\"><b>Energia<\/b><\/td>\n<td width=\"284\">358,99Kcal<\/td>\n<td width=\"284\">141,6Kcal<\/td>\n<\/tr>\n<tr>\n<td width=\"284\"><b>Prote\u00edna<\/b><\/td>\n<td width=\"284\">63g<\/td>\n<td width=\"284\">25g<\/td>\n<\/tr>\n<tr>\n<td width=\"284\"><b>Gordura total<\/b><\/td>\n<td width=\"284\">0.2g<\/td>\n<td width=\"284\">0.08g<\/td>\n<\/tr>\n<tr>\n<td width=\"284\"><b>Hidratos de carbono totais<\/b><\/td>\n<td width=\"284\">23.9g<\/td>\n<td width=\"284\">9.56g<\/td>\n<\/tr>\n<tr>\n<td width=\"284\"><b>Fibra alimentar<\/b><\/td>\n<td width=\"284\">3.9g<\/td>\n<td width=\"284\">1.56g<\/td>\n<\/tr>\n<tr>\n<td width=\"284\"><b>S\u00f3dio<\/b><\/td>\n<td width=\"284\">0,5 mg<\/td>\n<td width=\"284\">0,2 mg<\/td>\n<\/tr>\n<\/tbody>\n<\/table>\n<p><img fetchpriority=\"high\" decoding=\"async\" class=\"alignnone wp-image-3634 size-full\" src=\"https:\/\/sentaiyuanbio.com\/wp-content\/uploads\/2024\/07\/High-protein-Konjac-pea-pasta-01.webp\" alt=\"Massa de ervilha konjac rica em prote\u00ednas\" width=\"750\" height=\"686\" srcset=\"https:\/\/sentaiyuanbio.com\/wp-content\/uploads\/2024\/07\/High-protein-Konjac-pea-pasta-01.webp 750w, https:\/\/sentaiyuanbio.com\/wp-content\/uploads\/2024\/07\/High-protein-Konjac-pea-pasta-01-300x274.webp 300w, https:\/\/sentaiyuanbio.com\/wp-content\/uploads\/2024\/07\/High-protein-Konjac-pea-pasta-01-600x549.webp 600w\" sizes=\"(max-width: 750px) 100vw, 750px\" \/> <img decoding=\"async\" class=\"alignnone wp-image-3635 size-full\" src=\"https:\/\/sentaiyuanbio.com\/wp-content\/uploads\/2024\/07\/High-protein-Konjac-pea-pasta-02.webp\" alt=\"Massa de ervilha konjac rica em prote\u00ednas\" width=\"750\" height=\"552\" srcset=\"https:\/\/sentaiyuanbio.com\/wp-content\/uploads\/2024\/07\/High-protein-Konjac-pea-pasta-02.webp 750w, https:\/\/sentaiyuanbio.com\/wp-content\/uploads\/2024\/07\/High-protein-Konjac-pea-pasta-02-300x221.webp 300w, https:\/\/sentaiyuanbio.com\/wp-content\/uploads\/2024\/07\/High-protein-Konjac-pea-pasta-02-600x442.webp 600w\" sizes=\"(max-width: 750px) 100vw, 750px\" \/> <img decoding=\"async\" class=\"alignnone wp-image-3636 size-full\" src=\"https:\/\/sentaiyuanbio.com\/wp-content\/uploads\/2024\/07\/High-protein-Konjac-pea-pasta-03.webp\" alt=\"Massa de ervilha konjac rica em prote\u00ednas\" width=\"750\" height=\"462\" srcset=\"https:\/\/sentaiyuanbio.com\/wp-content\/uploads\/2024\/07\/High-protein-Konjac-pea-pasta-03.webp 750w, https:\/\/sentaiyuanbio.com\/wp-content\/uploads\/2024\/07\/High-protein-Konjac-pea-pasta-03-300x185.webp 300w, https:\/\/sentaiyuanbio.com\/wp-content\/uploads\/2024\/07\/High-protein-Konjac-pea-pasta-03-600x370.webp 600w\" sizes=\"(max-width: 750px) 100vw, 750px\" \/> <img loading=\"lazy\" decoding=\"async\" class=\"alignnone wp-image-3637 size-full\" src=\"https:\/\/sentaiyuanbio.com\/wp-content\/uploads\/2024\/07\/High-protein-Konjac-pea-pasta-04.webp\" alt=\"Massa de ervilha konjac rica em prote\u00ednas\" width=\"750\" height=\"415\" srcset=\"https:\/\/sentaiyuanbio.com\/wp-content\/uploads\/2024\/07\/High-protein-Konjac-pea-pasta-04.webp 750w, https:\/\/sentaiyuanbio.com\/wp-content\/uploads\/2024\/07\/High-protein-Konjac-pea-pasta-04-300x166.webp 300w, https:\/\/sentaiyuanbio.com\/wp-content\/uploads\/2024\/07\/High-protein-Konjac-pea-pasta-04-600x332.webp 600w\" sizes=\"(max-width: 750px) 100vw, 750px\" \/> <img loading=\"lazy\" decoding=\"async\" class=\"alignnone wp-image-3638 size-full\" src=\"https:\/\/sentaiyuanbio.com\/wp-content\/uploads\/2024\/07\/High-protein-Konjac-pea-pasta-05.webp\" alt=\"Massa de ervilha konjac rica em prote\u00ednas\" width=\"750\" height=\"571\" srcset=\"https:\/\/sentaiyuanbio.com\/wp-content\/uploads\/2024\/07\/High-protein-Konjac-pea-pasta-05.webp 750w, https:\/\/sentaiyuanbio.com\/wp-content\/uploads\/2024\/07\/High-protein-Konjac-pea-pasta-05-300x228.webp 300w, https:\/\/sentaiyuanbio.com\/wp-content\/uploads\/2024\/07\/High-protein-Konjac-pea-pasta-05-600x457.webp 600w\" sizes=\"(max-width: 750px) 100vw, 750px\" \/><\/p>","protected":false},"excerpt":{"rendered":"<p>Quando combinadas, as ervilhas verdes e a farinha de konjac fornecem um perfil \u00f3timo de amino\u00e1cidos superior a qualquer fonte de prote\u00edna vegetal. A massa de prote\u00edna de ervilha cet\u00f3nica com baixo teor de hidratos de carbono \u00e9 uma excelente alternativa \u00e0 massa tradicional. Rica em prote\u00ednas vegetais de alta qualidade, rica em fibras e sem quaisquer aditivos. O MOQ do Sentaiyuan Konjac Noodle \u00e9 t\u00e3o baixo quanto 100 caixas!<\/p>","protected":false},"featured_media":4109,"template":"","meta":{"site-sidebar-layout":"default","site-content-layout":"","ast-site-content-layout":"default","site-content-style":"default","site-sidebar-style":"default","ast-global-header-display":"","ast-banner-title-visibility":"","ast-main-header-display":"","ast-hfb-above-header-display":"","ast-hfb-below-header-display":"","ast-hfb-mobile-header-display":"","site-post-title":"","ast-breadcrumbs-content":"","ast-featured-img":"","footer-sml-layout":"","ast-disable-related-posts":"","theme-transparent-header-meta":"default","adv-header-id-meta":"","stick-header-meta":"default","header-above-stick-meta":"","header-main-stick-meta":"","header-below-stick-meta":"","astra-migrate-meta-layouts":"set","ast-page-background-enabled":"default","ast-page-background-meta":{"desktop":{"background-color":"","background-image":"","background-repeat":"repeat","background-position":"center center","background-size":"auto","background-attachment":"scroll","background-type":"","background-media":"","overlay-type":"","overlay-color":"","overlay-opacity":"","overlay-gradient":""},"tablet":{"background-color":"","background-image":"","background-repeat":"repeat","background-position":"center center","background-size":"auto","background-attachment":"scroll","background-type":"","background-media":"","overlay-type":"","overlay-color":"","overlay-opacity":"","overlay-gradient":""},"mobile":{"background-color":"","background-image":"","background-repeat":"repeat","background-position":"center center","background-size":"auto","background-attachment":"scroll","background-type":"","background-media":"","overlay-type":"","overlay-color":"","overlay-opacity":"","overlay-gradient":""}},"ast-content-background-meta":{"desktop":{"background-color":"var(--ast-global-color-5)","background-image":"","background-repeat":"repeat","background-position":"center center","background-size":"auto","background-attachment":"scroll","background-type":"","background-media":"","overlay-type":"","overlay-color":"","overlay-opacity":"","overlay-gradient":""},"tablet":{"background-color":"var(--ast-global-color-5)","background-image":"","background-repeat":"repeat","background-position":"center center","background-size":"auto","background-attachment":"scroll","background-type":"","background-media":"","overlay-type":"","overlay-color":"","overlay-opacity":"","overlay-gradient":""},"mobile":{"background-color":"var(--ast-global-color-5)","background-image":"","background-repeat":"repeat","background-position":"center center","background-size":"auto","background-attachment":"scroll","background-type":"","background-media":"","overlay-type":"","overlay-color":"","overlay-opacity":"","overlay-gradient":""}}},"product_brand":[],"product_cat":[248],"product_tag":[],"class_list":{"0":"post-2530","1":"product","2":"type-product","3":"status-publish","4":"has-post-thumbnail","6":"product_cat-low-carb-high-protein-noodles","7":"desktop-align-left","8":"tablet-align-left","9":"mobile-align-left","10":"ast-product-gallery-layout-horizontal-slider","11":"ast-product-tabs-layout-horizontal","13":"first","14":"instock","15":"shipping-taxable","16":"product-type-simple"},"_links":{"self":[{"href":"https:\/\/sentaiyuanbio.com\/pt\/wp-json\/wp\/v2\/product\/2530","targetHints":{"allow":["GET"]}}],"collection":[{"href":"https:\/\/sentaiyuanbio.com\/pt\/wp-json\/wp\/v2\/product"}],"about":[{"href":"https:\/\/sentaiyuanbio.com\/pt\/wp-json\/wp\/v2\/types\/product"}],"version-history":[{"count":0,"href":"https:\/\/sentaiyuanbio.com\/pt\/wp-json\/wp\/v2\/product\/2530\/revisions"}],"wp:featuredmedia":[{"embeddable":true,"href":"https:\/\/sentaiyuanbio.com\/pt\/wp-json\/wp\/v2\/media\/4109"}],"wp:attachment":[{"href":"https:\/\/sentaiyuanbio.com\/pt\/wp-json\/wp\/v2\/media?parent=2530"}],"wp:term":[{"taxonomy":"product_brand","embeddable":true,"href":"https:\/\/sentaiyuanbio.com\/pt\/wp-json\/wp\/v2\/product_brand?post=2530"},{"taxonomy":"product_cat","embeddable":true,"href":"https:\/\/sentaiyuanbio.com\/pt\/wp-json\/wp\/v2\/product_cat?post=2530"},{"taxonomy":"product_tag","embeddable":true,"href":"https:\/\/sentaiyuanbio.com\/pt\/wp-json\/wp\/v2\/product_tag?post=2530"}],"curies":[{"name":"wp","href":"https:\/\/api.w.org\/{rel}","templated":true}]}}