{"id":2541,"date":"2024-07-25T03:41:32","date_gmt":"2024-07-25T03:41:32","guid":{"rendered":"https:\/\/sentaiyuanbio.com\/?post_type=product&#038;p=2541"},"modified":"2025-02-26T08:36:33","modified_gmt":"2025-02-26T08:36:33","slug":"farinha-de-pao-a-granel-fornecedor-de-farinha-de-pao","status":"publish","type":"product","link":"https:\/\/sentaiyuanbio.com\/pt\/produto\/farinha-de-pao-a-granel-fornecedor-de-farinha-de-pao\/","title":{"rendered":"Farinha de p\u00e3o a granel, Fornecedor de farinha de p\u00e3o, Farinha de p\u00e3o por atacado"},"content":{"rendered":"<h2>Farinha de p\u00e3o a granel:<\/h2>\n<p>Gl\u00faten em p\u00f3, Prote\u00edna de ervilha em p\u00f3, Farinha de fibra de ervilha, <a href=\"https:\/\/sentaiyuanbio.com\/pt\/produto\/po-de-konjac\/\" target=\"_blank\" rel=\"noopener\">Farinha de konjac<\/a>, Inulina, farinha de aveia, farinha de tapioca, sal.<\/p>\n<table border=\"1\" cellspacing=\"1\">\n<tbody>\n<tr>\n<td align=\"center\" width=\"284\"><b>Item<\/b><\/td>\n<td align=\"center\" width=\"284\">%<\/td>\n<\/tr>\n<tr>\n<td align=\"center\" width=\"284\"><b>Gl\u00faten em p\u00f3<\/b><\/td>\n<td align=\"center\" width=\"284\">47.89<\/td>\n<\/tr>\n<tr>\n<td align=\"center\" width=\"284\"><b>Prote\u00edna de ervilha em p\u00f3<\/b><\/td>\n<td align=\"center\" width=\"284\">25<\/td>\n<\/tr>\n<tr>\n<td align=\"center\" width=\"284\"><a href=\"https:\/\/gumstabilizer.com\/resistant-dextrin-benefits\/\" target=\"_blank\" rel=\"noopener\"><b>Dextrina resistente<\/b><\/a><\/td>\n<td align=\"center\" width=\"284\">10<\/td>\n<\/tr>\n<tr>\n<td align=\"center\" width=\"284\"><b>Fibra de ervilha<\/b><\/td>\n<td align=\"center\" width=\"284\">7.3<\/td>\n<\/tr>\n<tr>\n<td align=\"center\" width=\"284\"><b>Aveia em p\u00f3<\/b><\/td>\n<td align=\"center\" width=\"284\">3<\/td>\n<\/tr>\n<tr>\n<td align=\"center\" width=\"284\"><b>Farinha de tapioca<\/b><\/td>\n<td align=\"center\" width=\"284\">3<\/td>\n<\/tr>\n<tr>\n<td align=\"center\" width=\"284\"><b>P\u00f3 de konjac<\/b><\/td>\n<td align=\"center\" width=\"284\">3<\/td>\n<\/tr>\n<tr>\n<td align=\"center\" width=\"284\"><b>Inulina<\/b><\/td>\n<td align=\"center\" width=\"284\">0.5<\/td>\n<\/tr>\n<tr>\n<td align=\"center\" width=\"284\"><b>Flavon\u00f3ides da folha da amoreira<\/b><\/td>\n<td align=\"center\" width=\"284\">0.1<\/td>\n<\/tr>\n<tr>\n<td align=\"center\" width=\"284\"><b>Extrato de feij\u00e3o branco<\/b><\/td>\n<td align=\"center\" width=\"284\">0.1<\/td>\n<\/tr>\n<tr>\n<td align=\"center\" width=\"284\"><b>A\u00e7\u00facar<\/b><\/td>\n<td align=\"center\" width=\"284\">0.1<\/td>\n<\/tr>\n<tr>\n<td align=\"center\" width=\"284\"><b>Sal<\/b><\/td>\n<td align=\"center\" width=\"284\">0.01<\/td>\n<\/tr>\n<\/tbody>\n<\/table>\n<p><strong>Peso l\u00edquido<\/strong>: 200g\/pacote<br \/>\n<strong>Apar\u00eancia<\/strong>: P\u00f3<br \/>\n<strong>Prazo de validade<\/strong>: 12 meses<br \/>\n<strong>Armazenamento<\/strong>: Conservar em local fresco e seco. Manter afastado da luz e do calor fortes.<\/p>\n<h2>Facturas nutricionais da farinha de p\u00e3o a granel:<\/h2>\n<table border=\"1\" cellspacing=\"1\">\n<tbody>\n<tr>\n<td width=\"284\"><b>Factos nutricionais<\/b><\/td>\n<td width=\"284\">Por dose (200g)<\/td>\n<\/tr>\n<tr>\n<td width=\"284\"><b>Energia<\/b><\/td>\n<td width=\"284\">340Kcal<\/td>\n<\/tr>\n<tr>\n<td width=\"284\"><b>Prote\u00edna<\/b><\/td>\n<td width=\"284\"><i>54g<\/i><\/td>\n<\/tr>\n<tr>\n<td width=\"284\"><b>Gordura total<\/b><\/td>\n<td width=\"284\">4g<\/td>\n<\/tr>\n<tr>\n<td width=\"284\"><b>Hidratos de carbono totais<\/b><\/td>\n<td width=\"284\">12g<\/td>\n<\/tr>\n<tr>\n<td width=\"284\"><b>Fibra alimentar<\/b><\/td>\n<td width=\"284\">0.252g<\/td>\n<\/tr>\n<tr>\n<td width=\"284\"><b>S\u00f3dio<\/b><\/td>\n<td width=\"284\">860mg<\/td>\n<\/tr>\n<\/tbody>\n<\/table>\n<h2>Prepara\u00e7\u00e3o da cozedura:<\/h2>\n<table border=\"1\" cellspacing=\"1\">\n<tbody>\n<tr>\n<td width=\"284\"><b>Farinha de p\u00e3o com baixo teor de carboidratos<\/b><\/td>\n<td width=\"284\">200g<\/td>\n<\/tr>\n<tr>\n<td width=\"284\"><b>Levedura<\/b><\/td>\n<td width=\"284\">3g<\/td>\n<\/tr>\n<tr>\n<td width=\"284\"><b>Manteiga<\/b><\/td>\n<td width=\"284\"><i>25g<\/i><\/td>\n<\/tr>\n<tr>\n<td width=\"284\"><b>\u00c1gua<\/b><\/td>\n<td width=\"284\">200g<\/td>\n<\/tr>\n<\/tbody>\n<\/table>\n<p><img fetchpriority=\"high\" decoding=\"async\" class=\"alignnone wp-image-2546 size-full\" src=\"https:\/\/sentaiyuanbio.com\/wp-content\/uploads\/2024\/07\/Bread-flour-supplier-1.jpg\" alt=\"Fornecedor de farinha de p\u00e3o, Farinha de p\u00e3o por atacado\" width=\"750\" height=\"550\" srcset=\"https:\/\/sentaiyuanbio.com\/wp-content\/uploads\/2024\/07\/Bread-flour-supplier-1.jpg 750w, https:\/\/sentaiyuanbio.com\/wp-content\/uploads\/2024\/07\/Bread-flour-supplier-1-300x220.jpg 300w, https:\/\/sentaiyuanbio.com\/wp-content\/uploads\/2024\/07\/Bread-flour-supplier-1-600x440.jpg 600w\" sizes=\"(max-width: 750px) 100vw, 750px\" \/><img decoding=\"async\" class=\"alignnone wp-image-2547 size-full\" src=\"https:\/\/sentaiyuanbio.com\/wp-content\/uploads\/2024\/07\/Bread-flour-supplier-2.jpg\" alt=\"Fornecedor de farinha de p\u00e3o, Farinha de p\u00e3o por atacado\" width=\"750\" height=\"499\" srcset=\"https:\/\/sentaiyuanbio.com\/wp-content\/uploads\/2024\/07\/Bread-flour-supplier-2.jpg 750w, https:\/\/sentaiyuanbio.com\/wp-content\/uploads\/2024\/07\/Bread-flour-supplier-2-300x200.jpg 300w, https:\/\/sentaiyuanbio.com\/wp-content\/uploads\/2024\/07\/Bread-flour-supplier-2-600x399.jpg 600w\" sizes=\"(max-width: 750px) 100vw, 750px\" \/><img decoding=\"async\" class=\"alignnone wp-image-2548 size-full\" src=\"https:\/\/sentaiyuanbio.com\/wp-content\/uploads\/2024\/07\/Bread-flour-supplier-3.jpg\" alt=\"Fornecedor de farinha de p\u00e3o, Farinha de p\u00e3o por atacado\" width=\"750\" height=\"437\" srcset=\"https:\/\/sentaiyuanbio.com\/wp-content\/uploads\/2024\/07\/Bread-flour-supplier-3.jpg 750w, https:\/\/sentaiyuanbio.com\/wp-content\/uploads\/2024\/07\/Bread-flour-supplier-3-300x175.jpg 300w, https:\/\/sentaiyuanbio.com\/wp-content\/uploads\/2024\/07\/Bread-flour-supplier-3-600x350.jpg 600w\" sizes=\"(max-width: 750px) 100vw, 750px\" \/><img loading=\"lazy\" decoding=\"async\" class=\"alignnone wp-image-2549 size-full\" src=\"https:\/\/sentaiyuanbio.com\/wp-content\/uploads\/2024\/07\/Bread-flour-supplier-4.jpg\" alt=\"Fornecedor de farinha de p\u00e3o, Farinha de p\u00e3o por atacado\" width=\"750\" height=\"603\" srcset=\"https:\/\/sentaiyuanbio.com\/wp-content\/uploads\/2024\/07\/Bread-flour-supplier-4.jpg 750w, https:\/\/sentaiyuanbio.com\/wp-content\/uploads\/2024\/07\/Bread-flour-supplier-4-300x241.jpg 300w, https:\/\/sentaiyuanbio.com\/wp-content\/uploads\/2024\/07\/Bread-flour-supplier-4-600x482.jpg 600w\" sizes=\"(max-width: 750px) 100vw, 750px\" \/><img loading=\"lazy\" decoding=\"async\" class=\"alignnone wp-image-2550 size-full\" src=\"https:\/\/sentaiyuanbio.com\/wp-content\/uploads\/2024\/07\/Bread-flour-supplier-5.jpg\" alt=\"Fornecedor de farinha de p\u00e3o, Farinha de p\u00e3o por atacado\" width=\"750\" height=\"362\" srcset=\"https:\/\/sentaiyuanbio.com\/wp-content\/uploads\/2024\/07\/Bread-flour-supplier-5.jpg 750w, https:\/\/sentaiyuanbio.com\/wp-content\/uploads\/2024\/07\/Bread-flour-supplier-5-300x145.jpg 300w, https:\/\/sentaiyuanbio.com\/wp-content\/uploads\/2024\/07\/Bread-flour-supplier-5-600x290.jpg 600w\" sizes=\"(max-width: 750px) 100vw, 750px\" \/><img loading=\"lazy\" decoding=\"async\" class=\"alignnone wp-image-2551 size-full\" src=\"https:\/\/sentaiyuanbio.com\/wp-content\/uploads\/2024\/07\/Bread-flour-supplier-6.jpg\" alt=\"Fornecedor de farinha de p\u00e3o, Farinha de p\u00e3o por atacado\" width=\"750\" height=\"472\" srcset=\"https:\/\/sentaiyuanbio.com\/wp-content\/uploads\/2024\/07\/Bread-flour-supplier-6.jpg 750w, https:\/\/sentaiyuanbio.com\/wp-content\/uploads\/2024\/07\/Bread-flour-supplier-6-300x189.jpg 300w, https:\/\/sentaiyuanbio.com\/wp-content\/uploads\/2024\/07\/Bread-flour-supplier-6-600x378.jpg 600w\" sizes=\"(max-width: 750px) 100vw, 750px\" \/><\/p>","protected":false},"excerpt":{"rendered":"<p>A nossa farinha de p\u00e3o a granel \u00e9 rica em prote\u00ednas e pode ser utilizada para fazer p\u00e3o franc\u00eas, baguetes e muito mais. O nosso MOQ de farinha de p\u00e3o \u00e9 t\u00e3o baixo quanto 100 caixas para uso comercial apenas!<br \/>\nSentaiyuan \u00e9 uma empresa de produ\u00e7\u00e3o e venda de alimentos Konjac com mais de 30 anos de experi\u00eancia. Sentaiyuan \u00e9 um fornecedor de confian\u00e7a de farinha de p\u00e3o e por grosso, e a nossa farinha nunca compromete a baixa qualidade.<\/p>","protected":false},"featured_media":4165,"template":"","meta":{"site-sidebar-layout":"default","site-content-layout":"","ast-site-content-layout":"default","site-content-style":"default","site-sidebar-style":"default","ast-global-header-display":"","ast-banner-title-visibility":"","ast-main-header-display":"","ast-hfb-above-header-display":"","ast-hfb-below-header-display":"","ast-hfb-mobile-header-display":"","site-post-title":"","ast-breadcrumbs-content":"","ast-featured-img":"","footer-sml-layout":"","ast-disable-related-posts":"","theme-transparent-header-meta":"default","adv-header-id-meta":"","stick-header-meta":"default","header-above-stick-meta":"","header-main-stick-meta":"","header-below-stick-meta":"","astra-migrate-meta-layouts":"set","ast-page-background-enabled":"default","ast-page-background-meta":{"desktop":{"background-color":"","background-image":"","background-repeat":"repeat","background-position":"center center","background-size":"auto","background-attachment":"scroll","background-type":"","background-media":"","overlay-type":"","overlay-color":"","overlay-opacity":"","overlay-gradient":""},"tablet":{"background-color":"","background-image":"","background-repeat":"repeat","background-position":"center center","background-size":"auto","background-attachment":"scroll","background-type":"","background-media":"","overlay-type":"","overlay-color":"","overlay-opacity":"","overlay-gradient":""},"mobile":{"background-color":"","background-image":"","background-repeat":"repeat","background-position":"center center","background-size":"auto","background-attachment":"scroll","background-type":"","background-media":"","overlay-type":"","overlay-color":"","overlay-opacity":"","overlay-gradient":""}},"ast-content-background-meta":{"desktop":{"background-color":"var(--ast-global-color-5)","background-image":"","background-repeat":"repeat","background-position":"center center","background-size":"auto","background-attachment":"scroll","background-type":"","background-media":"","overlay-type":"","overlay-color":"","overlay-opacity":"","overlay-gradient":""},"tablet":{"background-color":"var(--ast-global-color-5)","background-image":"","background-repeat":"repeat","background-position":"center center","background-size":"auto","background-attachment":"scroll","background-type":"","background-media":"","overlay-type":"","overlay-color":"","overlay-opacity":"","overlay-gradient":""},"mobile":{"background-color":"var(--ast-global-color-5)","background-image":"","background-repeat":"repeat","background-position":"center center","background-size":"auto","background-attachment":"scroll","background-type":"","background-media":"","overlay-type":"","overlay-color":"","overlay-opacity":"","overlay-gradient":""}}},"product_brand":[],"product_cat":[24],"product_tag":[],"class_list":{"0":"post-2541","1":"product","2":"type-product","3":"status-publish","4":"has-post-thumbnail","6":"product_cat-konjac-dietary-fiber","7":"desktop-align-left","8":"tablet-align-left","9":"mobile-align-left","10":"ast-product-gallery-layout-horizontal-slider","11":"ast-product-tabs-layout-horizontal","13":"first","14":"instock","15":"shipping-taxable","16":"product-type-simple"},"_links":{"self":[{"href":"https:\/\/sentaiyuanbio.com\/pt\/wp-json\/wp\/v2\/product\/2541","targetHints":{"allow":["GET"]}}],"collection":[{"href":"https:\/\/sentaiyuanbio.com\/pt\/wp-json\/wp\/v2\/product"}],"about":[{"href":"https:\/\/sentaiyuanbio.com\/pt\/wp-json\/wp\/v2\/types\/product"}],"version-history":[{"count":0,"href":"https:\/\/sentaiyuanbio.com\/pt\/wp-json\/wp\/v2\/product\/2541\/revisions"}],"wp:featuredmedia":[{"embeddable":true,"href":"https:\/\/sentaiyuanbio.com\/pt\/wp-json\/wp\/v2\/media\/4165"}],"wp:attachment":[{"href":"https:\/\/sentaiyuanbio.com\/pt\/wp-json\/wp\/v2\/media?parent=2541"}],"wp:term":[{"taxonomy":"product_brand","embeddable":true,"href":"https:\/\/sentaiyuanbio.com\/pt\/wp-json\/wp\/v2\/product_brand?post=2541"},{"taxonomy":"product_cat","embeddable":true,"href":"https:\/\/sentaiyuanbio.com\/pt\/wp-json\/wp\/v2\/product_cat?post=2541"},{"taxonomy":"product_tag","embeddable":true,"href":"https:\/\/sentaiyuanbio.com\/pt\/wp-json\/wp\/v2\/product_tag?post=2541"}],"curies":[{"name":"wp","href":"https:\/\/api.w.org\/{rel}","templated":true}]}}