{"id":2627,"date":"2024-07-26T07:34:26","date_gmt":"2024-07-26T07:34:26","guid":{"rendered":"https:\/\/sentaiyuanbio.com\/?post_type=product&#038;p=2627"},"modified":"2025-02-26T08:40:38","modified_gmt":"2025-02-26T08:40:38","slug":"mistura-para-panquecas-com-elevado-teor-de-proteinas","status":"publish","type":"product","link":"https:\/\/sentaiyuanbio.com\/pt\/produto\/mistura-para-panquecas-com-elevado-teor-de-proteinas\/","title":{"rendered":"Mistura para panquecas com alto teor de prote\u00edna, fornecedor de mistura para panquecas por atacado"},"content":{"rendered":"<h2>Ingrediente da mistura para panquecas com elevado teor de prote\u00ednas:<\/h2>\n<p><a href=\"https:\/\/www.healthline.com\/nutrition\/erythritol\" target=\"_blank\" rel=\"noopener\">Eritritol<\/a>, Prote\u00edna de ervilha em p\u00f3, gl\u00faten em p\u00f3, farinha de aveia, dextrina resistente, leite em p\u00f3, lactato de c\u00e1lcio, <a href=\"https:\/\/sentaiyuanbio.com\/pt\/produto\/po-de-konjac\/\" target=\"_blank\" rel=\"noopener\">P\u00f3 de konjac<\/a>, Inulina, gluconato de zinco e pirofosfato de ferro.<\/p>\n<table border=\"1\" cellspacing=\"1\">\n<tbody>\n<tr>\n<td width=\"284\"><b>Item<\/b><\/td>\n<td width=\"284\">%<\/td>\n<\/tr>\n<tr>\n<td width=\"284\"><b>Eritritol<\/b><\/td>\n<td width=\"284\">34.88<\/td>\n<\/tr>\n<tr>\n<td width=\"284\"><b>Prote\u00edna de ervilha em p\u00f3<\/b><\/td>\n<td width=\"284\">20<\/td>\n<\/tr>\n<tr>\n<td width=\"284\"><b>Gl\u00faten em p\u00f3<\/b><\/td>\n<td width=\"284\">15<\/td>\n<\/tr>\n<tr>\n<td width=\"284\"><b>Farinha de aveia<\/b><\/td>\n<td width=\"284\">15<\/td>\n<\/tr>\n<tr>\n<td width=\"284\"><b>Leite em p\u00f3<\/b><\/td>\n<td width=\"284\">8<\/td>\n<\/tr>\n<tr>\n<td width=\"284\"><b>Dextrina resistente<\/b><\/td>\n<td width=\"284\">3<\/td>\n<\/tr>\n<tr>\n<td width=\"284\"><b>Konjac em p\u00f3<\/b><\/td>\n<td width=\"284\">3<\/td>\n<\/tr>\n<tr>\n<td width=\"284\"><b>Inulina<\/b><\/td>\n<td width=\"284\">1<\/td>\n<\/tr>\n<tr>\n<td width=\"284\"><b>Lactato de c\u00e1lcio<\/b><\/td>\n<td width=\"284\">0.1<\/td>\n<\/tr>\n<tr>\n<td width=\"284\"><b>Gluconato de zinco<\/b><\/td>\n<td width=\"284\">0.01<\/td>\n<\/tr>\n<tr>\n<td width=\"284\"><b>Pirofosfato de ferro<\/b><\/td>\n<td width=\"284\">0.01<\/td>\n<\/tr>\n<\/tbody>\n<\/table>\n<p><strong>Peso l\u00edquido<\/strong>: 150g\/pacote<br \/>\n<strong>Apar\u00eancia<\/strong>: P\u00f3<br \/>\n<strong>Prazo de validade<\/strong>: 12 meses<br \/>\n<strong>Armazenamento<\/strong>: Conservar em local fresco e seco e ao abrigo da luz e calor fortes.<\/p>\n<h2>Factos nutricionais da mistura para panquecas com elevado teor de prote\u00ednas:<\/h2>\n<table border=\"1\" cellspacing=\"1\">\n<tbody>\n<tr>\n<td width=\"284\"><b>Factos nutricionais<\/b><\/td>\n<td width=\"284\">Por dose<\/td>\n<\/tr>\n<tr>\n<td width=\"284\"><b>Energia<\/b><\/td>\n<td width=\"284\">211Kcal<\/td>\n<\/tr>\n<tr>\n<td width=\"284\"><b>Prote\u00edna<\/b><\/td>\n<td width=\"284\">25g<\/td>\n<\/tr>\n<tr>\n<td width=\"284\"><b>Gordura total<\/b><\/td>\n<td width=\"284\">1.1g<\/td>\n<\/tr>\n<tr>\n<td width=\"284\"><b>Hidratos de carbono totais<\/b><\/td>\n<td width=\"284\">20g<\/td>\n<\/tr>\n<tr>\n<td width=\"284\"><b>Fibra alimentar<\/b><\/td>\n<td width=\"284\">9.1g<\/td>\n<\/tr>\n<\/tbody>\n<\/table>\n<h2>Prepara\u00e7\u00e3o da cozedura<\/h2>\n<table border=\"1\" cellspacing=\"1\">\n<tbody>\n<tr>\n<td width=\"284\"><b>Mistura para panquecas de prote\u00edna com baixo teor de carboidratos<\/b><\/td>\n<td width=\"284\">150g<\/td>\n<\/tr>\n<tr>\n<td width=\"284\"><b>Leite<\/b><\/td>\n<td width=\"284\">150g<\/td>\n<\/tr>\n<tr>\n<td width=\"284\"><b>Ovo<\/b><\/td>\n<td width=\"284\">1 unidade<\/td>\n<\/tr>\n<\/tbody>\n<\/table>\n<p><img fetchpriority=\"high\" decoding=\"async\" class=\"alignnone wp-image-2632 size-full\" src=\"https:\/\/sentaiyuanbio.com\/wp-content\/uploads\/2024\/07\/Wholesale-pancake-mix-1.jpg\" alt=\"Fornecedor grossista de mistura para panquecas\" width=\"750\" height=\"649\" srcset=\"https:\/\/sentaiyuanbio.com\/wp-content\/uploads\/2024\/07\/Wholesale-pancake-mix-1.jpg 750w, https:\/\/sentaiyuanbio.com\/wp-content\/uploads\/2024\/07\/Wholesale-pancake-mix-1-300x260.jpg 300w, https:\/\/sentaiyuanbio.com\/wp-content\/uploads\/2024\/07\/Wholesale-pancake-mix-1-600x519.jpg 600w\" sizes=\"(max-width: 750px) 100vw, 750px\" \/><img decoding=\"async\" class=\"alignnone wp-image-2633 size-full\" src=\"https:\/\/sentaiyuanbio.com\/wp-content\/uploads\/2024\/07\/Wholesale-pancake-mix-2.jpg\" alt=\"Fornecedor grossista de mistura para panquecas\" width=\"750\" height=\"342\" srcset=\"https:\/\/sentaiyuanbio.com\/wp-content\/uploads\/2024\/07\/Wholesale-pancake-mix-2.jpg 750w, https:\/\/sentaiyuanbio.com\/wp-content\/uploads\/2024\/07\/Wholesale-pancake-mix-2-300x137.jpg 300w, https:\/\/sentaiyuanbio.com\/wp-content\/uploads\/2024\/07\/Wholesale-pancake-mix-2-600x274.jpg 600w\" sizes=\"(max-width: 750px) 100vw, 750px\" \/><img decoding=\"async\" class=\"alignnone wp-image-2634 size-full\" src=\"https:\/\/sentaiyuanbio.com\/wp-content\/uploads\/2024\/07\/Wholesale-pancake-mix-3.jpg\" alt=\"Fornecedor grossista de mistura para panquecas\" width=\"750\" height=\"604\" srcset=\"https:\/\/sentaiyuanbio.com\/wp-content\/uploads\/2024\/07\/Wholesale-pancake-mix-3.jpg 750w, https:\/\/sentaiyuanbio.com\/wp-content\/uploads\/2024\/07\/Wholesale-pancake-mix-3-300x242.jpg 300w, https:\/\/sentaiyuanbio.com\/wp-content\/uploads\/2024\/07\/Wholesale-pancake-mix-3-600x483.jpg 600w\" sizes=\"(max-width: 750px) 100vw, 750px\" \/><img loading=\"lazy\" decoding=\"async\" class=\"alignnone wp-image-2635 size-full\" src=\"https:\/\/sentaiyuanbio.com\/wp-content\/uploads\/2024\/07\/Wholesale-pancake-mix-4.jpg\" alt=\"Fornecedor grossista de mistura para panquecas\" width=\"750\" height=\"606\" srcset=\"https:\/\/sentaiyuanbio.com\/wp-content\/uploads\/2024\/07\/Wholesale-pancake-mix-4.jpg 750w, https:\/\/sentaiyuanbio.com\/wp-content\/uploads\/2024\/07\/Wholesale-pancake-mix-4-300x242.jpg 300w, https:\/\/sentaiyuanbio.com\/wp-content\/uploads\/2024\/07\/Wholesale-pancake-mix-4-600x485.jpg 600w\" sizes=\"(max-width: 750px) 100vw, 750px\" \/><img loading=\"lazy\" decoding=\"async\" class=\"alignnone wp-image-2636 size-full\" src=\"https:\/\/sentaiyuanbio.com\/wp-content\/uploads\/2024\/07\/Wholesale-pancake-mix-5.jpg\" alt=\"Fornecedor grossista de mistura para panquecas\" width=\"750\" height=\"627\" srcset=\"https:\/\/sentaiyuanbio.com\/wp-content\/uploads\/2024\/07\/Wholesale-pancake-mix-5.jpg 750w, https:\/\/sentaiyuanbio.com\/wp-content\/uploads\/2024\/07\/Wholesale-pancake-mix-5-300x251.jpg 300w, https:\/\/sentaiyuanbio.com\/wp-content\/uploads\/2024\/07\/Wholesale-pancake-mix-5-600x502.jpg 600w\" sizes=\"(max-width: 750px) 100vw, 750px\" \/><img loading=\"lazy\" decoding=\"async\" class=\"alignnone wp-image-2637 size-full\" style=\"font-style: inherit; font-weight: 600;\" src=\"https:\/\/sentaiyuanbio.com\/wp-content\/uploads\/2024\/07\/Wholesale-pancake-mix-6.jpg\" alt=\"Fornecedor grossista de mistura para panquecas\" width=\"750\" height=\"814\" srcset=\"https:\/\/sentaiyuanbio.com\/wp-content\/uploads\/2024\/07\/Wholesale-pancake-mix-6.jpg 750w, https:\/\/sentaiyuanbio.com\/wp-content\/uploads\/2024\/07\/Wholesale-pancake-mix-6-276x300.jpg 276w, https:\/\/sentaiyuanbio.com\/wp-content\/uploads\/2024\/07\/Wholesale-pancake-mix-6-553x600.jpg 553w, https:\/\/sentaiyuanbio.com\/wp-content\/uploads\/2024\/07\/Wholesale-pancake-mix-6-600x651.jpg 600w\" sizes=\"(max-width: 750px) 100vw, 750px\" \/><\/p>","protected":false},"excerpt":{"rendered":"<p>A nossa mistura para panquecas com elevado teor de prote\u00ednas \u00e9 uma mistura para panquecas e waffles. Uma mistura de prote\u00edna de ervilha em p\u00f3, farinha de aveia e farinha de konjac fornece 25 gramas de prote\u00edna por por\u00e7\u00e3o. Esta mistura caseira de prote\u00edna para panquecas \u00e9 feita com 7 ingredientes e tem apenas 20 gramas de carboidratos totais por por\u00e7\u00e3o! Sentaiyuan \u00e9 um fornecedor grossista e de confian\u00e7a de mistura para panquecas, e a nossa mistura de prote\u00edna para panquecas nunca compromete a baixa qualidade.<\/p>","protected":false},"featured_media":4164,"template":"","meta":{"site-sidebar-layout":"default","site-content-layout":"","ast-site-content-layout":"default","site-content-style":"default","site-sidebar-style":"default","ast-global-header-display":"","ast-banner-title-visibility":"","ast-main-header-display":"","ast-hfb-above-header-display":"","ast-hfb-below-header-display":"","ast-hfb-mobile-header-display":"","site-post-title":"","ast-breadcrumbs-content":"","ast-featured-img":"","footer-sml-layout":"","ast-disable-related-posts":"","theme-transparent-header-meta":"default","adv-header-id-meta":"","stick-header-meta":"default","header-above-stick-meta":"","header-main-stick-meta":"","header-below-stick-meta":"","astra-migrate-meta-layouts":"set","ast-page-background-enabled":"default","ast-page-background-meta":{"desktop":{"background-color":"","background-image":"","background-repeat":"repeat","background-position":"center center","background-size":"auto","background-attachment":"scroll","background-type":"","background-media":"","overlay-type":"","overlay-color":"","overlay-opacity":"","overlay-gradient":""},"tablet":{"background-color":"","background-image":"","background-repeat":"repeat","background-position":"center center","background-size":"auto","background-attachment":"scroll","background-type":"","background-media":"","overlay-type":"","overlay-color":"","overlay-opacity":"","overlay-gradient":""},"mobile":{"background-color":"","background-image":"","background-repeat":"repeat","background-position":"center center","background-size":"auto","background-attachment":"scroll","background-type":"","background-media":"","overlay-type":"","overlay-color":"","overlay-opacity":"","overlay-gradient":""}},"ast-content-background-meta":{"desktop":{"background-color":"var(--ast-global-color-5)","background-image":"","background-repeat":"repeat","background-position":"center center","background-size":"auto","background-attachment":"scroll","background-type":"","background-media":"","overlay-type":"","overlay-color":"","overlay-opacity":"","overlay-gradient":""},"tablet":{"background-color":"var(--ast-global-color-5)","background-image":"","background-repeat":"repeat","background-position":"center center","background-size":"auto","background-attachment":"scroll","background-type":"","background-media":"","overlay-type":"","overlay-color":"","overlay-opacity":"","overlay-gradient":""},"mobile":{"background-color":"var(--ast-global-color-5)","background-image":"","background-repeat":"repeat","background-position":"center center","background-size":"auto","background-attachment":"scroll","background-type":"","background-media":"","overlay-type":"","overlay-color":"","overlay-opacity":"","overlay-gradient":""}}},"product_brand":[],"product_cat":[24],"product_tag":[],"class_list":{"0":"post-2627","1":"product","2":"type-product","3":"status-publish","4":"has-post-thumbnail","6":"product_cat-konjac-dietary-fiber","7":"desktop-align-left","8":"tablet-align-left","9":"mobile-align-left","10":"ast-product-gallery-layout-horizontal-slider","11":"ast-product-tabs-layout-horizontal","13":"first","14":"instock","15":"shipping-taxable","16":"product-type-simple"},"_links":{"self":[{"href":"https:\/\/sentaiyuanbio.com\/pt\/wp-json\/wp\/v2\/product\/2627","targetHints":{"allow":["GET"]}}],"collection":[{"href":"https:\/\/sentaiyuanbio.com\/pt\/wp-json\/wp\/v2\/product"}],"about":[{"href":"https:\/\/sentaiyuanbio.com\/pt\/wp-json\/wp\/v2\/types\/product"}],"version-history":[{"count":0,"href":"https:\/\/sentaiyuanbio.com\/pt\/wp-json\/wp\/v2\/product\/2627\/revisions"}],"wp:featuredmedia":[{"embeddable":true,"href":"https:\/\/sentaiyuanbio.com\/pt\/wp-json\/wp\/v2\/media\/4164"}],"wp:attachment":[{"href":"https:\/\/sentaiyuanbio.com\/pt\/wp-json\/wp\/v2\/media?parent=2627"}],"wp:term":[{"taxonomy":"product_brand","embeddable":true,"href":"https:\/\/sentaiyuanbio.com\/pt\/wp-json\/wp\/v2\/product_brand?post=2627"},{"taxonomy":"product_cat","embeddable":true,"href":"https:\/\/sentaiyuanbio.com\/pt\/wp-json\/wp\/v2\/product_cat?post=2627"},{"taxonomy":"product_tag","embeddable":true,"href":"https:\/\/sentaiyuanbio.com\/pt\/wp-json\/wp\/v2\/product_tag?post=2627"}],"curies":[{"name":"wp","href":"https:\/\/api.w.org\/{rel}","templated":true}]}}