{"id":2786,"date":"2024-09-24T06:47:49","date_gmt":"2024-09-24T06:47:49","guid":{"rendered":"https:\/\/sentaiyuanbio.com\/?post_type=product&#038;p=2786"},"modified":"2025-12-05T06:00:26","modified_gmt":"2025-12-05T06:00:26","slug":"ramen-instantaneo-de-alta-proteina-sabor-a-carne-de-vaca","status":"publish","type":"product","link":"https:\/\/sentaiyuanbio.com\/pt\/produto\/ramen-instantaneo-de-alta-proteina-sabor-a-carne-de-vaca\/","title":{"rendered":"Ramen instant\u00e2neo de alta prote\u00edna com sabor a carne de vaca, Ramen de prote\u00edna vegetal"},"content":{"rendered":"<h2>Ramen instant\u00e2neo de alta prote\u00edna, Ingredientes de Ramen de Prote\u00edna Vegetal<\/h2>\n<p>Ingredientes de Ramen: Gl\u00faten de trigo vital, prote\u00edna de ervilha, farinha de trigo, farinha de trigo sarraceno, fibra de ervilha em p\u00f3, farinha de arroz glutinoso, folha de amoreira, <a href=\"https:\/\/sentaiyuanbio.com\/pt\/produto\/po-de-konjac\/\" target=\"_blank\" rel=\"noopener\">P\u00f3 de konjac<\/a>, <a href=\"https:\/\/hethstia.com\/konjac-powder-vs-xanthan-gum\/\" target=\"_blank\" rel=\"noopener\">Goma xantana<\/a>, Carbonato de s\u00f3dio.<\/p>\n<p>Tempero para carne de vaca: Maltodextrina, sal, a\u00e7\u00facar branco granulado, coco em p\u00f3, ess\u00eancia comest\u00edvel, 5\u2019-ribonucle\u00f3tido diss\u00f3dico, prote\u00edna vegetal hidrolisada, cebola em p\u00f3, malagueta em p\u00f3, alho em p\u00f3, extrato de levedura, condimento (caril em p\u00f3, pimenta mo\u00edda), <a href=\"https:\/\/www.healthline.com\/health\/food-nutrition\/is-silicon-dioxide-in-supplements-safe\" target=\"_blank\" rel=\"noopener\">Di\u00f3xido de sil\u00edcio<\/a>.<\/p>\n<p>Legumes: Cebolinha verde, Cenoura.<\/p>\n<p>Cont\u00e9m: Produtos \u00e0 base de soja<\/p>\n<h2>Factos nutricionais do Ramen Instant\u00e2neo com elevado teor proteico<\/h2>\n<table border=\"1\" cellspacing=\"1\">\n<tbody>\n<tr>\n<td colspan=\"2\" align=\"center\">Factos nutricionais (62g)<\/td>\n<\/tr>\n<tr>\n<td align=\"center\" width=\"284\"><b>Energia<\/b><\/td>\n<td align=\"center\" width=\"284\">230kcal<\/td>\n<\/tr>\n<tr>\n<td align=\"center\" width=\"284\"><b>Prote\u00edna<\/b><\/td>\n<td align=\"center\" width=\"284\">32g<\/td>\n<\/tr>\n<tr>\n<td align=\"center\" width=\"284\"><b>Gordura total<\/b><\/td>\n<td align=\"center\" width=\"284\">3g<\/td>\n<\/tr>\n<tr>\n<td align=\"center\" width=\"284\"><b>Hidratos de carbono totais<\/b><\/td>\n<td align=\"center\" width=\"284\">21g<\/td>\n<\/tr>\n<tr>\n<td align=\"center\" width=\"284\"><b>Fibra alimentar<\/b><\/td>\n<td align=\"center\" width=\"284\">5g<\/td>\n<\/tr>\n<tr>\n<td align=\"center\" width=\"284\"><b>S\u00f3dio<\/b><\/td>\n<td align=\"center\" width=\"284\">630mg<\/td>\n<\/tr>\n<\/tbody>\n<\/table>\n<p><img fetchpriority=\"high\" decoding=\"async\" class=\"alignnone wp-image-2793 size-full\" title=\"Ramen instant\u00e2neo de alta prote\u00edna com sabor a carne de vaca\" src=\"https:\/\/sentaiyuanbio.com\/wp-content\/uploads\/2024\/09\/high-protein-noodles-ramen-1.jpg\" alt=\"macarr\u00e3o com alto teor de prote\u00ednas ramen\" width=\"750\" height=\"604\" srcset=\"https:\/\/sentaiyuanbio.com\/wp-content\/uploads\/2024\/09\/high-protein-noodles-ramen-1.jpg 750w, https:\/\/sentaiyuanbio.com\/wp-content\/uploads\/2024\/09\/high-protein-noodles-ramen-1-300x242.jpg 300w, https:\/\/sentaiyuanbio.com\/wp-content\/uploads\/2024\/09\/high-protein-noodles-ramen-1-600x483.jpg 600w\" sizes=\"(max-width: 750px) 100vw, 750px\" \/> <img decoding=\"async\" class=\"alignnone wp-image-2794 size-full\" title=\"Ramen instant\u00e2neo de alta prote\u00edna com sabor a carne de vaca\" src=\"https:\/\/sentaiyuanbio.com\/wp-content\/uploads\/2024\/09\/high-protein-noodles-ramen-2.jpg\" alt=\"Ramen instant\u00e2neo de alta prote\u00edna com sabor a carne de vaca\" width=\"750\" height=\"589\" srcset=\"https:\/\/sentaiyuanbio.com\/wp-content\/uploads\/2024\/09\/high-protein-noodles-ramen-2.jpg 750w, https:\/\/sentaiyuanbio.com\/wp-content\/uploads\/2024\/09\/high-protein-noodles-ramen-2-300x236.jpg 300w, https:\/\/sentaiyuanbio.com\/wp-content\/uploads\/2024\/09\/high-protein-noodles-ramen-2-600x471.jpg 600w\" sizes=\"(max-width: 750px) 100vw, 750px\" \/> <img decoding=\"async\" class=\"alignnone wp-image-2795 size-full\" title=\"Ramen instant\u00e2neo de alta prote\u00edna com sabor a carne de vaca\" src=\"https:\/\/sentaiyuanbio.com\/wp-content\/uploads\/2024\/09\/high-protein-noodles-ramen-3.jpg\" alt=\"Ramen instant\u00e2neo de alta prote\u00edna com sabor a carne de vaca\" width=\"750\" height=\"451\" srcset=\"https:\/\/sentaiyuanbio.com\/wp-content\/uploads\/2024\/09\/high-protein-noodles-ramen-3.jpg 750w, https:\/\/sentaiyuanbio.com\/wp-content\/uploads\/2024\/09\/high-protein-noodles-ramen-3-300x180.jpg 300w, https:\/\/sentaiyuanbio.com\/wp-content\/uploads\/2024\/09\/high-protein-noodles-ramen-3-600x361.jpg 600w\" sizes=\"(max-width: 750px) 100vw, 750px\" \/> <img loading=\"lazy\" decoding=\"async\" class=\"alignnone wp-image-2796 size-full\" title=\"Ramen instant\u00e2neo de alta prote\u00edna com sabor a carne de vaca\" src=\"https:\/\/sentaiyuanbio.com\/wp-content\/uploads\/2024\/09\/high-protein-noodles-ramen-4.jpg\" alt=\"macarr\u00e3o com alto teor de prote\u00ednas ramen\" width=\"750\" height=\"569\" srcset=\"https:\/\/sentaiyuanbio.com\/wp-content\/uploads\/2024\/09\/high-protein-noodles-ramen-4.jpg 750w, https:\/\/sentaiyuanbio.com\/wp-content\/uploads\/2024\/09\/high-protein-noodles-ramen-4-300x228.jpg 300w, https:\/\/sentaiyuanbio.com\/wp-content\/uploads\/2024\/09\/high-protein-noodles-ramen-4-600x455.jpg 600w\" sizes=\"(max-width: 750px) 100vw, 750px\" \/> <img loading=\"lazy\" decoding=\"async\" class=\"alignnone wp-image-2797 size-full\" title=\"Ramen instant\u00e2neo de alta prote\u00edna com sabor a carne de vaca\" src=\"https:\/\/sentaiyuanbio.com\/wp-content\/uploads\/2024\/09\/high-protein-noodles-ramen-5.jpg\" alt=\"macarr\u00e3o com alto teor de prote\u00ednas ramen\" width=\"750\" height=\"818\" srcset=\"https:\/\/sentaiyuanbio.com\/wp-content\/uploads\/2024\/09\/high-protein-noodles-ramen-5.jpg 750w, https:\/\/sentaiyuanbio.com\/wp-content\/uploads\/2024\/09\/high-protein-noodles-ramen-5-275x300.jpg 275w, https:\/\/sentaiyuanbio.com\/wp-content\/uploads\/2024\/09\/high-protein-noodles-ramen-5-550x600.jpg 550w, https:\/\/sentaiyuanbio.com\/wp-content\/uploads\/2024\/09\/high-protein-noodles-ramen-5-600x654.jpg 600w\" sizes=\"(max-width: 750px) 100vw, 750px\" \/> <img loading=\"lazy\" decoding=\"async\" class=\"alignnone wp-image-2798 size-full\" title=\"Ramen instant\u00e2neo de alta prote\u00edna com sabor a carne de vaca\" src=\"https:\/\/sentaiyuanbio.com\/wp-content\/uploads\/2024\/09\/high-protein-noodles-ramen-6.jpg\" alt=\"Ramen instant\u00e2neo de alta prote\u00edna com sabor a carne de vaca\" width=\"750\" height=\"531\" srcset=\"https:\/\/sentaiyuanbio.com\/wp-content\/uploads\/2024\/09\/high-protein-noodles-ramen-6.jpg 750w, https:\/\/sentaiyuanbio.com\/wp-content\/uploads\/2024\/09\/high-protein-noodles-ramen-6-300x212.jpg 300w, https:\/\/sentaiyuanbio.com\/wp-content\/uploads\/2024\/09\/high-protein-noodles-ramen-6-600x425.jpg 600w\" sizes=\"(max-width: 750px) 100vw, 750px\" \/><\/p>\n<h2>Instru\u00e7\u00f5es de cozedura da massa com elevado teor proteico Ramen Beef Flavor<\/h2>\n<ul>\n<li>Coloque o ramen de prote\u00edna vegetal e os pacotes de temperos numa tigela.<\/li>\n<li>Deite \u00e1gua a ferver sobre o ramen at\u00e9 ficar numa posi\u00e7\u00e3o moderada.<\/li>\n<li>Aguarde cerca de 5 minutos e desfrute!<\/li>\n<\/ul>\n<p><a href=\"https:\/\/sentaiyuanbio.com\/wp-content\/uploads\/woocommerce_uploads\/2024\/09\/Instant-high-protein-ramen-spicy-beef-flavor-yytbao.pdf\" target=\"_blank\" rel=\"noopener\"><b>Descarregar Relat\u00f3rio SGS do ramen instant\u00e2neo com elevado teor de prote\u00ednas (sabor a carne picante)<\/b><\/a><\/p>","protected":false},"excerpt":{"rendered":"<p>O macarr\u00e3o instant\u00e2neo de ramen com alto teor de prote\u00ednas Sentaiyuan tem baixo teor de gordura e \u00e9 rico em nutrientes. 30% menos hidratos de carbono e 80% mais prote\u00ednas em compara\u00e7\u00e3o com outras massas. Com um peso l\u00edquido de 62 gramas por por\u00e7\u00e3o, cada por\u00e7\u00e3o de ramen tem uns impressionantes 32 g de prote\u00ednas.<\/p>","protected":false},"featured_media":5511,"template":"","meta":{"site-sidebar-layout":"default","site-content-layout":"","ast-site-content-layout":"default","site-content-style":"default","site-sidebar-style":"default","ast-global-header-display":"","ast-banner-title-visibility":"","ast-main-header-display":"","ast-hfb-above-header-display":"","ast-hfb-below-header-display":"","ast-hfb-mobile-header-display":"","site-post-title":"","ast-breadcrumbs-content":"","ast-featured-img":"","footer-sml-layout":"","ast-disable-related-posts":"","theme-transparent-header-meta":"default","adv-header-id-meta":"","stick-header-meta":"default","header-above-stick-meta":"","header-main-stick-meta":"","header-below-stick-meta":"","astra-migrate-meta-layouts":"set","ast-page-background-enabled":"default","ast-page-background-meta":{"desktop":{"background-color":"","background-image":"","background-repeat":"repeat","background-position":"center center","background-size":"auto","background-attachment":"scroll","background-type":"","background-media":"","overlay-type":"","overlay-color":"","overlay-opacity":"","overlay-gradient":""},"tablet":{"background-color":"","background-image":"","background-repeat":"repeat","background-position":"center center","background-size":"auto","background-attachment":"scroll","background-type":"","background-media":"","overlay-type":"","overlay-color":"","overlay-opacity":"","overlay-gradient":""},"mobile":{"background-color":"","background-image":"","background-repeat":"repeat","background-position":"center center","background-size":"auto","background-attachment":"scroll","background-type":"","background-media":"","overlay-type":"","overlay-color":"","overlay-opacity":"","overlay-gradient":""}},"ast-content-background-meta":{"desktop":{"background-color":"var(--ast-global-color-5)","background-image":"","background-repeat":"repeat","background-position":"center center","background-size":"auto","background-attachment":"scroll","background-type":"","background-media":"","overlay-type":"","overlay-color":"","overlay-opacity":"","overlay-gradient":""},"tablet":{"background-color":"var(--ast-global-color-5)","background-image":"","background-repeat":"repeat","background-position":"center center","background-size":"auto","background-attachment":"scroll","background-type":"","background-media":"","overlay-type":"","overlay-color":"","overlay-opacity":"","overlay-gradient":""},"mobile":{"background-color":"var(--ast-global-color-5)","background-image":"","background-repeat":"repeat","background-position":"center center","background-size":"auto","background-attachment":"scroll","background-type":"","background-media":"","overlay-type":"","overlay-color":"","overlay-opacity":"","overlay-gradient":""}}},"product_brand":[],"product_cat":[248],"product_tag":[],"class_list":{"0":"post-2786","1":"product","2":"type-product","3":"status-publish","4":"has-post-thumbnail","6":"product_cat-low-carb-high-protein-noodles","7":"desktop-align-left","8":"tablet-align-left","9":"mobile-align-left","10":"ast-product-gallery-layout-horizontal-slider","11":"ast-product-tabs-layout-horizontal","13":"first","14":"instock","15":"shipping-taxable","16":"product-type-simple"},"_links":{"self":[{"href":"https:\/\/sentaiyuanbio.com\/pt\/wp-json\/wp\/v2\/product\/2786","targetHints":{"allow":["GET"]}}],"collection":[{"href":"https:\/\/sentaiyuanbio.com\/pt\/wp-json\/wp\/v2\/product"}],"about":[{"href":"https:\/\/sentaiyuanbio.com\/pt\/wp-json\/wp\/v2\/types\/product"}],"version-history":[{"count":0,"href":"https:\/\/sentaiyuanbio.com\/pt\/wp-json\/wp\/v2\/product\/2786\/revisions"}],"wp:featuredmedia":[{"embeddable":true,"href":"https:\/\/sentaiyuanbio.com\/pt\/wp-json\/wp\/v2\/media\/5511"}],"wp:attachment":[{"href":"https:\/\/sentaiyuanbio.com\/pt\/wp-json\/wp\/v2\/media?parent=2786"}],"wp:term":[{"taxonomy":"product_brand","embeddable":true,"href":"https:\/\/sentaiyuanbio.com\/pt\/wp-json\/wp\/v2\/product_brand?post=2786"},{"taxonomy":"product_cat","embeddable":true,"href":"https:\/\/sentaiyuanbio.com\/pt\/wp-json\/wp\/v2\/product_cat?post=2786"},{"taxonomy":"product_tag","embeddable":true,"href":"https:\/\/sentaiyuanbio.com\/pt\/wp-json\/wp\/v2\/product_tag?post=2786"}],"curies":[{"name":"wp","href":"https:\/\/api.w.org\/{rel}","templated":true}]}}