{"id":2800,"date":"2024-09-25T06:46:45","date_gmt":"2024-09-25T06:46:45","guid":{"rendered":"https:\/\/sentaiyuanbio.com\/?post_type=product&#038;p=2800"},"modified":"2026-02-13T08:56:19","modified_gmt":"2026-02-13T08:56:19","slug":"ramen-instantaneo-tonkotsu-de-porco","status":"publish","type":"product","link":"https:\/\/sentaiyuanbio.com\/pt\/produto\/ramen-instantaneo-tonkotsu-de-porco\/","title":{"rendered":"Ramen de porco com sabor a Tonkotsu, Ramen de prote\u00ednas vegetais"},"content":{"rendered":"<h2>Ramen instant\u00e2neo Tonkotsu de porco, Ingredientes de Ramen de Prote\u00edna Vegetal<\/h2>\n<p><strong>Ingredientes do Ramen:<\/strong> Gl\u00faten de trigo vital, Prote\u00edna de ervilha, Farinha de trigo, Farinha de trigo sarraceno, Fibra de ervilha em p\u00f3, Farinha de arroz glutinoso, <a href=\"https:\/\/sentaiyuanbio.com\/pt\/produto\/po-de-konjac\/\" target=\"_blank\" rel=\"noopener\">P\u00f3 de konjac<\/a>, Goma xantana, carbonato de s\u00f3dio.<\/p>\n<p><strong>Tempero Tonkotsu de porco Ingredientes:<\/strong> A\u00e7\u00facar branco granulado, sal, maltodextrina, cebola em p\u00f3, ess\u00eancia alimentar, <a href=\"https:\/\/www.atamanchemicals.com\/disodium-5--ribonucleotide_u26322\/\" target=\"_blank\" rel=\"noopener\">5\u2019-ribonucle\u00f3tido diss\u00f3dico<\/a>, Prote\u00edna vegetal hidrolisada, Alho em p\u00f3, Gengibre em p\u00f3, Extrato de levedura, Pimenta mo\u00edda, Di\u00f3xido de sil\u00edcio.<\/p>\n<p><strong>Legumes<\/strong>: Cebolinha verde, Cenoura<\/p>\n<p><strong>Cont\u00e9m<\/strong>: Soja e produtos \u00e0 base de soja.<\/p>\n<h2>Factos nutricionais do macarr\u00e3o instant\u00e2neo com osso de porco<\/h2>\n<p>&nbsp;<\/p>\n<table border=\"1\" cellspacing=\"1\">\n<tbody>\n<tr>\n<td colspan=\"2\" align=\"center\">Factos nutricionais (62g)<\/td>\n<\/tr>\n<tr>\n<td align=\"center\" width=\"284\"><b>Energia<\/b><\/td>\n<td align=\"center\" width=\"284\">220kcal<\/td>\n<\/tr>\n<tr>\n<td align=\"center\" width=\"284\"><b>Prote\u00edna<\/b><\/td>\n<td align=\"center\" width=\"284\">31g<\/td>\n<\/tr>\n<tr>\n<td align=\"center\" width=\"284\"><b>Gordura total<\/b><\/td>\n<td align=\"center\" width=\"284\">2.5g<\/td>\n<\/tr>\n<tr>\n<td align=\"center\" width=\"284\"><b>Hidratos de carbono totais<\/b><\/td>\n<td align=\"center\" width=\"284\">21g<\/td>\n<\/tr>\n<tr>\n<td align=\"center\" width=\"284\"><b>Fibra alimentar<\/b><\/td>\n<td align=\"center\" width=\"284\">5g<\/td>\n<\/tr>\n<tr>\n<td align=\"center\" width=\"284\"><strong>C\u00e1lcio<\/strong><\/td>\n<td align=\"center\" width=\"284\">50,3 mg<\/td>\n<\/tr>\n<tr>\n<td align=\"center\" width=\"284\"><b>Ferro<\/b><\/td>\n<td align=\"center\" width=\"284\">5,1 mg<\/td>\n<\/tr>\n<tr>\n<td align=\"center\" width=\"284\"><b>Pot\u00e1ssio <\/b><\/td>\n<td align=\"center\" width=\"284\">172mg<\/td>\n<\/tr>\n<tr>\n<td align=\"center\" width=\"284\"><b>S\u00f3dio<\/b><\/td>\n<td align=\"center\" width=\"284\">620mg<\/td>\n<\/tr>\n<\/tbody>\n<\/table>\n<p><img fetchpriority=\"high\" decoding=\"async\" class=\"alignnone wp-image-2809 size-full\" src=\"https:\/\/sentaiyuanbio.com\/wp-content\/uploads\/2024\/09\/Pork-Bone-Instant-Noodle-1.jpg\" alt=\"Massa instant\u00e2nea com osso de porco (1)\" width=\"750\" height=\"600\" srcset=\"https:\/\/sentaiyuanbio.com\/wp-content\/uploads\/2024\/09\/Pork-Bone-Instant-Noodle-1.jpg 750w, https:\/\/sentaiyuanbio.com\/wp-content\/uploads\/2024\/09\/Pork-Bone-Instant-Noodle-1-300x240.jpg 300w, https:\/\/sentaiyuanbio.com\/wp-content\/uploads\/2024\/09\/Pork-Bone-Instant-Noodle-1-600x480.jpg 600w\" sizes=\"(max-width: 750px) 100vw, 750px\" \/><img decoding=\"async\" class=\"alignnone wp-image-2805 size-full\" src=\"https:\/\/sentaiyuanbio.com\/wp-content\/uploads\/2024\/09\/Pork-Bone-Instant-Noodle-2.jpg\" alt=\"Massa instant\u00e2nea com osso de porco 6\" width=\"750\" height=\"413\" srcset=\"https:\/\/sentaiyuanbio.com\/wp-content\/uploads\/2024\/09\/Pork-Bone-Instant-Noodle-2.jpg 750w, https:\/\/sentaiyuanbio.com\/wp-content\/uploads\/2024\/09\/Pork-Bone-Instant-Noodle-2-300x165.jpg 300w, https:\/\/sentaiyuanbio.com\/wp-content\/uploads\/2024\/09\/Pork-Bone-Instant-Noodle-2-600x330.jpg 600w\" sizes=\"(max-width: 750px) 100vw, 750px\" \/><img decoding=\"async\" class=\"alignnone wp-image-2806 size-full\" src=\"https:\/\/sentaiyuanbio.com\/wp-content\/uploads\/2024\/09\/Pork-Bone-Instant-Noodle-3.jpg\" alt=\"Massa instant\u00e2nea com osso de porco 6\" width=\"750\" height=\"630\" srcset=\"https:\/\/sentaiyuanbio.com\/wp-content\/uploads\/2024\/09\/Pork-Bone-Instant-Noodle-3.jpg 750w, https:\/\/sentaiyuanbio.com\/wp-content\/uploads\/2024\/09\/Pork-Bone-Instant-Noodle-3-300x252.jpg 300w, https:\/\/sentaiyuanbio.com\/wp-content\/uploads\/2024\/09\/Pork-Bone-Instant-Noodle-3-600x504.jpg 600w\" sizes=\"(max-width: 750px) 100vw, 750px\" \/><img loading=\"lazy\" decoding=\"async\" class=\"alignnone wp-image-2807 size-full\" src=\"https:\/\/sentaiyuanbio.com\/wp-content\/uploads\/2024\/09\/Pork-Bone-Instant-Noodle-4.jpg\" alt=\"Massa instant\u00e2nea com osso de porco 6\" width=\"750\" height=\"450\" srcset=\"https:\/\/sentaiyuanbio.com\/wp-content\/uploads\/2024\/09\/Pork-Bone-Instant-Noodle-4.jpg 750w, https:\/\/sentaiyuanbio.com\/wp-content\/uploads\/2024\/09\/Pork-Bone-Instant-Noodle-4-300x180.jpg 300w, https:\/\/sentaiyuanbio.com\/wp-content\/uploads\/2024\/09\/Pork-Bone-Instant-Noodle-4-600x360.jpg 600w\" sizes=\"(max-width: 750px) 100vw, 750px\" \/><img loading=\"lazy\" decoding=\"async\" class=\"alignnone wp-image-2801 size-full\" src=\"https:\/\/sentaiyuanbio.com\/wp-content\/uploads\/2024\/09\/Pork-Bone-Instant-Noodle-6.jpg\" alt=\"Macarr\u00e3o Instant\u00e2neo com Ossos de Porco (6)\" width=\"750\" height=\"525\" srcset=\"https:\/\/sentaiyuanbio.com\/wp-content\/uploads\/2024\/09\/Pork-Bone-Instant-Noodle-6.jpg 750w, https:\/\/sentaiyuanbio.com\/wp-content\/uploads\/2024\/09\/Pork-Bone-Instant-Noodle-6-300x210.jpg 300w, https:\/\/sentaiyuanbio.com\/wp-content\/uploads\/2024\/09\/Pork-Bone-Instant-Noodle-6-600x420.jpg 600w\" sizes=\"(max-width: 750px) 100vw, 750px\" \/><img loading=\"lazy\" decoding=\"async\" class=\"alignnone wp-image-2808 size-full\" src=\"https:\/\/sentaiyuanbio.com\/wp-content\/uploads\/2024\/09\/Pork-Bone-Instant-Noodle-5.jpg\" alt=\"Massa instant\u00e2nea com osso de porco 6\" width=\"750\" height=\"528\" srcset=\"https:\/\/sentaiyuanbio.com\/wp-content\/uploads\/2024\/09\/Pork-Bone-Instant-Noodle-5.jpg 750w, https:\/\/sentaiyuanbio.com\/wp-content\/uploads\/2024\/09\/Pork-Bone-Instant-Noodle-5-300x211.jpg 300w, https:\/\/sentaiyuanbio.com\/wp-content\/uploads\/2024\/09\/Pork-Bone-Instant-Noodle-5-600x422.jpg 600w\" sizes=\"(max-width: 750px) 100vw, 750px\" \/><img loading=\"lazy\" decoding=\"async\" class=\"wp-image-2804 size-full\" style=\"font-style: inherit; font-weight: 600;\" src=\"https:\/\/sentaiyuanbio.com\/wp-content\/uploads\/2024\/09\/Pork-Bone-Instant-Noodle-6-1.jpg\" alt=\"Massa instant\u00e2nea com osso de porco 6\" width=\"750\" height=\"440\" srcset=\"https:\/\/sentaiyuanbio.com\/wp-content\/uploads\/2024\/09\/Pork-Bone-Instant-Noodle-6-1.jpg 750w, https:\/\/sentaiyuanbio.com\/wp-content\/uploads\/2024\/09\/Pork-Bone-Instant-Noodle-6-1-300x176.jpg 300w, https:\/\/sentaiyuanbio.com\/wp-content\/uploads\/2024\/09\/Pork-Bone-Instant-Noodle-6-1-600x352.jpg 600w\" sizes=\"(max-width: 750px) 100vw, 750px\" \/><\/p>\n<h2>Instru\u00e7\u00f5es de cozedura do macarr\u00e3o instant\u00e2neo com osso de porco rico em prote\u00ednas<\/h2>\n<ul>\n<li>Coloque o ramen de prote\u00edna vegetal e os pacotes de temperos numa tigela.<\/li>\n<li>Deite \u00e1gua a ferver sobre o ramen at\u00e9 ficar numa posi\u00e7\u00e3o moderada.<\/li>\n<li>Aguarde cerca de 5 minutos e desfrute!<\/li>\n<\/ul>\n<p><a href=\"https:\/\/sentaiyuanbio.com\/wp-content\/uploads\/woocommerce_uploads\/2024\/09\/Instant-high-protein-ramen-Roasted-Pork-Tonkotsu-flavor-vjumjw.pdf\" target=\"_blank\" rel=\"noopener\"><b>Descarregar Ramen instant\u00e2neo com elevado teor de prote\u00ednas (sabor a tonkatsu de porco assado) Relat\u00f3rio SGS<\/b><\/a><\/p>","protected":false},"excerpt":{"rendered":"<p>Massa instant\u00e2nea com osso de porco, obt\u00e9m a prote\u00edna de 5 ovos num s\u00f3 dos nossos ramen instant\u00e2neos de alta prote\u00edna. 55g de Ramen + 5g de Tempero + 2g de Vegetais, 31g de prote\u00edna por peso de 2.19 on\u00e7as (62 gramas). Carater\u00edsticas: SECO AO AR, BAIXO TEOR DE GORDURA, N\u00c3O FRITO, N\u00c3O OGM, BAIXO TEOR DE CARBOIDRATOS.<\/p>","protected":false},"featured_media":5512,"template":"","meta":{"site-sidebar-layout":"default","site-content-layout":"","ast-site-content-layout":"default","site-content-style":"default","site-sidebar-style":"default","ast-global-header-display":"","ast-banner-title-visibility":"","ast-main-header-display":"","ast-hfb-above-header-display":"","ast-hfb-below-header-display":"","ast-hfb-mobile-header-display":"","site-post-title":"","ast-breadcrumbs-content":"","ast-featured-img":"","footer-sml-layout":"","ast-disable-related-posts":"","theme-transparent-header-meta":"default","adv-header-id-meta":"","stick-header-meta":"default","header-above-stick-meta":"","header-main-stick-meta":"","header-below-stick-meta":"","astra-migrate-meta-layouts":"set","ast-page-background-enabled":"default","ast-page-background-meta":{"desktop":{"background-color":"","background-image":"","background-repeat":"repeat","background-position":"center center","background-size":"auto","background-attachment":"scroll","background-type":"","background-media":"","overlay-type":"","overlay-color":"","overlay-opacity":"","overlay-gradient":""},"tablet":{"background-color":"","background-image":"","background-repeat":"repeat","background-position":"center center","background-size":"auto","background-attachment":"scroll","background-type":"","background-media":"","overlay-type":"","overlay-color":"","overlay-opacity":"","overlay-gradient":""},"mobile":{"background-color":"","background-image":"","background-repeat":"repeat","background-position":"center center","background-size":"auto","background-attachment":"scroll","background-type":"","background-media":"","overlay-type":"","overlay-color":"","overlay-opacity":"","overlay-gradient":""}},"ast-content-background-meta":{"desktop":{"background-color":"var(--ast-global-color-5)","background-image":"","background-repeat":"repeat","background-position":"center center","background-size":"auto","background-attachment":"scroll","background-type":"","background-media":"","overlay-type":"","overlay-color":"","overlay-opacity":"","overlay-gradient":""},"tablet":{"background-color":"var(--ast-global-color-5)","background-image":"","background-repeat":"repeat","background-position":"center center","background-size":"auto","background-attachment":"scroll","background-type":"","background-media":"","overlay-type":"","overlay-color":"","overlay-opacity":"","overlay-gradient":""},"mobile":{"background-color":"var(--ast-global-color-5)","background-image":"","background-repeat":"repeat","background-position":"center center","background-size":"auto","background-attachment":"scroll","background-type":"","background-media":"","overlay-type":"","overlay-color":"","overlay-opacity":"","overlay-gradient":""}}},"product_brand":[],"product_cat":[248],"product_tag":[],"class_list":{"0":"post-2800","1":"product","2":"type-product","3":"status-publish","4":"has-post-thumbnail","6":"product_cat-low-carb-high-protein-noodles","7":"desktop-align-left","8":"tablet-align-left","9":"mobile-align-left","10":"ast-product-gallery-layout-horizontal-slider","11":"ast-product-tabs-layout-horizontal","13":"first","14":"instock","15":"shipping-taxable","16":"product-type-simple"},"_links":{"self":[{"href":"https:\/\/sentaiyuanbio.com\/pt\/wp-json\/wp\/v2\/product\/2800","targetHints":{"allow":["GET"]}}],"collection":[{"href":"https:\/\/sentaiyuanbio.com\/pt\/wp-json\/wp\/v2\/product"}],"about":[{"href":"https:\/\/sentaiyuanbio.com\/pt\/wp-json\/wp\/v2\/types\/product"}],"version-history":[{"count":0,"href":"https:\/\/sentaiyuanbio.com\/pt\/wp-json\/wp\/v2\/product\/2800\/revisions"}],"wp:featuredmedia":[{"embeddable":true,"href":"https:\/\/sentaiyuanbio.com\/pt\/wp-json\/wp\/v2\/media\/5512"}],"wp:attachment":[{"href":"https:\/\/sentaiyuanbio.com\/pt\/wp-json\/wp\/v2\/media?parent=2800"}],"wp:term":[{"taxonomy":"product_brand","embeddable":true,"href":"https:\/\/sentaiyuanbio.com\/pt\/wp-json\/wp\/v2\/product_brand?post=2800"},{"taxonomy":"product_cat","embeddable":true,"href":"https:\/\/sentaiyuanbio.com\/pt\/wp-json\/wp\/v2\/product_cat?post=2800"},{"taxonomy":"product_tag","embeddable":true,"href":"https:\/\/sentaiyuanbio.com\/pt\/wp-json\/wp\/v2\/product_tag?post=2800"}],"curies":[{"name":"wp","href":"https:\/\/api.w.org\/{rel}","templated":true}]}}