{"id":2821,"date":"2024-09-26T06:30:43","date_gmt":"2024-09-26T06:30:43","guid":{"rendered":"https:\/\/sentaiyuanbio.com\/?post_type=product&#038;p=2821"},"modified":"2026-02-13T08:55:59","modified_gmt":"2026-02-13T08:55:59","slug":"pacote-de-massa-ramen-de-frango","status":"publish","type":"product","link":"https:\/\/sentaiyuanbio.com\/pt\/produto\/pacote-de-massa-ramen-de-frango\/","title":{"rendered":"Pacote de Ramen com Sabor a Frango, Massa Instant\u00e2nea Proteica"},"content":{"rendered":"<h2>Pacote de macarr\u00e3o Ramen de frango, Ingredientes de macarr\u00e3o instant\u00e2neo de prote\u00edna<\/h2>\n<p><strong>Ingredientes do Ramen<\/strong>: Gl\u00faten de trigo vital, Prote\u00edna de ervilha, Farinha de trigo, Farinha de trigo sarraceno, Fibra de ervilha em p\u00f3, Farinha de arroz glutinoso, <a href=\"https:\/\/sentaiyuanbio.com\/pt\/produto\/po-de-konjac\/\" target=\"_blank\" rel=\"noopener\">P\u00f3 de konjac<\/a>, Goma xantana, carbonato de s\u00f3dio.<\/p>\n<p><strong>Ingredientes do tempero para frango<\/strong>: Maltodextrina, A\u00e7\u00facar branco granulado, Sal, Ess\u00eancia alimentar, 5\u2019-ribonucle\u00f3tido diss\u00f3dico, Alho em p\u00f3, Cebola em p\u00f3, Gengibre em p\u00f3, Prote\u00edna vegetal hidrolisada, <a href=\"https:\/\/biospringer.com\/en\/yeast-extract\/\" target=\"_blank\" rel=\"noopener\">Extrato de levedura<\/a>, Condimento (pimenta branca, malagueta em p\u00f3, caril em p\u00f3, curcuma em p\u00f3), di\u00f3xido de sil\u00edcio.<\/p>\n<p><strong>Legumes<\/strong>: Cebolinha verde, Cenoura.<\/p>\n<p><strong>Cont\u00e9m<\/strong>: Produtos \u00e0 base de soja.<\/p>\n<h2>Pacote de massa Ramen de frango Factos nutricionais<\/h2>\n<table border=\"1\" cellspacing=\"1\">\n<tbody>\n<tr>\n<td colspan=\"2\" align=\"center\"><strong>Factos nutricionais (62g)<\/strong><\/td>\n<\/tr>\n<tr>\n<td align=\"center\" width=\"284\"><b>Energia<\/b><\/td>\n<td align=\"center\" width=\"284\">220kcal<\/td>\n<\/tr>\n<tr>\n<td align=\"center\" width=\"284\"><b>Prote\u00edna<\/b><\/td>\n<td align=\"center\" width=\"284\">32g<\/td>\n<\/tr>\n<tr>\n<td align=\"center\" width=\"284\"><b>Gordura total<\/b><\/td>\n<td align=\"center\" width=\"284\">2.5g<\/td>\n<\/tr>\n<tr>\n<td align=\"center\" width=\"284\"><b>Hidratos de carbono totais<\/b><\/td>\n<td align=\"center\" width=\"284\">21g<\/td>\n<\/tr>\n<tr>\n<td align=\"center\" width=\"284\"><b>Fibra alimentar<\/b><\/td>\n<td align=\"center\" width=\"284\">5g<\/td>\n<\/tr>\n<tr>\n<td align=\"center\" width=\"284\"><strong>C\u00e1lcio<\/strong><\/td>\n<td align=\"center\" width=\"284\">47,8 mg<\/td>\n<\/tr>\n<tr>\n<td align=\"center\" width=\"284\"><b>Ferro<\/b><\/td>\n<td align=\"center\" width=\"284\">4,9 mg<\/td>\n<\/tr>\n<tr>\n<td align=\"center\" width=\"284\"><b>Pot\u00e1ssio<\/b><\/td>\n<td align=\"center\" width=\"284\">164mg<\/td>\n<\/tr>\n<tr>\n<td align=\"center\" width=\"284\"><b>S\u00f3dio<\/b><\/td>\n<td align=\"center\" width=\"284\">700mg<\/td>\n<\/tr>\n<\/tbody>\n<\/table>\n<p><img fetchpriority=\"high\" decoding=\"async\" class=\"alignnone wp-image-5072 size-full\" title=\"Massa instant\u00e2nea com sabor a frango\" src=\"https:\/\/sentaiyuanbio.com\/wp-content\/uploads\/2024\/09\/Instant-noodles-chicken-flavor_1.webp\" alt=\"Massa instant\u00e2nea com sabor a frango\" width=\"750\" height=\"577\" srcset=\"https:\/\/sentaiyuanbio.com\/wp-content\/uploads\/2024\/09\/Instant-noodles-chicken-flavor_1.webp 750w, https:\/\/sentaiyuanbio.com\/wp-content\/uploads\/2024\/09\/Instant-noodles-chicken-flavor_1-300x231.webp 300w, https:\/\/sentaiyuanbio.com\/wp-content\/uploads\/2024\/09\/Instant-noodles-chicken-flavor_1-600x462.webp 600w\" sizes=\"(max-width: 750px) 100vw, 750px\" \/> <img decoding=\"async\" class=\"alignnone wp-image-5073 size-full\" title=\"Massa instant\u00e2nea com sabor a frango\" src=\"https:\/\/sentaiyuanbio.com\/wp-content\/uploads\/2024\/09\/Instant-noodles-chicken-flavor_2.webp\" alt=\"Massa instant\u00e2nea com sabor a frango\" width=\"750\" height=\"476\" srcset=\"https:\/\/sentaiyuanbio.com\/wp-content\/uploads\/2024\/09\/Instant-noodles-chicken-flavor_2.webp 750w, https:\/\/sentaiyuanbio.com\/wp-content\/uploads\/2024\/09\/Instant-noodles-chicken-flavor_2-300x190.webp 300w, https:\/\/sentaiyuanbio.com\/wp-content\/uploads\/2024\/09\/Instant-noodles-chicken-flavor_2-600x381.webp 600w\" sizes=\"(max-width: 750px) 100vw, 750px\" \/> <img decoding=\"async\" class=\"alignnone wp-image-5074 size-full\" title=\"Massa instant\u00e2nea com sabor a frango\" src=\"https:\/\/sentaiyuanbio.com\/wp-content\/uploads\/2024\/09\/Instant-noodles-chicken-flavor_3.webp\" alt=\"Massa instant\u00e2nea com sabor a frango\" width=\"750\" height=\"575\" srcset=\"https:\/\/sentaiyuanbio.com\/wp-content\/uploads\/2024\/09\/Instant-noodles-chicken-flavor_3.webp 750w, https:\/\/sentaiyuanbio.com\/wp-content\/uploads\/2024\/09\/Instant-noodles-chicken-flavor_3-300x230.webp 300w, https:\/\/sentaiyuanbio.com\/wp-content\/uploads\/2024\/09\/Instant-noodles-chicken-flavor_3-600x460.webp 600w\" sizes=\"(max-width: 750px) 100vw, 750px\" \/> <img loading=\"lazy\" decoding=\"async\" class=\"alignnone wp-image-5075 size-full\" title=\"Massa instant\u00e2nea com sabor a frango\" src=\"https:\/\/sentaiyuanbio.com\/wp-content\/uploads\/2024\/09\/Instant-noodles-chicken-flavor_4.webp\" alt=\"Massa instant\u00e2nea com sabor a frango\" width=\"750\" height=\"597\" srcset=\"https:\/\/sentaiyuanbio.com\/wp-content\/uploads\/2024\/09\/Instant-noodles-chicken-flavor_4.webp 750w, https:\/\/sentaiyuanbio.com\/wp-content\/uploads\/2024\/09\/Instant-noodles-chicken-flavor_4-300x239.webp 300w, https:\/\/sentaiyuanbio.com\/wp-content\/uploads\/2024\/09\/Instant-noodles-chicken-flavor_4-600x478.webp 600w\" sizes=\"(max-width: 750px) 100vw, 750px\" \/> <img loading=\"lazy\" decoding=\"async\" class=\"alignnone wp-image-5076 size-full\" title=\"Massa instant\u00e2nea com sabor a frango\" src=\"https:\/\/sentaiyuanbio.com\/wp-content\/uploads\/2024\/09\/Instant-noodles-chicken-flavor_5.webp\" alt=\"Massa instant\u00e2nea com sabor a frango\" width=\"750\" height=\"600\" srcset=\"https:\/\/sentaiyuanbio.com\/wp-content\/uploads\/2024\/09\/Instant-noodles-chicken-flavor_5.webp 750w, https:\/\/sentaiyuanbio.com\/wp-content\/uploads\/2024\/09\/Instant-noodles-chicken-flavor_5-300x240.webp 300w, https:\/\/sentaiyuanbio.com\/wp-content\/uploads\/2024\/09\/Instant-noodles-chicken-flavor_5-600x480.webp 600w\" sizes=\"(max-width: 750px) 100vw, 750px\" \/> <img loading=\"lazy\" decoding=\"async\" class=\"alignnone wp-image-5077 size-full\" title=\"Massa instant\u00e2nea com sabor a frango\" src=\"https:\/\/sentaiyuanbio.com\/wp-content\/uploads\/2024\/09\/Instant-noodles-chicken-flavor_6.webp\" alt=\"Massa instant\u00e2nea com sabor a frango\" width=\"750\" height=\"601\" srcset=\"https:\/\/sentaiyuanbio.com\/wp-content\/uploads\/2024\/09\/Instant-noodles-chicken-flavor_6.webp 750w, https:\/\/sentaiyuanbio.com\/wp-content\/uploads\/2024\/09\/Instant-noodles-chicken-flavor_6-300x240.webp 300w, https:\/\/sentaiyuanbio.com\/wp-content\/uploads\/2024\/09\/Instant-noodles-chicken-flavor_6-600x481.webp 600w\" sizes=\"(max-width: 750px) 100vw, 750px\" \/> <img loading=\"lazy\" decoding=\"async\" class=\"alignnone wp-image-5078 size-full\" title=\"Massa instant\u00e2nea com sabor a frango\" src=\"https:\/\/sentaiyuanbio.com\/wp-content\/uploads\/2024\/09\/Instant-noodles-chicken-flavor_7.webp\" alt=\"Massa instant\u00e2nea com sabor a frango\" width=\"750\" height=\"479\" srcset=\"https:\/\/sentaiyuanbio.com\/wp-content\/uploads\/2024\/09\/Instant-noodles-chicken-flavor_7.webp 750w, https:\/\/sentaiyuanbio.com\/wp-content\/uploads\/2024\/09\/Instant-noodles-chicken-flavor_7-300x192.webp 300w, https:\/\/sentaiyuanbio.com\/wp-content\/uploads\/2024\/09\/Instant-noodles-chicken-flavor_7-600x383.webp 600w\" sizes=\"(max-width: 750px) 100vw, 750px\" \/><\/p>\n<h2><a href=\"https:\/\/sentaiyuanbio.com\/wp-content\/uploads\/woocommerce_uploads\/2024\/09\/Instant-high-protein-ramen-chicken-flavor-restsg.pdf\" target=\"_blank\" rel=\"noopener\">Pacotes com sabor a ramen de frango com alto teor de prote\u00ednas Relat\u00f3rio SGS<\/a><\/h2>\n<h3>Pacote de macarr\u00e3o Ramen de frango Amostra em saco Teste(s) qu\u00edmico(s) :<\/h3>\n<table border=\"1\" cellspacing=\"1\">\n<tbody>\n<tr>\n<td width=\"284\"><b>Item(ns) de teste<\/b><\/td>\n<td width=\"284\">Unidade(s)<\/td>\n<td width=\"284\">M\u00e9todo(s) de ensaio<\/td>\n<td width=\"284\">Resultado(s) do(s) teste(s)<br \/>\n2<\/td>\n<td width=\"284\">LOQ<\/td>\n<\/tr>\n<tr>\n<td width=\"284\"><b>Gordura total<\/b><\/td>\n<td width=\"284\">g\/62 g<\/td>\n<td width=\"284\">AOAC 996.06<\/td>\n<td width=\"284\">2.59<\/td>\n<td width=\"284\">0.01<\/td>\n<\/tr>\n<tr>\n<td width=\"284\"><b>Gordura saturada<\/b><\/td>\n<td width=\"284\">g\/62 g<\/td>\n<td width=\"284\">AOAC 996.06<\/td>\n<td width=\"284\">0.626<\/td>\n<td width=\"284\">0.01<\/td>\n<\/tr>\n<tr>\n<td width=\"284\"><b>Gordura trans<\/b><\/td>\n<td width=\"284\">g\/62 g<\/td>\n<td width=\"284\">AOAC 996.06<\/td>\n<td width=\"284\">0.00775<\/td>\n<td width=\"284\">0.01<\/td>\n<\/tr>\n<tr>\n<td width=\"284\"><b>Colesterol<\/b><\/td>\n<td width=\"284\">mg\/62 g<\/td>\n<td width=\"284\">AOAC 994.10<\/td>\n<td width=\"284\">ND<\/td>\n<td width=\"284\">1<\/td>\n<\/tr>\n<tr>\n<td width=\"284\"><b>Fibra alimentar<\/b><\/td>\n<td width=\"284\">g\/62 g<\/td>\n<td width=\"284\">AOAC 991.43<\/td>\n<td width=\"284\">5.02<\/td>\n<td width=\"284\">-<\/td>\n<\/tr>\n<tr>\n<td width=\"284\"><b>ferro(Fe)<\/b><\/td>\n<td width=\"284\">mg\/62 g<\/td>\n<td width=\"284\">AOAC 984.27<\/td>\n<td width=\"284\">ND<\/td>\n<td width=\"284\">0.10<\/td>\n<\/tr>\n<tr>\n<td width=\"284\"><b>*Pot\u00e1ssio(K)<\/b><\/td>\n<td width=\"284\">mg\/62 g<\/td>\n<td width=\"284\">AOAC 984.27<\/td>\n<td width=\"284\">163.6<\/td>\n<td width=\"284\">0.10<\/td>\n<\/tr>\n<tr>\n<td width=\"284\"><b>*C\u00e1lcio (Ca)<\/b><\/td>\n<td width=\"284\">mg\/62 g<\/td>\n<td width=\"284\">AOAC 984.27<\/td>\n<td width=\"284\">47.8<\/td>\n<td width=\"284\">0.10<\/td>\n<\/tr>\n<tr>\n<td width=\"284\"><b>*S\u00f3dio(Na)<\/b><\/td>\n<td width=\"284\">mg\/62 g<\/td>\n<td width=\"284\">AOAC 984.27<\/td>\n<td width=\"284\">698.6<\/td>\n<td width=\"284\">0.10<\/td>\n<\/tr>\n<tr>\n<td width=\"284\"><b>*Prote\u00edna<\/b><\/td>\n<td width=\"284\">g\/62g<\/td>\n<td width=\"284\">AOAC 979.09<\/td>\n<td width=\"284\">31.8<\/td>\n<td width=\"284\">-<\/td>\n<\/tr>\n<tr>\n<td width=\"284\"><b>Frutose<\/b><\/td>\n<td width=\"284\">g\/62 g<\/td>\n<td width=\"284\">AOAC 982.14:1983<\/td>\n<td width=\"284\">ND<\/td>\n<td width=\"284\">0.4<\/td>\n<\/tr>\n<tr>\n<td width=\"284\"><b>Glicose<\/b><\/td>\n<td width=\"284\">g\/62g<\/td>\n<td width=\"284\">AOAC 982.14:1983<\/td>\n<td width=\"284\">1.3<\/td>\n<td width=\"284\">0.4<\/td>\n<\/tr>\n<tr>\n<td width=\"284\"><b>Sacarose<\/b><\/td>\n<td width=\"284\">g\/62 g<\/td>\n<td width=\"284\">AOAC 982.14:1983<\/td>\n<td width=\"284\">1.4<\/td>\n<td width=\"284\">0.4<\/td>\n<\/tr>\n<tr>\n<td width=\"284\"><b>Maltose<\/b><\/td>\n<td width=\"284\">g\/62 g<\/td>\n<td width=\"284\">AOAC 982.14:1983<\/td>\n<td width=\"284\">0.3<\/td>\n<td width=\"284\">0.4<\/td>\n<\/tr>\n<tr>\n<td width=\"284\"><b>Lactose<\/b><\/td>\n<td width=\"284\">g\/62 g<\/td>\n<td width=\"284\">AOAC 982.14:1983<\/td>\n<td width=\"284\">ND<\/td>\n<td width=\"284\">0.4<\/td>\n<\/tr>\n<tr>\n<td width=\"284\"><b>Total (Frutose+ Glucose+ Sacarose+ Altose+ Lactose)<\/b><\/td>\n<td width=\"284\">g\/62 g<\/td>\n<td width=\"284\">AOAC 982.14:1983<\/td>\n<td width=\"284\">3.0<\/td>\n<td width=\"284\">-<\/td>\n<\/tr>\n<tr>\n<td width=\"284\"><b>*Ash<\/b><\/td>\n<td width=\"284\">g\/62 g<\/td>\n<td width=\"284\">AOAC 930.05<\/td>\n<td width=\"284\">3.8<\/td>\n<td width=\"284\">-<\/td>\n<\/tr>\n<\/tbody>\n<\/table>\n<p>Observa\u00e7\u00e3o:<br \/>\n1.ND = N\u00e3o detectado<br \/>\n2.LOQ = Limite de quantifica\u00e7\u00e3o<br \/>\n3.# Os itens de teste n\u00e3o foram inclu\u00eddos no Programa de Acredita\u00e7\u00e3o do CNAS para o nosso laborat\u00f3rio.<br \/>\n4. O fator de convers\u00e3o do azoto em prote\u00ednas \u00e9 de 6,25.<\/p>","protected":false},"excerpt":{"rendered":"<p>Pacote de macarr\u00e3o ramen de frango, macarr\u00e3o instant\u00e2neo de prote\u00edna \u00e9 ramen de alta prote\u00edna, 32g de prote\u00edna por por\u00e7\u00e3o de 62g, estilo de vida em forma, 30 % menos carboidratos, 80% mais prote\u00edna. Ramen proteico \u00e0 base de plantas, com elevado teor proteico, seco ao ar, com baixo teor de gordura, n\u00e3o frito, sem OGM, com baixo teor de hidratos de carbono.<\/p>","protected":false},"featured_media":5115,"template":"","meta":{"site-sidebar-layout":"default","site-content-layout":"","ast-site-content-layout":"default","site-content-style":"default","site-sidebar-style":"default","ast-global-header-display":"","ast-banner-title-visibility":"","ast-main-header-display":"","ast-hfb-above-header-display":"","ast-hfb-below-header-display":"","ast-hfb-mobile-header-display":"","site-post-title":"","ast-breadcrumbs-content":"","ast-featured-img":"","footer-sml-layout":"","ast-disable-related-posts":"","theme-transparent-header-meta":"default","adv-header-id-meta":"","stick-header-meta":"default","header-above-stick-meta":"","header-main-stick-meta":"","header-below-stick-meta":"","astra-migrate-meta-layouts":"set","ast-page-background-enabled":"default","ast-page-background-meta":{"desktop":{"background-color":"","background-image":"","background-repeat":"repeat","background-position":"center center","background-size":"auto","background-attachment":"scroll","background-type":"","background-media":"","overlay-type":"","overlay-color":"","overlay-opacity":"","overlay-gradient":""},"tablet":{"background-color":"","background-image":"","background-repeat":"repeat","background-position":"center center","background-size":"auto","background-attachment":"scroll","background-type":"","background-media":"","overlay-type":"","overlay-color":"","overlay-opacity":"","overlay-gradient":""},"mobile":{"background-color":"","background-image":"","background-repeat":"repeat","background-position":"center center","background-size":"auto","background-attachment":"scroll","background-type":"","background-media":"","overlay-type":"","overlay-color":"","overlay-opacity":"","overlay-gradient":""}},"ast-content-background-meta":{"desktop":{"background-color":"var(--ast-global-color-5)","background-image":"","background-repeat":"repeat","background-position":"center center","background-size":"auto","background-attachment":"scroll","background-type":"","background-media":"","overlay-type":"","overlay-color":"","overlay-opacity":"","overlay-gradient":""},"tablet":{"background-color":"var(--ast-global-color-5)","background-image":"","background-repeat":"repeat","background-position":"center center","background-size":"auto","background-attachment":"scroll","background-type":"","background-media":"","overlay-type":"","overlay-color":"","overlay-opacity":"","overlay-gradient":""},"mobile":{"background-color":"var(--ast-global-color-5)","background-image":"","background-repeat":"repeat","background-position":"center center","background-size":"auto","background-attachment":"scroll","background-type":"","background-media":"","overlay-type":"","overlay-color":"","overlay-opacity":"","overlay-gradient":""}}},"product_brand":[],"product_cat":[248],"product_tag":[],"class_list":{"0":"post-2821","1":"product","2":"type-product","3":"status-publish","4":"has-post-thumbnail","6":"product_cat-low-carb-high-protein-noodles","7":"desktop-align-left","8":"tablet-align-left","9":"mobile-align-left","10":"ast-product-gallery-layout-horizontal-slider","11":"ast-product-tabs-layout-horizontal","13":"first","14":"instock","15":"shipping-taxable","16":"product-type-simple"},"_links":{"self":[{"href":"https:\/\/sentaiyuanbio.com\/pt\/wp-json\/wp\/v2\/product\/2821","targetHints":{"allow":["GET"]}}],"collection":[{"href":"https:\/\/sentaiyuanbio.com\/pt\/wp-json\/wp\/v2\/product"}],"about":[{"href":"https:\/\/sentaiyuanbio.com\/pt\/wp-json\/wp\/v2\/types\/product"}],"version-history":[{"count":0,"href":"https:\/\/sentaiyuanbio.com\/pt\/wp-json\/wp\/v2\/product\/2821\/revisions"}],"wp:featuredmedia":[{"embeddable":true,"href":"https:\/\/sentaiyuanbio.com\/pt\/wp-json\/wp\/v2\/media\/5115"}],"wp:attachment":[{"href":"https:\/\/sentaiyuanbio.com\/pt\/wp-json\/wp\/v2\/media?parent=2821"}],"wp:term":[{"taxonomy":"product_brand","embeddable":true,"href":"https:\/\/sentaiyuanbio.com\/pt\/wp-json\/wp\/v2\/product_brand?post=2821"},{"taxonomy":"product_cat","embeddable":true,"href":"https:\/\/sentaiyuanbio.com\/pt\/wp-json\/wp\/v2\/product_cat?post=2821"},{"taxonomy":"product_tag","embeddable":true,"href":"https:\/\/sentaiyuanbio.com\/pt\/wp-json\/wp\/v2\/product_tag?post=2821"}],"curies":[{"name":"wp","href":"https:\/\/api.w.org\/{rel}","templated":true}]}}