{"id":2849,"date":"2024-10-08T08:34:53","date_gmt":"2024-10-08T08:34:53","guid":{"rendered":"https:\/\/sentaiyuanbio.com\/?post_type=product&#038;p=2849"},"modified":"2026-02-13T08:55:40","modified_gmt":"2026-02-13T08:55:40","slug":"macarrao-instantaneo-com-sabor-a-frango","status":"publish","type":"product","link":"https:\/\/sentaiyuanbio.com\/pt\/produto\/macarrao-instantaneo-com-sabor-a-frango\/","title":{"rendered":"Tigela de massa instant\u00e2nea com sabor a galinha, Ramen de prote\u00ednas vegetais"},"content":{"rendered":"<h2>Macarr\u00e3o instant\u00e2neo com sabor a frango, ingrediente de prote\u00edna vegetal para Ramen<\/h2>\n<p><strong>Ingredientes do Ramen<\/strong>: Gl\u00faten de trigo vital, Prote\u00edna de ervilha, Farinha de trigo, Farinha de trigo sarraceno, Fibra de ervilha em p\u00f3, Farinha de arroz glutinoso, <a href=\"https:\/\/sentaiyuanbio.com\/pt\/produto\/po-de-konjac\/\" target=\"_blank\" rel=\"noopener\">P\u00f3 de konjac<\/a>, Goma xantana, carbonato de s\u00f3dio.<\/p>\n<p><strong>Ingredientes do tempero para frango<\/strong>: Maltodextrina, A\u00e7\u00facar branco granulado, Sal, Ess\u00eancia alimentar, 5\u2019-ribonucle\u00f3tido diss\u00f3dico, Alho em p\u00f3, Cebola em p\u00f3, Gengibre em p\u00f3, Prote\u00edna vegetal hidrolisada,\u00a0<a href=\"https:\/\/biospringer.com\/en\/yeast-extract\/\" target=\"_blank\" rel=\"noopener\">Extrato de levedura<\/a>, Condimento (pimenta branca, malagueta em p\u00f3, caril em p\u00f3, curcuma em p\u00f3), di\u00f3xido de sil\u00edcio.<\/p>\n<p><strong>Legumes<\/strong>: Cebolinha verde, Cenoura.<\/p>\n<p><strong>Cont\u00e9m<\/strong>: Produtos \u00e0 base de soja.<\/p>\n<h2>Macarr\u00e3o instant\u00e2neo com sabor de frango Dados nutricionais<\/h2>\n<table border=\"1\" cellspacing=\"1\">\n<tbody>\n<tr>\n<td colspan=\"2\" align=\"center\"><strong>Factos nutricionais (62g)<\/strong><\/td>\n<\/tr>\n<tr>\n<td align=\"center\" width=\"284\"><b>Energia<\/b><\/td>\n<td align=\"center\" width=\"284\">220kcal<\/td>\n<\/tr>\n<tr>\n<td align=\"center\" width=\"284\"><b>Prote\u00edna<\/b><\/td>\n<td align=\"center\" width=\"284\">32g<\/td>\n<\/tr>\n<tr>\n<td align=\"center\" width=\"284\"><b>Gordura total<\/b><\/td>\n<td align=\"center\" width=\"284\">2.5g<\/td>\n<\/tr>\n<tr>\n<td align=\"center\" width=\"284\"><b>Hidratos de carbono totais<\/b><\/td>\n<td align=\"center\" width=\"284\">21g<\/td>\n<\/tr>\n<tr>\n<td align=\"center\" width=\"284\"><b>Fibra alimentar<\/b><\/td>\n<td align=\"center\" width=\"284\">5g<\/td>\n<\/tr>\n<tr>\n<td align=\"center\" width=\"284\"><strong>C\u00e1lcio<\/strong><\/td>\n<td align=\"center\" width=\"284\">47,8 mg<\/td>\n<\/tr>\n<tr>\n<td align=\"center\" width=\"284\"><b>Ferro<\/b><\/td>\n<td align=\"center\" width=\"284\">4,9 mg<\/td>\n<\/tr>\n<tr>\n<td align=\"center\" width=\"284\"><b>Pot\u00e1ssio<\/b><\/td>\n<td align=\"center\" width=\"284\">164mg<\/td>\n<\/tr>\n<tr>\n<td align=\"center\" width=\"284\"><b>S\u00f3dio<\/b><\/td>\n<td align=\"center\" width=\"284\">700mg<\/td>\n<\/tr>\n<\/tbody>\n<\/table>\n<p><img fetchpriority=\"high\" decoding=\"async\" class=\"alignnone wp-image-2854 size-full\" title=\"Tigela de massa instant\u00e2nea com sabor a galinha\" src=\"https:\/\/sentaiyuanbio.com\/wp-content\/uploads\/2024\/10\/chicken-flavour-cup-noodles-1.jpg\" alt=\"Tigela de massa instant\u00e2nea com sabor a galinha\" width=\"750\" height=\"601\" srcset=\"https:\/\/sentaiyuanbio.com\/wp-content\/uploads\/2024\/10\/chicken-flavour-cup-noodles-1.jpg 750w, https:\/\/sentaiyuanbio.com\/wp-content\/uploads\/2024\/10\/chicken-flavour-cup-noodles-1-300x240.jpg 300w, https:\/\/sentaiyuanbio.com\/wp-content\/uploads\/2024\/10\/chicken-flavour-cup-noodles-1-600x481.jpg 600w\" sizes=\"(max-width: 750px) 100vw, 750px\" \/><br \/>\n<img decoding=\"async\" class=\"alignnone wp-image-2855 size-full\" title=\"Tigela de massa instant\u00e2nea com sabor a galinha\" src=\"https:\/\/sentaiyuanbio.com\/wp-content\/uploads\/2024\/10\/chicken-flavour-cup-noodles-2.jpg\" alt=\"Tigela de massa instant\u00e2nea com sabor a galinha\" width=\"750\" height=\"657\" srcset=\"https:\/\/sentaiyuanbio.com\/wp-content\/uploads\/2024\/10\/chicken-flavour-cup-noodles-2.jpg 750w, https:\/\/sentaiyuanbio.com\/wp-content\/uploads\/2024\/10\/chicken-flavour-cup-noodles-2-300x263.jpg 300w, https:\/\/sentaiyuanbio.com\/wp-content\/uploads\/2024\/10\/chicken-flavour-cup-noodles-2-600x526.jpg 600w\" sizes=\"(max-width: 750px) 100vw, 750px\" \/><br \/>\n<img decoding=\"async\" class=\"alignnone wp-image-2856 size-full\" title=\"Tigela de massa instant\u00e2nea com sabor a galinha\" src=\"https:\/\/sentaiyuanbio.com\/wp-content\/uploads\/2024\/10\/chicken-flavour-cup-noodles-3.jpg\" alt=\"Tigela de massa instant\u00e2nea com sabor a galinha\" width=\"750\" height=\"338\" srcset=\"https:\/\/sentaiyuanbio.com\/wp-content\/uploads\/2024\/10\/chicken-flavour-cup-noodles-3.jpg 750w, https:\/\/sentaiyuanbio.com\/wp-content\/uploads\/2024\/10\/chicken-flavour-cup-noodles-3-300x135.jpg 300w, https:\/\/sentaiyuanbio.com\/wp-content\/uploads\/2024\/10\/chicken-flavour-cup-noodles-3-600x270.jpg 600w\" sizes=\"(max-width: 750px) 100vw, 750px\" \/><br \/>\n<img loading=\"lazy\" decoding=\"async\" class=\"alignnone wp-image-2857 size-full\" title=\"Tigela de massa instant\u00e2nea com sabor a galinha\" src=\"https:\/\/sentaiyuanbio.com\/wp-content\/uploads\/2024\/10\/chicken-flavour-cup-noodles-4.jpg\" alt=\"Tigela de massa instant\u00e2nea com sabor a galinha\" width=\"750\" height=\"412\" srcset=\"https:\/\/sentaiyuanbio.com\/wp-content\/uploads\/2024\/10\/chicken-flavour-cup-noodles-4.jpg 750w, https:\/\/sentaiyuanbio.com\/wp-content\/uploads\/2024\/10\/chicken-flavour-cup-noodles-4-300x165.jpg 300w, https:\/\/sentaiyuanbio.com\/wp-content\/uploads\/2024\/10\/chicken-flavour-cup-noodles-4-600x330.jpg 600w\" sizes=\"(max-width: 750px) 100vw, 750px\" \/><br \/>\n<img loading=\"lazy\" decoding=\"async\" class=\"alignnone wp-image-2858 size-full\" src=\"https:\/\/sentaiyuanbio.com\/wp-content\/uploads\/2024\/10\/chicken-flavour-cup-noodles-5.jpg\" alt=\"ramen de prote\u00ednas vegetais\" width=\"750\" height=\"366\" srcset=\"https:\/\/sentaiyuanbio.com\/wp-content\/uploads\/2024\/10\/chicken-flavour-cup-noodles-5.jpg 750w, https:\/\/sentaiyuanbio.com\/wp-content\/uploads\/2024\/10\/chicken-flavour-cup-noodles-5-300x146.jpg 300w, https:\/\/sentaiyuanbio.com\/wp-content\/uploads\/2024\/10\/chicken-flavour-cup-noodles-5-600x293.jpg 600w\" sizes=\"(max-width: 750px) 100vw, 750px\" \/><br \/>\n<img loading=\"lazy\" decoding=\"async\" class=\"alignnone wp-image-2859 size-full\" src=\"https:\/\/sentaiyuanbio.com\/wp-content\/uploads\/2024\/10\/chicken-flavour-cup-noodles-6.jpg\" alt=\"ramen de prote\u00ednas vegetais\" width=\"750\" height=\"470\" srcset=\"https:\/\/sentaiyuanbio.com\/wp-content\/uploads\/2024\/10\/chicken-flavour-cup-noodles-6.jpg 750w, https:\/\/sentaiyuanbio.com\/wp-content\/uploads\/2024\/10\/chicken-flavour-cup-noodles-6-300x188.jpg 300w, https:\/\/sentaiyuanbio.com\/wp-content\/uploads\/2024\/10\/chicken-flavour-cup-noodles-6-600x376.jpg 600w\" sizes=\"(max-width: 750px) 100vw, 750px\" \/><br \/>\n<img loading=\"lazy\" decoding=\"async\" class=\"alignnone wp-image-2860 size-full\" src=\"https:\/\/sentaiyuanbio.com\/wp-content\/uploads\/2024\/10\/chicken-flavour-cup-noodles-7.jpg\" alt=\"ramen de prote\u00ednas vegetais\" width=\"750\" height=\"534\" srcset=\"https:\/\/sentaiyuanbio.com\/wp-content\/uploads\/2024\/10\/chicken-flavour-cup-noodles-7.jpg 750w, https:\/\/sentaiyuanbio.com\/wp-content\/uploads\/2024\/10\/chicken-flavour-cup-noodles-7-300x214.jpg 300w, https:\/\/sentaiyuanbio.com\/wp-content\/uploads\/2024\/10\/chicken-flavour-cup-noodles-7-600x427.jpg 600w\" sizes=\"(max-width: 750px) 100vw, 750px\" \/><\/p>","protected":false},"excerpt":{"rendered":"<p>Tigela de massa instant\u00e2nea com sabor a galinha, ramen de prote\u00edna vegetal, sabor a galinha \u00e9 ramen de alta prote\u00edna, 32g de prote\u00edna por por\u00e7\u00e3o de 62g, estilo de vida em forma, 30 % menos hidratos de carbono, 80% mais prote\u00edna. Ramen de prote\u00edna vegetal, alta prote\u00edna, seco ao ar, baixo teor de gordura, n\u00e3o frito, NON-GMO, baixo teor de carboidratos.<\/p>","protected":false},"featured_media":5197,"template":"","meta":{"site-sidebar-layout":"default","site-content-layout":"","ast-site-content-layout":"default","site-content-style":"default","site-sidebar-style":"default","ast-global-header-display":"","ast-banner-title-visibility":"","ast-main-header-display":"","ast-hfb-above-header-display":"","ast-hfb-below-header-display":"","ast-hfb-mobile-header-display":"","site-post-title":"","ast-breadcrumbs-content":"","ast-featured-img":"","footer-sml-layout":"","ast-disable-related-posts":"","theme-transparent-header-meta":"default","adv-header-id-meta":"","stick-header-meta":"default","header-above-stick-meta":"","header-main-stick-meta":"","header-below-stick-meta":"","astra-migrate-meta-layouts":"set","ast-page-background-enabled":"default","ast-page-background-meta":{"desktop":{"background-color":"","background-image":"","background-repeat":"repeat","background-position":"center center","background-size":"auto","background-attachment":"scroll","background-type":"","background-media":"","overlay-type":"","overlay-color":"","overlay-opacity":"","overlay-gradient":""},"tablet":{"background-color":"","background-image":"","background-repeat":"repeat","background-position":"center center","background-size":"auto","background-attachment":"scroll","background-type":"","background-media":"","overlay-type":"","overlay-color":"","overlay-opacity":"","overlay-gradient":""},"mobile":{"background-color":"","background-image":"","background-repeat":"repeat","background-position":"center center","background-size":"auto","background-attachment":"scroll","background-type":"","background-media":"","overlay-type":"","overlay-color":"","overlay-opacity":"","overlay-gradient":""}},"ast-content-background-meta":{"desktop":{"background-color":"var(--ast-global-color-5)","background-image":"","background-repeat":"repeat","background-position":"center center","background-size":"auto","background-attachment":"scroll","background-type":"","background-media":"","overlay-type":"","overlay-color":"","overlay-opacity":"","overlay-gradient":""},"tablet":{"background-color":"var(--ast-global-color-5)","background-image":"","background-repeat":"repeat","background-position":"center center","background-size":"auto","background-attachment":"scroll","background-type":"","background-media":"","overlay-type":"","overlay-color":"","overlay-opacity":"","overlay-gradient":""},"mobile":{"background-color":"var(--ast-global-color-5)","background-image":"","background-repeat":"repeat","background-position":"center center","background-size":"auto","background-attachment":"scroll","background-type":"","background-media":"","overlay-type":"","overlay-color":"","overlay-opacity":"","overlay-gradient":""}}},"product_brand":[],"product_cat":[248],"product_tag":[],"class_list":{"0":"post-2849","1":"product","2":"type-product","3":"status-publish","4":"has-post-thumbnail","6":"product_cat-low-carb-high-protein-noodles","7":"desktop-align-left","8":"tablet-align-left","9":"mobile-align-left","10":"ast-product-gallery-layout-horizontal-slider","11":"ast-product-tabs-layout-horizontal","13":"first","14":"instock","15":"shipping-taxable","16":"product-type-simple"},"_links":{"self":[{"href":"https:\/\/sentaiyuanbio.com\/pt\/wp-json\/wp\/v2\/product\/2849","targetHints":{"allow":["GET"]}}],"collection":[{"href":"https:\/\/sentaiyuanbio.com\/pt\/wp-json\/wp\/v2\/product"}],"about":[{"href":"https:\/\/sentaiyuanbio.com\/pt\/wp-json\/wp\/v2\/types\/product"}],"version-history":[{"count":0,"href":"https:\/\/sentaiyuanbio.com\/pt\/wp-json\/wp\/v2\/product\/2849\/revisions"}],"wp:featuredmedia":[{"embeddable":true,"href":"https:\/\/sentaiyuanbio.com\/pt\/wp-json\/wp\/v2\/media\/5197"}],"wp:attachment":[{"href":"https:\/\/sentaiyuanbio.com\/pt\/wp-json\/wp\/v2\/media?parent=2849"}],"wp:term":[{"taxonomy":"product_brand","embeddable":true,"href":"https:\/\/sentaiyuanbio.com\/pt\/wp-json\/wp\/v2\/product_brand?post=2849"},{"taxonomy":"product_cat","embeddable":true,"href":"https:\/\/sentaiyuanbio.com\/pt\/wp-json\/wp\/v2\/product_cat?post=2849"},{"taxonomy":"product_tag","embeddable":true,"href":"https:\/\/sentaiyuanbio.com\/pt\/wp-json\/wp\/v2\/product_tag?post=2849"}],"curies":[{"name":"wp","href":"https:\/\/api.w.org\/{rel}","templated":true}]}}