{"id":2861,"date":"2024-10-08T09:42:16","date_gmt":"2024-10-08T09:42:16","guid":{"rendered":"https:\/\/sentaiyuanbio.com\/?post_type=product&#038;p=2861"},"modified":"2026-02-13T08:55:18","modified_gmt":"2026-02-13T08:55:18","slug":"macarrao-instantaneo-com-sabor-a-carne","status":"publish","type":"product","link":"https:\/\/sentaiyuanbio.com\/pt\/produto\/macarrao-instantaneo-com-sabor-a-carne\/","title":{"rendered":"Tigela de massa instant\u00e2nea com sabor a carne, Ramen de prote\u00ednas vegetais"},"content":{"rendered":"<h2>Massa instant\u00e2nea com sabor a carne, ingrediente de prote\u00edna vegetal para Ramen<\/h2>\n<p>Ingredientes de Ramen: Gl\u00faten de trigo vital, Prote\u00edna de ervilha, Farinha de trigo, Farinha de trigo sarraceno, Fibra de ervilha em p\u00f3, Farinha de arroz glutinoso, <a href=\"https:\/\/sentaiyuanbio.com\/pt\/produto\/po-de-konjac\/\" target=\"_blank\" rel=\"noopener\">P\u00f3 de konjac<\/a>,\u00a0<a href=\"https:\/\/hethstia.com\/konjac-powder-vs-xanthan-gum\/\" target=\"_blank\" rel=\"noopener\">Goma xantana<\/a>, Carbonato de s\u00f3dio.<\/p>\n<p>Tempero para carne de vaca: Maltodextrina, sal, a\u00e7\u00facar branco granulado, coco em p\u00f3, ess\u00eancia comest\u00edvel, 5\u2019-ribonucle\u00f3tido diss\u00f3dico, prote\u00edna vegetal hidrolisada, cebola em p\u00f3, malagueta em p\u00f3, alho em p\u00f3, extrato de levedura, condimento (caril em p\u00f3, pimenta mo\u00edda),\u00a0<a href=\"https:\/\/www.healthline.com\/health\/food-nutrition\/is-silicon-dioxide-in-supplements-safe\" target=\"_blank\" rel=\"noopener\">Di\u00f3xido de sil\u00edcio<\/a>.<\/p>\n<p>Legumes: Cebolinha verde, Cenoura.<\/p>\n<p>Cont\u00e9m: Produtos \u00e0 base de soja<\/p>\n<h2>Factos nutricionais do macarr\u00e3o Shirataki instant\u00e2neo<\/h2>\n<table border=\"1\" cellspacing=\"1\">\n<tbody>\n<tr>\n<td colspan=\"2\" align=\"center\">Factos nutricionais (62g)<\/td>\n<\/tr>\n<tr>\n<td align=\"center\" width=\"284\"><b>Energia<\/b><\/td>\n<td align=\"center\" width=\"284\">230kcal<\/td>\n<\/tr>\n<tr>\n<td align=\"center\" width=\"284\"><b>Prote\u00edna<\/b><\/td>\n<td align=\"center\" width=\"284\">32g<\/td>\n<\/tr>\n<tr>\n<td align=\"center\" width=\"284\"><b>Gordura total<\/b><\/td>\n<td align=\"center\" width=\"284\">3g<\/td>\n<\/tr>\n<tr>\n<td align=\"center\" width=\"284\"><b>Hidratos de carbono totais<\/b><\/td>\n<td align=\"center\" width=\"284\">21g<\/td>\n<\/tr>\n<tr>\n<td align=\"center\" width=\"284\"><b>Fibra alimentar<\/b><\/td>\n<td align=\"center\" width=\"284\">5g<\/td>\n<\/tr>\n<tr>\n<td align=\"center\" width=\"284\"><b>S\u00f3dio<\/b><\/td>\n<td align=\"center\" width=\"284\">630mg<\/td>\n<\/tr>\n<\/tbody>\n<\/table>\n<p><img fetchpriority=\"high\" decoding=\"async\" class=\"alignnone wp-image-2872 size-full\" title=\"Tigela de massa instant\u00e2nea com sabor a carne\" src=\"https:\/\/sentaiyuanbio.com\/wp-content\/uploads\/2024\/10\/Beef-Ramen-Noodles-Cup-1.jpg\" alt=\"Ramen de prote\u00ednas vegetais\" width=\"750\" height=\"601\" srcset=\"https:\/\/sentaiyuanbio.com\/wp-content\/uploads\/2024\/10\/Beef-Ramen-Noodles-Cup-1.jpg 750w, https:\/\/sentaiyuanbio.com\/wp-content\/uploads\/2024\/10\/Beef-Ramen-Noodles-Cup-1-300x240.jpg 300w, https:\/\/sentaiyuanbio.com\/wp-content\/uploads\/2024\/10\/Beef-Ramen-Noodles-Cup-1-600x481.jpg 600w\" sizes=\"(max-width: 750px) 100vw, 750px\" \/><img decoding=\"async\" class=\"alignnone wp-image-2871 size-full\" title=\"Tigela de massa instant\u00e2nea com sabor a carne\" src=\"https:\/\/sentaiyuanbio.com\/wp-content\/uploads\/2024\/10\/Beef-Ramen-Noodles-Cup-2.jpg\" alt=\"Ramen de prote\u00ednas vegetais\" width=\"750\" height=\"657\" srcset=\"https:\/\/sentaiyuanbio.com\/wp-content\/uploads\/2024\/10\/Beef-Ramen-Noodles-Cup-2.jpg 750w, https:\/\/sentaiyuanbio.com\/wp-content\/uploads\/2024\/10\/Beef-Ramen-Noodles-Cup-2-300x263.jpg 300w, https:\/\/sentaiyuanbio.com\/wp-content\/uploads\/2024\/10\/Beef-Ramen-Noodles-Cup-2-600x526.jpg 600w\" sizes=\"(max-width: 750px) 100vw, 750px\" \/><img decoding=\"async\" class=\"alignnone wp-image-2870 size-full\" title=\"Tigela de massa instant\u00e2nea com sabor a carne\" src=\"https:\/\/sentaiyuanbio.com\/wp-content\/uploads\/2024\/10\/Beef-Ramen-Noodles-Cup-3.jpg\" alt=\"Ramen de prote\u00ednas vegetais\" width=\"750\" height=\"338\" srcset=\"https:\/\/sentaiyuanbio.com\/wp-content\/uploads\/2024\/10\/Beef-Ramen-Noodles-Cup-3.jpg 750w, https:\/\/sentaiyuanbio.com\/wp-content\/uploads\/2024\/10\/Beef-Ramen-Noodles-Cup-3-300x135.jpg 300w, https:\/\/sentaiyuanbio.com\/wp-content\/uploads\/2024\/10\/Beef-Ramen-Noodles-Cup-3-600x270.jpg 600w\" sizes=\"(max-width: 750px) 100vw, 750px\" \/><img loading=\"lazy\" decoding=\"async\" class=\"alignnone wp-image-2869 size-full\" title=\"Ramen de prote\u00ednas vegetais\" src=\"https:\/\/sentaiyuanbio.com\/wp-content\/uploads\/2024\/10\/Beef-Ramen-Noodles-Cup-4.jpg\" alt=\"Ramen de prote\u00ednas vegetais\" width=\"750\" height=\"412\" srcset=\"https:\/\/sentaiyuanbio.com\/wp-content\/uploads\/2024\/10\/Beef-Ramen-Noodles-Cup-4.jpg 750w, https:\/\/sentaiyuanbio.com\/wp-content\/uploads\/2024\/10\/Beef-Ramen-Noodles-Cup-4-300x165.jpg 300w, https:\/\/sentaiyuanbio.com\/wp-content\/uploads\/2024\/10\/Beef-Ramen-Noodles-Cup-4-600x330.jpg 600w\" sizes=\"(max-width: 750px) 100vw, 750px\" \/><img loading=\"lazy\" decoding=\"async\" class=\"alignnone wp-image-2868 size-full\" title=\"Tigela de massa instant\u00e2nea com sabor a carne\" src=\"https:\/\/sentaiyuanbio.com\/wp-content\/uploads\/2024\/10\/Beef-Ramen-Noodles-Cup-5.jpg\" alt=\"Ramen de prote\u00ednas vegetais\" width=\"750\" height=\"366\" srcset=\"https:\/\/sentaiyuanbio.com\/wp-content\/uploads\/2024\/10\/Beef-Ramen-Noodles-Cup-5.jpg 750w, https:\/\/sentaiyuanbio.com\/wp-content\/uploads\/2024\/10\/Beef-Ramen-Noodles-Cup-5-300x146.jpg 300w, https:\/\/sentaiyuanbio.com\/wp-content\/uploads\/2024\/10\/Beef-Ramen-Noodles-Cup-5-600x293.jpg 600w\" sizes=\"(max-width: 750px) 100vw, 750px\" \/><img loading=\"lazy\" decoding=\"async\" class=\"alignnone wp-image-2867 size-full\" title=\"Ramen de prote\u00ednas vegetais\" src=\"https:\/\/sentaiyuanbio.com\/wp-content\/uploads\/2024\/10\/Beef-Ramen-Noodles-Cup-6.jpg\" alt=\"Ramen de prote\u00ednas vegetais\" width=\"750\" height=\"470\" srcset=\"https:\/\/sentaiyuanbio.com\/wp-content\/uploads\/2024\/10\/Beef-Ramen-Noodles-Cup-6.jpg 750w, https:\/\/sentaiyuanbio.com\/wp-content\/uploads\/2024\/10\/Beef-Ramen-Noodles-Cup-6-300x188.jpg 300w, https:\/\/sentaiyuanbio.com\/wp-content\/uploads\/2024\/10\/Beef-Ramen-Noodles-Cup-6-600x376.jpg 600w\" sizes=\"(max-width: 750px) 100vw, 750px\" \/><img loading=\"lazy\" decoding=\"async\" class=\"alignnone wp-image-2866 size-full\" title=\"Ramen de prote\u00ednas vegetais\" src=\"https:\/\/sentaiyuanbio.com\/wp-content\/uploads\/2024\/10\/Beef-Ramen-Noodles-Cup-7.jpg\" alt=\"Ramen de prote\u00ednas vegetais\" width=\"750\" height=\"534\" srcset=\"https:\/\/sentaiyuanbio.com\/wp-content\/uploads\/2024\/10\/Beef-Ramen-Noodles-Cup-7.jpg 750w, https:\/\/sentaiyuanbio.com\/wp-content\/uploads\/2024\/10\/Beef-Ramen-Noodles-Cup-7-300x214.jpg 300w, https:\/\/sentaiyuanbio.com\/wp-content\/uploads\/2024\/10\/Beef-Ramen-Noodles-Cup-7-600x427.jpg 600w\" sizes=\"(max-width: 750px) 100vw, 750px\" \/><\/p>","protected":false},"excerpt":{"rendered":"<p>O macarr\u00e3o instant\u00e2neo com sabor a carne e o Ramen de prote\u00edna vegetal t\u00eam baixo teor de gordura e s\u00e3o ricos em nutrientes. 30% menos hidratos de carbono e 80% mais prote\u00ednas em compara\u00e7\u00e3o com outras massas. Com um peso l\u00edquido de 62 gramas por por\u00e7\u00e3o, cada por\u00e7\u00e3o de ramen tem uns impressionantes 32 g de prote\u00ednas.<\/p>","protected":false},"featured_media":5198,"template":"","meta":{"site-sidebar-layout":"default","site-content-layout":"","ast-site-content-layout":"default","site-content-style":"default","site-sidebar-style":"default","ast-global-header-display":"","ast-banner-title-visibility":"","ast-main-header-display":"","ast-hfb-above-header-display":"","ast-hfb-below-header-display":"","ast-hfb-mobile-header-display":"","site-post-title":"","ast-breadcrumbs-content":"","ast-featured-img":"","footer-sml-layout":"","ast-disable-related-posts":"","theme-transparent-header-meta":"default","adv-header-id-meta":"","stick-header-meta":"default","header-above-stick-meta":"","header-main-stick-meta":"","header-below-stick-meta":"","astra-migrate-meta-layouts":"set","ast-page-background-enabled":"default","ast-page-background-meta":{"desktop":{"background-color":"","background-image":"","background-repeat":"repeat","background-position":"center center","background-size":"auto","background-attachment":"scroll","background-type":"","background-media":"","overlay-type":"","overlay-color":"","overlay-opacity":"","overlay-gradient":""},"tablet":{"background-color":"","background-image":"","background-repeat":"repeat","background-position":"center center","background-size":"auto","background-attachment":"scroll","background-type":"","background-media":"","overlay-type":"","overlay-color":"","overlay-opacity":"","overlay-gradient":""},"mobile":{"background-color":"","background-image":"","background-repeat":"repeat","background-position":"center center","background-size":"auto","background-attachment":"scroll","background-type":"","background-media":"","overlay-type":"","overlay-color":"","overlay-opacity":"","overlay-gradient":""}},"ast-content-background-meta":{"desktop":{"background-color":"var(--ast-global-color-5)","background-image":"","background-repeat":"repeat","background-position":"center center","background-size":"auto","background-attachment":"scroll","background-type":"","background-media":"","overlay-type":"","overlay-color":"","overlay-opacity":"","overlay-gradient":""},"tablet":{"background-color":"var(--ast-global-color-5)","background-image":"","background-repeat":"repeat","background-position":"center center","background-size":"auto","background-attachment":"scroll","background-type":"","background-media":"","overlay-type":"","overlay-color":"","overlay-opacity":"","overlay-gradient":""},"mobile":{"background-color":"var(--ast-global-color-5)","background-image":"","background-repeat":"repeat","background-position":"center center","background-size":"auto","background-attachment":"scroll","background-type":"","background-media":"","overlay-type":"","overlay-color":"","overlay-opacity":"","overlay-gradient":""}}},"product_brand":[],"product_cat":[248],"product_tag":[],"class_list":{"0":"post-2861","1":"product","2":"type-product","3":"status-publish","4":"has-post-thumbnail","6":"product_cat-low-carb-high-protein-noodles","7":"desktop-align-left","8":"tablet-align-left","9":"mobile-align-left","10":"ast-product-gallery-layout-horizontal-slider","11":"ast-product-tabs-layout-horizontal","13":"first","14":"instock","15":"shipping-taxable","16":"product-type-simple"},"_links":{"self":[{"href":"https:\/\/sentaiyuanbio.com\/pt\/wp-json\/wp\/v2\/product\/2861","targetHints":{"allow":["GET"]}}],"collection":[{"href":"https:\/\/sentaiyuanbio.com\/pt\/wp-json\/wp\/v2\/product"}],"about":[{"href":"https:\/\/sentaiyuanbio.com\/pt\/wp-json\/wp\/v2\/types\/product"}],"version-history":[{"count":0,"href":"https:\/\/sentaiyuanbio.com\/pt\/wp-json\/wp\/v2\/product\/2861\/revisions"}],"wp:featuredmedia":[{"embeddable":true,"href":"https:\/\/sentaiyuanbio.com\/pt\/wp-json\/wp\/v2\/media\/5198"}],"wp:attachment":[{"href":"https:\/\/sentaiyuanbio.com\/pt\/wp-json\/wp\/v2\/media?parent=2861"}],"wp:term":[{"taxonomy":"product_brand","embeddable":true,"href":"https:\/\/sentaiyuanbio.com\/pt\/wp-json\/wp\/v2\/product_brand?post=2861"},{"taxonomy":"product_cat","embeddable":true,"href":"https:\/\/sentaiyuanbio.com\/pt\/wp-json\/wp\/v2\/product_cat?post=2861"},{"taxonomy":"product_tag","embeddable":true,"href":"https:\/\/sentaiyuanbio.com\/pt\/wp-json\/wp\/v2\/product_tag?post=2861"}],"curies":[{"name":"wp","href":"https:\/\/api.w.org\/{rel}","templated":true}]}}