{"id":3000,"date":"2024-10-25T09:36:58","date_gmt":"2024-10-25T09:36:58","guid":{"rendered":"https:\/\/sentaiyuanbio.com\/?post_type=product&#038;p=3000"},"modified":"2025-02-26T04:13:03","modified_gmt":"2025-02-26T04:13:03","slug":"fabricante-de-goma-konjac","status":"publish","type":"product","link":"https:\/\/sentaiyuanbio.com\/pt\/produto\/fabricante-de-goma-konjac\/","title":{"rendered":"Fabricante de goma de konjac, produtor de glucomanano de konjac"},"content":{"rendered":"<h2>Sentaiyuan: Melhor Fabricante de Goma Konjac, Produtor de Goma Konjac<\/h2>\n<p><strong>Goma konjac<\/strong> \u00e9 uma fibra sol\u00favel, formadora de volume, derivada da raiz de konjac (Amorphophallus konjac), que pode ajudar a manter a regularidade intestinal e a fazer com que se sinta cheio.<\/p>\n<p>Utilizar para engrossar sopas e molhos e para dar uma boa croc\u00e2ncia aos biscoitos cet\u00f3nicos, que n\u00e3o se obt\u00e9m com a farinha de am\u00eandoa ou de coco. Ah, e tamb\u00e9m este p\u00f3 n\u00e3o tem cheiro de peixe.<\/p>\n<p>O nosso <strong>Goma konjac<\/strong> \u00e9 derivado da raiz de konjac, tamb\u00e9m conhecida como glucomanano ou l\u00edngua do diabo. Tem um efeito de incha\u00e7o extremamente elevado e pode absorver at\u00e9 200 vezes o seu volume de l\u00edquido, resultando numa sensa\u00e7\u00e3o de saciedade extrema.<\/p>\n<h2>Goma Konjac Especifica\u00e7\u00e3o do fabricante<\/h2>\n<table class=\"two_elementor_element\" width=\"100%\" cellspacing=\"0\" cellpadding=\"0\">\n<tbody class=\"two_elementor_element\">\n<tr class=\"firstRow two_elementor_element\">\n<td class=\"two_elementor_element\" width=\"180\" height=\"20\">Nome do produto<\/td>\n<td class=\"two_elementor_element\" width=\"392\">Goma Konjac Fabricante - Aditivo Alimentar<\/td>\n<\/tr>\n<tr class=\"two_elementor_element\">\n<td class=\"two_elementor_element\" width=\"180\" height=\"21\">Utiliza\u00e7\u00e3o<\/td>\n<td class=\"two_elementor_element\" width=\"392\">Doces, <a href=\"https:\/\/sentaiyuanbio.com\/pt\/categoria-produto\/gelatina-de-konjac-em-po\/\" target=\"_blank\" rel=\"noopener\">Geleia<\/a>, Gelados, Biscoitos Produtos \u00e0 base de carne, Alimentos para animais de estima\u00e7\u00e3o, Padaria, Temperos, C\u00e1psulas<\/td>\n<\/tr>\n<tr class=\"two_elementor_element\">\n<td class=\"two_elementor_element\" width=\"180\" height=\"21\">Fun\u00e7\u00f5es<\/td>\n<td class=\"two_elementor_element\" width=\"392\">Estabilizadores, <a href=\"https:\/\/hethstia.com\/konjac-gum-as-dietary-fiber-thickener-suspending-agent-additive\/\" target=\"_blank\" rel=\"noopener\">Espessantes<\/a><\/td>\n<\/tr>\n<tr class=\"two_elementor_element\">\n<td class=\"two_elementor_element\" width=\"180\" height=\"21\">Teor de gordura<\/td>\n<td class=\"two_elementor_element\" width=\"392\">0g<\/td>\n<\/tr>\n<tr class=\"two_elementor_element\">\n<td class=\"two_elementor_element\" width=\"180\" height=\"21\">Peso<\/td>\n<td class=\"two_elementor_element\" width=\"392\">0,08 kg<\/td>\n<\/tr>\n<tr class=\"two_elementor_element\">\n<td class=\"two_elementor_element\" width=\"180\" height=\"21\">Prazo de validade<\/td>\n<td class=\"two_elementor_element\" width=\"392\">24 meses<\/td>\n<\/tr>\n<tr class=\"two_elementor_element\">\n<td class=\"two_elementor_element\" width=\"180\" height=\"21\">Certificados<\/td>\n<td class=\"two_elementor_element\" width=\"392\">IFS, BRC, KOSHER, HALAL, HACCP<\/td>\n<\/tr>\n<tr class=\"two_elementor_element\">\n<td class=\"two_elementor_element\" width=\"180\" height=\"21\">Embalagem<\/td>\n<td class=\"two_elementor_element\" width=\"392\">Saco interior + bolsa de p\u00e9\/caixa de papel<\/td>\n<\/tr>\n<tr class=\"two_elementor_element\">\n<td class=\"two_elementor_element\" width=\"180\" height=\"21\">Armazenamento<\/td>\n<td class=\"two_elementor_element\" width=\"392\">Temperatura ambiente, local fresco e seco, evitar a luz solar direta<\/td>\n<\/tr>\n<tr class=\"two_elementor_element\">\n<td class=\"two_elementor_element\" width=\"180\" height=\"21\">Servi\u00e7o<\/td>\n<td class=\"two_elementor_element\" width=\"392\">OEM, ODM, OBM<\/td>\n<\/tr>\n<tr class=\"two_elementor_element\">\n<td class=\"two_elementor_element\" width=\"180\" height=\"21\">Prazo de entrega<\/td>\n<td class=\"two_elementor_element\" width=\"392\">15-30 dias \u00fateis<\/td>\n<\/tr>\n<\/tbody>\n<\/table>\n<h2>Sentaiyuan: O melhor fabricante de goma konjac na China<\/h2>\n<p><strong>Eis algumas das suas carater\u00edsticas e carater\u00edsticas:<\/strong><\/p>\n<p><strong>Baixo teor de calorias<\/strong>: Tem muito poucas calorias, o que o torna uma excelente alternativa para quem quer reduzir o seu consumo de calorias.<\/p>\n<p><strong>Baixo teor de hidratos de carbono<\/strong>: Tem muito poucos hidratos de carbono, o que o torna um bom substituto do arroz normal para as pessoas que seguem uma dieta pobre em hidratos de carbono. Inclui apenas uma pequena parte dos hidratos de carbono contidos no arroz normal.<\/p>\n<p><strong>Alto teor de fibras<\/strong>: Cont\u00e9m uma grande quantidade de fibra alimentar, nomeadamente fibra sol\u00favel chamada glucomanano. Esta fibra \u00e9 boa para a digest\u00e3o, promove a sensa\u00e7\u00e3o de saciedade e pode ajudar no controlo do peso.<\/p>\n<p><strong>Sem gl\u00faten<\/strong>: \u00c9 naturalmente isento de gl\u00faten, o que o torna uma excelente escolha para quem \u00e9 sens\u00edvel ao gl\u00faten ou segue uma dieta sem gl\u00faten.<\/p>\n<p><strong>Promove a saciedade<\/strong>: Devido ao seu elevado teor de fibras, pode ajudar a reduzir a fome e o tamanho das por\u00e7\u00f5es.<\/p>\n<p><strong>Pode ajudar na gest\u00e3o do peso<\/strong>: Devido ao seu baixo teor cal\u00f3rico e elevado teor de fibras, \u00e9 uma escolha popular para as pessoas que querem perder ou manter um peso saud\u00e1vel.<\/p>\n<p>Aplica\u00e7\u00e3o na ind\u00fastria qu\u00edmica: Como o peso molecular m\u00e9dio do glucomanano konjac de 200.000 a 2.000.000 \u00e9 muito grande, a sua viscosidade \u00e9 elevada e a sua fluidez \u00e9 boa, tem sido aplicado em ind\u00fastrias qu\u00edmicas como o petr\u00f3leo, cataplasma de impress\u00e3o de corantes, pel\u00edcula de terra, fraldas, etc.<\/p>\n<p><img fetchpriority=\"high\" decoding=\"async\" class=\"alignnone wp-image-3006 size-full\" src=\"https:\/\/sentaiyuanbio.com\/wp-content\/uploads\/2024\/10\/konjac-gum-manufacturer.jpg\" alt=\"fabricante de goma konjac (produtor de goma konjac)\" width=\"750\" height=\"550\" srcset=\"https:\/\/sentaiyuanbio.com\/wp-content\/uploads\/2024\/10\/konjac-gum-manufacturer.jpg 750w, https:\/\/sentaiyuanbio.com\/wp-content\/uploads\/2024\/10\/konjac-gum-manufacturer-300x220.jpg 300w, https:\/\/sentaiyuanbio.com\/wp-content\/uploads\/2024\/10\/konjac-gum-manufacturer-600x440.jpg 600w\" sizes=\"(max-width: 750px) 100vw, 750px\" \/><br \/>\n<img decoding=\"async\" class=\"alignnone wp-image-3007 size-full\" src=\"https:\/\/sentaiyuanbio.com\/wp-content\/uploads\/2024\/10\/konjac-gum-producer.jpg\" alt=\"fabricante de goma konjac (produtor de goma konjac)\" width=\"749\" height=\"602\" srcset=\"https:\/\/sentaiyuanbio.com\/wp-content\/uploads\/2024\/10\/konjac-gum-producer.jpg 749w, https:\/\/sentaiyuanbio.com\/wp-content\/uploads\/2024\/10\/konjac-gum-producer-300x241.jpg 300w, https:\/\/sentaiyuanbio.com\/wp-content\/uploads\/2024\/10\/konjac-gum-producer-600x482.jpg 600w\" sizes=\"(max-width: 749px) 100vw, 749px\" \/><\/p>","protected":false},"excerpt":{"rendered":"<p>Fabricante de goma konjac, produtor de goma konjac, aplica\u00e7\u00e3o na ind\u00fastria alimentar: A goma alimentar \u00e9 utilizada como agente de espessamento e agente de ader\u00eancia de alimentos, tais como geleia, gelado, papa, carne, farinha, bebidas s\u00f3lidas, compota, etc.<\/p>","protected":false},"featured_media":3005,"template":"","meta":{"site-sidebar-layout":"default","site-content-layout":"","ast-site-content-layout":"default","site-content-style":"default","site-sidebar-style":"default","ast-global-header-display":"","ast-banner-title-visibility":"","ast-main-header-display":"","ast-hfb-above-header-display":"","ast-hfb-below-header-display":"","ast-hfb-mobile-header-display":"","site-post-title":"","ast-breadcrumbs-content":"","ast-featured-img":"","footer-sml-layout":"","ast-disable-related-posts":"","theme-transparent-header-meta":"default","adv-header-id-meta":"","stick-header-meta":"default","header-above-stick-meta":"","header-main-stick-meta":"","header-below-stick-meta":"","astra-migrate-meta-layouts":"set","ast-page-background-enabled":"default","ast-page-background-meta":{"desktop":{"background-color":"","background-image":"","background-repeat":"repeat","background-position":"center center","background-size":"auto","background-attachment":"scroll","background-type":"","background-media":"","overlay-type":"","overlay-color":"","overlay-opacity":"","overlay-gradient":""},"tablet":{"background-color":"","background-image":"","background-repeat":"repeat","background-position":"center center","background-size":"auto","background-attachment":"scroll","background-type":"","background-media":"","overlay-type":"","overlay-color":"","overlay-opacity":"","overlay-gradient":""},"mobile":{"background-color":"","background-image":"","background-repeat":"repeat","background-position":"center center","background-size":"auto","background-attachment":"scroll","background-type":"","background-media":"","overlay-type":"","overlay-color":"","overlay-opacity":"","overlay-gradient":""}},"ast-content-background-meta":{"desktop":{"background-color":"var(--ast-global-color-5)","background-image":"","background-repeat":"repeat","background-position":"center center","background-size":"auto","background-attachment":"scroll","background-type":"","background-media":"","overlay-type":"","overlay-color":"","overlay-opacity":"","overlay-gradient":""},"tablet":{"background-color":"var(--ast-global-color-5)","background-image":"","background-repeat":"repeat","background-position":"center center","background-size":"auto","background-attachment":"scroll","background-type":"","background-media":"","overlay-type":"","overlay-color":"","overlay-opacity":"","overlay-gradient":""},"mobile":{"background-color":"var(--ast-global-color-5)","background-image":"","background-repeat":"repeat","background-position":"center center","background-size":"auto","background-attachment":"scroll","background-type":"","background-media":"","overlay-type":"","overlay-color":"","overlay-opacity":"","overlay-gradient":""}}},"product_brand":[],"product_cat":[24],"product_tag":[],"class_list":{"0":"post-3000","1":"product","2":"type-product","3":"status-publish","4":"has-post-thumbnail","6":"product_cat-konjac-dietary-fiber","7":"desktop-align-left","8":"tablet-align-left","9":"mobile-align-left","10":"ast-product-gallery-layout-horizontal-slider","11":"ast-product-tabs-layout-horizontal","13":"first","14":"instock","15":"shipping-taxable","16":"product-type-simple"},"_links":{"self":[{"href":"https:\/\/sentaiyuanbio.com\/pt\/wp-json\/wp\/v2\/product\/3000","targetHints":{"allow":["GET"]}}],"collection":[{"href":"https:\/\/sentaiyuanbio.com\/pt\/wp-json\/wp\/v2\/product"}],"about":[{"href":"https:\/\/sentaiyuanbio.com\/pt\/wp-json\/wp\/v2\/types\/product"}],"version-history":[{"count":0,"href":"https:\/\/sentaiyuanbio.com\/pt\/wp-json\/wp\/v2\/product\/3000\/revisions"}],"wp:featuredmedia":[{"embeddable":true,"href":"https:\/\/sentaiyuanbio.com\/pt\/wp-json\/wp\/v2\/media\/3005"}],"wp:attachment":[{"href":"https:\/\/sentaiyuanbio.com\/pt\/wp-json\/wp\/v2\/media?parent=3000"}],"wp:term":[{"taxonomy":"product_brand","embeddable":true,"href":"https:\/\/sentaiyuanbio.com\/pt\/wp-json\/wp\/v2\/product_brand?post=3000"},{"taxonomy":"product_cat","embeddable":true,"href":"https:\/\/sentaiyuanbio.com\/pt\/wp-json\/wp\/v2\/product_cat?post=3000"},{"taxonomy":"product_tag","embeddable":true,"href":"https:\/\/sentaiyuanbio.com\/pt\/wp-json\/wp\/v2\/product_tag?post=3000"}],"curies":[{"name":"wp","href":"https:\/\/api.w.org\/{rel}","templated":true}]}}