{"id":3011,"date":"2024-10-28T09:35:32","date_gmt":"2024-10-28T09:35:32","guid":{"rendered":"https:\/\/sentaiyuanbio.com\/?post_type=product&#038;p=3011"},"modified":"2025-02-26T04:13:51","modified_gmt":"2025-02-26T04:13:51","slug":"farinha-de-inhame-konjac-inhame-konjac-em-po","status":"publish","type":"product","link":"https:\/\/sentaiyuanbio.com\/pt\/produto\/farinha-de-inhame-konjac-inhame-konjac-em-po\/","title":{"rendered":"Farinha de inhame konjac, p\u00f3 de inhame konjac - Sentaiyuan Konjac"},"content":{"rendered":"<h2>Especifica\u00e7\u00e3o da farinha de inhame konjac<\/h2>\n<p>Aplica\u00e7\u00e3o da farinha de inhame konjac e do p\u00f3 de inhame konjac na ind\u00fastria qu\u00edmica: O seu peso molecular m\u00e9dio de 200.000 a 2.000.000 \u00e9 t\u00e3o grande, a viscosidade \u00e9 alta e a fluidez \u00e9 boa, que tem sido aplicado a ind\u00fastrias qu\u00edmicas como o petr\u00f3leo, o cataplasma de impress\u00e3o de corantes, o filme terrestre, a fralda e assim por diante.<\/p>\n<table class=\"two_elementor_element\" width=\"100%\" cellspacing=\"0\" cellpadding=\"0\">\n<tbody class=\"two_elementor_element\">\n<tr class=\"firstRow two_elementor_element\">\n<td class=\"two_elementor_element\" width=\"180\" height=\"20\">Nome do produto<\/td>\n<td class=\"two_elementor_element\" width=\"392\">P\u00f3 de konjac de inhame - Grau de aditivo alimentar<\/td>\n<\/tr>\n<tr class=\"two_elementor_element\">\n<td class=\"two_elementor_element\" width=\"180\" height=\"21\">Utiliza\u00e7\u00e3o<\/td>\n<td class=\"two_elementor_element\" width=\"392\">Doces, <a href=\"https:\/\/sentaiyuanbio.com\/pt\/categoria-produto\/gelatina-de-konjac-em-po\/\" target=\"_blank\" rel=\"noopener\">Geleia<\/a>, Gelados, Biscoitos Produtos \u00e0 base de carne, Alimentos para animais de estima\u00e7\u00e3o, Padaria, Temperos, C\u00e1psulas<\/td>\n<\/tr>\n<tr class=\"two_elementor_element\">\n<td class=\"two_elementor_element\" width=\"180\" height=\"21\">Fun\u00e7\u00f5es<\/td>\n<td class=\"two_elementor_element\" width=\"392\">Estabilizadores, <a href=\"https:\/\/hethstia.com\/konjac-flour-as-a-food-thickener\/\" target=\"_blank\" rel=\"noopener\">Espessantes<\/a><\/td>\n<\/tr>\n<tr class=\"two_elementor_element\">\n<td class=\"two_elementor_element\" width=\"180\" height=\"21\">Teor de gordura<\/td>\n<td class=\"two_elementor_element\" width=\"392\">0g<\/td>\n<\/tr>\n<tr class=\"two_elementor_element\">\n<td class=\"two_elementor_element\" width=\"180\" height=\"21\">Peso<\/td>\n<td class=\"two_elementor_element\" width=\"392\">0,08 kg<\/td>\n<\/tr>\n<tr class=\"two_elementor_element\">\n<td class=\"two_elementor_element\" width=\"180\" height=\"21\">Prazo de validade<\/td>\n<td class=\"two_elementor_element\" width=\"392\">24 meses<\/td>\n<\/tr>\n<tr class=\"two_elementor_element\">\n<td class=\"two_elementor_element\" width=\"180\" height=\"21\">Certificados<\/td>\n<td class=\"two_elementor_element\" width=\"392\">IFS, BRC, KOSHER, HALAL, HACCP<\/td>\n<\/tr>\n<tr class=\"two_elementor_element\">\n<td class=\"two_elementor_element\" width=\"180\" height=\"21\">Embalagem<\/td>\n<td class=\"two_elementor_element\" width=\"392\">Saco interior + bolsa de p\u00e9\/caixa de papel<\/td>\n<\/tr>\n<tr class=\"two_elementor_element\">\n<td class=\"two_elementor_element\" width=\"180\" height=\"21\">Armazenamento<\/td>\n<td class=\"two_elementor_element\" width=\"392\">Temperatura ambiente, local fresco e seco, evitar a luz solar direta<\/td>\n<\/tr>\n<tr class=\"two_elementor_element\">\n<td class=\"two_elementor_element\" width=\"180\" height=\"21\">Servi\u00e7o<\/td>\n<td class=\"two_elementor_element\" width=\"392\">OEM, ODM, OBM<\/td>\n<\/tr>\n<tr class=\"two_elementor_element\">\n<td class=\"two_elementor_element\" width=\"180\" height=\"21\">Prazo de entrega<\/td>\n<td class=\"two_elementor_element\" width=\"392\">15-30 dias \u00fateis<\/td>\n<\/tr>\n<\/tbody>\n<\/table>\n<p>O p\u00f3 de inhame konjac \u00e9 uma fibra sol\u00favel e formadora de volume. \u00c9 extra\u00edda da raiz da planta do inhame konjac. Pode ajudar a manter a regularidade intestinal e a fazer com que se sinta cheio.<\/p>\n<p>Utilizar para engrossar sopas e molhos e para dar uma boa croc\u00e2ncia aos biscoitos cet\u00f3nicos, que simplesmente n\u00e3o se obt\u00e9m com a farinha de am\u00eandoa ou de coco. Esta farinha tamb\u00e9m n\u00e3o tem cheiro a peixe.<\/p>\n<p>Carater\u00edsticas do p\u00f3 de konjac de inhame Sentaiyuan: Baixo teor de calorias, Baixo teor de hidratos de carbono, Alto teor de fibra, Sem gl\u00faten, Textura gelatinosa, Praticamente sem sabor, R\u00e1pido e f\u00e1cil de preparar, Promove a saciedade, Adequado para v\u00e1rias restri\u00e7\u00f5es alimentares e Pode ajudar no controlo de peso.<\/p>\n<h2>Planta de inhame konjac<\/h2>\n<p><img fetchpriority=\"high\" decoding=\"async\" class=\"alignnone wp-image-3016 size-full\" src=\"https:\/\/sentaiyuanbio.com\/wp-content\/uploads\/2024\/10\/konjac-yam-plant.jpg\" alt=\"planta de inhame konjac\" width=\"800\" height=\"624\" srcset=\"https:\/\/sentaiyuanbio.com\/wp-content\/uploads\/2024\/10\/konjac-yam-plant.jpg 800w, https:\/\/sentaiyuanbio.com\/wp-content\/uploads\/2024\/10\/konjac-yam-plant-300x234.jpg 300w, https:\/\/sentaiyuanbio.com\/wp-content\/uploads\/2024\/10\/konjac-yam-plant-768x599.jpg 768w, https:\/\/sentaiyuanbio.com\/wp-content\/uploads\/2024\/10\/konjac-yam-plant-600x468.jpg 600w\" sizes=\"(max-width: 800px) 100vw, 800px\" \/><\/p>\n<p><img decoding=\"async\" class=\"alignnone wp-image-3017 size-full\" src=\"https:\/\/sentaiyuanbio.com\/wp-content\/uploads\/2024\/10\/konjac-yam-plant-2.jpg\" alt=\"planta de inhame konjac\" width=\"800\" height=\"919\" srcset=\"https:\/\/sentaiyuanbio.com\/wp-content\/uploads\/2024\/10\/konjac-yam-plant-2.jpg 800w, https:\/\/sentaiyuanbio.com\/wp-content\/uploads\/2024\/10\/konjac-yam-plant-2-261x300.jpg 261w, https:\/\/sentaiyuanbio.com\/wp-content\/uploads\/2024\/10\/konjac-yam-plant-2-768x882.jpg 768w, https:\/\/sentaiyuanbio.com\/wp-content\/uploads\/2024\/10\/konjac-yam-plant-2-522x600.jpg 522w, https:\/\/sentaiyuanbio.com\/wp-content\/uploads\/2024\/10\/konjac-yam-plant-2-600x689.jpg 600w\" sizes=\"(max-width: 800px) 100vw, 800px\" \/><\/p>\n<p><img decoding=\"async\" class=\"alignleft wp-image-3018 size-full\" src=\"https:\/\/sentaiyuanbio.com\/wp-content\/uploads\/2024\/10\/konjac-yam-plant-3.jpg\" alt=\"planta de inhame konjac\" width=\"800\" height=\"1171\" srcset=\"https:\/\/sentaiyuanbio.com\/wp-content\/uploads\/2024\/10\/konjac-yam-plant-3.jpg 800w, https:\/\/sentaiyuanbio.com\/wp-content\/uploads\/2024\/10\/konjac-yam-plant-3-205x300.jpg 205w, https:\/\/sentaiyuanbio.com\/wp-content\/uploads\/2024\/10\/konjac-yam-plant-3-700x1024.jpg 700w, https:\/\/sentaiyuanbio.com\/wp-content\/uploads\/2024\/10\/konjac-yam-plant-3-768x1124.jpg 768w, https:\/\/sentaiyuanbio.com\/wp-content\/uploads\/2024\/10\/konjac-yam-plant-3-410x600.jpg 410w, https:\/\/sentaiyuanbio.com\/wp-content\/uploads\/2024\/10\/konjac-yam-plant-3-600x878.jpg 600w\" sizes=\"(max-width: 800px) 100vw, 800px\" \/><\/p>","protected":false},"excerpt":{"rendered":"<p>A farinha de inhame konjac Sentaiyuan e o p\u00f3 de inhame konjac s\u00e3o feitos a partir de ra\u00edzes naturais de plantas de inhame konjac. \u00c9 rica em fibras alimentares e baixa em calorias, o que a torna uma \u00f3ptima escolha para quem procura melhorar a sua sa\u00fade e bem-estar geral.<\/p>","protected":false},"featured_media":3012,"template":"","meta":{"site-sidebar-layout":"default","site-content-layout":"","ast-site-content-layout":"default","site-content-style":"default","site-sidebar-style":"default","ast-global-header-display":"","ast-banner-title-visibility":"","ast-main-header-display":"","ast-hfb-above-header-display":"","ast-hfb-below-header-display":"","ast-hfb-mobile-header-display":"","site-post-title":"","ast-breadcrumbs-content":"","ast-featured-img":"","footer-sml-layout":"","ast-disable-related-posts":"","theme-transparent-header-meta":"default","adv-header-id-meta":"","stick-header-meta":"default","header-above-stick-meta":"","header-main-stick-meta":"","header-below-stick-meta":"","astra-migrate-meta-layouts":"set","ast-page-background-enabled":"default","ast-page-background-meta":{"desktop":{"background-color":"","background-image":"","background-repeat":"repeat","background-position":"center center","background-size":"auto","background-attachment":"scroll","background-type":"","background-media":"","overlay-type":"","overlay-color":"","overlay-opacity":"","overlay-gradient":""},"tablet":{"background-color":"","background-image":"","background-repeat":"repeat","background-position":"center center","background-size":"auto","background-attachment":"scroll","background-type":"","background-media":"","overlay-type":"","overlay-color":"","overlay-opacity":"","overlay-gradient":""},"mobile":{"background-color":"","background-image":"","background-repeat":"repeat","background-position":"center center","background-size":"auto","background-attachment":"scroll","background-type":"","background-media":"","overlay-type":"","overlay-color":"","overlay-opacity":"","overlay-gradient":""}},"ast-content-background-meta":{"desktop":{"background-color":"var(--ast-global-color-5)","background-image":"","background-repeat":"repeat","background-position":"center center","background-size":"auto","background-attachment":"scroll","background-type":"","background-media":"","overlay-type":"","overlay-color":"","overlay-opacity":"","overlay-gradient":""},"tablet":{"background-color":"var(--ast-global-color-5)","background-image":"","background-repeat":"repeat","background-position":"center center","background-size":"auto","background-attachment":"scroll","background-type":"","background-media":"","overlay-type":"","overlay-color":"","overlay-opacity":"","overlay-gradient":""},"mobile":{"background-color":"var(--ast-global-color-5)","background-image":"","background-repeat":"repeat","background-position":"center center","background-size":"auto","background-attachment":"scroll","background-type":"","background-media":"","overlay-type":"","overlay-color":"","overlay-opacity":"","overlay-gradient":""}}},"product_brand":[],"product_cat":[24],"product_tag":[],"class_list":{"0":"post-3011","1":"product","2":"type-product","3":"status-publish","4":"has-post-thumbnail","6":"product_cat-konjac-dietary-fiber","7":"desktop-align-left","8":"tablet-align-left","9":"mobile-align-left","10":"ast-product-gallery-layout-horizontal-slider","11":"ast-product-tabs-layout-horizontal","13":"first","14":"instock","15":"shipping-taxable","16":"product-type-simple"},"_links":{"self":[{"href":"https:\/\/sentaiyuanbio.com\/pt\/wp-json\/wp\/v2\/product\/3011","targetHints":{"allow":["GET"]}}],"collection":[{"href":"https:\/\/sentaiyuanbio.com\/pt\/wp-json\/wp\/v2\/product"}],"about":[{"href":"https:\/\/sentaiyuanbio.com\/pt\/wp-json\/wp\/v2\/types\/product"}],"version-history":[{"count":0,"href":"https:\/\/sentaiyuanbio.com\/pt\/wp-json\/wp\/v2\/product\/3011\/revisions"}],"wp:featuredmedia":[{"embeddable":true,"href":"https:\/\/sentaiyuanbio.com\/pt\/wp-json\/wp\/v2\/media\/3012"}],"wp:attachment":[{"href":"https:\/\/sentaiyuanbio.com\/pt\/wp-json\/wp\/v2\/media?parent=3011"}],"wp:term":[{"taxonomy":"product_brand","embeddable":true,"href":"https:\/\/sentaiyuanbio.com\/pt\/wp-json\/wp\/v2\/product_brand?post=3011"},{"taxonomy":"product_cat","embeddable":true,"href":"https:\/\/sentaiyuanbio.com\/pt\/wp-json\/wp\/v2\/product_cat?post=3011"},{"taxonomy":"product_tag","embeddable":true,"href":"https:\/\/sentaiyuanbio.com\/pt\/wp-json\/wp\/v2\/product_tag?post=3011"}],"curies":[{"name":"wp","href":"https:\/\/api.w.org\/{rel}","templated":true}]}}