{"id":3028,"date":"2024-10-29T09:29:20","date_gmt":"2024-10-29T09:29:20","guid":{"rendered":"https:\/\/sentaiyuanbio.com\/?post_type=product&#038;p=3028"},"modified":"2026-01-06T02:14:56","modified_gmt":"2026-01-06T02:14:56","slug":"tagliatelle-de-konjac-tagliatelle-de-shirataki","status":"publish","type":"product","link":"https:\/\/sentaiyuanbio.com\/pt\/produto\/tagliatelle-de-konjac-tagliatelle-de-shirataki\/","title":{"rendered":"Konjac Tagliatelle, Shirataki Tagliatelle Massa biol\u00f3gica"},"content":{"rendered":"<h2>Konjac Tagliatelle, Shirataki Tagliatelle Especifica\u00e7\u00f5es<\/h2>\n<table width=\"100%\" cellspacing=\"0\" cellpadding=\"0\">\n<tbody>\n<tr class=\"firstRow\">\n<td width=\"180\" height=\"20\">Nome do produto<\/td>\n<td width=\"392\">Konjac Tagliatelle Original<\/td>\n<\/tr>\n<tr>\n<td width=\"180\" height=\"21\">Ingrediente prim\u00e1rio<\/td>\n<td width=\"392\">P\u00f3 de konjac, \u00e1gua<\/td>\n<\/tr>\n<tr>\n<td width=\"180\" height=\"21\">Aromas<\/td>\n<td width=\"392\">Original, Cenoura, Tomate, Aveia, Espinafres, Algas, Soja, Ab\u00f3bora e muito mais<\/td>\n<\/tr>\n<tr>\n<td width=\"180\" height=\"39\">Carater\u00edstica<\/td>\n<td width=\"392\">Sem cheiro, baixa caloria, baixo teor de carboidratos, sem gl\u00faten, sem a\u00e7\u00facar, sem gordura, sem OGM, rico em fibras<\/td>\n<\/tr>\n<tr>\n<td width=\"180\" height=\"41\">Fun\u00e7\u00f5es<\/td>\n<td width=\"392\">Dieta vegetariana, perda de peso, aumentar a saciedade<\/td>\n<\/tr>\n<tr>\n<td width=\"180\" height=\"21\">Fibra alimentar<\/td>\n<td width=\"392\">2,8g\/100g<\/td>\n<\/tr>\n<tr>\n<td width=\"180\" height=\"21\">Energia<\/td>\n<td width=\"392\">6 KCAL<\/td>\n<\/tr>\n<tr>\n<td width=\"180\" height=\"21\">Tempo de cozedura<\/td>\n<td width=\"392\">0-2 minutos<\/td>\n<\/tr>\n<tr>\n<td width=\"180\" height=\"21\">Peso<\/td>\n<td width=\"392\">0,2 kg<\/td>\n<\/tr>\n<tr>\n<td width=\"180\" height=\"21\">Prazo de validade<\/td>\n<td width=\"392\">18 meses<\/td>\n<\/tr>\n<\/tbody>\n<\/table>\n<p>Cada 100g de tagliatelle Konjac e tagliatelle shirataki cont\u00e9m 2,8g de fibra alimentar, apenas 6 kcal de energia e nenhuma gordura. Ideal para quem procura perder peso, tornar-se vegan ou simplesmente quer aumentar a saciedade.<\/p>\n<p>Temos uma impressionante capacidade de fornecimento de 3.000 contentores de 20 p\u00e9s por ano. Isto significa que pode ter a certeza de que temos sempre stock para a sua pr\u00f3xima refei\u00e7\u00e3o saud\u00e1vel.<\/p>\n<p>\u00c9 um tipo de substituto de massa fabricado a partir da raiz da planta Konjac, que \u00e9 pobre em calorias e hidratos de carbono.<\/p>\n<p>O Shirataki Tagliatelle tem as seguintes vantagens:<\/p>\n<ul>\n<li>\u00c9 uma alternativa menos cal\u00f3rica ao tagliatelle normal \u00e0 base de trigo. \u00c9 bom para as pessoas que querem reduzir o seu consumo de calorias.<\/li>\n<li>Tem um baixo teor de hidratos de carbono, o que o torna ideal para pessoas com dietas baixas em hidratos de carbono ou cet\u00f3nicas.<\/li>\n<li class=\"translation-block\">Tem uma grande quantidade de <a href=\"https:\/\/sentaiyuanbio.com\/pt\/categoria-produto\/fibra-alimentar-de-konjac\/\" target=\"_blank\" rel=\"noopener\">fibra diet\u00e9tica<\/a>, que pode ajudar na digest\u00e3o e fazer com que se sinta saciado durante mais tempo.<\/li>\n<li>Tem uma sensa\u00e7\u00e3o gelatinosa distinta que difere da massa t\u00edpica \u00e0 base de trigo. \u00c9 macia e mastig\u00e1vel.<\/li>\n<li>Pode ser substitu\u00eddo pelo tagliatelle convencional numa variedade de receitas. Pode ser usado com v\u00e1rios molhos, vegetais e carnes para fazer uma variedade de pratos.<\/li>\n<li>N\u00e3o cont\u00e9m gl\u00faten, \u00e9 vegetariana e vegana. Oferece uma alternativa para pessoas com necessidades diet\u00e9ticas especiais.<\/li>\n<li class=\"translation-block\">N\u00e3o cont\u00e9m gl\u00faten, o que o torna uma op\u00e7\u00e3o adequada para pessoas com sensibilidade ao gl\u00faten ou <a href=\"https:\/\/www.mayoclinic.org\/diseases-conditions\/celiac-disease\/symptoms-causes\/syc-20352220\" target=\"_blank\" rel=\"noopener\">doen\u00e7a cel\u00edaca<\/a>.<\/li>\n<\/ul>\n<p><strong>Sabor a cenoura<\/strong><br \/>\n<img fetchpriority=\"high\" decoding=\"async\" class=\"wp-image-3031 size-full\" style=\"font-style: inherit; font-weight: 600;\" src=\"https:\/\/sentaiyuanbio.com\/wp-content\/uploads\/2024\/10\/shirataki-tagliatelle.jpg\" alt=\"cenouras Konjac Tagliatelle\" width=\"800\" height=\"800\" srcset=\"https:\/\/sentaiyuanbio.com\/wp-content\/uploads\/2024\/10\/shirataki-tagliatelle.jpg 800w, https:\/\/sentaiyuanbio.com\/wp-content\/uploads\/2024\/10\/shirataki-tagliatelle-600x600.jpg 600w, https:\/\/sentaiyuanbio.com\/wp-content\/uploads\/2024\/10\/shirataki-tagliatelle-100x100.jpg 100w, https:\/\/sentaiyuanbio.com\/wp-content\/uploads\/2024\/10\/shirataki-tagliatelle-300x300.jpg 300w, https:\/\/sentaiyuanbio.com\/wp-content\/uploads\/2024\/10\/shirataki-tagliatelle-150x150.jpg 150w, https:\/\/sentaiyuanbio.com\/wp-content\/uploads\/2024\/10\/shirataki-tagliatelle-768x768.jpg 768w\" sizes=\"(max-width: 800px) 100vw, 800px\" \/><\/p>\n<p><strong>Sabor a algas marinhas<\/strong><br \/>\n<img decoding=\"async\" class=\"wp-image-3029 size-full\" style=\"font-size: 16px; font-style: inherit; font-weight: 600;\" src=\"https:\/\/sentaiyuanbio.com\/wp-content\/uploads\/2024\/10\/oat-shirataki-tagliatelle.jpg\" alt=\"Tagliatelle Shirataki de aveia\" width=\"800\" height=\"800\" srcset=\"https:\/\/sentaiyuanbio.com\/wp-content\/uploads\/2024\/10\/oat-shirataki-tagliatelle.jpg 800w, https:\/\/sentaiyuanbio.com\/wp-content\/uploads\/2024\/10\/oat-shirataki-tagliatelle-600x600.jpg 600w, https:\/\/sentaiyuanbio.com\/wp-content\/uploads\/2024\/10\/oat-shirataki-tagliatelle-100x100.jpg 100w, https:\/\/sentaiyuanbio.com\/wp-content\/uploads\/2024\/10\/oat-shirataki-tagliatelle-300x300.jpg 300w, https:\/\/sentaiyuanbio.com\/wp-content\/uploads\/2024\/10\/oat-shirataki-tagliatelle-150x150.jpg 150w, https:\/\/sentaiyuanbio.com\/wp-content\/uploads\/2024\/10\/oat-shirataki-tagliatelle-768x768.jpg 768w\" sizes=\"(max-width: 800px) 100vw, 800px\" \/><\/p>\n<p><strong>Sabor a aveia<\/strong><br \/>\n<img decoding=\"async\" class=\"alignnone wp-image-3029 size-full\" src=\"https:\/\/sentaiyuanbio.com\/wp-content\/uploads\/2024\/10\/oat-shirataki-tagliatelle.jpg\" alt=\"Tagliatelle Shirataki de aveia\" width=\"800\" height=\"800\" srcset=\"https:\/\/sentaiyuanbio.com\/wp-content\/uploads\/2024\/10\/oat-shirataki-tagliatelle.jpg 800w, https:\/\/sentaiyuanbio.com\/wp-content\/uploads\/2024\/10\/oat-shirataki-tagliatelle-600x600.jpg 600w, https:\/\/sentaiyuanbio.com\/wp-content\/uploads\/2024\/10\/oat-shirataki-tagliatelle-100x100.jpg 100w, https:\/\/sentaiyuanbio.com\/wp-content\/uploads\/2024\/10\/oat-shirataki-tagliatelle-300x300.jpg 300w, https:\/\/sentaiyuanbio.com\/wp-content\/uploads\/2024\/10\/oat-shirataki-tagliatelle-150x150.jpg 150w, https:\/\/sentaiyuanbio.com\/wp-content\/uploads\/2024\/10\/oat-shirataki-tagliatelle-768x768.jpg 768w\" sizes=\"(max-width: 800px) 100vw, 800px\" \/><\/p>\n<style>.embed-container { position: relative; padding-bottom: 56.25%; height: 0; overflow: hidden; max-width: 100%; } .embed-container iframe, .embed-container object, .embed-container embed { position: absolute; top: 0; left: 0; width: 100%; height: 100%; }<\/style>\n<div class=\"embed-container\"><iframe src=\"https:\/\/www.youtube.com\/embed\/4D7vlIY8ScQ\" frameborder=\"0\" allowfullscreen=\"allowfullscreen\"><\/iframe><\/div>","protected":false},"excerpt":{"rendered":"<p class=\"translation-block\">Os deliciosos e nutritivos noodles Konjac tagliatelle de Sentaiyuan s\u00e3o fabricados em Sichuan, uma cidade famosa pela sua cozinha. O nosso tagliatelle Shirataki est\u00e1 dispon\u00edvel nos sabores simples, cenoura, aveia e algas, para citar alguns. Feito a partir de <a href=\"https:\/\/sentaiyuanbio.com\/pt\/produto\/po-de-konjac\/\" target=\"_blank\" rel=\"noopener\">farinha de konjac<\/a> e \u00e1gua de alta qualidade, este substituto de massa \u00e9 ins\u00edpido, com poucas calorias, baixo teor de hidratos de carbono, sem gl\u00faten, sem a\u00e7\u00facar, sem gordura, sem OGM, rico em fibras e adequado para v\u00e1rias dietas.<\/p>","protected":false},"featured_media":3884,"template":"","meta":{"site-sidebar-layout":"default","site-content-layout":"","ast-site-content-layout":"default","site-content-style":"default","site-sidebar-style":"default","ast-global-header-display":"","ast-banner-title-visibility":"","ast-main-header-display":"","ast-hfb-above-header-display":"","ast-hfb-below-header-display":"","ast-hfb-mobile-header-display":"","site-post-title":"","ast-breadcrumbs-content":"","ast-featured-img":"","footer-sml-layout":"","ast-disable-related-posts":"","theme-transparent-header-meta":"default","adv-header-id-meta":"","stick-header-meta":"default","header-above-stick-meta":"","header-main-stick-meta":"","header-below-stick-meta":"","astra-migrate-meta-layouts":"set","ast-page-background-enabled":"default","ast-page-background-meta":{"desktop":{"background-color":"","background-image":"","background-repeat":"repeat","background-position":"center center","background-size":"auto","background-attachment":"scroll","background-type":"","background-media":"","overlay-type":"","overlay-color":"","overlay-opacity":"","overlay-gradient":""},"tablet":{"background-color":"","background-image":"","background-repeat":"repeat","background-position":"center center","background-size":"auto","background-attachment":"scroll","background-type":"","background-media":"","overlay-type":"","overlay-color":"","overlay-opacity":"","overlay-gradient":""},"mobile":{"background-color":"","background-image":"","background-repeat":"repeat","background-position":"center center","background-size":"auto","background-attachment":"scroll","background-type":"","background-media":"","overlay-type":"","overlay-color":"","overlay-opacity":"","overlay-gradient":""}},"ast-content-background-meta":{"desktop":{"background-color":"var(--ast-global-color-5)","background-image":"","background-repeat":"repeat","background-position":"center center","background-size":"auto","background-attachment":"scroll","background-type":"","background-media":"","overlay-type":"","overlay-color":"","overlay-opacity":"","overlay-gradient":""},"tablet":{"background-color":"var(--ast-global-color-5)","background-image":"","background-repeat":"repeat","background-position":"center center","background-size":"auto","background-attachment":"scroll","background-type":"","background-media":"","overlay-type":"","overlay-color":"","overlay-opacity":"","overlay-gradient":""},"mobile":{"background-color":"var(--ast-global-color-5)","background-image":"","background-repeat":"repeat","background-position":"center center","background-size":"auto","background-attachment":"scroll","background-type":"","background-media":"","overlay-type":"","overlay-color":"","overlay-opacity":"","overlay-gradient":""}}},"product_brand":[],"product_cat":[22],"product_tag":[32],"class_list":{"0":"post-3028","1":"product","2":"type-product","3":"status-publish","4":"has-post-thumbnail","6":"product_cat-konjac-pasta","7":"product_tag-konjac-pasta","8":"desktop-align-left","9":"tablet-align-left","10":"mobile-align-left","11":"ast-product-gallery-layout-horizontal-slider","12":"ast-product-tabs-layout-horizontal","14":"first","15":"instock","16":"shipping-taxable","17":"product-type-simple"},"_links":{"self":[{"href":"https:\/\/sentaiyuanbio.com\/pt\/wp-json\/wp\/v2\/product\/3028","targetHints":{"allow":["GET"]}}],"collection":[{"href":"https:\/\/sentaiyuanbio.com\/pt\/wp-json\/wp\/v2\/product"}],"about":[{"href":"https:\/\/sentaiyuanbio.com\/pt\/wp-json\/wp\/v2\/types\/product"}],"version-history":[{"count":0,"href":"https:\/\/sentaiyuanbio.com\/pt\/wp-json\/wp\/v2\/product\/3028\/revisions"}],"wp:featuredmedia":[{"embeddable":true,"href":"https:\/\/sentaiyuanbio.com\/pt\/wp-json\/wp\/v2\/media\/3884"}],"wp:attachment":[{"href":"https:\/\/sentaiyuanbio.com\/pt\/wp-json\/wp\/v2\/media?parent=3028"}],"wp:term":[{"taxonomy":"product_brand","embeddable":true,"href":"https:\/\/sentaiyuanbio.com\/pt\/wp-json\/wp\/v2\/product_brand?post=3028"},{"taxonomy":"product_cat","embeddable":true,"href":"https:\/\/sentaiyuanbio.com\/pt\/wp-json\/wp\/v2\/product_cat?post=3028"},{"taxonomy":"product_tag","embeddable":true,"href":"https:\/\/sentaiyuanbio.com\/pt\/wp-json\/wp\/v2\/product_tag?post=3028"}],"curies":[{"name":"wp","href":"https:\/\/api.w.org\/{rel}","templated":true}]}}